{"id":92458,"date":"2026-03-20T05:17:16","date_gmt":"2026-03-20T05:17:16","guid":{"rendered":"https:\/\/soydeaqui.ddns.net\/pachuca\/index.php\/producto\/switch-capa-3-administrable-48-puertos-10-100-1000-mbps-6-puertos-sfp-de-10-gigabits-compatible-con-gwn-cloud\/"},"modified":"2026-03-20T05:17:29","modified_gmt":"2026-03-20T05:17:29","slug":"switch-capa-3-administrable-48-puertos-10-100-1000-mbps-6-puertos-sfp-de-10-gigabits-compatible-con-gwn-cloud","status":"publish","type":"product","link":"https:\/\/soydeaqui.ddns.net\/pachuca\/index.php\/producto\/switch-capa-3-administrable-48-puertos-10-100-1000-mbps-6-puertos-sfp-de-10-gigabits-compatible-con-gwn-cloud\/","title":{"rendered":"Switch Capa 3 Administrable \/ 48 puertos 10\/100\/1000 Mbps + 6 Puertos SFP+ de 10 Gigabits \/ Compatible con GWN Cloud."},"content":{"rendered":"<div style='width: 100%; max-width: 1200px; margin: 0 auto; font-family: sans-serif; line-height: 1.6; color: inherit; background-color: transparent;'>\n<h2 style='font-size: 24px; margin-top: 0; margin-bottom: 15px; color: inherit; font-weight: 600;'>Switch de red empresarial administrable capa 3 \/ Administraci\u00f3n en la nube con GWN Cloud&comma; totalmente gratuito.<\/h2>\n<p style='text-align: justify; font-size: 15px; color: inherit; margin-bottom: 30px;'>La serie GWN7810 son switches de red administrables de capa 3 que permiten a las medianas y grandes empresas crear redes comerciales escalables&comma; seguras&comma; de alto rendimiento e inteligentes que son totalmente administrables. Permite VLANs avanzadas para una segmentaci\u00f3n de tr\u00e1fico flexible y sofisticada&comma; QoS avanzada para priorizar el tr\u00e1fico de red&comma; IGMP\/MLD Snooping para optimizar el rendimiento de la red y capacidades de seguridad integrales contra posibles ataques. Los modelos PoE proporcionan una salida PoE din\u00e1mica inteligente para alimentar tel\u00e9fonos IP&comma; c\u00e1maras IP&comma; puntos de acceso Wi-Fi y otros dispositivos PoE. La serie GWN7810 se puede administrar de varias maneras&comma; incluida la interfaz de usuario web local del switch de la serie GWN7810 y CLI&comma; la interfaz de l\u00ednea de comandos. La serie tambi\u00e9n es compatible con GWN.Cloud y GWN Manager&comma; la plataforma de gesti\u00f3n de red local y en la nube de Grandstream. La serie GWN7810 son switches de red administrables de nivel empresarial y con el mejor valor para medianas y grandes empresas.<\/p>\n<div style='display: grid; grid-template-columns: repeat(auto-fill&comma; minmax(280px&comma; 1fr)); gap: 30px; margin-bottom: 30px;'>\n<div style='border: 1px solid rgba(150&comma; 150&comma; 150&comma; 0.4); border-radius: 8px; overflow: hidden; display: flex; flex-direction: column;'>\n<div style='padding: 15px; border-bottom: 1px solid rgba(150&comma; 150&comma; 150&comma; 0.2); font-weight: bold; font-size: 18px; color: inherit; background-color: rgba(36&comma; 77&comma; 129&comma; 0.1);'>Caracter\u00edsticas principales:<\/div>\n<div style='padding: 15px; color: inherit;'>\n<ul style='padding-left: 20px; margin: 0; font-size: 14px; list-style-type: disc; color: inherit;'>\n<li style='margin-bottom: 5px;'>48 puertos RJ45 de 10\/100\/1000 Mbps<\/li>\n<li style='margin-bottom: 5px;'>6 Puertos SFP+ de 10 Gigabits<\/li>\n<li style='margin-bottom: 5px;'>Administrado por GWN.Cloud&comma; GWN Manager y GWN700X<\/li>\n<li style='margin-bottom: 5px;'>Capacidad de conmutaci\u00f3n 216 Gbps<\/li>\n<li style='margin-bottom: 5px;'>Tasa de reenv\u00edo de paquetes 160.704 Mpps<\/li>\n<li style='margin-bottom: 5px;'>Agregaci\u00f3n de enlaces para aumentar el ancho de banda y mejorar la confiabilidad<\/li>\n<li style='margin-bottom: 5px;'>Control de tormentas para evitar la interrupci\u00f3n del tr\u00e1fico causada por la transmisi\u00f3n&comma; multidifusi\u00f3n o ciertos paquetes de unidifusi\u00f3n<\/li>\n<li style='margin-bottom: 5px;'>Compatible con GWN Cloud<\/li>\n<li style='margin-bottom: 5px;'><strong>3 a\u00f1os de Garant\u00eda<\/strong><\/li>\n<\/ul><\/div>\n<\/p><\/div>\n<div style='border: 1px solid rgba(150&comma; 150&comma; 150&comma; 0.4); border-radius: 8px; overflow: hidden; display: flex; flex-direction: column;'>\n<div style='padding: 15px; border-bottom: 1px solid rgba(150&comma; 150&comma; 150&comma; 0.2); font-weight: bold; font-size: 18px; color: inherit; background-color: rgba(36&comma; 77&comma; 129&comma; 0.1);'>Caracter\u00edsticas F\u00edsicas y El\u00e9ctricas:<\/div>\n<div style='padding: 15px; color: inherit;'>\n<ul style='padding-left: 20px; margin: 0; font-size: 14px; list-style-type: disc; color: inherit;'>\n<li style='margin-bottom: 5px;'>Peso 4.7 kg<\/li>\n<li style='margin-bottom: 5px;'>Dimensiones 440 \u00d7 300 \u00d7 44 mm<\/li>\n<li style='margin-bottom: 5px;'>Temperatura de funcionamiento: 0\u201345 \u00b0C<\/li>\n<li style='margin-bottom: 5px;'>Temperatura de almacenamiento: -10\u201360 \u00b0C<\/li>\n<li style='margin-bottom: 5px;'>Fuente de alimentaci\u00f3n 100-240 VAC&comma; 50\/60 Hz&comma; Max. 6 A<\/li>\n<li style='margin-bottom: 5px;'><strong>Montable en rack<\/strong><\/li>\n<\/ul><\/div>\n<\/p><\/div>\n<div style='border: 1px solid rgba(150&comma; 150&comma; 150&comma; 0.4); border-radius: 8px; overflow: hidden; display: flex; flex-direction: column;'>\n<div style='padding: 15px; border-bottom: 1px solid rgba(150&comma; 150&comma; 150&comma; 0.2); font-weight: bold; font-size: 18px; color: inherit; background-color: rgba(36&comma; 77&comma; 129&comma; 0.1);'>Contenido:<\/div>\n<div style='padding: 15px; color: inherit;'>\n<ul style='padding-left: 20px; margin: 0; font-size: 14px; list-style-type: disc; color: inherit;'>\n<li style='margin-bottom: 5px;'>Switch GWN7816<\/li>\n<li style='margin-bottom: 5px;'>1 cable de CA de 1&comma;2 m (10 A)<\/li>\n<li style='margin-bottom: 5px;'>1 Cable para conexi\u00f3n a tierra<\/li>\n<li style='margin-bottom: 5px;'>4 pies de goma<\/li>\n<li style='margin-bottom: 5px;'>2 kits de Montaje en racks<\/li>\n<li style='margin-bottom: 5px;'>8 tornillos (KM 3*6)<\/li>\n<li style='margin-bottom: 5px;'>Gu\u00eda de instalaci\u00f3n<\/li>\n<\/ul><\/div>\n<\/p><\/div>\n<\/p><\/div>\n<hr style='border: 0; border-top: 1px solid rgba(150&comma; 150&comma; 150&comma; 0.3); margin: 30px 0;'> <\/div>\n","protected":false},"excerpt":{"rendered":"<p>Switch Capa 3 Administrable \/ 48 puertos 10\/100\/1000 Mbps + 6 Puertos SFP+ de 10 Gigabits \/ Compatible con GWN Cloud.<\/p>\n","protected":false},"featured_media":92457,"comment_status":"open","ping_status":"closed","template":"","meta":[],"product_brand":[],"product_cat":[1970],"product_tag":[909,664,1971],"class_list":{"0":"post-92458","1":"product","2":"type-product","3":"status-publish","4":"has-post-thumbnail","6":"product_cat-switches","7":"product_tag-grandstream","8":"product_tag-networking","9":"product_tag-switches","11":"first","12":"outofstock","13":"sale","14":"shipping-taxable","15":"purchasable","16":"product-type-simple"},"_links":{"self":[{"href":"https:\/\/soydeaqui.ddns.net\/pachuca\/index.php\/wp-json\/wp\/v2\/product\/92458","targetHints":{"allow":["GET"]}}],"collection":[{"href":"https:\/\/soydeaqui.ddns.net\/pachuca\/index.php\/wp-json\/wp\/v2\/product"}],"about":[{"href":"https:\/\/soydeaqui.ddns.net\/pachuca\/index.php\/wp-json\/wp\/v2\/types\/product"}],"replies":[{"embeddable":true,"href":"https:\/\/soydeaqui.ddns.net\/pachuca\/index.php\/wp-json\/wp\/v2\/comments?post=92458"}],"wp:featuredmedia":[{"embeddable":true,"href":"https:\/\/soydeaqui.ddns.net\/pachuca\/index.php\/wp-json\/wp\/v2\/media\/92457"}],"wp:attachment":[{"href":"https:\/\/soydeaqui.ddns.net\/pachuca\/index.php\/wp-json\/wp\/v2\/media?parent=92458"}],"wp:term":[{"taxonomy":"product_brand","embeddable":true,"href":"https:\/\/soydeaqui.ddns.net\/pachuca\/index.php\/wp-json\/wp\/v2\/product_brand?post=92458"},{"taxonomy":"product_cat","embeddable":true,"href":"https:\/\/soydeaqui.ddns.net\/pachuca\/index.php\/wp-json\/wp\/v2\/product_cat?post=92458"},{"taxonomy":"product_tag","embeddable":true,"href":"https:\/\/soydeaqui.ddns.net\/pachuca\/index.php\/wp-json\/wp\/v2\/product_tag?post=92458"}],"curies":[{"name":"wp","href":"https:\/\/api.w.org\/{rel}","templated":true}]}}