{"id":92439,"date":"2026-03-20T05:16:28","date_gmt":"2026-03-20T05:16:28","guid":{"rendered":"https:\/\/soydeaqui.ddns.net\/pachuca\/index.php\/producto\/switch-poe-administrable-capa-3-24-puertos-gigabit-hasta-480-w-8-puertos-802-3bt-16-puertos-802-3at-4-puertos-sfp-10g\/"},"modified":"2026-03-20T05:16:34","modified_gmt":"2026-03-20T05:16:34","slug":"switch-poe-administrable-capa-3-24-puertos-gigabit-hasta-480-w-8-puertos-802-3bt-16-puertos-802-3at-4-puertos-sfp-10g","status":"publish","type":"product","link":"https:\/\/soydeaqui.ddns.net\/pachuca\/index.php\/producto\/switch-poe-administrable-capa-3-24-puertos-gigabit-hasta-480-w-8-puertos-802-3bt-16-puertos-802-3at-4-puertos-sfp-10g\/","title":{"rendered":"Switch PoE Administrable Capa 3, 24 Puertos Gigabit, Hasta 480 W, 8 Puertos 802.3bt, 16 Puertos 802.3at, 4 Puertos SFP 10G"},"content":{"rendered":"<div style='width: 100%; max-width: 1200px; margin: 0 auto; font-family: sans-serif; line-height: 1.6; color: inherit; background-color: transparent;'>\n<div style='display: flex; flex-wrap: wrap; justify-content: center; gap: 15px; margin-bottom: 30px;'> <img style='width: auto; height: 40px; border: 1px solid rgba(150&comma;150&comma;150&comma;0.3); border-radius: 8px;' src='https:\/\/planet.com.tw\/storage\/icons\/704\/90W_PoE++.png' alt='PoE++ de 90W'> <img style='width: auto; height: 40px; border: 1px solid rgba(150&comma;150&comma;150&comma;0.3); border-radius: 8px;' src='https:\/\/planet.com.tw\/storage\/icons\/0icon_IPv6IPv4_Routing.png' alt='Enrutamiento IPv6\/IPv4'> <img style='width: auto; height: 40px; border: 1px solid rgba(150&comma;150&comma;150&comma;0.3); border-radius: 8px;' src='https:\/\/planet.com.tw\/storage\/icons\/4icon_L3_OSPF_Routing.png' alt='Enrutamiento OSPF L3'> <img style='width: auto; height: 40px; border: 1px solid rgba(150&comma;150&comma;150&comma;0.3); border-radius: 8px;' src='https:\/\/planet.com.tw\/storage\/icons\/6icon_RING.png' alt='ANILLO'> <img style='width: auto; height: 40px; border: 1px solid rgba(150&comma;150&comma;150&comma;0.3); border-radius: 8px;' src='https:\/\/planet.com.tw\/storage\/icons\/3icon_L3_RIP_Routing.png' alt='Enrutamiento RIP L3'> <img style='width: auto; height: 40px; border: 1px solid rgba(150&comma;150&comma;150&comma;0.3); border-radius: 8px;' src='https:\/\/planet.com.tw\/storage\/icons\/3icon_10Gbps_SFP+.png' alt='SFP+ de 10 Gbps'> <\/div>\n<div style='margin-bottom: 30px;'>\n<p style='margin: 0 0 15px 0; font-size: 15px; color: inherit;'> Cuenta con <strong style='color: inherit; font-weight: 600;'>24 puertos de cobre 10\/100\/1000BASE-T<\/strong> con el puerto 1 al puerto 8 compatible con <strong style='color: inherit; font-weight: 600;'>802.3bt PoE++<\/strong> y el puerto 9 al puerto 24 compatible con la funci\u00f3n de inyector <strong style='color: inherit; font-weight: 600;'>802.3at PoE+<\/strong>. Tambi\u00e9n incluye un presupuesto total de energ\u00eda PoE de hasta <strong style='color: inherit; font-weight: 600;'>480 W y 4 puertos de fibra 1G\/10GBASE-X SFP+ adicionales<\/strong> que est\u00e1n dise\u00f1ados de manera flexible para extender la distancia de conexi\u00f3n. Proporciona una soluci\u00f3n de red Power over Ethernet r\u00e1pida&comma; segura y rentable para la vigilancia de seguridad IP para su empresa. <\/p>\n<\/p><\/div>\n<div style='display: flex; flex-wrap: wrap; gap: 30px; justify-content: center;'> <img style='width: 100%; max-width: 600px; height: auto; border: 1px solid rgba(150&comma;150&comma;150&comma;0.3); border-radius: 8px;' src='https:\/\/planet.com.tw\/storage\/products\/49666\/GS-6311-Series-21.png' alt=''> <img style='width: 100%; max-width: 600px; height: auto; border: 1px solid rgba(150&comma;150&comma;150&comma;0.3); border-radius: 8px;' src='https:\/\/planet.com.tw\/storage\/products\/49666\/POE-171A-95-2.png' alt=''> <\/div>\n<\/p><\/div>\n","protected":false},"excerpt":{"rendered":"<p>Switch PoE Administrable Capa 3, 24 Puertos Gigabit, Hasta 480 W, 8 Puertos 802.3bt, 16 Puertos 802.3at, 4 Puertos SFP 10G<\/p>\n","protected":false},"featured_media":92438,"comment_status":"open","ping_status":"closed","template":"","meta":[],"product_brand":[],"product_cat":[1986],"product_tag":[664,2033,1987],"class_list":{"0":"post-92439","1":"product","2":"type-product","3":"status-publish","4":"has-post-thumbnail","6":"product_cat-switches-poe","7":"product_tag-networking","8":"product_tag-planet","9":"product_tag-switches-poe","11":"first","12":"instock","13":"sale","14":"shipping-taxable","15":"purchasable","16":"product-type-simple"},"_links":{"self":[{"href":"https:\/\/soydeaqui.ddns.net\/pachuca\/index.php\/wp-json\/wp\/v2\/product\/92439","targetHints":{"allow":["GET"]}}],"collection":[{"href":"https:\/\/soydeaqui.ddns.net\/pachuca\/index.php\/wp-json\/wp\/v2\/product"}],"about":[{"href":"https:\/\/soydeaqui.ddns.net\/pachuca\/index.php\/wp-json\/wp\/v2\/types\/product"}],"replies":[{"embeddable":true,"href":"https:\/\/soydeaqui.ddns.net\/pachuca\/index.php\/wp-json\/wp\/v2\/comments?post=92439"}],"wp:featuredmedia":[{"embeddable":true,"href":"https:\/\/soydeaqui.ddns.net\/pachuca\/index.php\/wp-json\/wp\/v2\/media\/92438"}],"wp:attachment":[{"href":"https:\/\/soydeaqui.ddns.net\/pachuca\/index.php\/wp-json\/wp\/v2\/media?parent=92439"}],"wp:term":[{"taxonomy":"product_brand","embeddable":true,"href":"https:\/\/soydeaqui.ddns.net\/pachuca\/index.php\/wp-json\/wp\/v2\/product_brand?post=92439"},{"taxonomy":"product_cat","embeddable":true,"href":"https:\/\/soydeaqui.ddns.net\/pachuca\/index.php\/wp-json\/wp\/v2\/product_cat?post=92439"},{"taxonomy":"product_tag","embeddable":true,"href":"https:\/\/soydeaqui.ddns.net\/pachuca\/index.php\/wp-json\/wp\/v2\/product_tag?post=92439"}],"curies":[{"name":"wp","href":"https:\/\/api.w.org\/{rel}","templated":true}]}}