{"id":92435,"date":"2026-03-20T05:16:18","date_gmt":"2026-03-20T05:16:18","guid":{"rendered":"https:\/\/soydeaqui.ddns.net\/pachuca\/index.php\/producto\/access-point-unifi-wifi-7-pro-soporta-6-ghz-para-interior-en-techo-o-pared-6-streams-mu-mimo-2x2-en-cada-banda-2-4-5-6-ghz-multi-link-operation-puerto-2-5-gbe-no-incluye-poe\/"},"modified":"2026-03-20T05:16:25","modified_gmt":"2026-03-20T05:16:25","slug":"access-point-unifi-wifi-7-pro-soporta-6-ghz-para-interior-en-techo-o-pared-6-streams-mu-mimo-2x2-en-cada-banda-2-4-5-6-ghz-multi-link-operation-puerto-2-5-gbe-no-incluye-poe","status":"publish","type":"product","link":"https:\/\/soydeaqui.ddns.net\/pachuca\/index.php\/producto\/access-point-unifi-wifi-7-pro-soporta-6-ghz-para-interior-en-techo-o-pared-6-streams-mu-mimo-2x2-en-cada-banda-2-4-5-6-ghz-multi-link-operation-puerto-2-5-gbe-no-incluye-poe\/","title":{"rendered":"Access Point UniFi WiFi 7 Pro \/ Soporta 6 GHz \/ para Interior en Techo o Pared \/ 6 streams \/ MU-MIMO 2&#215;2 en cada banda (2.4\/5\/6 GHz) \/ Multi-Link Operation \/  Puerto 2.5 GbE. NO incluye POE+"},"content":{"rendered":"<div style='width: 100%; max-width: 1200px; margin: 0 auto; font-family: sans-serif; line-height: 1.6; color: inherit; background-color: transparent;'>\n<div style='display: flex; flex-wrap: wrap; gap: 30px; margin-bottom: 30px;'>\n<div style='flex: 1 1 300px; min-width: 280px;'>\n<h3 style='font-size: 22px; border-bottom: 2px solid currentColor; padding-bottom: 5px; margin-top: 0; color: inherit; opacity: 0.8;'>Caracter\u00edsticas principales<\/h3>\n<ul style='padding-left: 20px; font-size: 15px; color: inherit;'>\n<li style='margin-bottom: 5px;'><strong>Est\u00e1ndar WiFi:<\/strong> WiFi 7 con soporte de 6 GHz<\/li>\n<li style='margin-bottom: 5px;'><strong>Flujos espaciales:<\/strong> 6 flujos espaciales<\/li>\n<li style='margin-bottom: 5px;'><strong>Cobertura:<\/strong> 140 m\u00b2 (1&comma;500 ft\u00b2)<\/li>\n<li style='margin-bottom: 5px;'><strong>Clientes:<\/strong> Hasta 300 dispositivos conectados<\/li>\n<li style='margin-bottom: 5px;'><strong>Puerto Uplink:<\/strong> 2.5 GbE<\/li>\n<li style='margin-bottom: 5px;'><strong>Alimentaci\u00f3n:<\/strong> PoE+ 802.3af (No incluido&comma; recomendado <a href='https:\/\/www.syscom.mx\/producto\/U-POE+-UBIQUITI-237732.html' target='_blank' rel='noopener' style='color: #3598db;'>U-POE+<\/a>)<\/li>\n<\/ul>\n<p style='font-size: 14px; color: inherit; opacity: 0.7; margin-top: 15px;'>Nota: El funcionamiento a 6 GHz es compatible en <a href='https:\/\/help.ui.com\/hc\/en-us\/articles\/8691786444567-Regions-Supporting-6-GHz' target='_blank' rel='noopener' style='color: #3598db;'>estos pa\u00edses<\/a>. La capacidad de operaci\u00f3n multienlace (MLO) estar\u00e1 disponible pr\u00f3ximamente mediante actualizaci\u00f3n de software.<\/p>\n<p style='font-size: 14px; color: inherit; opacity: 0.7;'>Todos los productos de red UniFi requieren ser administrados a trav\u00e9s de la aplicaci\u00f3n UniFi Network&comma; a trav\u00e9s de un UniFi OS Console o UniFi Network Server.<\/p>\n<\/p><\/div>\n<div style='flex: 1 1 300px; min-width: 280px;'> <img style='width: 100%; height: auto; border: 1px solid rgba(150&comma;150&comma;150&comma;0.3); border-radius: 8px;' src='https:\/\/images.svc.ui.com\/?u=https%3A%2F%2Fcdn.ecomm.ui.com%2Fproducts%2Ffa8dd4e4-36c8-4c79-a928-22c7bff2ce29%2Fab5bc8a4-6135-402e-a695-e3ea5e16d3e6.png&#038;q=75&#038;w=3840' alt='Access Point UniFi U7 Pro' \/> <\/div>\n<\/p><\/div>\n<hr style='border: 0; border-top: 1px solid rgba(150&comma;150&comma;150&comma;0.3); margin: 30px 0;'>\n<div style='display: flex; flex-wrap: wrap; gap: 20px; margin-bottom: 30px;'>\n<div style='flex: 1 1 250px; border: 1px solid rgba(150&comma;150&comma;150&comma;0.4); border-radius: 8px; overflow: hidden; display: flex; flex-direction: column;'>\n<div style='padding: 15px; border-bottom: 1px solid rgba(150&comma;150&comma;150&comma;0.2); font-weight: bold; font-size: 18px; color: inherit;'>Especificaciones F\u00edsicas<\/div>\n<div style='padding: 15px; color: inherit;'>\n<ul style='padding-left: 20px; margin: 0; font-size: 14px; list-style-type: disc;'>\n<li style='margin-bottom: 5px;'><strong>Dimensiones:<\/strong> \u00d8206 x 46 mm (\u00d88.1 x 1.8&#8242;)<\/li>\n<li style='margin-bottom: 5px;'><strong>Montaje:<\/strong> Techo&comma; Pared (Pro Mount Incluido)<\/li>\n<\/ul><\/div>\n<\/p><\/div>\n<div style='flex: 1 1 250px; border: 1px solid rgba(150&comma;150&comma;150&comma;0.4); border-radius: 8px; overflow: hidden; display: flex; flex-direction: column;'>\n<div style='padding: 15px; border-bottom: 1px solid rgba(150&comma;150&comma;150&comma;0.2); font-weight: bold; font-size: 18px; color: inherit;'>Capacidades WiFi<\/div>\n<div style='padding: 15px; color: inherit;'>\n<ul style='padding-left: 20px; margin: 0; font-size: 14px; list-style-type: disc;'>\n<li style='margin-bottom: 5px;'><strong>MIMO:<\/strong> 2&#215;2 en cada banda (6\/5\/2.4 GHz)<\/li>\n<li style='margin-bottom: 5px;'><strong>Tasa de datos:<\/strong> Hasta 5.8 Gbps (6 GHz BW320)<\/li>\n<li style='margin-bottom: 5px;'><strong>M\u00e1x. BSSIDs:<\/strong> 8 por radio<\/li>\n<\/ul><\/div>\n<\/p><\/div>\n<div style='flex: 1 1 250px; border: 1px solid rgba(150&comma;150&comma;150&comma;0.4); border-radius: 8px; overflow: hidden; display: flex; flex-direction: column;'>\n<div style='padding: 15px; border-bottom: 1px solid rgba(150&comma;150&comma;150&comma;0.2); font-weight: bold; font-size: 18px; color: inherit;'>Detalles T\u00e9cnicos<\/div>\n<div style='padding: 15px; color: inherit;'>\n<ul style='padding-left: 20px; margin: 0; font-size: 14px; list-style-type: disc;'>\n<li style='margin-bottom: 5px;'><strong>Ganancia de antena:<\/strong> 5.8 dBi (6 GHz)&comma; 6 dBi (5 GHz)&comma; 4 dBi (2.4 GHz)<\/li>\n<li style='margin-bottom: 5px;'><strong>Potencia TX:<\/strong> 23 dBm (6 GHz)&comma; 26 dBm (5 GHz)&comma; 23 dBm (2.4 GHz)<\/li>\n<\/ul><\/div>\n<\/p><\/div>\n<\/p><\/div>\n<hr style='border: 0; border-top: 1px solid rgba(150&comma;150&comma;150&comma;0.3); margin: 30px 0;'>\n<div style='display: grid; grid-template-columns: repeat(auto-fill&comma; minmax(300px&comma; 1fr)); gap: 30px; margin-bottom: 30px;'>\n<div style='width: 100%;'> <img style='width: 100%; height: auto; border: 1px solid rgba(150&comma;150&comma;150&comma;0.3); border-radius: 8px;' src='https:\/\/images.svc.ui.com\/?u=https%3A%2F%2Fcdn.ecomm.ui.com%2Fproducts%2Ffa8dd4e4-36c8-4c79-a928-22c7bff2ce29%2F2f5bd3c2-467a-4419-bc7c-fa35ce9d30c0.png&#038;q=75&#038;w=3840' alt='Vista del Access Point UniFi U7 Pro' \/> <\/div>\n<div style='width: 100%;'> <img style='width: 100%; height: auto; border: 1px solid rgba(150&comma;150&comma;150&comma;0.3); border-radius: 8px;' src='https:\/\/images.svc.ui.com\/?u=https%3A%2F%2Fcdn.ecomm.ui.com%2Fproducts%2Ffa8dd4e4-36c8-4c79-a928-22c7bff2ce29%2Fcfbd5b81-d5ee-4502-9aa4-b91a9bca2885.png&#038;q=75&#038;w=2048' alt='Instalaci\u00f3n del Access Point UniFi U7 Pro' \/> <\/div>\n<div style='width: 100%;'> <img style='width: 100%; height: auto; border: 1px solid rgba(150&comma;150&comma;150&comma;0.3); border-radius: 8px;' src='https:\/\/images.svc.ui.com\/?u=https%3A%2F%2Fcdn.ecomm.ui.com%2Fproducts%2Ffa8dd4e4-36c8-4c79-a928-22c7bff2ce29%2Fcc825ccc-03e3-4b69-9465-68e76e658d62.png&#038;q=75&#038;w=1920' alt='Dise\u00f1o del Access Point UniFi U7 Pro' \/> <\/div>\n<div style='width: 100%;'> <img style='width: 100%; height: auto; border: 1px solid rgba(150&comma;150&comma;150&comma;0.3); border-radius: 8px;' src='https:\/\/images.svc.ui.com\/?u=https%3A%2F%2Fcdn.ecomm.ui.com%2Fproducts%2Ffa8dd4e4-36c8-4c79-a928-22c7bff2ce29%2Fd48bec95-1d56-4ca2-be8f-b06e0f0d7041.png&#038;q=75&#038;w=1920' alt='Vista trasera del Access Point UniFi U7 Pro' \/> <\/div>\n<div style='width: 100%;'> <img style='width: 100%; height: auto; border: 1px solid rgba(150&comma;150&comma;150&comma;0.3); border-radius: 8px;' src='https:\/\/images.svc.ui.com\/?u=https%3A%2F%2Fcdn.ecomm.ui.com%2Fproducts%2Ffa8dd4e4-36c8-4c79-a928-22c7bff2ce29%2F10f4d3e3-4a0b-4f44-8fc8-317d801250a5.png&#038;q=75&#038;w=1920' alt='Detalles del Access Point UniFi U7 Pro' \/> <\/div>\n<div style='width: 100%;'> <img style='width: 100%; height: auto; border: 1px solid rgba(150&comma;150&comma;150&comma;0.3); border-radius: 8px;' src='https:\/\/images.svc.ui.com\/?u=https%3A%2F%2Fcdn.ecomm.ui.com%2Fproducts%2Ffa8dd4e4-36c8-4c79-a928-22c7bff2ce29%2Fcf289c14-4519-41f0-866e-348ee7423042.png&#038;q=75&#038;w=1920' alt='Detalles del montaje del Access Point UniFi U7 Pro' \/> <\/div>\n<\/p><\/div>\n<div style='position: relative; padding-bottom: 56.25%; height: 0; overflow: hidden; margin: 30px 0;'>   <\/div>\n<div style='position: relative; padding-bottom: 56.25%; height: 0; overflow: hidden; margin: 30px 0;'>   <\/div>\n<\/p><\/div>\n","protected":false},"excerpt":{"rendered":"<p>Access Point UniFi WiFi 7 Pro \/ Soporta 6 GHz \/ para Interior en Techo o Pared \/ 6 streams \/ MU-MIMO 2&#215;2 en cada banda (2.4\/5\/6 GHz) \/ Multi-Link Operation \/  Puerto 2.5 GbE. NO incluye POE+<\/p>\n","protected":false},"featured_media":92434,"comment_status":"open","ping_status":"closed","template":"","meta":[],"product_brand":[],"product_cat":[1794],"product_tag":[1795,1479,166],"class_list":{"0":"post-92435","1":"product","2":"type-product","3":"status-publish","4":"has-post-thumbnail","6":"product_cat-puntos-de-acceso","7":"product_tag-puntos-de-acceso","8":"product_tag-redes-wifi","9":"product_tag-ubiquiti","11":"first","12":"instock","13":"sale","14":"shipping-taxable","15":"purchasable","16":"product-type-simple"},"_links":{"self":[{"href":"https:\/\/soydeaqui.ddns.net\/pachuca\/index.php\/wp-json\/wp\/v2\/product\/92435","targetHints":{"allow":["GET"]}}],"collection":[{"href":"https:\/\/soydeaqui.ddns.net\/pachuca\/index.php\/wp-json\/wp\/v2\/product"}],"about":[{"href":"https:\/\/soydeaqui.ddns.net\/pachuca\/index.php\/wp-json\/wp\/v2\/types\/product"}],"replies":[{"embeddable":true,"href":"https:\/\/soydeaqui.ddns.net\/pachuca\/index.php\/wp-json\/wp\/v2\/comments?post=92435"}],"wp:featuredmedia":[{"embeddable":true,"href":"https:\/\/soydeaqui.ddns.net\/pachuca\/index.php\/wp-json\/wp\/v2\/media\/92434"}],"wp:attachment":[{"href":"https:\/\/soydeaqui.ddns.net\/pachuca\/index.php\/wp-json\/wp\/v2\/media?parent=92435"}],"wp:term":[{"taxonomy":"product_brand","embeddable":true,"href":"https:\/\/soydeaqui.ddns.net\/pachuca\/index.php\/wp-json\/wp\/v2\/product_brand?post=92435"},{"taxonomy":"product_cat","embeddable":true,"href":"https:\/\/soydeaqui.ddns.net\/pachuca\/index.php\/wp-json\/wp\/v2\/product_cat?post=92435"},{"taxonomy":"product_tag","embeddable":true,"href":"https:\/\/soydeaqui.ddns.net\/pachuca\/index.php\/wp-json\/wp\/v2\/product_tag?post=92435"}],"curies":[{"name":"wp","href":"https:\/\/api.w.org\/{rel}","templated":true}]}}