{"id":92426,"date":"2026-03-20T05:15:53","date_gmt":"2026-03-20T05:15:53","guid":{"rendered":"https:\/\/soydeaqui.ddns.net\/pachuca\/index.php\/producto\/caja-de-distribucin-de-fibra-ptica-horizontal-hasta-96-empalmes-exterior-ip68-2-puertos-de-entrada-y-salida\/"},"modified":"2026-03-20T05:16:08","modified_gmt":"2026-03-20T05:16:08","slug":"caja-de-distribucin-de-fibra-ptica-horizontal-hasta-96-empalmes-exterior-ip68-2-puertos-de-entrada-y-salida","status":"publish","type":"product","link":"https:\/\/soydeaqui.ddns.net\/pachuca\/index.php\/producto\/caja-de-distribucin-de-fibra-ptica-horizontal-hasta-96-empalmes-exterior-ip68-2-puertos-de-entrada-y-salida\/","title":{"rendered":"Caja de Distribuci?n de Fibra ?ptica Horizontal, Hasta 96 Empalmes, Exterior IP68, 2 Puertos de Entrada y Salida"},"content":{"rendered":"<div style='width: 100%; max-width: 1200px; margin: 0 auto; font-family: sans-serif; line-height: 1.6; color: inherit; background-color: transparent;'>\n<div style='display: flex; flex-direction: column; align-items: center; margin-bottom: 30px;'> <img style='width: 100%; max-width: 432px; height: auto; border: 1px solid rgba(150&comma;150&comma;150&comma;0.3); border-radius: 8px;' src='https:\/\/ftp3.syscom.mx\/usuarios\/orobles\/LinkedPro\/linkedpro_logo.png' alt=''> <\/div>\n<div style='margin-bottom: 30px;'>\n<p style='text-align: justify; font-size: 15px; margin: 0 0 15px 0; color: inherit;'>La nueva serie de cajas de empalme horizontales linkedpro con sellado mec\u00e1nico&comma; que est\u00e1 dise\u00f1ado para instalaciones a\u00e9reas en cables&comma; registros&comma; muro y enterrado directo. Cuenta con bandejas de empalme flexibles y una gran variedad de accesorios disponibles para diversas aplicaciones.<\/p>\n<\/p><\/div>\n<div style='margin-bottom: 30px;'>\n<h3 style='font-size: 22px; border-bottom: 2px solid currentColor; padding-bottom: 5px; margin-top: 0; color: inherit; opacity: 0.8;'>Caracter\u00edsticas:<\/h3>\n<ul style='padding-left: 20px; font-size: 15px; color: inherit;'>\n<li style='margin-bottom: 5px; color: inherit;'>Estructura de dise\u00f1o horizontal con cierre mec\u00e1nico<\/li>\n<li style='margin-bottom: 5px; color: inherit;'>Para instalaci\u00f3n a\u00e9rea&comma; pared o en registro subterr\u00e1neo<\/li>\n<li style='margin-bottom: 5px; color: inherit;'>Fabricado en polipropileno con una alta resistencia a los impactos<\/li>\n<li style='margin-bottom: 5px; color: inherit;'>Permite derivaci\u00f3n de fibra&comma; como punto intermedio<\/li>\n<li style='margin-bottom: 5px; color: inherit;'>Permite su apertura de manera sencilla&comma; tanto para abrir como para cerrar<\/li>\n<li style='margin-bottom: 5px; color: inherit;'>Nivel de protecci\u00f3n IP68<\/li>\n<li style='margin-bottom: 5px; color: inherit;'>Permite realizar la fusi\u00f3n de 96 hilos<\/li>\n<li style='margin-bottom: 5px; color: inherit;'>2 entradas para cable (\u00d8 7 &#8211; 15 mm)<\/li>\n<li style='margin-bottom: 5px; color: inherit;'>Dimensiones (mm): 480 x 200 x 120<\/li>\n<li style='margin-bottom: 5px; color: inherit;'>Peso: 2.5 Kg<\/li>\n<li style='margin-bottom: 5px; color: inherit;'>Compatible con fibra ADSS&comma; Mini ADSS y Mini Figura 8<\/li>\n<\/ul>\n<p style='font-size: 14px; margin-top: 15px; color: inherit;'>*Se recomienda agregar m\u00e1s cinta de fusi\u00f3n (sealing mud) en la entrada de cable<\/p>\n<\/p><\/div>\n<div style='margin-bottom: 30px;'>\n<h3 style='font-size: 22px; border-bottom: 2px solid currentColor; padding-bottom: 5px; margin-top: 0; color: inherit; opacity: 0.8;'>Incluye:<\/h3>\n<ul style='padding-left: 20px; font-size: 15px; color: inherit;'>\n<li style='margin-bottom: 5px; color: inherit;'>4 charolas de empalme para 24 empalmes c\/u (96 en total)<\/li>\n<li style='margin-bottom: 5px; color: inherit;'>1 Instructivo<\/li>\n<li style='margin-bottom: 5px; color: inherit;'>1 Bolsa con mangas de empalme (60 mm)<\/li>\n<li style='margin-bottom: 5px; color: inherit;'>1 Bolsa con cinchos de nylon<\/li>\n<li style='margin-bottom: 5px; color: inherit;'>1 Tubo de protecci\u00f3n para fibra desnuda<\/li>\n<li style='margin-bottom: 5px; color: inherit;'>4 Grommets<\/li>\n<li style='margin-bottom: 5px; color: inherit;'>1 Llave<\/li>\n<li style='margin-bottom: 5px; color: inherit;'>1 Cinta de fusi\u00f3n<\/li>\n<li style='margin-bottom: 5px; color: inherit;'>1 Cinta aislante<\/li>\n<li style='margin-bottom: 5px; color: inherit;'>1 Juego de accesorios para colgar la caja de empalme<\/li>\n<li style='margin-bottom: 5px; color: inherit;'>1 Juego de accesorios para instalacion en pared o muro<\/li>\n<\/ul><\/div>\n<\/p><\/div>\n","protected":false},"excerpt":{"rendered":"<p>Caja de Distribuci?n de Fibra ?ptica Horizontal, Hasta 96 Empalmes, Exterior IP68, 2 Puertos de Entrada y Salida<\/p>\n","protected":false},"featured_media":92425,"comment_status":"open","ping_status":"closed","template":"","meta":[],"product_brand":[],"product_cat":[621],"product_tag":[622,611,435],"class_list":{"0":"post-92426","1":"product","2":"type-product","3":"status-publish","4":"has-post-thumbnail","6":"product_cat-distribuidores-de-fibra-optica","7":"product_tag-distribuidores-de-fibra-optica","8":"product_tag-fibra-optica","9":"product_tag-linkedpro-by-epcom","11":"first","12":"instock","13":"sale","14":"shipping-taxable","15":"purchasable","16":"product-type-simple"},"_links":{"self":[{"href":"https:\/\/soydeaqui.ddns.net\/pachuca\/index.php\/wp-json\/wp\/v2\/product\/92426","targetHints":{"allow":["GET"]}}],"collection":[{"href":"https:\/\/soydeaqui.ddns.net\/pachuca\/index.php\/wp-json\/wp\/v2\/product"}],"about":[{"href":"https:\/\/soydeaqui.ddns.net\/pachuca\/index.php\/wp-json\/wp\/v2\/types\/product"}],"replies":[{"embeddable":true,"href":"https:\/\/soydeaqui.ddns.net\/pachuca\/index.php\/wp-json\/wp\/v2\/comments?post=92426"}],"wp:featuredmedia":[{"embeddable":true,"href":"https:\/\/soydeaqui.ddns.net\/pachuca\/index.php\/wp-json\/wp\/v2\/media\/92425"}],"wp:attachment":[{"href":"https:\/\/soydeaqui.ddns.net\/pachuca\/index.php\/wp-json\/wp\/v2\/media?parent=92426"}],"wp:term":[{"taxonomy":"product_brand","embeddable":true,"href":"https:\/\/soydeaqui.ddns.net\/pachuca\/index.php\/wp-json\/wp\/v2\/product_brand?post=92426"},{"taxonomy":"product_cat","embeddable":true,"href":"https:\/\/soydeaqui.ddns.net\/pachuca\/index.php\/wp-json\/wp\/v2\/product_cat?post=92426"},{"taxonomy":"product_tag","embeddable":true,"href":"https:\/\/soydeaqui.ddns.net\/pachuca\/index.php\/wp-json\/wp\/v2\/product_tag?post=92426"}],"curies":[{"name":"wp","href":"https:\/\/api.w.org\/{rel}","templated":true}]}}