{"id":92407,"date":"2026-03-20T05:15:00","date_gmt":"2026-03-20T05:15:00","guid":{"rendered":"https:\/\/soydeaqui.ddns.net\/pachuca\/index.php\/producto\/convertidor-repetidor-de-medios-ethernet-a-fibra-optica-alimentados-por-poe\/"},"modified":"2026-03-20T05:15:02","modified_gmt":"2026-03-20T05:15:02","slug":"convertidor-repetidor-de-medios-ethernet-a-fibra-optica-alimentados-por-poe","status":"publish","type":"product","link":"https:\/\/soydeaqui.ddns.net\/pachuca\/index.php\/producto\/convertidor-repetidor-de-medios-ethernet-a-fibra-optica-alimentados-por-poe\/","title":{"rendered":"Convertidor \/ Repetidor \/ De medios Ethernet a Fibra \u00f3ptica \/ Alimentados por PoE"},"content":{"rendered":"<div style='width: 100%; max-width: 1200px; margin: 0 auto; font-family: sans-serif; line-height: 1.6; color: inherit; background-color: transparent;'>\n<div style='width: 100%; text-align: center; margin: 20px 0;'>\n<h1 style='font-size: 28px; color: inherit; margin: 0;'><strong>NetWaySP1A<\/strong><\/h1>\n<h3 style='font-size: 20px; color: inherit; margin: 10px 0;'>Convertidor\/ Repetidor de medios de Ethernet a fibra alimentado por PoES<\/h3>\n<\/p><\/div>\n<div style='width: 100%; margin: 20px 0;'>\n<p style='font-size: 15px; color: inherit; text-align: justify;'>El Switch reforzado PoE + para exteriores NetWay4EWP de Altronix proporciona un puerto SFP de 1 Gb y (1) puertos PoE + (30 W) Las c\u00e1maras \/ dispositivos perif\u00e9ricos pueden ubicarse hasta a 100 m de la unidad. La tecnolog\u00eda LINQ le permite monitorear&comma; controlar y reportar energ\u00eda y diagnosticar desde cualquier lugar.<\/p>\n<p style='font-size: 15px; color: inherit; text-align: center; margin: 10px 0;'><strong>Sistemas de alimentaci\u00f3n para aplicaciones en sistemas de seguridad electr\u00f3nica y comunicaci\u00f3n.<\/strong><\/p>\n<\/p><\/div>\n<p> <!-- Secci\u00f3n de cards --> <\/p>\n<div style='display: flex; flex-wrap: wrap; gap: 30px; margin: 30px 0;'>\n<div style='flex: 1 1 300px; min-width: 280px;'> <img style='width: 100%; height: auto; border: 1px solid rgba(150&comma;150&comma;150&comma;0.3); border-radius: 8px;' src='https:\/\/www.altronix.com\/images\/products\/netway4ewp\/main.jpg' alt='NetWaySP1A'> <\/p>\n<div style='margin-top: 15px;'>\n<h3 style='font-size: 22px; border-bottom: 2px solid currentColor; padding-bottom: 5px; margin-top: 0; color: inherit; opacity: 0.8;'>Caracter\u00edsticas<\/h3>\n<ul style='padding-left: 20px; font-size: 15px; color: inherit;'>\n<li style='margin-bottom: 5px;'>1 Puertos PoE\/PoE+ (up to 30W)<\/li>\n<li style='margin-bottom: 5px;'>Compatible IEEE 802.3af (15W) e IEEE 802.3at (30W)<\/li>\n<li style='margin-bottom: 5px;'>Un Puerto (1) Gigabit SFP<\/li>\n<li style='margin-bottom: 5px;'>M\u00e1xima potencia por puerto 30W<\/li>\n<li style='margin-bottom: 5px;'>Led que indica actividad PoE<\/li>\n<\/ul><\/div>\n<\/p><\/div>\n<div style='flex: 1 1 300px; min-width: 280px;'> <img style='width: 100%; height: auto; border: 1px solid rgba(150&comma;150&comma;150&comma;0.3); border-radius: 8px;' src='https:\/\/www.altronix.com\/images\/products\/netway4ewp\/main.jpg' alt='NetWaySP1A'> <\/p>\n<div style='margin-top: 15px;'>\n<h3 style='font-size: 22px; border-bottom: 2px solid currentColor; padding-bottom: 5px; margin-top: 0; color: inherit; opacity: 0.8;'>Especificaciones F\u00edsicas<\/h3>\n<ul style='padding-left: 20px; font-size: 15px; color: inherit;'>\n<li style='margin-bottom: 5px;'>Compatible IEEE 802.3af Power (2W) y IEEE 802.3at (30W). 120W energ\u00eda total.d<\/li>\n<li style='margin-bottom: 5px;'>Puerto de Fibra: Un Puerto (1) Gigabit SFP.<\/li>\n<li style='margin-bottom: 5px;'>Puerto de red : Un Puerto (1) 10\/100\/1000 Mbps<\/li>\n<li style='margin-bottom: 5px;'>Dimensiones del Gabinete (Largo x Ancho x Alto.): 3.8\u201d x 2.5\u201d x 1\u201d (96.5.1mm x 63.5.3mm x 25.4 mm).<\/li>\n<li style='margin-bottom: 5px;'>Peso del producto 0.07 Kg<\/li>\n<\/ul><\/div>\n<\/p><\/div>\n<div style='flex: 1 1 300px; min-width: 280px;'> <img style='width: 100%; height: auto; border: 1px solid rgba(150&comma;150&comma;150&comma;0.3); border-radius: 8px;' src='https:\/\/www.altronix.com\/images\/products\/netway4ewp\/main.jpg' alt='NetWaySP1A'> <\/p>\n<div style='margin-top: 15px;'>\n<h3 style='font-size: 22px; border-bottom: 2px solid currentColor; padding-bottom: 5px; margin-top: 0; color: inherit; opacity: 0.8;'>Informaci\u00f3n Remota<\/h3>\n<ul style='padding-left: 20px; font-size: 15px; color: inherit;'>\n<li style='margin-bottom: 5px;'>Proporciona acceso local y\/o remoto a informaci\u00f3n cr\u00edtica a trav\u00e9s de LAN \/ WAN.<\/li>\n<li style='margin-bottom: 5px;'>Las notificaciones por correo electr\u00f3nico y alertas de panel de Windows informan diagn\u00f3sticos en tiempo real<\/li>\n<li style='margin-bottom: 5px;'>El registro de eventos rastrea el historial<\/li>\n<li style='margin-bottom: 5px;'>Indicadores LED para cada puerto PoE<\/li>\n<li style='margin-bottom: 5px;'>Las notificaciones de alerta por correo electr\u00f3nico y del panel de Windows informan diagn\u00f3sticos en tiempo real<\/li>\n<li style='margin-bottom: 5px;'>Registro de historial de eventos<\/li>\n<\/ul><\/div>\n<\/p><\/div>\n<\/p><\/div>\n<\/p><\/div>\n","protected":false},"excerpt":{"rendered":"<p>Convertidor \/ Repetidor \/ De medios Ethernet a Fibra \u00f3ptica \/ Alimentados por PoE<\/p>\n","protected":false},"featured_media":32,"comment_status":"open","ping_status":"closed","template":"","meta":[],"product_brand":[],"product_cat":[1986],"product_tag":[495,664,1987],"class_list":{"0":"post-92407","1":"product","2":"type-product","3":"status-publish","4":"has-post-thumbnail","6":"product_cat-switches-poe","7":"product_tag-altronix","8":"product_tag-networking","9":"product_tag-switches-poe","11":"first","12":"outofstock","13":"sale","14":"shipping-taxable","15":"purchasable","16":"product-type-simple"},"_links":{"self":[{"href":"https:\/\/soydeaqui.ddns.net\/pachuca\/index.php\/wp-json\/wp\/v2\/product\/92407","targetHints":{"allow":["GET"]}}],"collection":[{"href":"https:\/\/soydeaqui.ddns.net\/pachuca\/index.php\/wp-json\/wp\/v2\/product"}],"about":[{"href":"https:\/\/soydeaqui.ddns.net\/pachuca\/index.php\/wp-json\/wp\/v2\/types\/product"}],"replies":[{"embeddable":true,"href":"https:\/\/soydeaqui.ddns.net\/pachuca\/index.php\/wp-json\/wp\/v2\/comments?post=92407"}],"wp:featuredmedia":[{"embeddable":true,"href":"https:\/\/soydeaqui.ddns.net\/pachuca\/index.php\/wp-json\/wp\/v2\/media\/32"}],"wp:attachment":[{"href":"https:\/\/soydeaqui.ddns.net\/pachuca\/index.php\/wp-json\/wp\/v2\/media?parent=92407"}],"wp:term":[{"taxonomy":"product_brand","embeddable":true,"href":"https:\/\/soydeaqui.ddns.net\/pachuca\/index.php\/wp-json\/wp\/v2\/product_brand?post=92407"},{"taxonomy":"product_cat","embeddable":true,"href":"https:\/\/soydeaqui.ddns.net\/pachuca\/index.php\/wp-json\/wp\/v2\/product_cat?post=92407"},{"taxonomy":"product_tag","embeddable":true,"href":"https:\/\/soydeaqui.ddns.net\/pachuca\/index.php\/wp-json\/wp\/v2\/product_tag?post=92407"}],"curies":[{"name":"wp","href":"https:\/\/api.w.org\/{rel}","templated":true}]}}