{"id":92398,"date":"2026-03-20T05:14:35","date_gmt":"2026-03-20T05:14:35","guid":{"rendered":"https:\/\/soydeaqui.ddns.net\/pachuca\/index.php\/producto\/kit-de-audio-freespace-6-altavoces-de-plafon-amplificador-color-blanco-ideal-para-audio-ambiental\/"},"modified":"2026-03-20T05:14:35","modified_gmt":"2026-03-20T05:14:35","slug":"kit-de-audio-freespace-6-altavoces-de-plafon-amplificador-color-blanco-ideal-para-audio-ambiental","status":"publish","type":"product","link":"https:\/\/soydeaqui.ddns.net\/pachuca\/index.php\/producto\/kit-de-audio-freespace-6-altavoces-de-plafon-amplificador-color-blanco-ideal-para-audio-ambiental\/","title":{"rendered":"Kit de Audio Freespace | 6 Altavoces de Plaf\u00f3n + Amplificador | Color Blanco | Ideal para Audio Ambiental"},"content":{"rendered":"<div style='width: 100%; max-width: 1200px; margin: 0 auto; font-family: sans-serif; line-height: 1.6; color: inherit; background-color: transparent;'> <!-- Banner principal --> <\/p>\n<div style='margin-bottom: 30px;'> <img style='width: 100%; height: auto; border: 1px solid rgba(150&comma;150&comma;150&comma;0.3); border-radius: 8px;' src='https:\/\/ftp3.syscom.mx\/usuarios\/cesar.garcia\/Bose\/Altavoces\/Audiopacks\/Banner%20Audiopack%201.png' alt='Banner principal'> <\/div>\n<p> <!-- Secci\u00f3n de imagen y descripci\u00f3n --> <\/p>\n<div style='display: flex; flex-wrap: wrap; gap: 30px; margin-bottom: 30px;'>\n<div style='flex: 1 1 300px; min-width: 280px;'> <img style='width: 100%; height: auto; border: 1px solid rgba(150&comma;150&comma;150&comma;0.3); border-radius: 8px;' src='https:\/\/ftp3.syscom.mx\/usuarios\/cesar.garcia\/Bose\/Altavoces\/Audiopacks\/C6W\/Ceilingcut.jpg' alt='Instalaci\u00f3n en techo'> <\/div>\n<div style='flex: 1 1 300px; min-width: 280px;'>\n<div style='margin-bottom: 20px;'>\n<h2 style='font-size: 28px; border-bottom: 2px solid currentColor; padding-bottom: 5px; margin-top: 0; color: inherit; opacity: 0.8; text-align: center;'>Calidad premium para su Instalaci\u00f3n &#8211; en un solo empaque.<\/h2>\n<\/p><\/div>\n<p style='font-size: 15px; color: inherit; text-align: justify;'> AudioPack Pro es una soluci\u00f3n para m\u00fasica ambiental y voceo que brinda el sonido insignia de Bose Professional a su instalaci\u00f3n &#8211; todo en un conveniente y listo para instalar kit. Dentro encontrar\u00e1 un amplificador y altavoces de la l\u00ednea Freespace perfectamente optimizados para elevar la experiencia de escucha con audio premium. <\/p>\n<\/p><\/div>\n<\/p><\/div>\n<p> <!-- Secci\u00f3n de contenido del kit --> <\/p>\n<div style='display: flex; flex-wrap: wrap; gap: 30px; margin-bottom: 30px;'>\n<div style='flex: 1 1 300px; min-width: 280px;'>\n<h2 style='font-size: 28px; border-bottom: 2px solid currentColor; padding-bottom: 5px; margin-top: 0; color: inherit; opacity: 0.8; text-align: center;'>AudioPack Pro C6W<\/h2>\n<p style='font-size: 15px; color: inherit; margin: 20px 0;'><strong>Contenido<\/strong><\/p>\n<ul style='padding-left: 20px; font-size: 14px; color: inherit; list-style-type: disc;'>\n<li style='margin-bottom: 5px;'><a href='https:\/\/www.syscom.mx\/producto\/FS2CW-BOSE-PROFESSIONAL-217919.html' style='color: inherit; text-decoration: underline;'>6 altavoces FS2CW<\/a><\/li>\n<li style='margin-bottom: 5px;'>6 rejillas<\/li>\n<li style='margin-bottom: 5px;'>6 soportes para plaf\u00f3n<\/li>\n<li style='margin-bottom: 5px;'><a href='https:\/\/www.syscom.mx\/producto\/IZA190HZ-BOSE-PROFESSIONAL-215867.html' style='color: inherit; text-decoration: underline;'>1 amplificador IZA190-HZ<\/a><\/li>\n<li style='margin-bottom: 5px;'>Cable de alimentaci\u00f3n<\/li>\n<li style='margin-bottom: 5px;'>Borneras de conexi\u00f3n<\/li>\n<\/ul><\/div>\n<div style='flex: 1 1 300px; min-width: 280px;'> <img style='width: 100%; height: auto; border: 1px solid rgba(150&comma;150&comma;150&comma;0.3); border-radius: 8px;' src='https:\/\/ftp3.syscom.mx\/usuarios\/cesar.garcia\/Bose\/Altavoces\/Audiopacks\/C6W\/APC6WFront.png' alt='Kit completo'> <\/div>\n<\/p><\/div>\n<\/p><\/div>\n","protected":false},"excerpt":{"rendered":"<p>Kit de Audio Freespace | 6 Altavoces de Plaf\u00f3n + Amplificador | Color Blanco | Ideal para Audio Ambiental<\/p>\n","protected":false},"featured_media":92397,"comment_status":"open","ping_status":"closed","template":"","meta":[],"product_brand":[],"product_cat":[424],"product_tag":[52,425,2177],"class_list":{"0":"post-92398","1":"product","2":"type-product","3":"status-publish","4":"has-post-thumbnail","6":"product_cat-bocinas-plafon","7":"product_tag-audio-residencial-comercial","8":"product_tag-bocinas-plafon","9":"product_tag-bose-professional","11":"first","12":"instock","13":"sale","14":"shipping-taxable","15":"purchasable","16":"product-type-simple"},"_links":{"self":[{"href":"https:\/\/soydeaqui.ddns.net\/pachuca\/index.php\/wp-json\/wp\/v2\/product\/92398","targetHints":{"allow":["GET"]}}],"collection":[{"href":"https:\/\/soydeaqui.ddns.net\/pachuca\/index.php\/wp-json\/wp\/v2\/product"}],"about":[{"href":"https:\/\/soydeaqui.ddns.net\/pachuca\/index.php\/wp-json\/wp\/v2\/types\/product"}],"replies":[{"embeddable":true,"href":"https:\/\/soydeaqui.ddns.net\/pachuca\/index.php\/wp-json\/wp\/v2\/comments?post=92398"}],"wp:featuredmedia":[{"embeddable":true,"href":"https:\/\/soydeaqui.ddns.net\/pachuca\/index.php\/wp-json\/wp\/v2\/media\/92397"}],"wp:attachment":[{"href":"https:\/\/soydeaqui.ddns.net\/pachuca\/index.php\/wp-json\/wp\/v2\/media?parent=92398"}],"wp:term":[{"taxonomy":"product_brand","embeddable":true,"href":"https:\/\/soydeaqui.ddns.net\/pachuca\/index.php\/wp-json\/wp\/v2\/product_brand?post=92398"},{"taxonomy":"product_cat","embeddable":true,"href":"https:\/\/soydeaqui.ddns.net\/pachuca\/index.php\/wp-json\/wp\/v2\/product_cat?post=92398"},{"taxonomy":"product_tag","embeddable":true,"href":"https:\/\/soydeaqui.ddns.net\/pachuca\/index.php\/wp-json\/wp\/v2\/product_tag?post=92398"}],"curies":[{"name":"wp","href":"https:\/\/api.w.org\/{rel}","templated":true}]}}