{"id":92390,"date":"2026-03-20T05:14:13","date_gmt":"2026-03-20T05:14:13","guid":{"rendered":"https:\/\/soydeaqui.ddns.net\/pachuca\/index.php\/producto\/altavoz-profesional-de-montaje-en-superficie-10-in-600w-rms-8-ohms-bass-reflex-pasivo\/"},"modified":"2026-03-20T05:14:23","modified_gmt":"2026-03-20T05:14:23","slug":"altavoz-profesional-de-montaje-en-superficie-10-in-600w-rms-8-ohms-bass-reflex-pasivo","status":"publish","type":"product","link":"https:\/\/soydeaqui.ddns.net\/pachuca\/index.php\/producto\/altavoz-profesional-de-montaje-en-superficie-10-in-600w-rms-8-ohms-bass-reflex-pasivo\/","title":{"rendered":"Altavoz Profesional de Montaje en Superficie | 10&#8243; In, 600w RMS | 8 Ohms, Bass-Reflex | Pasivo"},"content":{"rendered":"<div style='width: 100%; max-width: 1200px; margin: 0 auto; font-family: sans-serif; line-height: 1.6; color: inherit; background-color: transparent;'> <!-- Imagen intro --> <\/p>\n<div style='width: 100%; margin-bottom: 30px;'> <img style='width: 100%; height: auto; border: 1px solid rgba(150&comma;150&comma;150&comma;0.3); border-radius: 8px;' src='https:\/\/ftp3.syscom.mx\/usuarios\/luis.vargas\/YAMAHA\/VKE\/VKE_INTRO.PNG' alt=''> <\/div>\n<p> <!-- T\u00edtulo principal --> <\/p>\n<h2 style='font-size: 24px; margin-top: 0; margin-bottom: 20px; color: inherit; opacity: 0.85;'> Sistemas de altavoces profesionales para una amplia gama de aplicaciones instaladas. <\/h2>\n<p> <!-- Secci\u00f3n con imagen y texto --> <\/p>\n<div style='display: flex; flex-wrap: wrap; gap: 30px; margin-bottom: 30px; align-items: center;'>\n<div style='flex: 1 1 300px; min-width: 280px;'> <img style='width: 100%; height: auto; border: 1px solid rgba(150&comma;150&comma;150&comma;0.3); border-radius: 8px;' src='https:\/\/ftp3.syscom.mx\/usuarios\/luis.vargas\/YAMAHA\/VKE\/VKE_series5.PNG' alt=''> <\/div>\n<div style='flex: 1 1 300px; min-width: 280px;'>\n<p style='font-size: 15px; color: inherit; text-align: justify;'> Con la calidad exigida para el uso comercial&comma; la vers\u00e1til Serie VKE posee la flexibilidad necesaria para una variedad de aplicaciones que requieren alta presi\u00f3n de sonido y alta durabilidad. Es compatible desde con sistemas de megafon\u00eda orientados a instalaciones como grandes salas de conferencias y aulas corporativas y gimnasios en instituciones educativas&comma; hasta con sistemas de sonorizaci\u00f3n para espacios con usos varios de peque\u00f1o y mediano tama\u00f1o y clubes\/bares. <\/p>\n<\/p><\/div>\n<\/p><\/div>\n<p> <!-- Secci\u00f3n con imagen y texto invertida --> <\/p>\n<div style='display: flex; flex-wrap: wrap; gap: 30px; margin-bottom: 30px; align-items: center;'>\n<div style='flex: 1 1 300px; min-width: 280px; order: 2;'> <img style='width: 100%; height: auto; border: 1px solid rgba(150&comma;150&comma;150&comma;0.3); border-radius: 8px;' src='https:\/\/ftp3.syscom.mx\/usuarios\/luis.vargas\/YAMAHA\/VKE\/VKE_series6.PNG' alt=''> <\/div>\n<div style='flex: 1 1 300px; min-width: 280px; order: 1;'>\n<p style='font-size: 15px; color: inherit; text-align: justify;'> La serie VKE es un sistema de altavoces vers\u00e1til con dise\u00f1o de gabinete&comma; calidad de sonido y durabilidad optimizados para instalaci\u00f3n fija. Con una potencia m\u00e1xima de 600 W y un SPL m\u00e1ximo de 126 dB (VKE2010)&comma; los altavoces de la serie VKE cuentan con una carcasa de madera contrachapada de 15 mm que ofrece el rendimiento sonoro exigido en las aplicaciones de audio profesional. La rejilla delantera presenta un logotipo giratorio&comma; mientras que la parte inferior est\u00e1 equipada con un orificio para poste de 35 mm y la trasera con un asa&comma; lo que la hace adecuada tanto para aplicaciones port\u00e1tiles como instaladas. <\/p>\n<\/p><\/div>\n<\/p><\/div>\n<p> <!-- Caracter\u00edsticas t\u00e9cnicas --> <\/p>\n<div style='display: flex; flex-wrap: wrap; gap: 30px; margin-bottom: 30px;'>\n<div style='flex: 1 1 300px; min-width: 280px;'>\n<h3 style='font-size: 22px; border-bottom: 2px solid currentColor; padding-bottom: 5px; margin-top: 0; color: inherit; opacity: 0.8;'>Caracter\u00edsticas Generales<\/h3>\n<ul style='padding-left: 20px; font-size: 15px; color: inherit;'>\n<li style='margin-bottom: 5px;'><strong>Tipo de altavoz:<\/strong> Pasivo<\/li>\n<li style='margin-bottom: 5px;'><strong>Componentes:<\/strong> Cono LF de 10&#8242; Driver HF de 1.4&#8242;<\/li>\n<li style='margin-bottom: 5px;'><strong>Rango de frecuencia reproducible (-10dB):<\/strong> 56Hz &#8211; 20kHz<\/li>\n<li style='margin-bottom: 5px;'><strong>Potencia nominal:<\/strong> 300 Watts RMS<\/li>\n<li style='margin-bottom: 5px;'><strong>Presi\u00f3n de sonido m\u00e1xima:<\/strong> 126 dB SPL Pico<\/li>\n<li style='margin-bottom: 5px;'><strong>\u00c1ngulo de dispersi\u00f3n nominal:<\/strong> 70\u00b0 horizontal \u00d7 100\u00b0 vertical<\/li>\n<li style='margin-bottom: 5px;'><strong>Puntos de suspensi\u00f3n:<\/strong> Seis<\/li>\n<li style='margin-bottom: 5px;'><strong>Orificio para poste:<\/strong> 35 mm en la parte inferior<\/li>\n<li style='margin-bottom: 5px;'><strong>Asa:<\/strong> Una en la parte superior trasera<\/li>\n<li style='margin-bottom: 5px;'><strong>Peso:<\/strong> 15.6 kg<\/li>\n<li style='margin-bottom: 5px;'><strong>Dimensiones:<\/strong> W:309 mm&comma; H:535 mm D: 344 mm<\/li>\n<\/ul><\/div>\n<\/p><\/div>\n<p> <!-- Imagen de cierre --> <\/p>\n<div style='width: 100%; margin-bottom: 30px;'> <img style='width: 100%; height: auto; border: 1px solid rgba(150&comma;150&comma;150&comma;0.3); border-radius: 8px;' src='https:\/\/ftp3.syscom.mx\/usuarios\/luis.vargas\/YAMAHA\/VKE\/VKE_series1.PNG' alt=''> <\/div>\n<p> <!-- Videos --> <\/p>\n<h3 style='font-size: 20px; margin-bottom: 20px; color: inherit; opacity: 0.8;'>VIDEOS<\/h3>\n<div style='display: grid; grid-template-columns: repeat(auto-fill&comma; minmax(300px&comma; 1fr)); gap: 20px; margin-bottom: 30px;'>\n<div style='position: relative; padding-bottom: 56.25%; height: 0; overflow: hidden;'>   <\/div>\n<div style='position: relative; padding-bottom: 56.25%; height: 0; overflow: hidden;'>   <\/div>\n<div style='position: relative; padding-bottom: 56.25%; height: 0; overflow: hidden;'>   <\/div>\n<\/p><\/div>\n<p> <!-- Separador final --> <\/p>\n<hr style='border: 0; border-top: 1px solid rgba(150&comma; 150&comma; 150&comma; 0.3); margin: 30px 0;'> <\/div>\n","protected":false},"excerpt":{"rendered":"<p>Altavoz Profesional de Montaje en Superficie | 10&#8243; In, 600w RMS | 8 Ohms, Bass-Reflex | Pasivo<\/p>\n","protected":false},"featured_media":92389,"comment_status":"open","ping_status":"closed","template":"","meta":[],"product_brand":[],"product_cat":[2149],"product_tag":[2126,2150,2128],"class_list":{"0":"post-92390","1":"product","2":"type-product","3":"status-publish","4":"has-post-thumbnail","6":"product_cat-bocinas-pasivas","7":"product_tag-audio-profesional","8":"product_tag-bocinas-pasivas","9":"product_tag-yamaha","11":"first","12":"outofstock","13":"sale","14":"shipping-taxable","15":"purchasable","16":"product-type-simple"},"_links":{"self":[{"href":"https:\/\/soydeaqui.ddns.net\/pachuca\/index.php\/wp-json\/wp\/v2\/product\/92390","targetHints":{"allow":["GET"]}}],"collection":[{"href":"https:\/\/soydeaqui.ddns.net\/pachuca\/index.php\/wp-json\/wp\/v2\/product"}],"about":[{"href":"https:\/\/soydeaqui.ddns.net\/pachuca\/index.php\/wp-json\/wp\/v2\/types\/product"}],"replies":[{"embeddable":true,"href":"https:\/\/soydeaqui.ddns.net\/pachuca\/index.php\/wp-json\/wp\/v2\/comments?post=92390"}],"wp:featuredmedia":[{"embeddable":true,"href":"https:\/\/soydeaqui.ddns.net\/pachuca\/index.php\/wp-json\/wp\/v2\/media\/92389"}],"wp:attachment":[{"href":"https:\/\/soydeaqui.ddns.net\/pachuca\/index.php\/wp-json\/wp\/v2\/media?parent=92390"}],"wp:term":[{"taxonomy":"product_brand","embeddable":true,"href":"https:\/\/soydeaqui.ddns.net\/pachuca\/index.php\/wp-json\/wp\/v2\/product_brand?post=92390"},{"taxonomy":"product_cat","embeddable":true,"href":"https:\/\/soydeaqui.ddns.net\/pachuca\/index.php\/wp-json\/wp\/v2\/product_cat?post=92390"},{"taxonomy":"product_tag","embeddable":true,"href":"https:\/\/soydeaqui.ddns.net\/pachuca\/index.php\/wp-json\/wp\/v2\/product_tag?post=92390"}],"curies":[{"name":"wp","href":"https:\/\/api.w.org\/{rel}","templated":true}]}}