{"id":92368,"date":"2026-03-20T05:13:10","date_gmt":"2026-03-20T05:13:10","guid":{"rendered":"https:\/\/soydeaqui.ddns.net\/pachuca\/index.php\/producto\/unidad-de-estado-solido-ssd-2tb-alto-rendimiento-hasta-7100b-s-m-2-nvme-para-gaming-y-pc-trabajo-pesado\/"},"modified":"2026-03-20T05:13:11","modified_gmt":"2026-03-20T05:13:11","slug":"unidad-de-estado-solido-ssd-2tb-alto-rendimiento-hasta-7100b-s-m-2-nvme-para-gaming-y-pc-trabajo-pesado","status":"publish","type":"product","link":"https:\/\/soydeaqui.ddns.net\/pachuca\/index.php\/producto\/unidad-de-estado-solido-ssd-2tb-alto-rendimiento-hasta-7100b-s-m-2-nvme-para-gaming-y-pc-trabajo-pesado\/","title":{"rendered":"Unidad de Estado S\u00f3lido (SSD) 2TB  \/ ALTO RENDIMIENTO \/ Hasta 7100B\/s \/ M.2 NVMe \/ Para Gaming y PC Trabajo Pesado"},"content":{"rendered":"<div style='width: 100%; max-width: 1200px; margin: 0 auto; font-family: sans-serif; line-height: 1.6; color: inherit; background-color: transparent;'>\n<div style='width: 100%; margin-bottom: 30px;'><img style='width: 100%; height: auto; border: 1px solid rgba(150&comma;150&comma;150&comma;0.3); border-radius: 8px;' src='https:\/\/ftp3.syscom.mx\/usuarios\/gmagos\/HIK\/storage\/Vaners\/hiksemi.png' alt='Banner'><\/div>\n<div style='display: flex; flex-direction: column; align-items: center; margin-bottom: 30px;'>\n<h1 style='font-size: 28px; margin-bottom: 20px; color: inherit; opacity: 0.8;'>Especificaciones<\/h1>\n<div style='display: flex; flex-wrap: wrap; gap: 30px; justify-content: center; width: 100%;'>\n<div style='flex: 1 1 300px; min-width: 280px; background-color: rgba(255&comma;255&comma;255&comma;0.05); border: 1px solid rgba(150&comma;150&comma;150&comma;0.3); border-radius: 8px; overflow: hidden;'>\n<div style='padding: 15px; border-bottom: 1px solid rgba(150&comma;150&comma;150&comma;0.2); font-weight: bold; font-size: 18px; color: inherit;'>Caracter\u00edsticas Principales<\/div>\n<ul style='padding: 15px; margin: 0; font-size: 14px; color: inherit; list-style-type: disc;'>\n<li style='margin-bottom: 5px;'>Capacidad: 2 TB.<\/li>\n<li style='margin-bottom: 5px;'>Velocidad de Lectura: 7100 MB\/s.<\/li>\n<li style='margin-bottom: 5px;'>Velocidad de Escritura: 6610 MB\/s.<\/li>\n<li style='margin-bottom: 5px;'>Consumo M\u00e1ximo: 6.7W<\/li>\n<li style='margin-bottom: 5px;'>Interfaz: PCIe Gen 4 x 4<\/li>\n<li style='margin-bottom: 5px;'>MTBF: 2&comma;000&comma;000 hours<\/li>\n<li style='margin-bottom: 5px;'>Temperatura de Operaci\u00f3n: -40\u00b0C to 85\u00b0C (-40 \u00b0F to +185\u00b0F).<\/li>\n<li style='margin-bottom: 5px;'>Factor de forma: M.2 \/ PCIe Gen 3 x 4 \/ NVMe.<\/li>\n<li style='margin-bottom: 5px;'>Tama\u00f1o: 80.15 mm x 22.15 mm x 2.38 mm<\/li>\n<li style='margin-bottom: 5px;'>Peso: \u2264 7 gramos.<\/li>\n<\/ul>\n<\/div>\n<\/div>\n<\/div>\n<div style='display: flex; flex-wrap: wrap; gap: 30px; margin: 40px 0;'>\n<div style='flex: 1 1 48%; min-width: 300px;'>\n<div style='position: relative; padding-bottom: 56.25%; height: 0; overflow: hidden; margin-bottom: 30px;'> <\/div>\n<h3 style='font-size: 20px; text-align: center; margin-bottom: 20px; color: inherit; opacity: 0.8;'><strong>\u00bfQui\u00e9n es HIKSEMI?<\/strong><\/h3>\n<\/div>\n<div style='flex: 1 1 48%; min-width: 300px;'>\n<div style='position: relative; padding-bottom: 56.25%; height: 0; overflow: hidden; margin-bottom: 30px;'> <\/div>\n<h3 style='font-size: 20px; text-align: center; margin-bottom: 20px; color: inherit; opacity: 0.8;'><strong>Unidades de Estado S\u00f3lido<\/strong><\/h3>\n<\/div>\n<\/div>\n<div style='width: 100%; position: relative; margin: 40px 0; min-height: 200px;'><img style='width: 100%; height: auto; border: 1px solid rgba(150&comma;150&comma;150&comma;0.3); border-radius: 8px;' src='https:\/\/ftp3.syscom.mx\/usuarios\/gmagos\/HIK\/storage\/Pagina%20WEB\/FUTURE%20LITE\/FUTURE-Lite_01.jpg' alt='Imagen de Fondo'><\/p>\n<div style='position: absolute; top: 50%; left: 50%; transform: translate(-50%&comma; -50%); padding: 25px; text-align: center;'>\n<h1 style='font-size: 35px; color: white; margin-bottom: 10px;'><strong>FUTURE<\/strong><\/h1>\n<h2 style='font-size: 20px; color: white; margin: 0;'>SSD PCIe 4.0 NVMe M.2<\/h2>\n<\/div>\n<\/div>\n<div style='display: flex; flex-wrap: wrap; gap: 30px; margin: 40px 0;'>\n<div style='flex: 1 1 300px; min-width: 280px;'><img style='width: 100%; height: auto; border: 1px solid rgba(150&comma;150&comma;150&comma;0.3); border-radius: 8px; margin-bottom: 15px;' src='https:\/\/ftp3.syscom.mx\/usuarios\/gmagos\/HIK\/storage\/Pagina%20WEB\/FUTURE%20LITE\/FUTURE-Lite_02.jpg' alt='Alta Velocidad'><\/div>\n<div style='flex: 1 1 400px; min-width: 280px;'>\n<h2 style='font-size: 24px; margin-bottom: 15px; color: inherit; opacity: 0.8;'>Alta Velocidad<\/h2>\n<p style='font-size: 15px; color: inherit;'>Hiksemi presenta su revolucionario SSD M.2 FUTURE LITE&comma; llevando la experiencia de almacenamiento a un nuevo nivel. Estos dispositivos destacan por su asombrosa velocidad de lectura de 7100MB\/s&comma; ofreciendo un rendimiento sin precedentes para satisfacer las demandas m\u00e1s exigentes.<\/p>\n<\/div>\n<\/div>\n<div style='display: flex; flex-wrap: wrap; gap: 30px; margin: 40px 0;'>\n<div style='flex: 1 1 400px; min-width: 280px;'>\n<h2 style='font-size: 24px; margin-bottom: 15px; color: inherit; opacity: 0.8;'>Innovaci\u00f3n en el Almacenamiento<\/h2>\n<p style='font-size: 15px; color: inherit;'>Los SSD M.2 FUTURE LITE no solo ofrecen un alto rendimiento&comma; sino que tambi\u00e9n incorporan innovaciones que redefinen la forma en que experimentamos el almacenamiento con capacidades de hasta 4TB. Hiksemi ha fusionado tecnolog\u00eda avanzada con dise\u00f1o funcional para ofrecer una soluci\u00f3n integral y vanguardista.<\/p>\n<\/div>\n<div style='flex: 1 1 300px; min-width: 280px;'><img style='width: 100%; height: auto; border: 1px solid rgba(150&comma;150&comma;150&comma;0.3); border-radius: 8px;' src='https:\/\/ftp3.syscom.mx\/usuarios\/gmagos\/HIK\/storage\/Pagina%20WEB\/FUTURE%20LITE\/FUTURE-Lite_03.jpg' alt='Innovaci\u00f3n en el Almacenamiento'><\/div>\n<\/div>\n<div style='width: 100%; position: relative; margin: 40px 0; min-height: 200px;'><img style='width: 100%; height: auto; border: 1px solid rgba(150&comma;150&comma;150&comma;0.3); border-radius: 8px;' src='https:\/\/ftp3.syscom.mx\/usuarios\/gmagos\/HIK\/storage\/Pagina%20WEB\/FuturePRO\/FUTURE_03.jpg' alt='Imagen de Fondo'><\/p>\n<div style='position: absolute; top: 50%; left: 50%; transform: translate(-50%&comma; -50%); padding: 20px; text-align: center;'>\n<h1 style='font-size: 24px; color: white; margin: 0;'><span style='font-family: verdana&comma; geneva&comma; sans-serif;'>Menor consumo de energ\u00eda&comma; disipaci\u00f3n t\u00e9rmica avanzada<\/span><\/h1>\n<\/div>\n<\/div>\n<div style='width: 100%; margin: 40px 0;'><img style='width: 100%; height: auto; border: 1px solid rgba(150&comma;150&comma;150&comma;0.3); border-radius: 8px;' src='https:\/\/ftp3.syscom.mx\/usuarios\/gmagos\/HIK\/storage\/Vaners\/HIKSEMI-banner1.jpg' alt='Banner final'><\/div>\n<\/div>\n","protected":false},"excerpt":{"rendered":"<p>Unidad de Estado S\u00f3lido (SSD) 2TB  \/ ALTO RENDIMIENTO \/ Hasta 7100B\/s \/ M.2 NVMe \/ Para Gaming y PC Trabajo Pesado<\/p>\n","protected":false},"featured_media":92367,"comment_status":"open","ping_status":"closed","template":"","meta":[],"product_brand":[],"product_cat":[2138],"product_tag":[1974,2129,2139],"class_list":{"0":"post-92368","1":"product","2":"type-product","3":"status-publish","4":"has-post-thumbnail","6":"product_cat-unidades-de-estado-solido-ssd","7":"product_tag-almacenamiento","8":"product_tag-hiksemi-by-hikvision","9":"product_tag-unidades-de-estado-solido-ssd","11":"first","12":"instock","13":"sale","14":"shipping-taxable","15":"purchasable","16":"product-type-simple"},"_links":{"self":[{"href":"https:\/\/soydeaqui.ddns.net\/pachuca\/index.php\/wp-json\/wp\/v2\/product\/92368","targetHints":{"allow":["GET"]}}],"collection":[{"href":"https:\/\/soydeaqui.ddns.net\/pachuca\/index.php\/wp-json\/wp\/v2\/product"}],"about":[{"href":"https:\/\/soydeaqui.ddns.net\/pachuca\/index.php\/wp-json\/wp\/v2\/types\/product"}],"replies":[{"embeddable":true,"href":"https:\/\/soydeaqui.ddns.net\/pachuca\/index.php\/wp-json\/wp\/v2\/comments?post=92368"}],"wp:featuredmedia":[{"embeddable":true,"href":"https:\/\/soydeaqui.ddns.net\/pachuca\/index.php\/wp-json\/wp\/v2\/media\/92367"}],"wp:attachment":[{"href":"https:\/\/soydeaqui.ddns.net\/pachuca\/index.php\/wp-json\/wp\/v2\/media?parent=92368"}],"wp:term":[{"taxonomy":"product_brand","embeddable":true,"href":"https:\/\/soydeaqui.ddns.net\/pachuca\/index.php\/wp-json\/wp\/v2\/product_brand?post=92368"},{"taxonomy":"product_cat","embeddable":true,"href":"https:\/\/soydeaqui.ddns.net\/pachuca\/index.php\/wp-json\/wp\/v2\/product_cat?post=92368"},{"taxonomy":"product_tag","embeddable":true,"href":"https:\/\/soydeaqui.ddns.net\/pachuca\/index.php\/wp-json\/wp\/v2\/product_tag?post=92368"}],"curies":[{"name":"wp","href":"https:\/\/api.w.org\/{rel}","templated":true}]}}