{"id":92355,"date":"2026-03-20T05:12:28","date_gmt":"2026-03-20T05:12:28","guid":{"rendered":"https:\/\/soydeaqui.ddns.net\/pachuca\/index.php\/producto\/carcasa-para-ssd-m-2-enclosure-conector-usb-c-10g-de-trasmision-disipacion-de-calor-de-alta-eficiencia\/"},"modified":"2026-03-20T05:12:35","modified_gmt":"2026-03-20T05:12:35","slug":"carcasa-para-ssd-m-2-enclosure-conector-usb-c-10g-de-trasmision-disipacion-de-calor-de-alta-eficiencia","status":"publish","type":"product","link":"https:\/\/soydeaqui.ddns.net\/pachuca\/index.php\/producto\/carcasa-para-ssd-m-2-enclosure-conector-usb-c-10g-de-trasmision-disipacion-de-calor-de-alta-eficiencia\/","title":{"rendered":"Carcasa para SSD M.2 (Enclosure) \/ Conector USB-C \/ 10G de Trasmisi\u00f3n \/  Disipaci\u00f3n de Calor de Alta Eficiencia"},"content":{"rendered":"<div style='width: 100%; max-width: 1200px; margin: 0 auto; font-family: sans-serif; line-height: 1.6; color: inherit; background-color: transparent;'> <!-- Banner principal --> <\/p>\n<div style='width: 100%; text-align: center; margin: 30px 0;'> <img style='width: 100%; height: auto; border: 1px solid rgba(150&comma;150&comma;150&comma;0.3); border-radius: 8px; max-width: 1200px;' src='https:\/\/ftp3.syscom.mx\/usuarios\/gmagos\/HIK\/storage\/Vaners\/hiksemi.png' alt='Banner'> <\/div>\n<p> <!-- T\u00edtulo de especificaciones --> <\/p>\n<div style='width: 100%; text-align: center; margin: 30px 0;'>\n<h1 style='font-size: 28px; color: inherit; opacity: 0.8; margin: 0; padding: 0;'>Especificaciones<\/h1>\n<\/p><\/div>\n<p> <!-- Caracter\u00edsticas principales --> <\/p>\n<div style='display: flex; flex-wrap: wrap; gap: 30px; margin-bottom: 30px;'>\n<div style='flex: 1 1 300px; min-width: 280px;'>\n<ul style='padding-left: 0; list-style: none; margin: 0;'>\n<li style='background-color: rgba(0&comma; 123&comma; 255&comma; 0.2); padding: 15px; font-weight: bold; font-size: 18px; color: inherit; border-bottom: 2px solid rgba(150&comma;150&comma;150&comma;0.3);'>Caracter\u00edsticas Principales<\/li>\n<li style='padding: 10px 15px; border-bottom: 1px solid rgba(150&comma;150&comma;150&comma;0.3); font-size: 15px; color: inherit;'>Material: Aleaci\u00f3n de aluminio<\/li>\n<li style='padding: 10px 15px; border-bottom: 1px solid rgba(150&comma;150&comma;150&comma;0.3); font-size: 15px; color: inherit;'>Color del producto: Gris espacial<\/li>\n<li style='padding: 10px 15px; border-bottom: 1px solid rgba(150&comma;150&comma;150&comma;0.3); font-size: 15px; color: inherit;'>Dimensiones del producto: 112&comma;5 x 39&comma;5 x 12&comma;5 mm<\/li>\n<li style='padding: 10px 15px; border-bottom: 1px solid rgba(150&comma;150&comma;150&comma;0.3); font-size: 15px; color: inherit;'>Interfaz de salida: USB 3.2 Gen2 Tipo-C<\/li>\n<li style='padding: 10px 15px; border-bottom: 1px solid rgba(150&comma;150&comma;150&comma;0.3); font-size: 15px; color: inherit;'><strong>Velocidad de transmisi\u00f3n:<\/strong> 10Gbps<\/li>\n<li style='padding: 10px 15px; border-bottom: 1px solid rgba(150&comma;150&comma;150&comma;0.3); font-size: 15px; color: inherit;'>Sistemas compatibles: Windows\/MacOS\/Linux\/Android<\/li>\n<li style='padding: 10px 15px; border-bottom: 1px solid rgba(150&comma;150&comma;150&comma;0.3); font-size: 15px; color: inherit;'><strong>NVMe soportado:<\/strong> 2230&comma; 2242&comma; 2260 y 2280<\/li>\n<li style='padding: 10px 15px; border-bottom: 1px solid rgba(150&comma;150&comma;150&comma;0.3); font-size: 15px; color: inherit;'>Peso: 127.6g<\/li>\n<\/ul><\/div>\n<\/p><\/div>\n<p> <!-- Separador --> <\/p>\n<hr style='border: 0; border-top: 1px solid rgba(150&comma; 150&comma; 150&comma; 0.3); margin: 30px 0;'> <!-- Videos --> <\/p>\n<div style='display: flex; flex-wrap: wrap; gap: 30px; margin-bottom: 30px;'>\n<div style='flex: 1 1 300px; min-width: 280px;'>\n<h3 style='font-size: 20px; text-align: center; margin-top: 0; color: inherit;'><strong>\u00bfQuien es HIKSEMI?<\/strong><\/h3>\n<div style='position: relative; padding-bottom: 56.25%; height: 0; overflow: hidden; margin-bottom: 30px;'>   <\/div>\n<\/p><\/div>\n<div style='flex: 1 1 300px; min-width: 280px;'>\n<h3 style='font-size: 20px; text-align: center; margin-top: 0; color: inherit;'><strong>Unidades de Estado S\u00f3lido<\/strong><\/h3>\n<div style='position: relative; padding-bottom: 56.25%; height: 0; overflow: hidden; margin-bottom: 30px;'>   <\/div>\n<\/p><\/div>\n<\/p><\/div>\n<p> <!-- Imagen 1 con overlay --> <\/p>\n<div style='position: relative; width: 100%; max-width: 1200px; margin: 30px auto; overflow: hidden; border-radius: 8px;'> <img style='width: 100%; height: auto; border: 1px solid rgba(150&comma;150&comma;150&comma;0.3); border-radius: 8px;' src='https:\/\/ftp3.syscom.mx\/usuarios\/gmagos\/HIK\/storage\/Pagina%20WEB\/HS-HUB-MDC1\/MDC1_01.jpg' alt='Imagen de Fondo'> <\/p>\n<div style='position: absolute; top: 0; left: 0; right: 0; bottom: 0; display: flex; align-items: center; justify-content: center; flex-direction: column; padding: 40px; pointer-events: none;'>\n<h1 style='font-size: 35px; color: white; text-align: center; margin: 0; padding: 0;'> <span style='font-family: verdana&comma; geneva&comma; sans-serif;'><strong>Carcasa NVME MDC1 M.2<\/strong><\/span> <\/h1>\n<h2 style='font-size: 24px; color: white; text-align: center; margin: 15px 0 0 0; padding: 0;'> <span style='font-family: verdana&comma; geneva&comma; sans-serif;'>Dise\u00f1ado para entusiastas de los juegos<\/span> <\/h2>\n<\/p><\/div>\n<\/p><\/div>\n<p> <!-- Secci\u00f3n de informaci\u00f3n 1 --> <\/p>\n<div style='display: flex; flex-wrap: wrap; gap: 30px; margin-bottom: 30px;'>\n<div style='flex: 1 1 300px; min-width: 280px;'> <img style='width: 100%; height: auto; border: 1px solid rgba(150&comma;150&comma;150&comma;0.3); border-radius: 8px;' src='https:\/\/ftp3.syscom.mx\/usuarios\/gmagos\/HIK\/storage\/Pagina%20WEB\/HS-HUB-MDC1\/MDC1_02.jpg' alt='Transmisi\u00f3n de alta velocidad de 10 Gbps'> <\/div>\n<div style='flex: 2 1 400px; min-width: 280px;'>\n<h2 style='font-size: 24px; margin-top: 0; color: inherit;'>Transmisi\u00f3n de alta velocidad de 10 Gbps<\/h2>\n<p style='font-size: 15px; text-align: justify; color: inherit; margin: 0;'> Experimenta velocidades de transferencia ultrarr\u00e1pidas de hasta 10 Gbps con nuestra carcasa para SSD M.2. Con un dise\u00f1o que elimina la necesidad de controladores&comma; esta carcasa es compatible con m\u00faltiples sistemas operativos&comma; garantizando una f\u00e1cil instalaci\u00f3n y uso sin complicaciones. <\/p>\n<\/p><\/div>\n<\/p><\/div>\n<p> <!-- Secci\u00f3n de informaci\u00f3n 2 --> <\/p>\n<div style='display: flex; flex-wrap: wrap; gap: 30px; margin-bottom: 30px;'>\n<div style='flex: 2 1 400px; min-width: 280px;'>\n<h2 style='font-size: 24px; margin-top: 0; color: inherit;'>Disipaci\u00f3n de calor de alta eficiencia&comma; funcionamiento a baja temperatura<\/h2>\n<p style='font-size: 15px; text-align: justify; color: inherit; margin: 0;'> Disfruta de un rendimiento \u00f3ptimo con nuestra carcasa para SSD M.2&comma; que cuenta con una eficiente disipaci\u00f3n de calor para operar a temperaturas m\u00e1s bajas. Fabricada con un cuerpo de aleaci\u00f3n de aluminio y equipada con almohadillas de silicona termoconductora&comma; nuestra carcasa garantiza una \u00f3ptima refrigeraci\u00f3n para mantener tu SSD en condiciones \u00f3ptimas de funcionamiento. <\/p>\n<\/p><\/div>\n<div style='flex: 1 1 300px; min-width: 280px;'> <img style='width: 100%; height: auto; border: 1px solid rgba(150&comma;150&comma;150&comma;0.3); border-radius: 8px;' src='https:\/\/ftp3.syscom.mx\/usuarios\/gmagos\/HIK\/storage\/Pagina%20WEB\/HS-HUB-MDC1\/MDC1_03.jpg' alt='Disipaci\u00f3n de calor de alta eficiencia'> <\/div>\n<\/p><\/div>\n<p> <!-- Imagen 2 con overlay --> <\/p>\n<div style='position: relative; width: 100%; max-width: 1200px; margin: 30px auto; overflow: hidden; border-radius: 8px;'> <img style='width: 100%; height: auto; border: 1px solid rgba(150&comma;150&comma;150&comma;0.3); border-radius: 8px;' src='https:\/\/ftp3.syscom.mx\/usuarios\/gmagos\/HIK\/storage\/Pagina%20WEB\/HS-HUB-MDC1\/MDC1_04.jpg' alt='Imagen de Fondo'> <\/p>\n<div style='position: absolute; top: 50%; left: 0; transform: translateY(-50%); padding: 30px;'>\n<h1 style='font-size: 34px; color: white; text-align: left; margin: 0; padding: 0;'> <span style='font-family: verdana&comma; geneva&comma; sans-serif;'><strong>Compatible con dispositivos <\/strong><\/span> <\/h1>\n<h2 style='font-size: 34px; color: white; text-align: left; margin: 10px 0 0 0; padding: 0;'> <span style='font-family: verdana&comma; geneva&comma; sans-serif;'><strong>electr\u00f3nicos convencionales<\/strong><\/span> <\/h2>\n<h3 style='font-size: 24px; color: white; margin: 10px 0 0 0; padding: 0;'> <span style='font-family: verdana&comma; geneva&comma; sans-serif;'>Equipado con doble cable A a C y C a C<\/span> <\/h3>\n<\/p><\/div>\n<\/p><\/div>\n<p> <!-- Banner final --> <\/p>\n<div style='width: 100%; text-align: center; margin: 30px 0;'> <img style='width: 100%; height: auto; border: 1px solid rgba(150&comma;150&comma;150&comma;0.3); border-radius: 8px; max-width: 1200px;' src='https:\/\/ftp3.syscom.mx\/usuarios\/gmagos\/HIK\/storage\/Vaners\/HIKSEMI-banner1.jpg' alt='Banner final'> <\/div>\n<\/p><\/div>\n","protected":false},"excerpt":{"rendered":"<p>Carcasa para SSD M.2 (Enclosure) \/ Conector USB-C \/ 10G de Trasmisi\u00f3n \/  Disipaci\u00f3n de Calor de Alta Eficiencia<\/p>\n","protected":false},"featured_media":92354,"comment_status":"open","ping_status":"closed","template":"","meta":[],"product_brand":[],"product_cat":[2178],"product_tag":[1974,2129,2179],"class_list":{"0":"post-92355","1":"product","2":"type-product","3":"status-publish","4":"has-post-thumbnail","6":"product_cat-unidad-de-estado-solido-ssd-portatil","7":"product_tag-almacenamiento","8":"product_tag-hiksemi-by-hikvision","9":"product_tag-unidad-de-estado-solido-ssd-portatil","11":"first","12":"outofstock","13":"sale","14":"shipping-taxable","15":"purchasable","16":"product-type-simple"},"_links":{"self":[{"href":"https:\/\/soydeaqui.ddns.net\/pachuca\/index.php\/wp-json\/wp\/v2\/product\/92355","targetHints":{"allow":["GET"]}}],"collection":[{"href":"https:\/\/soydeaqui.ddns.net\/pachuca\/index.php\/wp-json\/wp\/v2\/product"}],"about":[{"href":"https:\/\/soydeaqui.ddns.net\/pachuca\/index.php\/wp-json\/wp\/v2\/types\/product"}],"replies":[{"embeddable":true,"href":"https:\/\/soydeaqui.ddns.net\/pachuca\/index.php\/wp-json\/wp\/v2\/comments?post=92355"}],"wp:featuredmedia":[{"embeddable":true,"href":"https:\/\/soydeaqui.ddns.net\/pachuca\/index.php\/wp-json\/wp\/v2\/media\/92354"}],"wp:attachment":[{"href":"https:\/\/soydeaqui.ddns.net\/pachuca\/index.php\/wp-json\/wp\/v2\/media?parent=92355"}],"wp:term":[{"taxonomy":"product_brand","embeddable":true,"href":"https:\/\/soydeaqui.ddns.net\/pachuca\/index.php\/wp-json\/wp\/v2\/product_brand?post=92355"},{"taxonomy":"product_cat","embeddable":true,"href":"https:\/\/soydeaqui.ddns.net\/pachuca\/index.php\/wp-json\/wp\/v2\/product_cat?post=92355"},{"taxonomy":"product_tag","embeddable":true,"href":"https:\/\/soydeaqui.ddns.net\/pachuca\/index.php\/wp-json\/wp\/v2\/product_tag?post=92355"}],"curies":[{"name":"wp","href":"https:\/\/api.w.org\/{rel}","templated":true}]}}