{"id":92350,"date":"2026-03-20T05:12:14","date_gmt":"2026-03-20T05:12:14","guid":{"rendered":"https:\/\/soydeaqui.ddns.net\/pachuca\/index.php\/producto\/lector-de-tarjetas-2-en-1-conector-dual-usb-a-y-usb-c-soporta-sd-y-micro-sd\/"},"modified":"2026-03-20T05:12:25","modified_gmt":"2026-03-20T05:12:25","slug":"lector-de-tarjetas-2-en-1-conector-dual-usb-a-y-usb-c-soporta-sd-y-micro-sd","status":"publish","type":"product","link":"https:\/\/soydeaqui.ddns.net\/pachuca\/index.php\/producto\/lector-de-tarjetas-2-en-1-conector-dual-usb-a-y-usb-c-soporta-sd-y-micro-sd\/","title":{"rendered":"Lector de Tarjetas 2 en 1 \/ Conector Dual USB-A  y USB-C \/ Soporta SD y Micro SD"},"content":{"rendered":"<div style='width: 100%; max-width: 1200px; margin: 0 auto; font-family: sans-serif; line-height: 1.6; color: inherit; background-color: transparent;'> <!-- Banner --> <\/p>\n<div style='text-align: center;'> <img style='width: 100%; height: auto; border: 1px solid rgba(150&comma;150&comma;150&comma;0.3); border-radius: 8px;' src='https:\/\/ftp3.syscom.mx\/usuarios\/gmagos\/HIK\/storage\/Vaners\/hiksemi.png' alt='Banner'> <\/div>\n<p> <!-- Descripci\u00f3n --> <\/p>\n<div style='margin: 30px 0; display: flex; flex-direction: column; align-items: center;'>\n<div style='width: 100%; max-width: 800px; text-align: center; margin-bottom: 30px;'>\n<h1 style='font-size: 24px; color: inherit; opacity: 0.8; margin: 0; padding: 0;'>Especificaciones<\/h1>\n<\/p><\/div>\n<div style='display: flex; flex-wrap: wrap; gap: 30px; justify-content: center;'>\n<div style='flex: 1 1 300px; min-width: 280px;'>\n<div style='border: 1px solid rgba(150&comma; 150&comma; 150&comma; 0.4); border-radius: 8px; overflow: hidden;'>\n<div style='padding: 15px; background-color: rgba(0&comma; 123&comma; 255&comma; 0.1); border-bottom: 1px solid rgba(150&comma; 150&comma; 150&comma; 0.2); font-weight: bold; font-size: 18px; color: inherit;'> Caracter\u00edsticas Principales <\/div>\n<ul style='padding: 15px; margin: 0; font-size: 14px; color: inherit; list-style-type: disc;'>\n<li style='margin-bottom: 5px;'><strong>Tipo de Conector:<\/strong> USB 3.0 y Tipo C<\/li>\n<li style='margin-bottom: 5px;'><strong>Conexiones soportadas:<\/strong> SD y Micro SD<\/li>\n<li style='margin-bottom: 5px;'><strong>Velocidad de Transmisi\u00f3n:<\/strong> 5Gbps<\/li>\n<li style='margin-bottom: 5px;'><strong>Color:<\/strong> Plata<\/li>\n<li style='margin-bottom: 5px;'><strong>Material:<\/strong> Aleaci\u00f3n de aluminio<\/li>\n<li style='margin-bottom: 5px;'><strong>Sistema operativo soportado:<\/strong> Windows \/ Mac OS \/ Linux \/ Android<\/li>\n<li style='margin-bottom: 5px;'><strong>Dimensiones:<\/strong> 73mm x 17mm x 10.4mm<\/li>\n<li style='margin-bottom: 5px;'><strong>Peso:<\/strong> 80g<\/li>\n<\/ul><\/div>\n<\/p><\/div>\n<\/p><\/div>\n<\/p><\/div>\n<hr style='border: 0; border-top: 1px solid rgba(150&comma; 150&comma; 150&comma; 0.3); margin: 30px 0;'> <!-- Videos --> <\/p>\n<div style='display: flex; flex-wrap: wrap; gap: 30px; margin-bottom: 30px;'>\n<div style='flex: 1 1 400px; min-width: 300px;'>\n<h3 style='font-size: 20px; margin-top: 0; margin-bottom: 15px; color: inherit;'><strong>\u00bfQuien es HIKSEMI?<\/strong><\/h3>\n<div style='position: relative; padding-bottom: 56.25%; height: 0; overflow: hidden; margin-bottom: 30px;'>   <\/div>\n<\/p><\/div>\n<div style='flex: 1 1 400px; min-width: 300px;'>\n<h3 style='font-size: 20px; margin-top: 0; margin-bottom: 15px; color: inherit;'><strong>Unidades de Estado S\u00f3lido<\/strong><\/h3>\n<div style='position: relative; padding-bottom: 56.25%; height: 0; overflow: hidden; margin-bottom: 30px;'>   <\/div>\n<\/p><\/div>\n<\/p><\/div>\n<p> <!-- Imagen 1 --> <\/p>\n<div style='position: relative; width: 100%; margin: 30px 0;'> <img style='width: 100%; height: auto; border: 1px solid rgba(150&comma;150&comma;150&comma;0.3); border-radius: 8px;' src='https:\/\/ftp3.syscom.mx\/usuarios\/gmagos\/HIK\/storage\/Pagina%20WEB\/HS-HUB-CR01\/CR01_01.jpg' alt='Imagen de Fondo'> <\/p>\n<div style='position: absolute; top: 50%; left: 50%; transform: translate(-50%&comma; -50%); padding: 20px; text-align: center;'>\n<h1 style='font-size: 28px; color: white; margin: 0 0 10px 0;'><span style='font-family: verdana&comma; geneva&comma; sans-serif;'>Lector de tarjetas 2 en 1: CR01<\/span><\/h1>\n<h2 style='font-size: 28px; color: white; margin: 0;'><span style='font-family: verdana&comma; geneva&comma; sans-serif;'>Transferencia r\u00e1pida USB 3.2<\/span><\/h2>\n<\/p><\/div>\n<\/p><\/div>\n<p> <!-- Informaci\u00f3n 1 --> <\/p>\n<div style='display: flex; flex-wrap: wrap; gap: 30px; margin: 30px 0;'>\n<div style='flex: 1 1 300px; min-width: 280px; text-align: center;'> <img style='width: 100%; height: auto; border: 1px solid rgba(150&comma;150&comma;150&comma;0.3); border-radius: 8px;' src='https:\/\/ftp3.syscom.mx\/usuarios\/gmagos\/HIK\/storage\/Pagina%20WEB\/HS-HUB-CR01\/CR01_02.jpg' alt='Lectura simult\u00e1nea de doble tarjeta'> <\/div>\n<div style='flex: 2 1 500px; min-width: 300px;'>\n<h2 style='font-size: 22px; margin-top: 0; color: inherit;'>Lectura simult\u00e1nea de doble tarjeta<\/h2>\n<p style='color: inherit; font-size: 14px; margin-bottom: 15px;'>El dise\u00f1o de ranura para tarjeta dual SD\/TF permite la lectura simult\u00e1nea de dos tarjetas&comma; simplificando la transferencia de datos entre ellas. Esta funcionalidad vers\u00e1til y compatible con una amplia gama de dispositivos&comma; elimina la necesidad de dispositivos intermediarios y agiliza el proceso de transferencia de archivos. Esta innovaci\u00f3n representa un avance significativo en la eficiencia y comodidad del manejo de datos en el mundo digital actual.<\/p>\n<\/p><\/div>\n<\/p><\/div>\n<p> <!-- Informaci\u00f3n 2 --> <\/p>\n<div style='display: flex; flex-wrap: wrap-reverse; gap: 30px; margin: 30px 0;'>\n<div style='flex: 1 1 300px; min-width: 280px;'>\n<h2 style='font-size: 22px; margin-top: 0; color: inherit;'>Compa\u00f1ero de fotograf\u00eda<\/h2>\n<p style='color: inherit; font-size: 14px; margin-bottom: 15px;'>Con nuestra herramienta&comma; capturar momentos especiales durante tus viajes se convierte en una experiencia a\u00fan m\u00e1s gratificante. Nuestro compa\u00f1ero de fotograf\u00eda te permite no solo inmortalizar paisajes impresionantes&comma; sino tambi\u00e9n compartirlos al instante en tus redes sociales favoritas. \u00a1Comparte la belleza del mundo en un abrir y cerrar de ojos!<\/p>\n<\/p><\/div>\n<div style='flex: 1 1 300px; min-width: 280px; text-align: center;'> <img style='width: 100%; height: auto; border: 1px solid rgba(150&comma;150&comma;150&comma;0.3); border-radius: 8px;' src='https:\/\/ftp3.syscom.mx\/usuarios\/gmagos\/HIK\/storage\/Pagina%20WEB\/HS-HUB-CR01\/CR01_03.jpg' alt='Compa\u00f1ero de fotograf\u00eda'> <\/div>\n<\/p><\/div>\n<p> <!-- Imagen 2 --> <\/p>\n<div style='position: relative; width: 100%; margin: 30px 0;'> <img style='width: 100%; height: auto; border: 1px solid rgba(150&comma;150&comma;150&comma;0.3); border-radius: 8px;' src='https:\/\/ftp3.syscom.mx\/usuarios\/gmagos\/HIK\/storage\/Pagina%20WEB\/HS-HUB-CR01\/CR01_04.jpg' alt='Imagen de Fondo'> <\/p>\n<div style='position: absolute; top: 50%; left: 50%; transform: translate(-50%&comma; -50%); padding: 20px; text-align: center;'>\n<h1 style='font-size: 40px; color: white; margin: 0 0 10px 0;'><strong>Compatibilidad universal<\/strong><\/h1>\n<h2 style='font-size: 24px; color: white; margin: 0;'><strong>Transferencia de datos multiplataforma<\/strong><\/h2>\n<\/p><\/div>\n<\/p><\/div>\n<p> <!-- Banner final --> <\/p>\n<div style='text-align: center; margin: 30px 0;'> <img style='width: 100%; height: auto; border: 1px solid rgba(150&comma;150&comma;150&comma;0.3); border-radius: 8px;' src='https:\/\/ftp3.syscom.mx\/usuarios\/gmagos\/HIK\/storage\/Vaners\/HIKSEMI-banner1.jpg' alt='Banner final'> <\/div>\n<\/p><\/div>\n","protected":false},"excerpt":{"rendered":"<p>Lector de Tarjetas 2 en 1 \/ Conector Dual USB-A  y USB-C \/ Soporta SD y Micro SD<\/p>\n","protected":false},"featured_media":92349,"comment_status":"open","ping_status":"closed","template":"","meta":[],"product_brand":[],"product_cat":[2054],"product_tag":[93,2055,2129],"class_list":{"0":"post-92350","1":"product","2":"type-product","3":"status-publish","4":"has-post-thumbnail","6":"product_cat-accesorios-equipo-de-computo","7":"product_tag-accesorios","8":"product_tag-equipo-de-computo","9":"product_tag-hiksemi-by-hikvision","11":"first","12":"outofstock","13":"sale","14":"shipping-taxable","15":"purchasable","16":"product-type-simple"},"_links":{"self":[{"href":"https:\/\/soydeaqui.ddns.net\/pachuca\/index.php\/wp-json\/wp\/v2\/product\/92350","targetHints":{"allow":["GET"]}}],"collection":[{"href":"https:\/\/soydeaqui.ddns.net\/pachuca\/index.php\/wp-json\/wp\/v2\/product"}],"about":[{"href":"https:\/\/soydeaqui.ddns.net\/pachuca\/index.php\/wp-json\/wp\/v2\/types\/product"}],"replies":[{"embeddable":true,"href":"https:\/\/soydeaqui.ddns.net\/pachuca\/index.php\/wp-json\/wp\/v2\/comments?post=92350"}],"wp:featuredmedia":[{"embeddable":true,"href":"https:\/\/soydeaqui.ddns.net\/pachuca\/index.php\/wp-json\/wp\/v2\/media\/92349"}],"wp:attachment":[{"href":"https:\/\/soydeaqui.ddns.net\/pachuca\/index.php\/wp-json\/wp\/v2\/media?parent=92350"}],"wp:term":[{"taxonomy":"product_brand","embeddable":true,"href":"https:\/\/soydeaqui.ddns.net\/pachuca\/index.php\/wp-json\/wp\/v2\/product_brand?post=92350"},{"taxonomy":"product_cat","embeddable":true,"href":"https:\/\/soydeaqui.ddns.net\/pachuca\/index.php\/wp-json\/wp\/v2\/product_cat?post=92350"},{"taxonomy":"product_tag","embeddable":true,"href":"https:\/\/soydeaqui.ddns.net\/pachuca\/index.php\/wp-json\/wp\/v2\/product_tag?post=92350"}],"curies":[{"name":"wp","href":"https:\/\/api.w.org\/{rel}","templated":true}]}}