{"id":92343,"date":"2026-03-20T05:11:53","date_gmt":"2026-03-20T05:11:53","guid":{"rendered":"https:\/\/soydeaqui.ddns.net\/pachuca\/index.php\/producto\/memoria-usb-dual-impulsado-por-ssd-core-256-gb-usb-c-y-usb-a-560-mb-s-de-escritura\/"},"modified":"2026-03-20T05:12:09","modified_gmt":"2026-03-20T05:12:09","slug":"memoria-usb-dual-impulsado-por-ssd-core-256-gb-usb-c-y-usb-a-560-mb-s-de-escritura","status":"publish","type":"product","link":"https:\/\/soydeaqui.ddns.net\/pachuca\/index.php\/producto\/memoria-usb-dual-impulsado-por-ssd-core-256-gb-usb-c-y-usb-a-560-mb-s-de-escritura\/","title":{"rendered":"Memoria USB Dual impulsado por SSD Core \/ 256 GB \/ USB-C y USB-A \/ 560 MB\/s de Escritura"},"content":{"rendered":"<div style='width: 100%; max-width: 1200px; margin: 0 auto; font-family: sans-serif; line-height: 1.6; color: inherit; background-color: transparent;'> <!-- Banner --> <\/p>\n<div style='text-align: center; margin: 20px 0;'> <img style='width: 100%; height: auto; border: 1px solid rgba(150&comma;150&comma;150&comma;0.3); border-radius: 8px;' src='https:\/\/ftp3.syscom.mx\/usuarios\/gmagos\/HIK\/storage\/Vaners\/hiksemi.png' alt='HIKSEMI Banner'> <\/div>\n<p> <!-- Especificaciones --> <\/p>\n<div style='display: flex; flex-wrap: wrap; align-items: center; justify-content: center; margin-bottom: 30px;'>\n<div style='width: 100%; max-width: 400px; flex: 1 1 300px; min-width: 280px;'>\n<div style='border: 1px solid rgba(150&comma; 150&comma; 150&comma; 0.4); border-radius: 8px; overflow: hidden; background-color: rgba(150&comma;150&comma;150&comma;0.1);'>\n<div style='padding: 15px; background-color: rgba(0&comma;0&comma;255&comma;0.1); border-bottom: 1px solid rgba(150&comma;150&comma;150&comma;0.2); font-weight: bold; font-size: 18px; color: inherit;'>Caracter\u00edsticas Principales:<\/div>\n<ul style='padding: 15px 20px; margin: 0; font-size: 14px; list-style-type: disc; color: inherit;'>\n<li style='margin-bottom: 5px;'>Capacidad: 256 GB<\/li>\n<li style='margin-bottom: 5px;'>Color: Gris Oscuro<\/li>\n<li style='margin-bottom: 5px;'>Material: Aleaci\u00f3n de Aluminio<\/li>\n<li style='margin-bottom: 5px;'>Interfase: USB-A y USB-C<\/li>\n<li style='margin-bottom: 5px;'>Velocidad de Lectura: 560 MB\/s<\/li>\n<li style='margin-bottom: 5px;'>Velocidad de Escritura: 500 MB\/s<\/li>\n<li style='margin-bottom: 5px;'>Temperatura de Operaci\u00f3n: -5 \u00b0C a 55 \u00b0C<\/li>\n<li style='margin-bottom: 5px;'>Medidas: 60.4 x 22.3 x 11.5 mm<\/li>\n<li style='margin-bottom: 5px;'>Peso: 17.5 gramos<\/li>\n<li style='margin-bottom: 5px;'>Garant\u00eda: 5 a\u00f1os<\/li>\n<\/ul><\/div>\n<\/p><\/div>\n<\/p><\/div>\n<p> <!-- Videos --> <\/p>\n<div style='display: flex; flex-wrap: wrap; gap: 20px; margin-bottom: 30px;'>\n<div style='flex: 1 1 400px; min-width: 300px;'>\n<h3 style='font-size: 20px; margin-top: 0; margin-bottom: 10px; color: inherit;'>\u00bfQui\u00e9n es HIKSEMI?<\/h3>\n<div style='position: relative; padding-bottom: 56.25%; height: 0; overflow: hidden; margin-bottom: 30px;'>   <\/div>\n<\/p><\/div>\n<div style='flex: 1 1 400px; min-width: 300px;'>\n<h3 style='font-size: 20px; margin-top: 0; margin-bottom: 10px; color: inherit;'>Unidades de Estado S\u00f3lido<\/h3>\n<div style='position: relative; padding-bottom: 56.25%; height: 0; overflow: hidden; margin-bottom: 30px;'>   <\/div>\n<\/p><\/div>\n<\/p><\/div>\n<p> <!-- Imagen 1 con overlay --> <\/p>\n<div style='position: relative; width: 100%; margin: 30px 0;'> <img style='width: 100%; height: auto; border: 1px solid rgba(150&comma;150&comma;150&comma;0.3); border-radius: 8px;' src='https:\/\/ftp3.syscom.mx\/usuarios\/gmagos\/HIK\/storage\/Pagina%20WEB\/HS-USB-S560\/Rapids_01.jpg' alt='Imagen de Fondo'> <\/p>\n<div style='position: absolute; top: 50%; left: 50%; transform: translate(-50%&comma; -50%); padding: 20px; text-align: center;'>\n<h1 style='font-size: 35px; margin: 0; color: inherit; font-weight: bold; font-family: verdana&comma; geneva&comma; sans-serif;'>Unidad SSD Rapids Dual USB 3.2<\/h1>\n<h2 style='font-size: 20px; margin-top: 10px; color: inherit; font-family: verdana&comma; geneva&comma; sans-serif;'>Dise\u00f1o compacto&comma; impulsado por SSD Core<\/h2>\n<\/p><\/div>\n<\/p><\/div>\n<p> <!-- Imagen 2 + texto --> <\/p>\n<div style='display: flex; flex-wrap: wrap; gap: 20px; margin-bottom: 30px;'>\n<div style='flex: 1 1 300px; min-width: 280px;'> <img style='width: 100%; height: auto; border: 1px solid rgba(150&comma;150&comma;150&comma;0.3); border-radius: 8px;' src='https:\/\/ftp3.syscom.mx\/usuarios\/gmagos\/HIK\/storage\/Pagina%20WEB\/HS-USB-S560\/Rapids_02.jpg' alt='Soporte de funci\u00f3n OTG'> <\/div>\n<div style='flex: 1 1 300px; min-width: 280px;'>\n<h2 style='font-size: 22px; margin-top: 0; color: inherit;'>Soporte de funci\u00f3n OTG<\/h2>\n<p style='font-size: 14px; color: inherit;'>Las nuevas memorias USB con chip de SSD y funci\u00f3n OTG proporcionan un almacenamiento port\u00e1til r\u00e1pido y confiable&comma; permitiendo la conexi\u00f3n con computadoras y dispositivos m\u00f3viles sin necesidad de cables adicionales. La tecnolog\u00eda OTG facilita la transferencia de archivos&comma; mientras que el chip de SSD mejora las velocidades de lectura y escritura. Estas memorias son ideales para quienes necesitan acceso inmediato a grandes vol\u00famenes de datos en diferentes dispositivos. Las capacidades var\u00edan para adaptarse a varias necesidades.<\/p>\n<\/p><\/div>\n<\/p><\/div>\n<p> <!-- Imagen 3 + texto --> <\/p>\n<div style='display: flex; flex-wrap: wrap; gap: 20px; margin-bottom: 30px;'>\n<div style='flex: 1 1 300px; min-width: 280px;'>\n<h2 style='font-size: 22px; margin-top: 0; color: inherit;'>Dise\u00f1o de hebilla de tres etapas<\/h2>\n<p style='font-size: 14px; color: inherit;'>Mecanismo de desplazamiento m\u00e1s suave y estable<\/p>\n<\/p><\/div>\n<div style='flex: 1 1 300px; min-width: 280px;'> <img style='width: 100%; height: auto; border: 1px solid rgba(150&comma;150&comma;150&comma;0.3); border-radius: 8px;' src='https:\/\/ftp3.syscom.mx\/usuarios\/gmagos\/HIK\/storage\/Pagina%20WEB\/HS-USB-S560\/Rapids_04.jpg' alt='Dise\u00f1o de hebilla de tres etapas'> <\/div>\n<\/p><\/div>\n<p> <!-- Imagen 4 con overlay --> <\/p>\n<div style='position: relative; width: 100%; margin: 30px 0;'> <img style='width: 100%; height: auto; border: 1px solid rgba(150&comma;150&comma;150&comma;0.3); border-radius: 8px;' src='https:\/\/ftp3.syscom.mx\/usuarios\/gmagos\/HIK\/storage\/Pagina%20WEB\/HS-USB-S560\/Rapids_03.jpg' alt='Imagen de Fondo'> <\/p>\n<div style='position: absolute; top: 50%; left: 50%; transform: translate(-50%&comma; -50%); padding: 20px; text-align: center;'>\n<h1 style='font-size: 30px; margin: 0; color: inherit; font-weight: bold; font-family: verdana&comma; geneva&comma; sans-serif;'>Hasta 1 TB de espacio de almacenamiento<\/h1>\n<h2 style='font-size: 18px; margin-top: 10px; color: inherit; font-family: verdana&comma; geneva&comma; sans-serif;'>Libera las limitaciones de almacenamiento de los tel\u00e9fonos inteligentes<\/h2>\n<\/p><\/div>\n<\/p><\/div>\n<p> <!-- Banner final --> <\/p>\n<div style='text-align: center; margin: 30px 0;'> <img style='width: 100%; height: auto; border: 1px solid rgba(150&comma;150&comma;150&comma;0.3); border-radius: 8px;' src='https:\/\/ftp3.syscom.mx\/usuarios\/gmagos\/HIK\/storage\/Vaners\/HIKSEMI-banner1.jpg' alt='Banner Final'> <\/div>\n<\/p><\/div>\n","protected":false},"excerpt":{"rendered":"<p>Memoria USB Dual impulsado por SSD Core \/ 256 GB \/ USB-C y USB-A \/ 560 MB\/s de Escritura<\/p>\n","protected":false},"featured_media":92342,"comment_status":"open","ping_status":"closed","template":"","meta":[],"product_brand":[],"product_cat":[2178],"product_tag":[1974,2129,2179],"class_list":{"0":"post-92343","1":"product","2":"type-product","3":"status-publish","4":"has-post-thumbnail","6":"product_cat-unidad-de-estado-solido-ssd-portatil","7":"product_tag-almacenamiento","8":"product_tag-hiksemi-by-hikvision","9":"product_tag-unidad-de-estado-solido-ssd-portatil","11":"first","12":"outofstock","13":"sale","14":"shipping-taxable","15":"purchasable","16":"product-type-simple"},"_links":{"self":[{"href":"https:\/\/soydeaqui.ddns.net\/pachuca\/index.php\/wp-json\/wp\/v2\/product\/92343","targetHints":{"allow":["GET"]}}],"collection":[{"href":"https:\/\/soydeaqui.ddns.net\/pachuca\/index.php\/wp-json\/wp\/v2\/product"}],"about":[{"href":"https:\/\/soydeaqui.ddns.net\/pachuca\/index.php\/wp-json\/wp\/v2\/types\/product"}],"replies":[{"embeddable":true,"href":"https:\/\/soydeaqui.ddns.net\/pachuca\/index.php\/wp-json\/wp\/v2\/comments?post=92343"}],"wp:featuredmedia":[{"embeddable":true,"href":"https:\/\/soydeaqui.ddns.net\/pachuca\/index.php\/wp-json\/wp\/v2\/media\/92342"}],"wp:attachment":[{"href":"https:\/\/soydeaqui.ddns.net\/pachuca\/index.php\/wp-json\/wp\/v2\/media?parent=92343"}],"wp:term":[{"taxonomy":"product_brand","embeddable":true,"href":"https:\/\/soydeaqui.ddns.net\/pachuca\/index.php\/wp-json\/wp\/v2\/product_brand?post=92343"},{"taxonomy":"product_cat","embeddable":true,"href":"https:\/\/soydeaqui.ddns.net\/pachuca\/index.php\/wp-json\/wp\/v2\/product_cat?post=92343"},{"taxonomy":"product_tag","embeddable":true,"href":"https:\/\/soydeaqui.ddns.net\/pachuca\/index.php\/wp-json\/wp\/v2\/product_tag?post=92343"}],"curies":[{"name":"wp","href":"https:\/\/api.w.org\/{rel}","templated":true}]}}