{"id":92320,"date":"2026-03-20T05:10:50","date_gmt":"2026-03-20T05:10:50","guid":{"rendered":"https:\/\/soydeaqui.ddns.net\/pachuca\/index.php\/producto\/kit-de-audio-freespace-4-altavoces-de-pared-amplificador-color-negro-ideal-para-audio-ambiental\/"},"modified":"2026-03-20T05:10:50","modified_gmt":"2026-03-20T05:10:50","slug":"kit-de-audio-freespace-4-altavoces-de-pared-amplificador-color-negro-ideal-para-audio-ambiental","status":"publish","type":"product","link":"https:\/\/soydeaqui.ddns.net\/pachuca\/index.php\/producto\/kit-de-audio-freespace-4-altavoces-de-pared-amplificador-color-negro-ideal-para-audio-ambiental\/","title":{"rendered":"Kit de Audio Freespace | 4 Altavoces de Pared + Amplificador | Color Negro | Ideal para Audio Ambiental"},"content":{"rendered":"<div style='width: 100%; max-width: 1200px; margin: 0 auto; font-family: sans-serif; line-height: 1.6; color: inherit; background-color: transparent;'> <!-- Logo --> <\/p>\n<div style='width: 100%; margin: 20px 0;'> <img style='width: 100%; height: auto; border: 1px solid rgba(150&comma;150&comma;150&comma;0.3); border-radius: 8px;' src='https:\/\/ftp3.syscom.mx\/usuarios\/cesar.garcia\/Bose\/Altavoces\/Audiopacks\/Banner%20Audiopack%201.png' alt=''> <\/div>\n<p> <!-- Secci\u00f3n 1 con imagen y texto --> <\/p>\n<div style='display: flex; flex-wrap: wrap; gap: 30px; margin: 30px 0;'>\n<div style='flex: 1 1 300px; min-width: 280px;'> <img style='width: 100%; height: auto; border: 1px solid rgba(150&comma;150&comma;150&comma;0.3); border-radius: 8px;' src='https:\/\/ftp3.syscom.mx\/usuarios\/luis.vargas\/Bose\/FS2SE\/FS2SE.jpg' alt=''> <\/div>\n<div style='flex: 1 1 300px; min-width: 280px;'>\n<h2 style='font-size: 24px; border-bottom: 2px solid currentColor; padding-bottom: 5px; margin-top: 0; color: inherit; opacity: 0.8;'>La calidad de sonido de Bose que espera. Las mejoras que necesita.<\/h2>\n<p style='font-size: 15px; color: inherit;'> Los altavoces FreeSpace FS son el siguiente paso de nuestra l\u00ednea altamente confiable de altavoces de techo y montaje en superficie que ofrece importantes mejoras en cuanto a la durabilidad&comma; dise\u00f1o y facilidad de instalaci\u00f3n&comma; todo esto con una tonalidad notablemente consistente. <\/p>\n<\/p><\/div>\n<\/p><\/div>\n<p> <!-- Secci\u00f3n 2 con texto e imagen --> <\/p>\n<div style='display: flex; flex-wrap: wrap; gap: 30px; margin: 30px 0;'>\n<div style='flex: 1 1 300px; min-width: 280px;'>\n<h2 style='font-size: 24px; border-bottom: 2px solid currentColor; padding-bottom: 5px; margin-top: 0; color: inherit; opacity: 0.8;'>AUDIOPACK PRO S4<\/h2>\n<p style='font-size: 15px; color: inherit;'> Los altavoces FreeSpace FS&comma; ideales para montaje en superficie&comma; ofrecen durabilidad&comma; dise\u00f1o moderno y facilidad de instalaci\u00f3n&comma; con tonalidad uniforme. Combinados con los amplificadores de zona Bose FreeSpace IZA&comma; brindan sonido de alta calidad para m\u00fasica de fondo y anuncios en espacios comerciales&comma; con opciones de ampliaci\u00f3n y optimizaci\u00f3n del sonido mediante preajustes de ecualizador. <\/p>\n<\/p><\/div>\n<div style='flex: 1 1 300px; min-width: 280px;'> <img style='width: 100%; height: auto; border: 1px solid rgba(150&comma;150&comma;150&comma;0.3); border-radius: 8px;' src='https:\/\/ftp3.syscom.mx\/usuarios\/luis.vargas\/Bose\/IZA190-HZ\/IZA190-HZ-frontal.JPG' alt=''> <\/div>\n<\/p><\/div>\n<p> <!-- Caracter\u00edsticas --> <\/p>\n<div style='display: flex; flex-wrap: wrap; gap: 30px; margin: 30px 0;'>\n<div style='flex: 1 1 300px; min-width: 280px;'>\n<h3 style='font-size: 22px; border-bottom: 2px solid currentColor; padding-bottom: 5px; margin-top: 0; color: inherit; opacity: 0.8;'>Contenido<\/h3>\n<ul style='padding-left: 20px; font-size: 15px; color: inherit;'>\n<li style='margin-bottom: 5px;'><a href='https:\/\/www.syscom.mx\/producto\/FS2SE-BOSE-PROFESSIONAL-215848.html' style='color: inherit; text-decoration: underline;'>4 altavoces FS2SE<\/a><\/li>\n<li style='margin-bottom: 5px;'><a href='https:\/\/www.syscom.mx\/producto\/IZA190HZ-BOSE-PROFESSIONAL-215867.html' style='color: inherit; text-decoration: underline;'>1 amplificador IZA190-HZ<\/a><\/li>\n<li style='margin-bottom: 5px;'>Accesorios (Cable de alimentaci\u00f3n&comma; Conectores)<\/li>\n<\/ul><\/div>\n<div style='flex: 1 1 300px; min-width: 280px;'>\n<h3 style='font-size: 22px; border-bottom: 2px solid currentColor; padding-bottom: 5px; margin-top: 0; color: inherit; opacity: 0.8;'>Opcional<\/h3>\n<ul style='padding-left: 20px; font-size: 15px; color: inherit;'>\n<li style='margin-bottom: 5px;'>Controles Remotos Compatibles: <a href='https:\/\/www.syscom.mx\/producto\/CC1-W-BOSE-PROFESSIONAL-216556.html' style='color: inherit; text-decoration: underline;'>CC1W<\/a> \/ <a href='https:\/\/www.syscom.mx\/producto\/CC2-BOSE-PROFESSIONAL-215871.html' style='color: inherit; text-decoration: underline;'>CC2<\/a><\/li>\n<\/ul><\/div>\n<\/p><\/div>\n<p> <!-- Separador --> <\/p>\n<hr style='border: 0; border-top: 1px solid rgba(150&comma; 150&comma; 150&comma; 0.3); margin: 30px 0;'> <\/div>\n","protected":false},"excerpt":{"rendered":"<p>Kit de Audio Freespace | 4 Altavoces de Pared + Amplificador | Color Negro | Ideal para Audio Ambiental<\/p>\n","protected":false},"featured_media":92319,"comment_status":"open","ping_status":"closed","template":"","meta":[],"product_brand":[],"product_cat":[422],"product_tag":[52,423,2177],"class_list":{"0":"post-92320","1":"product","2":"type-product","3":"status-publish","4":"has-post-thumbnail","6":"product_cat-bocinas-exterior","7":"product_tag-audio-residencial-comercial","8":"product_tag-bocinas-exterior","9":"product_tag-bose-professional","11":"first","12":"instock","13":"sale","14":"shipping-taxable","15":"purchasable","16":"product-type-simple"},"_links":{"self":[{"href":"https:\/\/soydeaqui.ddns.net\/pachuca\/index.php\/wp-json\/wp\/v2\/product\/92320","targetHints":{"allow":["GET"]}}],"collection":[{"href":"https:\/\/soydeaqui.ddns.net\/pachuca\/index.php\/wp-json\/wp\/v2\/product"}],"about":[{"href":"https:\/\/soydeaqui.ddns.net\/pachuca\/index.php\/wp-json\/wp\/v2\/types\/product"}],"replies":[{"embeddable":true,"href":"https:\/\/soydeaqui.ddns.net\/pachuca\/index.php\/wp-json\/wp\/v2\/comments?post=92320"}],"wp:featuredmedia":[{"embeddable":true,"href":"https:\/\/soydeaqui.ddns.net\/pachuca\/index.php\/wp-json\/wp\/v2\/media\/92319"}],"wp:attachment":[{"href":"https:\/\/soydeaqui.ddns.net\/pachuca\/index.php\/wp-json\/wp\/v2\/media?parent=92320"}],"wp:term":[{"taxonomy":"product_brand","embeddable":true,"href":"https:\/\/soydeaqui.ddns.net\/pachuca\/index.php\/wp-json\/wp\/v2\/product_brand?post=92320"},{"taxonomy":"product_cat","embeddable":true,"href":"https:\/\/soydeaqui.ddns.net\/pachuca\/index.php\/wp-json\/wp\/v2\/product_cat?post=92320"},{"taxonomy":"product_tag","embeddable":true,"href":"https:\/\/soydeaqui.ddns.net\/pachuca\/index.php\/wp-json\/wp\/v2\/product_tag?post=92320"}],"curies":[{"name":"wp","href":"https:\/\/api.w.org\/{rel}","templated":true}]}}