{"id":92307,"date":"2026-03-20T05:10:15","date_gmt":"2026-03-20T05:10:15","guid":{"rendered":"https:\/\/soydeaqui.ddns.net\/pachuca\/index.php\/producto\/altavoz-de-pared-exterior-arenamatch-utility-2-vias-8-ohms-70-100v-negro\/"},"modified":"2026-03-20T05:10:30","modified_gmt":"2026-03-20T05:10:30","slug":"altavoz-de-pared-exterior-arenamatch-utility-2-vias-8-ohms-70-100v-negro","status":"publish","type":"product","link":"https:\/\/soydeaqui.ddns.net\/pachuca\/index.php\/producto\/altavoz-de-pared-exterior-arenamatch-utility-2-vias-8-ohms-70-100v-negro\/","title":{"rendered":"Altavoz de Pared Exterior | ArenaMatch Utility | 2 vias |  8 ohms | 70\/100V | Negro"},"content":{"rendered":"<div style='width: 100%; max-width: 1200px; margin: 0 auto; font-family: sans-serif; line-height: 1.6; color: inherit; background-color: transparent;'> <!-- Logo --> <\/p>\n<div style='width: 100%; margin-bottom: 30px;'> <img style='width: 100%; height: auto; border: 1px solid rgba(150&comma;150&comma;150&comma;0.3); border-radius: 8px;' src='https:\/\/ftp3.syscom.mx\/usuarios\/cesar.garcia\/Bose\/BannerBW.png' alt='Logo'> <\/div>\n<p> <!-- Contenido principal --> <\/p>\n<div style='display: flex; flex-wrap: wrap; gap: 30px; margin-bottom: 30px;'> <!-- Imagen 1 --> <\/p>\n<div style='flex: 1 1 300px; min-width: 280px;'> <img style='width: 100%; height: auto; border: 1px solid rgba(150&comma;150&comma;150&comma;0.3); border-radius: 8px;' src='https:\/\/ftp3.syscom.mx\/usuarios\/luis.vargas\/Bose\/AMU108\/AMU108.jpg' alt='Altavoz ArenaMatch Utility AMU108'> <\/div>\n<p> <!-- Texto principal --> <\/p>\n<div style='flex: 1 1 300px; min-width: 280px;'>\n<h3 style='font-size: 22px; border-bottom: 2px solid currentColor; padding-bottom: 5px; margin-top: 0; color: inherit; opacity: 0.8;'>Caracter\u00edsticas destacadas<\/h3>\n<p style='font-size: 15px; color: inherit; text-align: justify;'> Los altavoces ArenaMatch son ideales como refuerzo para sistemas de sonido&comma; garantizando potencia&comma; inteligibilidad y balance tonal consistente con drivers de compresi\u00f3n EMB2S. Perfectos para m\u00fasica en primer plano en \u00e1reas exteriores&comma; con resistencia a la intemperie IP55&comma; rejillas de acero inoxidable&comma; revestimiento de poliuretano y protecci\u00f3n moldeada. <\/p>\n<p style='font-size: 15px; color: inherit; text-align: justify; margin-top: 20px;'> Ofrecen compatibilidad con configuraciones est\u00e1ndar de 70\/100 V&comma; crossover pasivo optimizado&comma; y se integran f\u00e1cilmente con amplificadores PowerMatch y DSP ControlSpace de Bose Professional. El montaje es sencillo con soportes de acero inoxidable y trompeta de alta frecuencia para cobertura uniforme. Con un woofer LF5 de 203 mm&comma; garantizan un rendimiento excepcional hasta en las aplicaciones m\u00e1s exigentes. <\/p>\n<\/p><\/div>\n<p> <!-- Imagen 2 --> <\/p>\n<div style='flex: 1 1 300px; min-width: 280px;'> <img style='width: 100%; height: auto; border: 1px solid rgba(150&comma;150&comma;150&comma;0.3); border-radius: 8px;' src='https:\/\/ftp3.syscom.mx\/usuarios\/luis.vargas\/Bose\/AMU108\/AMU108-back.jpg' alt='Altavoz ArenaMatch Utility AMU108 - Parte trasera'> <\/div>\n<\/p><\/div>\n<p> <!-- Secci\u00f3n de especificaciones --> <\/p>\n<div style='display: flex; flex-wrap: wrap; gap: 20px; margin-bottom: 30px;'> <!-- Caracter\u00edsticas Generales --> <\/p>\n<div style='flex: 1 1 250px; border: 1px solid rgba(150&comma; 150&comma; 150&comma; 0.4); border-radius: 8px; overflow: hidden; display: flex; flex-direction: column;'>\n<div style='padding: 15px; border-bottom: 1px solid rgba(150&comma; 150&comma; 150&comma; 0.2); font-weight: bold; font-size: 18px; color: inherit;'>Caracter\u00edsticas Generales<\/div>\n<div style='padding: 15px; color: inherit;'>\n<ul style='padding-left: 20px; margin: 0; font-size: 14px; list-style-type: disc;'>\n<li style='margin-bottom: 5px;'><strong>Respuesta de frecuencia (-10 dB):<\/strong> 80 Hz a 18 kHz<\/li>\n<li style='margin-bottom: 5px;'><strong>Patr\u00f3n de cobertura nominal (horizontal x vertical):<\/strong> 60\u00b0 \u00d7 90\u00b0<\/li>\n<li style='margin-bottom: 5px;'><strong>Manejo de potencia continuo:<\/strong> 200W<\/li>\n<li style='margin-bottom: 5px;'><strong>Manejo de potencia&comma; pico:<\/strong> 800 W<\/li>\n<li style='margin-bottom: 5px;'><strong>Sensibilidad (SPL\/1W a 1m):<\/strong> 91dB (campo libre)&comma; 93dB (pared\/techo)<\/li>\n<li style='margin-bottom: 5px;'><strong>SPL m\u00e1ximo a 1 m:<\/strong> Campo libre de 119 db Pared\/techo de 121 db<\/li>\n<li style='margin-bottom: 5px;'><strong>Impedancia Nominal:<\/strong> 8\u03a9<\/li>\n<li style='margin-bottom: 5px;'><strong>Taps 70V:<\/strong> 5&comma; 10&comma; 20&comma; 40 y 80W<\/li>\n<li style='margin-bottom: 5px;'><strong>Taps 100V:<\/strong> 10&comma; 20&comma; 40 y 80W<\/li>\n<\/ul><\/div>\n<\/p><\/div>\n<p> <!-- Especificaciones t\u00e9cnicas --> <\/p>\n<div style='flex: 1 1 250px; border: 1px solid rgba(150&comma; 150&comma; 150&comma; 0.4); border-radius: 8px; overflow: hidden; display: flex; flex-direction: column;'>\n<div style='padding: 15px; border-bottom: 1px solid rgba(150&comma; 150&comma; 150&comma; 0.2); font-weight: bold; font-size: 18px; color: inherit;'>Especificaciones t\u00e9cnicas<\/div>\n<div style='padding: 15px; color: inherit;'>\n<ul style='padding-left: 20px; margin: 0; font-size: 14px; list-style-type: disc;'>\n<li style='margin-bottom: 5px;'><strong>Transductores:<\/strong><\/li>\n<li style='margin-bottom: 5px;'><strong>Alta Frecuencia:<\/strong> 1x Controlador de compresi\u00f3n de Alta Frecuencia extendido EMB25<\/li>\n<li style='margin-bottom: 5px;'><strong>Baja Frecuencia:<\/strong> 1 x Woofer LF8 de Alta Excursi\u00f3n de 8&#8242;<\/li>\n<li style='margin-bottom: 5px;'><strong>Material de la Carcasa:<\/strong> Madera contrachapada de grado exterior<\/li>\n<li style='margin-bottom: 5px;'><strong>Rejilla:<\/strong> Acero Inoxidable<\/li>\n<li style='margin-bottom: 5px;'><strong>Protecci\u00f3n de ambiente:<\/strong> IP55<\/li>\n<li style='margin-bottom: 5px;'><strong>Dimensiones (Al x An x Prof):<\/strong> 235mm x 470mm x 279mm<\/li>\n<li style='margin-bottom: 5px;'><strong>Peso:<\/strong> 10.6 Kg solo altavoz \/ 12.6 Kg con soporte &#8216;U&#8217;<\/li>\n<li style='margin-bottom: 5px;'><strong>Empaque:<\/strong> 1 Pieza<\/li>\n<\/ul><\/div>\n<\/p><\/div>\n<\/p><\/div>\n<p> <!-- Separador final --> <\/p>\n<hr style='border: 0; border-top: 1px solid rgba(150&comma; 150&comma; 150&comma; 0.3); margin: 30px 0;'> <\/div>\n","protected":false},"excerpt":{"rendered":"<p>Altavoz de Pared Exterior | ArenaMatch Utility | 2 vias |  8 ohms | 70\/100V | Negro<\/p>\n","protected":false},"featured_media":92306,"comment_status":"open","ping_status":"closed","template":"","meta":[],"product_brand":[],"product_cat":[422],"product_tag":[52,423,2177],"class_list":{"0":"post-92307","1":"product","2":"type-product","3":"status-publish","4":"has-post-thumbnail","6":"product_cat-bocinas-exterior","7":"product_tag-audio-residencial-comercial","8":"product_tag-bocinas-exterior","9":"product_tag-bose-professional","11":"first","12":"instock","13":"sale","14":"shipping-taxable","15":"purchasable","16":"product-type-simple"},"_links":{"self":[{"href":"https:\/\/soydeaqui.ddns.net\/pachuca\/index.php\/wp-json\/wp\/v2\/product\/92307","targetHints":{"allow":["GET"]}}],"collection":[{"href":"https:\/\/soydeaqui.ddns.net\/pachuca\/index.php\/wp-json\/wp\/v2\/product"}],"about":[{"href":"https:\/\/soydeaqui.ddns.net\/pachuca\/index.php\/wp-json\/wp\/v2\/types\/product"}],"replies":[{"embeddable":true,"href":"https:\/\/soydeaqui.ddns.net\/pachuca\/index.php\/wp-json\/wp\/v2\/comments?post=92307"}],"wp:featuredmedia":[{"embeddable":true,"href":"https:\/\/soydeaqui.ddns.net\/pachuca\/index.php\/wp-json\/wp\/v2\/media\/92306"}],"wp:attachment":[{"href":"https:\/\/soydeaqui.ddns.net\/pachuca\/index.php\/wp-json\/wp\/v2\/media?parent=92307"}],"wp:term":[{"taxonomy":"product_brand","embeddable":true,"href":"https:\/\/soydeaqui.ddns.net\/pachuca\/index.php\/wp-json\/wp\/v2\/product_brand?post=92307"},{"taxonomy":"product_cat","embeddable":true,"href":"https:\/\/soydeaqui.ddns.net\/pachuca\/index.php\/wp-json\/wp\/v2\/product_cat?post=92307"},{"taxonomy":"product_tag","embeddable":true,"href":"https:\/\/soydeaqui.ddns.net\/pachuca\/index.php\/wp-json\/wp\/v2\/product_tag?post=92307"}],"curies":[{"name":"wp","href":"https:\/\/api.w.org\/{rel}","templated":true}]}}