{"id":92292,"date":"2026-03-20T05:09:37","date_gmt":"2026-03-20T05:09:37","guid":{"rendered":"https:\/\/soydeaqui.ddns.net\/pachuca\/index.php\/producto\/procesador-de-audio-12-x-4-i-o-analogas-8-canales-amplink-out-dsp-integrado-arquitectura-fija\/"},"modified":"2026-03-20T05:09:43","modified_gmt":"2026-03-20T05:09:43","slug":"procesador-de-audio-12-x-4-i-o-analogas-8-canales-amplink-out-dsp-integrado-arquitectura-fija","status":"publish","type":"product","link":"https:\/\/soydeaqui.ddns.net\/pachuca\/index.php\/producto\/procesador-de-audio-12-x-4-i-o-analogas-8-canales-amplink-out-dsp-integrado-arquitectura-fija\/","title":{"rendered":"Procesador de Audio | 12 x 4 I\/O An\u00e1logas | 8 Canales Amplink Out | DSP Integrado | Arquitectura Fija"},"content":{"rendered":"<div style='width: 100%; max-width: 1200px; margin: 0 auto; font-family: sans-serif; line-height: 1.6; color: inherit; background-color: transparent;'> <!-- Logo --> <\/p>\n<p><img style='width: 100%; height: auto; border: 1px solid rgba(150&comma;150&comma;150&comma;0.3); border-radius: 8px;' src='https:\/\/ftp3.syscom.mx\/usuarios\/sortiz\/AUDIO\/BOSE\/P21000A\/BosePro.PNG' alt='Logo'><\/p>\n<p> <!-- Imagen principal y descripci\u00f3n --> <\/p>\n<div style='display: flex; flex-wrap: wrap; gap: 30px; margin: 30px 0;'>\n<div style='flex: 1 1 300px; min-width: 280px;'> <img style='width: 100%; height: auto; border: 1px solid rgba(150&comma;150&comma;150&comma;0.3); border-radius: 8px;' src='https:\/\/ftp3.syscom.mx\/usuarios\/luis.vargas\/Bose\/CSP1248\/CSP-1248.jpg' alt='Procesador de Audio CSP1248'> <\/div>\n<div style='flex: 1 1 300px; min-width: 280px;'>\n<h3 style='font-size: 24px; border-bottom: 2px solid currentColor; padding-bottom: 5px; margin-top: 0; color: inherit; opacity: 0.8;'>La calidad de sonido de Bose que espera&comma; las mejoras que necesita.<\/h3>\n<p style='font-size: 15px; color: inherit; margin: 15px 0;'>El DSP para instalaciones m\u00e1s r\u00e1pidas: los procesadores de sonido comercial de Bose Professional son parte de una plataforma integral que incluye altavoces&comma; controles y software que ayudan a los instaladores a proporcionar sistemas de sonido premium de forma eficaz.<\/p>\n<p style='font-size: 15px; color: inherit; margin: 15px 0;'>La utilidad de configuraci\u00f3n CSP integrada y la intuitiva interfaz de usuario basada en navegador proporcionan un flujo de trabajo de configuraci\u00f3n r\u00e1pida. Se presentan las tareas comunes de una manera l\u00f3gica&comma; de manera que pueda configurar el sistema m\u00e1s r\u00e1pido&comma; instalarlo en menos tiempo y aumentar la precisi\u00f3n de los ajustes.<\/p>\n<p style='font-size: 15px; color: inherit; margin: 15px 0;'>Una vez instalado&comma; los algoritmos exclusivos ofrecen un rendimiento predecible&comma; mientras que las interfaces opcionales&comma; como los controladores de zona digital ControlCenter y la aplicaci\u00f3n ControlSpace Remote&comma; facilitan el uso para los usuarios finales.<\/p>\n<\/p><\/div>\n<\/p><\/div>\n<p> <!-- Imagen secundaria y descripci\u00f3n --> <\/p>\n<div style='display: flex; flex-wrap: wrap; gap: 30px; margin: 30px 0;'>\n<div style='flex: 1 1 300px; min-width: 280px;'>\n<h3 style='font-size: 24px; border-bottom: 2px solid currentColor; padding-bottom: 5px; margin-top: 0; color: inherit; opacity: 0.8;'>CSP-1248<\/h3>\n<p style='font-size: 15px; color: inherit; margin: 15px 0;'>Descubre la conectividad precisa de Bose Professional para tu negocio. Nuestra plataforma ofrece versatilidad y rendimiento con opciones de entrada y control flexibles.<\/p>\n<p style='font-size: 15px; color: inherit; margin: 15px 0;'>Desde la gesti\u00f3n de niveles hasta el procesamiento SmartBass&comma; garantizamos un sonido excepcional en cualquier entorno.<\/p>\n<p style='font-size: 15px; color: inherit; margin: 15px 0;'>Con opciones de control intuitivo&comma; la operaci\u00f3n es simple y eficiente para cualquier usuario.<\/p>\n<\/p><\/div>\n<div style='flex: 1 1 300px; min-width: 280px;'> <img style='width: 100%; height: auto; border: 1px solid rgba(150&comma;150&comma;150&comma;0.3); border-radius: 8px;' src='https:\/\/ftp3.syscom.mx\/usuarios\/cesar.garcia\/Bose\/Procesadores\/CSP1248\/CSP1248web.png' alt='Procesador de Audio CSP1248'> <\/div>\n<\/p><\/div>\n<p> <!-- Caracter\u00edsticas --> <\/p>\n<div style='display: flex; flex-wrap: wrap; gap: 30px; margin: 30px 0;'>\n<div style='flex: 1 1 400px; min-width: 280px;'>\n<div style='display: flex; flex-wrap: wrap; gap: 20px;'>\n<div style='flex: 1 1 200px; min-width: 280px;'>\n<div style='border: 1px solid rgba(150&comma;150&comma;150&comma;0.4); border-radius: 8px; overflow: hidden; margin-bottom: 20px;'>\n<div style='padding: 15px; border-bottom: 1px solid rgba(150&comma;150&comma;150&comma;0.2); font-weight: bold; font-size: 18px; color: inherit;'>Entradas<\/div>\n<div style='padding: 15px; color: inherit;'>\n<ul style='padding-left: 20px; margin: 0; font-size: 14px; list-style-type: disc;'>\n<li style='margin-bottom: 5px;'>Anal\u00f3gicas: 12 (4 no balanceadas&comma; 8 balanceadas)<\/li>\n<li style='margin-bottom: 5px;'>Entrada 1-4: Entradas RCA No Balanceadas sumadas a Mono<\/li>\n<li style='margin-bottom: 5px;'>Entrada 5-11: Euroblock de 3 pines&comma; Balanceada Mic\/Line<\/li>\n<li style='margin-bottom: 5px;'>Entrada 12: Euroblock de 4 pines con GPI para paging&comma; Mic\/Line Balanceada o page input de 600 \u03a9<\/li>\n<li style='margin-bottom: 5px;'>Alimentaci\u00f3n Phantom: +48V seleccionable por entrada<\/li>\n<\/ul><\/div>\n<\/p><\/div>\n<\/p><\/div>\n<div style='flex: 1 1 200px; min-width: 280px;'>\n<div style='border: 1px solid rgba(150&comma;150&comma;150&comma;0.4); border-radius: 8px; overflow: hidden; margin-bottom: 20px;'>\n<div style='padding: 15px; border-bottom: 1px solid rgba(150&comma;150&comma;150&comma;0.2); font-weight: bold; font-size: 18px; color: inherit;'>Salidas<\/div>\n<div style='padding: 15px; color: inherit;'>\n<ul style='padding-left: 20px; margin: 0; font-size: 14px; list-style-type: disc;'>\n<li style='margin-bottom: 5px;'>Canales Anal\u00f3gicos: 2<\/li>\n<li style='margin-bottom: 5px;'>Canales Digitales Amplink: 8<\/li>\n<li style='margin-bottom: 5px;'>Salida Anal\u00f3gica 1: Euroblock 3 pines&comma; Nivel de L\u00ednea Balanceada<\/li>\n<li style='margin-bottom: 5px;'>Salida Anal\u00f3gica 2: Euroblock de 3 pines&comma; Nivel de L\u00ednea Balanceada<\/li>\n<li style='margin-bottom: 5px;'>Salidas Digitales: RJ45&comma; Audio digital de 48kHz a trav\u00e9s de Amplink<\/li>\n<\/ul><\/div>\n<\/p><\/div>\n<\/p><\/div>\n<\/p><\/div>\n<div style='display: flex; flex-wrap: wrap; gap: 20px;'>\n<div style='flex: 1 1 200px; min-width: 280px;'>\n<div style='border: 1px solid rgba(150&comma;150&comma;150&comma;0.4); border-radius: 8px; overflow: hidden; margin-bottom: 20px;'>\n<div style='padding: 15px; border-bottom: 1px solid rgba(150&comma;150&comma;150&comma;0.2); font-weight: bold; font-size: 18px; color: inherit;'>Entradas y salidas de control<\/div>\n<div style='padding: 15px; color: inherit;'>\n<ul style='padding-left: 20px; margin: 0; font-size: 14px; list-style-type: disc;'>\n<li style='margin-bottom: 5px;'>8 entradas digitales<\/li>\n<li style='margin-bottom: 5px;'>1 entrada digital para silenciamiento<\/li>\n<li style='margin-bottom: 5px;'>Voltaje de entrada digital: De 0 V a 3.3 V<\/li>\n<li style='margin-bottom: 5px;'>1 salida digital<\/li>\n<\/ul><\/div>\n<\/p><\/div>\n<\/p><\/div>\n<div style='flex: 1 1 200px; min-width: 280px;'>\n<div style='border: 1px solid rgba(150&comma;150&comma;150&comma;0.4); border-radius: 8px; overflow: hidden; margin-bottom: 20px;'>\n<div style='padding: 15px; border-bottom: 1px solid rgba(150&comma;150&comma;150&comma;0.2); font-weight: bold; font-size: 18px; color: inherit;'>Especificaciones el\u00e9ctricas<\/div>\n<div style='padding: 15px; color: inherit;'>\n<ul style='padding-left: 20px; margin: 0; font-size: 14px; list-style-type: disc;'>\n<li style='margin-bottom: 5px;'>Voltaje de red: 85 VCA &#8211; 264 VCA 50\/60 Hz<\/li>\n<li style='margin-bottom: 5px;'>Consumo de energ\u00eda de CA: >30 W t\u00edpico<\/li>\n<li style='margin-bottom: 5px;'>Conector de red: IEC est\u00e1ndar (C14)<\/li>\n<\/ul><\/div>\n<\/p><\/div>\n<\/p><\/div>\n<\/p><\/div>\n<\/p><\/div>\n<div style='flex: 1 1 400px; min-width: 280px;'>\n<div style='border: 1px solid rgba(150&comma;150&comma;150&comma;0.4); border-radius: 8px; overflow: hidden; margin-bottom: 20px;'>\n<div style='padding: 15px; border-bottom: 1px solid rgba(150&comma;150&comma;150&comma;0.2); font-weight: bold; font-size: 18px; color: inherit;'>Especificaciones f\u00edsicas<\/div>\n<div style='padding: 15px; color: inherit;'>\n<ul style='padding-left: 20px; margin: 0; font-size: 14px; list-style-type: disc;'>\n<li style='margin-bottom: 5px;'>Rango de temperatura de funcionamiento: 0 \u00b0C a 40 \u00b0C (32 \u00b0F a 104 \u00b0F)<\/li>\n<li style='margin-bottom: 5px;'>Rango de temperatura de almacenamiento: -40 \u00b0C a 70 \u00b0C (-40 \u00b0F a 158 \u00b0F)<\/li>\n<li style='margin-bottom: 5px;'>Dimensiones (Al. \u00d7 An. \u00d7 Pr.): 44 mm \u00d7 483 mm \u00d7 215 mm (1.7 pulg. \u00d7 19.0 pulg. \u00d7 85 pulg.)<\/li>\n<\/ul><\/div>\n<\/p><\/div>\n<\/p><\/div>\n<\/p><\/div>\n<p> <!-- Notas importantes --> <\/p>\n<div style='border: 1px solid rgba(150&comma;150&comma;150&comma;0.4); border-left: 4px solid #000000; background-color: rgba(150&comma;150&comma;150&comma;0.1); padding: 15px; margin: 30px 0; border-radius: 8px;'>\n<p style='font-size: 15px; color: inherit; margin: 0;'><strong>NOTA:<\/strong> Este equipo es solo Procesador de Audio&comma; se requiere amplificaci\u00f3n para completar un sistema de audio.<\/p>\n<p style='font-size: 15px; color: inherit; margin: 10px 0 0 0;'>Modelos recomendados: P4300A&comma; P2600A&comma; P21000A.<\/p>\n<\/p><\/div>\n<p> <!-- Separador final --> <\/p>\n<hr style='border: 0; border-top: 1px solid rgba(150&comma; 150&comma; 150&comma; 0.3); margin: 30px 0;'> <\/div>\n","protected":false},"excerpt":{"rendered":"<p>Procesador de Audio | 12 x 4 I\/O An\u00e1logas | 8 Canales Amplink Out | DSP Integrado | Arquitectura Fija<\/p>\n","protected":false},"featured_media":92291,"comment_status":"open","ping_status":"closed","template":"","meta":[],"product_brand":[],"product_cat":[2213],"product_tag":[2126,2177,2214],"class_list":{"0":"post-92292","1":"product","2":"type-product","3":"status-publish","4":"has-post-thumbnail","6":"product_cat-procesadores","7":"product_tag-audio-profesional","8":"product_tag-bose-professional","9":"product_tag-procesadores","11":"first","12":"instock","13":"sale","14":"shipping-taxable","15":"purchasable","16":"product-type-simple"},"_links":{"self":[{"href":"https:\/\/soydeaqui.ddns.net\/pachuca\/index.php\/wp-json\/wp\/v2\/product\/92292","targetHints":{"allow":["GET"]}}],"collection":[{"href":"https:\/\/soydeaqui.ddns.net\/pachuca\/index.php\/wp-json\/wp\/v2\/product"}],"about":[{"href":"https:\/\/soydeaqui.ddns.net\/pachuca\/index.php\/wp-json\/wp\/v2\/types\/product"}],"replies":[{"embeddable":true,"href":"https:\/\/soydeaqui.ddns.net\/pachuca\/index.php\/wp-json\/wp\/v2\/comments?post=92292"}],"wp:featuredmedia":[{"embeddable":true,"href":"https:\/\/soydeaqui.ddns.net\/pachuca\/index.php\/wp-json\/wp\/v2\/media\/92291"}],"wp:attachment":[{"href":"https:\/\/soydeaqui.ddns.net\/pachuca\/index.php\/wp-json\/wp\/v2\/media?parent=92292"}],"wp:term":[{"taxonomy":"product_brand","embeddable":true,"href":"https:\/\/soydeaqui.ddns.net\/pachuca\/index.php\/wp-json\/wp\/v2\/product_brand?post=92292"},{"taxonomy":"product_cat","embeddable":true,"href":"https:\/\/soydeaqui.ddns.net\/pachuca\/index.php\/wp-json\/wp\/v2\/product_cat?post=92292"},{"taxonomy":"product_tag","embeddable":true,"href":"https:\/\/soydeaqui.ddns.net\/pachuca\/index.php\/wp-json\/wp\/v2\/product_tag?post=92292"}],"curies":[{"name":"wp","href":"https:\/\/api.w.org\/{rel}","templated":true}]}}