{"id":92288,"date":"2026-03-20T05:09:28","date_gmt":"2026-03-20T05:09:28","guid":{"rendered":"https:\/\/soydeaqui.ddns.net\/pachuca\/index.php\/producto\/control-de-volumen-digital-selector-de-fuente-de-audio-a-b-c-d-controlcenter-blanco\/"},"modified":"2026-03-20T05:09:34","modified_gmt":"2026-03-20T05:09:34","slug":"control-de-volumen-digital-selector-de-fuente-de-audio-a-b-c-d-controlcenter-blanco","status":"publish","type":"product","link":"https:\/\/soydeaqui.ddns.net\/pachuca\/index.php\/producto\/control-de-volumen-digital-selector-de-fuente-de-audio-a-b-c-d-controlcenter-blanco\/","title":{"rendered":"Control de volumen Digital | Selector de Fuente de Audio (A\/B\/C\/D) | ControlCenter | Blanco"},"content":{"rendered":"<div style='width: 100%; max-width: 1200px; margin: 0 auto; font-family: sans-serif; line-height: 1.6; color: inherit; background-color: transparent;'>\n<div style='display: flex; flex-wrap: wrap; gap: 30px; margin-bottom: 30px;'>\n<div style='flex: 1 1 300px; min-width: 280px;'> <img style='width: 100%; height: auto; border: 1px solid rgba(150&comma;150&comma;150&comma;0.3); border-radius: 8px;' src='https:\/\/ftp3.syscom.mx\/usuarios\/cesar.garcia\/Bose\/BannerBW.png' alt=''> <\/div>\n<\/p><\/div>\n<div style='display: flex; flex-wrap: wrap; gap: 30px; margin-bottom: 30px;'>\n<div style='flex: 1 1 300px; min-width: 280px;'> <img style='width: 100%; height: auto; border: 1px solid rgba(150&comma;150&comma;150&comma;0.3); border-radius: 8px;' src='https:\/\/ftp3.syscom.mx\/usuarios\/luis.vargas\/Bose\/CC\/CC3-DW.jpg' alt=''> <\/div>\n<div style='flex: 1 1 300px; min-width: 280px;'>\n<h3 style='font-size: 22px; border-bottom: 2px solid currentColor; padding-bottom: 5px; margin-top: 0; color: inherit; opacity: 0.8;'>Controlador de Zona<\/h3>\n<p style='font-size: 15px; color: inherit; margin-bottom: 15px;'>Los controladores digitales de zona Bose Professional ControlCenter proporcionan volumen y selecci\u00f3n de fuente para los procesadores de sonido Bose Professional CSP&comma; ESP y EX.<\/p>\n<p style='font-size: 15px; color: inherit; margin-bottom: 15px;'>Con alimentaci\u00f3n el\u00e9ctrica PoE&comma; se pueden utilizar hasta 16 unidades para CSP y 32 unidades para CSN de forma simult\u00e1nea en una red basada en Ethernet.<\/p>\n<p style='font-size: 15px; color: inherit; margin-bottom: 15px;'>Se encuentran disponibles 3 modelos en blanco o negro que incluyen indicadores LED de volumen\/fuente y caben en las cajas el\u00e9ctricas de 1 empalme de Norteam\u00e9rica.<\/p>\n<\/p><\/div>\n<\/p><\/div>\n<div style='display: flex; flex-wrap: wrap; gap: 30px; margin-bottom: 30px;'>\n<div style='flex: 1 1 300px; min-width: 280px;'>\n<h3 style='font-size: 22px; border-bottom: 2px solid currentColor; padding-bottom: 5px; margin-top: 0; color: inherit; opacity: 0.8;'>CC3DW<\/h3>\n<p style='font-size: 15px; color: inherit; margin-bottom: 15px;'>Descubre la elegancia funcional con nuestro controlador de zona. Su interfaz intuitiva te permite ajustar el volumen&comma; seleccionar fuentes y silenciar con facilidad.<\/p>\n<p style='font-size: 15px; color: inherit; margin-bottom: 15px;'>Adem\u00e1s&comma; su estilo discreto se adapta a cualquier espacio con opciones de color y variantes regionales. Con conexi\u00f3n PoE&comma; la instalaci\u00f3n es simple y sin cables adicionales.<\/p>\n<p style='font-size: 15px; color: inherit; margin-bottom: 15px;'>Es completamente programable&comma; con etiquetas personalizadas y compatibilidad con una amplia gama de sistemas de sonido Bose Professional.<\/p>\n<\/p><\/div>\n<div style='flex: 1 1 300px; min-width: 280px;'> <img style='width: 100%; height: auto; border: 1px solid rgba(150&comma;150&comma;150&comma;0.3); border-radius: 8px;' src='https:\/\/ftp3.syscom.mx\/usuarios\/luis.vargas\/Bose\/CC\/CC3-DW-front.jpg' alt=''> <\/div>\n<\/p><\/div>\n<div style='display: flex; flex-wrap: wrap; gap: 20px; margin-bottom: 30px;'>\n<div style='flex: 1 1 250px; border: 1px solid rgba(150&comma; 150&comma; 150&comma; 0.4); border-radius: 8px; overflow: hidden; display: flex; flex-direction: column;'>\n<div style='padding: 15px; border-bottom: 1px solid rgba(150&comma; 150&comma; 150&comma; 0.2); font-weight: bold; font-size: 18px; color: inherit;'>Caracter\u00edsticas Generales<\/div>\n<div style='padding: 15px; color: inherit;'>\n<ul style='padding-left: 20px; margin: 0; font-size: 14px; list-style-type: disc;'>\n<li style='margin-bottom: 5px;'><strong>Capacidad:<\/strong> Volumen + Selecci\u00f3n de Fuente (A\/B\/C\/D)<\/li>\n<li style='margin-bottom: 5px;'><strong>Color:<\/strong> Blanco<\/li>\n<li style='margin-bottom: 5px;'><strong>Conector:<\/strong> 1 puerto Ethernet (RJ-45)<\/li>\n<li style='margin-bottom: 5px;'><strong>Alimentaci\u00f3n:<\/strong> Se requiere un switch Power-over-Ethernet (PoE)<\/li>\n<li style='margin-bottom: 5px;'><strong>Temperatura de funcionamiento:<\/strong> 0\u00b0C a 40\u00b0C (32\u00b0F a 104\u00b0F)<\/li>\n<\/ul><\/div>\n<\/p><\/div>\n<\/p><\/div>\n<\/p><\/div>\n","protected":false},"excerpt":{"rendered":"<p>Control de volumen Digital | Selector de Fuente de Audio (A\/B\/C\/D) | ControlCenter | Blanco<\/p>\n","protected":false},"featured_media":92287,"comment_status":"open","ping_status":"closed","template":"","meta":[],"product_brand":[],"product_cat":[2209],"product_tag":[52,2177,2210],"class_list":{"0":"post-92288","1":"product","2":"type-product","3":"status-publish","4":"has-post-thumbnail","6":"product_cat-control-de-volumen","7":"product_tag-audio-residencial-comercial","8":"product_tag-bose-professional","9":"product_tag-control-de-volumen","11":"first","12":"instock","13":"sale","14":"shipping-taxable","15":"purchasable","16":"product-type-simple"},"_links":{"self":[{"href":"https:\/\/soydeaqui.ddns.net\/pachuca\/index.php\/wp-json\/wp\/v2\/product\/92288","targetHints":{"allow":["GET"]}}],"collection":[{"href":"https:\/\/soydeaqui.ddns.net\/pachuca\/index.php\/wp-json\/wp\/v2\/product"}],"about":[{"href":"https:\/\/soydeaqui.ddns.net\/pachuca\/index.php\/wp-json\/wp\/v2\/types\/product"}],"replies":[{"embeddable":true,"href":"https:\/\/soydeaqui.ddns.net\/pachuca\/index.php\/wp-json\/wp\/v2\/comments?post=92288"}],"wp:featuredmedia":[{"embeddable":true,"href":"https:\/\/soydeaqui.ddns.net\/pachuca\/index.php\/wp-json\/wp\/v2\/media\/92287"}],"wp:attachment":[{"href":"https:\/\/soydeaqui.ddns.net\/pachuca\/index.php\/wp-json\/wp\/v2\/media?parent=92288"}],"wp:term":[{"taxonomy":"product_brand","embeddable":true,"href":"https:\/\/soydeaqui.ddns.net\/pachuca\/index.php\/wp-json\/wp\/v2\/product_brand?post=92288"},{"taxonomy":"product_cat","embeddable":true,"href":"https:\/\/soydeaqui.ddns.net\/pachuca\/index.php\/wp-json\/wp\/v2\/product_cat?post=92288"},{"taxonomy":"product_tag","embeddable":true,"href":"https:\/\/soydeaqui.ddns.net\/pachuca\/index.php\/wp-json\/wp\/v2\/product_tag?post=92288"}],"curies":[{"name":"wp","href":"https:\/\/api.w.org\/{rel}","templated":true}]}}