{"id":92279,"date":"2026-03-20T05:09:06","date_gmt":"2026-03-20T05:09:06","guid":{"rendered":"https:\/\/soydeaqui.ddns.net\/pachuca\/index.php\/producto\/mezcladora-de-audio-6-canales-2-entradas-de-micro-6-de-linea-2-mono-2-estereo-alimentacion-phantom\/"},"modified":"2026-03-20T05:09:14","modified_gmt":"2026-03-20T05:09:14","slug":"mezcladora-de-audio-6-canales-2-entradas-de-micro-6-de-linea-2-mono-2-estereo-alimentacion-phantom","status":"publish","type":"product","link":"https:\/\/soydeaqui.ddns.net\/pachuca\/index.php\/producto\/mezcladora-de-audio-6-canales-2-entradas-de-micro-6-de-linea-2-mono-2-estereo-alimentacion-phantom\/","title":{"rendered":"Mezcladora de Audio | 6 Canales | 2 entradas de micro\/6 de l\u00ednea (2 mono + 2 est\u00e9reo) | Alimentaci\u00f3n Phantom"},"content":{"rendered":"<div style='width: 100%; max-width: 1200px; margin: 0 auto; font-family: sans-serif; line-height: 1.6; color: inherit; background-color: transparent;'> <!-- Imagen 1 --> <\/p>\n<div style='width: 100%; margin-bottom: 30px;'> <img style='width: 100%; height: auto; border: 1px solid rgba(150&comma;150&comma;150&comma;0.3); border-radius: 8px;' src='https:\/\/ftp3.syscom.mx\/usuarios\/luis.vargas\/YAMAHA\/MGSeries\/MGS-1.png' alt=''> <\/div>\n<p> <!-- T\u00edtulo --> <\/p>\n<h2 style='font-size: 24px; text-align: center; margin: 30px 0; color: inherit; opacity: 0.8; font-weight: normal;'>Los mejores de su clase<\/h2>\n<p> <!-- Contenido con imagen 2 --> <\/p>\n<div style='display: flex; flex-wrap: wrap; gap: 30px; margin: 30px 0;'>\n<div style='flex: 1 1 300px; min-width: 280px;'> <img style='width: 100%; height: auto; border: 1px solid rgba(150&comma;150&comma;150&comma;0.3); border-radius: 8px;' src='https:\/\/ftp3.syscom.mx\/usuarios\/luis.vargas\/YAMAHA\/MGSeries\/MGS-2.png' alt=''> <\/div>\n<div style='flex: 1 1 300px; min-width: 280px;'>\n<div style='font-size: 16px; color: inherit; margin-bottom: 15px;'>MG Series<\/div>\n<p style='font-size: 14px; color: inherit; line-height: 1.5;'> Yamaha siempre se ha esforzado para que los ingenieros de sonido puedan trabajar con la se\u00f1al m\u00e1s limpia posible&comma; en lugar de procesarla o colorearla para conseguir un sonido &#8216;con se\u00f1ales de identidad de marca&#8217;&comma; y la serie MG no es una excepci\u00f3n. <\/p>\n<\/p><\/div>\n<\/p><\/div>\n<p> <!-- Contenido con imagen 3 --> <\/p>\n<div style='display: flex; flex-wrap: wrap; gap: 30px; margin: 30px 0;'>\n<div style='flex: 1 1 300px; min-width: 280px;'>\n<p style='font-size: 14px; color: inherit; line-height: 1.5;'> La serie MG abarca diez modelos en cinco tama\u00f1os para adaptarse a una amplia gama de aplicaciones. Estos condensan la funcionalidad y los controles en el paquete m\u00e1s compacto posible&comma; con un dise\u00f1o unificado que se adapta a todos los modelos de la serie. <\/p>\n<p style='font-size: 14px; color: inherit; line-height: 1.5;'> Para configuraciones instaladas&comma; de grabaci\u00f3n o de m\u00fasica en vivo&comma; la construcci\u00f3n s\u00f3lida y el dise\u00f1o flexible de estas consolas le permiten dar forma a su sonido con confianza&comma; brindando continuamente el m\u00e1ximo rendimiento y un nivel de calidad de sonido y confiabilidad sin igual en su clase. <\/p>\n<\/p><\/div>\n<div style='flex: 1 1 300px; min-width: 280px;'> <img style='width: 100%; height: auto; border: 1px solid rgba(150&comma;150&comma;150&comma;0.3); border-radius: 8px;' src='https:\/\/ftp3.syscom.mx\/usuarios\/luis.vargas\/YAMAHA\/MGSeries\/MGS-5.png' alt=''> <\/div>\n<\/p><\/div>\n<p> <!-- Caracter\u00edsticas Generales --> <\/p>\n<div style='margin: 30px 0;'>\n<h3 style='font-size: 20px; border-bottom: 2px solid currentColor; padding-bottom: 5px; margin-top: 0; color: inherit; opacity: 0.8;'>Caracter\u00edsticas Generales MG06<\/h3>\n<div style='display: flex; flex-wrap: wrap; gap: 30px; margin-top: 20px;'>\n<div style='flex: 1 1 300px; min-width: 280px;'>\n<ul style='padding-left: 20px; font-size: 14px; color: inherit;'>\n<li style='margin-bottom: 8px;'>Mesa de mezclas de 6 canales<\/li>\n<li style='margin-bottom: 8px;'>Hasta un m\u00e1ximo de 2 entradas de micro\/6 de l\u00ednea (2 mono + 2 est\u00e9reo)<\/li>\n<li style='margin-bottom: 8px;'>1 Bus est\u00e9reo<\/li>\n<li style='margin-bottom: 8px;'>Preamplificadores de micro &#8216;D-PRE&#8217; con circuito Darlington invertido<\/li>\n<\/ul><\/div>\n<div style='flex: 1 1 300px; min-width: 280px;'>\n<ul style='padding-left: 20px; font-size: 14px; color: inherit;'>\n<li style='margin-bottom: 8px;'>Interruptor de atenuaci\u00f3n (PAD) en las entradas mono<\/li>\n<li style='margin-bottom: 8px;'>Alimentaci\u00f3n phantom +48 V<\/li>\n<li style='margin-bottom: 8px;'>Salidas XLR balanceadas<\/li>\n<li style='margin-bottom: 8px;'>Chasis met\u00e1lico<\/li>\n<li style='margin-bottom: 8px;'>Dimensiones (ancho x alto x profundo): 149 mm x 62 mm x 202 mm<\/li>\n<li style='margin-bottom: 8px;'>Peso neto: 0&comma;9 kg<\/li>\n<\/ul><\/div>\n<\/p><\/div>\n<\/p><\/div>\n<p> <!-- Separador --> <\/p>\n<hr style='border: 0; border-top: 1px solid rgba(150&comma; 150&comma; 150&comma; 0.3); margin: 30px 0;'> <!-- Videos --> <\/p>\n<div style='margin: 30px 0;'>\n<h3 style='font-size: 20px; border-bottom: 2px solid currentColor; padding-bottom: 5px; margin-top: 0; color: inherit; opacity: 0.8;'>VIDEOS<\/h3>\n<div style='display: flex; flex-wrap: wrap; gap: 20px; margin-top: 20px;'> <!-- Video 1 --> <\/p>\n<div style='flex: 1 1 300px; min-width: 280px; position: relative; padding-bottom: 56.25%; height: 0; overflow: hidden;'>   <\/div>\n<p> <!-- Video 2 --> <\/p>\n<div style='flex: 1 1 300px; min-width: 280px; position: relative; padding-bottom: 56.25%; height: 0; overflow: hidden;'>   <\/div>\n<p> <!-- Video 3 --> <\/p>\n<div style='flex: 1 1 300px; min-width: 280px; position: relative; padding-bottom: 56.25%; height: 0; overflow: hidden;'>   <\/div>\n<\/p><\/div>\n<\/p><\/div>\n<\/p><\/div>\n","protected":false},"excerpt":{"rendered":"<p>Mezcladora de Audio | 6 Canales | 2 entradas de micro\/6 de l\u00ednea (2 mono + 2 est\u00e9reo) | Alimentaci\u00f3n Phantom<\/p>\n","protected":false},"featured_media":92278,"comment_status":"open","ping_status":"closed","template":"","meta":[],"product_brand":[],"product_cat":[2146],"product_tag":[2126,2147,2128],"class_list":{"0":"post-92279","1":"product","2":"type-product","3":"status-publish","4":"has-post-thumbnail","6":"product_cat-consolas","7":"product_tag-audio-profesional","8":"product_tag-consolas","9":"product_tag-yamaha","11":"first","12":"instock","13":"sale","14":"shipping-taxable","15":"purchasable","16":"product-type-simple"},"_links":{"self":[{"href":"https:\/\/soydeaqui.ddns.net\/pachuca\/index.php\/wp-json\/wp\/v2\/product\/92279","targetHints":{"allow":["GET"]}}],"collection":[{"href":"https:\/\/soydeaqui.ddns.net\/pachuca\/index.php\/wp-json\/wp\/v2\/product"}],"about":[{"href":"https:\/\/soydeaqui.ddns.net\/pachuca\/index.php\/wp-json\/wp\/v2\/types\/product"}],"replies":[{"embeddable":true,"href":"https:\/\/soydeaqui.ddns.net\/pachuca\/index.php\/wp-json\/wp\/v2\/comments?post=92279"}],"wp:featuredmedia":[{"embeddable":true,"href":"https:\/\/soydeaqui.ddns.net\/pachuca\/index.php\/wp-json\/wp\/v2\/media\/92278"}],"wp:attachment":[{"href":"https:\/\/soydeaqui.ddns.net\/pachuca\/index.php\/wp-json\/wp\/v2\/media?parent=92279"}],"wp:term":[{"taxonomy":"product_brand","embeddable":true,"href":"https:\/\/soydeaqui.ddns.net\/pachuca\/index.php\/wp-json\/wp\/v2\/product_brand?post=92279"},{"taxonomy":"product_cat","embeddable":true,"href":"https:\/\/soydeaqui.ddns.net\/pachuca\/index.php\/wp-json\/wp\/v2\/product_cat?post=92279"},{"taxonomy":"product_tag","embeddable":true,"href":"https:\/\/soydeaqui.ddns.net\/pachuca\/index.php\/wp-json\/wp\/v2\/product_tag?post=92279"}],"curies":[{"name":"wp","href":"https:\/\/api.w.org\/{rel}","templated":true}]}}