{"id":9226,"date":"2026-03-18T07:19:35","date_gmt":"2026-03-18T07:19:35","guid":{"rendered":"https:\/\/soydeaqui.ddns.net\/pachuca\/index.php\/producto\/tubo-conduit-1-1-4-pared-gruesa-32mm-x-3-metros-etiqueta-amarilla-calibre-14\/"},"modified":"2026-03-18T07:19:35","modified_gmt":"2026-03-18T07:19:35","slug":"tubo-conduit-1-1-4-pared-gruesa-32mm-x-3-metros-etiqueta-amarilla-calibre-14","status":"publish","type":"product","link":"https:\/\/soydeaqui.ddns.net\/pachuca\/index.php\/producto\/tubo-conduit-1-1-4-pared-gruesa-32mm-x-3-metros-etiqueta-amarilla-calibre-14\/","title":{"rendered":"Tubo conduit 1 1\/4&#8243; Pared Gruesa (32mm) x 3 metros, etiqueta amarilla, calibre 14 ."},"content":{"rendered":"<div style='width: 100%; max-width: 1200px; margin: 0 auto; font-family: sans-serif; line-height: 1.6; color: inherit; background-color: transparent;'> <!-- Secci\u00f3n de aplicaciones --> <\/p>\n<div style='margin-bottom: 30px;'>\n<h3 style='font-size: 22px; border-bottom: 2px solid currentColor; padding-bottom: 5px; margin-top: 0; color: inherit; opacity: 0.8;'>Aplicaciones<\/h3>\n<p style='font-size: 16px; margin: 15px 0; color: inherit;'> La tuber\u00eda conduit Pared Gruesa&comma; se utiliza para la conducci\u00f3n de cableado el\u00e9ctrico tanto aparente como oculto sobre plafones o falso piso. Es utilizado en hospitales&comma; industrias&comma; cuartos de c\u00f3mputo y tableros de aislamiento&comma; entre otros. <\/p>\n<\/p><\/div>\n<p> <!-- Secci\u00f3n de caracter\u00edsticas --> <\/p>\n<div style='margin-bottom: 30px;'>\n<h3 style='font-size: 22px; border-bottom: 2px solid currentColor; padding-bottom: 5px; margin-top: 0; color: inherit; opacity: 0.8;'>Caracter\u00edsticas destacadas<\/h3>\n<ul style='padding-left: 20px; font-size: 15px; color: inherit;'>\n<li style='margin-bottom: 5px;'><strong>Tipo:<\/strong> Pared Gruesa (Etiqueta Amarilla)&comma; con rosca y 1 cople<\/li>\n<li style='margin-bottom: 5px;'><strong>Di\u00e1metro:<\/strong> 1-1\/4&#8242; (32 mm)<\/li>\n<li style='margin-bottom: 5px;'><strong>Longitud:<\/strong> 3 m<\/li>\n<li style='margin-bottom: 5px;'><strong>Peso unitario:<\/strong> 5.63 Kg<\/li>\n<li style='margin-bottom: 5px;'><strong>Calibre:<\/strong> 14<\/li>\n<li style='margin-bottom: 5px;'><strong>Espesor de pared:<\/strong> 1.90 mm<\/li>\n<li style='margin-bottom: 5px;'><strong>Di\u00e1metro externo:<\/strong> 40.50 mm<\/li>\n<li style='margin-bottom: 5px;'><strong>Di\u00e1metro interno:<\/strong> 36.70 mm<\/li>\n<li style='margin-bottom: 5px;'><strong>Incluye:<\/strong> 1 cople<\/li>\n<\/ul><\/div>\n<p> <!-- Secci\u00f3n de notas --> <\/p>\n<div style='margin-bottom: 30px;'>\n<h3 style='font-size: 22px; border-bottom: 2px solid currentColor; padding-bottom: 5px; margin-top: 0; color: inherit; opacity: 0.8;'>Notas<\/h3>\n<ul style='padding-left: 20px; font-size: 15px; color: inherit;'>\n<li style='margin-bottom: 5px;'><strong>Nota 1:<\/strong> Equipo recomendado para interior. Instalaciones en exterior deben ser en zonas de nula salinidad&comma; nula corrosi\u00f3n y muy baja humedad relativa (menos del 40%). No recomendado para instalaciones subterr\u00e1neas.<\/li>\n<li style='margin-bottom: 5px;'><strong>Nota 2:<\/strong> Unidad de venta: 1 tubo de 3 metros cada uno.<\/li>\n<\/ul><\/div>\n<p> <!-- Separador --> <\/p>\n<hr style='border: 0; border-top: 1px solid rgba(150&comma; 150&comma; 150&comma; 0.3); margin: 30px 0;'> <\/div>\n","protected":false},"excerpt":{"rendered":"<p>Tubo conduit 1 1\/4&#8243; Pared Gruesa (32mm) x 3 metros, etiqueta amarilla, calibre 14 .<\/p>\n","protected":false},"featured_media":9225,"comment_status":"open","ping_status":"closed","template":"","meta":[],"product_brand":[],"product_cat":[655],"product_tag":[572,657,656],"class_list":{"0":"post-9226","1":"product","2":"type-product","3":"status-publish","4":"has-post-thumbnail","6":"product_cat-tuberia-metalica-conduit-accesorios","7":"product_tag-canalizacion","8":"product_tag-jupiter","9":"product_tag-tuberia-metalica-conduit-accesorios","11":"first","12":"instock","13":"sale","14":"shipping-taxable","15":"purchasable","16":"product-type-simple"},"_links":{"self":[{"href":"https:\/\/soydeaqui.ddns.net\/pachuca\/index.php\/wp-json\/wp\/v2\/product\/9226","targetHints":{"allow":["GET"]}}],"collection":[{"href":"https:\/\/soydeaqui.ddns.net\/pachuca\/index.php\/wp-json\/wp\/v2\/product"}],"about":[{"href":"https:\/\/soydeaqui.ddns.net\/pachuca\/index.php\/wp-json\/wp\/v2\/types\/product"}],"replies":[{"embeddable":true,"href":"https:\/\/soydeaqui.ddns.net\/pachuca\/index.php\/wp-json\/wp\/v2\/comments?post=9226"}],"wp:featuredmedia":[{"embeddable":true,"href":"https:\/\/soydeaqui.ddns.net\/pachuca\/index.php\/wp-json\/wp\/v2\/media\/9225"}],"wp:attachment":[{"href":"https:\/\/soydeaqui.ddns.net\/pachuca\/index.php\/wp-json\/wp\/v2\/media?parent=9226"}],"wp:term":[{"taxonomy":"product_brand","embeddable":true,"href":"https:\/\/soydeaqui.ddns.net\/pachuca\/index.php\/wp-json\/wp\/v2\/product_brand?post=9226"},{"taxonomy":"product_cat","embeddable":true,"href":"https:\/\/soydeaqui.ddns.net\/pachuca\/index.php\/wp-json\/wp\/v2\/product_cat?post=9226"},{"taxonomy":"product_tag","embeddable":true,"href":"https:\/\/soydeaqui.ddns.net\/pachuca\/index.php\/wp-json\/wp\/v2\/product_tag?post=9226"}],"curies":[{"name":"wp","href":"https:\/\/api.w.org\/{rel}","templated":true}]}}