{"id":92230,"date":"2026-03-20T05:06:48","date_gmt":"2026-03-20T05:06:48","guid":{"rendered":"https:\/\/soydeaqui.ddns.net\/pachuca\/index.php\/producto\/switch-no-administrable-visible-en-la-topologia-de-la-nube-5-puertos-10-100-mbps\/"},"modified":"2026-03-20T05:07:15","modified_gmt":"2026-03-20T05:07:15","slug":"switch-no-administrable-visible-en-la-topologia-de-la-nube-5-puertos-10-100-mbps","status":"publish","type":"product","link":"https:\/\/soydeaqui.ddns.net\/pachuca\/index.php\/producto\/switch-no-administrable-visible-en-la-topologia-de-la-nube-5-puertos-10-100-mbps\/","title":{"rendered":"Switch no administrable, Visible en la Topolog\u00eda de la Nube, 5 puertos 10\/100 Mbps"},"content":{"rendered":"<div style='width: 100%; max-width: 1200px; margin: 0 auto; font-family: sans-serif; line-height: 1.6; color: inherit; background-color: transparent;'> <!-- Imagen principal --> <\/p>\n<div style='width: 100%; margin-bottom: 30px;'> <img style='width: 100%; height: auto; border: 1px solid rgba(150&comma;150&comma;150&comma;0.3); border-radius: 8px;' src='https:\/\/ftp3.syscom.mx\/usuarios\/fotos\/RGRAP2260(G)\/203964-output.png' alt='Imagen principal del producto'> <\/div>\n<p> <!-- Descripci\u00f3n general --> <\/p>\n<div style='margin-bottom: 30px;'>\n<p style='font-size: 18px; margin-bottom: 15px;'>Soluci\u00f3n de videovigilancia con red CCTV inteligente y segura&comma; visible en la topologia Ruijie Cloud incluso sin gesti\u00f3n. Cuenta con conexi\u00f3n simple plug &#038; play y un dise\u00f1o de alta calidad que garantiza rendimiento y durabilidad.<\/p>\n<\/p><\/div>\n<p> <!-- Secci\u00f3n de caracter\u00edsticas generales --> <\/p>\n<div style='display: flex; flex-wrap: wrap; gap: 30px; margin-bottom: 30px;'>\n<div style='flex: 1 1 300px; min-width: 280px;'> <img style='width: 100%; height: auto; border: 1px solid rgba(150&comma;150&comma;150&comma;0.3); border-radius: 16px;' src='http:\/\/ftp3.syscom.mx\/usuarios\/ftp\/2025\/08\/01\/3846\/1754088706552.png_froala_688d4502d44b7' alt='Caracter\u00edsticas generales'> <\/div>\n<div style='flex: 1 1 300px; min-width: 280px;'>\n<h3 style='font-size: 20px; border-bottom: 2px solid currentColor; padding-bottom: 5px; margin-top: 0; color: inherit; opacity: 0.8;'>Caracter\u00edsticas Generales<\/h3>\n<ul style='padding-left: 20px; font-size: 15px; color: inherit;'>\n<li style='margin-bottom: 5px;'><strong>Montaje:<\/strong> Escritorio o Charola en Rack<\/li>\n<li style='margin-bottom: 5px;'><strong>Tipo:<\/strong> No administrable<\/li>\n<li style='margin-bottom: 5px;'><strong>Funciones Avanzadas:<\/strong> Visible desde Ruijie Cloud&comma; Red CCTV Inteligente y seguro&comma; plug &#038; play<\/li>\n<li style='margin-bottom: 5px;'><strong>Configuraci\u00f3n a trav\u00e9s de:<\/strong> Interfaz web (red local)&comma; aplicaci\u00f3n m\u00f3vil (remoto o en red local)&comma; plataforma cloud (remoto).<\/li>\n<li style='margin-bottom: 5px;'><strong>Puertos:<\/strong> 5 puertos 10\/100 Mbps<\/li>\n<li style='margin-bottom: 5px;'><strong>Garant\u00eda:<\/strong> 3 a\u00f1os.<\/li>\n<\/ul><\/div>\n<\/p><\/div>\n<p> <!-- Secci\u00f3n de especificaciones --> <\/p>\n<div style='display: flex; flex-wrap: wrap; gap: 20px; margin-bottom: 30px;'>\n<div style='flex: 1 1 250px; border: 1px solid rgba(150&comma; 150&comma; 150&comma; 0.4); border-radius: 8px; overflow: hidden; display: flex; flex-direction: column;'>\n<div style='padding: 15px; border-bottom: 1px solid rgba(150&comma; 150&comma; 150&comma; 0.2); font-weight: bold; font-size: 18px; color: inherit;'>Desempe\u00f1o<\/div>\n<div style='padding: 15px; color: inherit;'>\n<ul style='padding-left: 20px; margin: 0; font-size: 14px; list-style-type: disc;'>\n<li style='margin-bottom: 5px;'><strong>Capacidad Switching:<\/strong> 1 Gbps<\/li>\n<li style='margin-bottom: 5px;'><strong>Forwarding Rate:<\/strong> 0.744 Mpps<\/li>\n<li style='margin-bottom: 5px;'><strong>Direcciones MAC:<\/strong> 2&comma;000<\/li>\n<\/ul><\/div>\n<\/p><\/div>\n<div style='flex: 1 1 250px; border: 1px solid rgba(150&comma; 150&comma; 150&comma; 0.4); border-radius: 8px; overflow: hidden; display: flex; flex-direction: column;'>\n<div style='padding: 15px; border-bottom: 1px solid rgba(150&comma; 150&comma; 150&comma; 0.2); font-weight: bold; font-size: 18px; color: inherit;'>Caracter\u00edsticas F\u00edsicas y El\u00e9ctricas<\/div>\n<div style='padding: 15px; color: inherit;'>\n<ul style='padding-left: 20px; margin: 0; font-size: 14px; list-style-type: disc;'>\n<li style='margin-bottom: 5px;'><strong>Alimentaci\u00f3n:<\/strong> 5V &#8211; 1A \/ Consumo Max (1.4W)<\/li>\n<li style='margin-bottom: 5px;'><strong>Dimensiones:<\/strong> 85 mm x 52 mm x 23.5 mm<\/li>\n<li style='margin-bottom: 5px;'><strong>Peso:<\/strong> 0.21 Kg<\/li>\n<li style='margin-bottom: 5px;'><strong>Temperatura en Operaci\u00f3n:<\/strong> 0\u00b0 a 45\u00b0C<\/li>\n<li style='margin-bottom: 5px;'><strong>Grado de protecci\u00f3n El\u00e9ctrica:<\/strong> \u00b14kV<\/li>\n<li style='margin-bottom: 5px;'><strong>Disipaci\u00f3n de Calor:<\/strong> Sin Ventilador \/ 4.788 BTU<\/li>\n<\/ul><\/div>\n<\/p><\/div>\n<div style='flex: 1 1 250px; border: 1px solid rgba(150&comma; 150&comma; 150&comma; 0.4); border-radius: 8px; overflow: hidden; display: flex; flex-direction: column;'>\n<div style='padding: 15px; border-bottom: 1px solid rgba(150&comma; 150&comma; 150&comma; 0.2); font-weight: bold; font-size: 18px; color: inherit;'>Contenido del Paquete<\/div>\n<div style='padding: 15px; color: inherit;'>\n<ul style='padding-left: 20px; margin: 0; font-size: 14px; list-style-type: disc;'>\n<li style='margin-bottom: 5px;'>1 Pieza Switch modelo: RG-ES05F<\/li>\n<li style='margin-bottom: 5px;'>Fuente DC 5V &#8211; 1A<\/li>\n<li style='margin-bottom: 5px;'>Gu\u00eda r\u00e1pida de instalaci\u00f3n<\/li>\n<\/ul><\/div>\n<\/p><\/div>\n<\/p><\/div>\n<p> <!-- Secci\u00f3n de documentos y enlaces --> <\/p>\n<div style='display: flex; flex-wrap: wrap; gap: 20px; margin-bottom: 30px;'>\n<div style='flex: 1 1 250px; border: 1px solid rgba(150&comma; 150&comma; 150&comma; 0.4); border-radius: 8px; overflow: hidden; display: flex; flex-direction: column;'>\n<div style='padding: 15px; border-bottom: 1px solid rgba(150&comma; 150&comma; 150&comma; 0.2); font-weight: bold; font-size: 18px; color: inherit;'>Documentaci\u00f3n y Firmware<\/div>\n<div style='padding: 15px; color: inherit;'>\n<ul style='padding-left: 20px; margin: 0; font-size: 14px; list-style-type: disc;'>\n<li style='margin-bottom: 5px;'><a href='https:\/\/ftp3.syscom.mx\/usuarios\/ftp\/2025\/08\/01\/3846\/Hoja_de_Especificaciones.pdf' target='_blank' rel='noopener noreferrer' style='color: inherit; text-decoration: underline;'>Hoja de Especificaciones<\/a><\/li>\n<li style='margin-bottom: 5px;'><a href='https:\/\/ftp3.syscom.mx\/usuarios\/ftp\/2025\/08\/01\/3846\/Especificaciones_de_Hardware.pdf' target='_blank' rel='noopener noreferrer' style='color: inherit; text-decoration: underline;'>Especificaciones de Hardware<\/a><\/li>\n<li style='margin-bottom: 5px;'>Firmware<\/li>\n<\/ul><\/div>\n<\/p><\/div>\n<div style='flex: 1 1 250px; border: 1px solid rgba(150&comma; 150&comma; 150&comma; 0.4); border-radius: 8px; overflow: hidden; display: flex; flex-direction: column;'>\n<div style='padding: 15px; border-bottom: 1px solid rgba(150&comma; 150&comma; 150&comma; 0.2); font-weight: bold; font-size: 18px; color: inherit;'>Accesorios Sugeridos<\/div>\n<div style='padding: 15px; color: inherit;'>\n<ul style='padding-left: 20px; margin: 0; font-size: 14px; list-style-type: disc;'>\n<li style='margin-bottom: 5px;'>Charola para rack 1 unidad: <a href='https:\/\/www.syscom.mx\/producto\/S-CH-19X1U-LINKEDPRO-BY-EPCOM-80467.html?_gl=1*uc0sus*_gcl_au*MTQ0NDI0NDE5NS4xNzUwOTU2MTMw' target='_blank' rel='noopener noreferrer' style='color: inherit; text-decoration: underline;'>S-CH-19X1U<\/a><\/li>\n<li style='margin-bottom: 5px;'>Rack de Pared: <a href='https:\/\/betaweb.syscom.mx\/products\/225964#:~:text=Rack%2520de%2520Pared%253A%2520LP%252DREP%252D1205%252DCH' target='_blank' rel='noopener noreferrer' style='color: inherit; text-decoration: underline;'>LP-REP-1205-CH<\/a><\/li>\n<\/ul><\/div>\n<\/p><\/div>\n<div style='flex: 1 1 250px; border: 1px solid rgba(150&comma; 150&comma; 150&comma; 0.4); border-radius: 8px; overflow: hidden; display: flex; flex-direction: column;'>\n<div style='padding: 15px; border-bottom: 1px solid rgba(150&comma; 150&comma; 150&comma; 0.2); font-weight: bold; font-size: 18px; color: inherit;'>Enlaces \u00datiles<\/div>\n<div style='padding: 15px; color: inherit;'>\n<ul style='padding-left: 20px; margin: 0; font-size: 14px; list-style-type: disc;'>\n<li style='margin-bottom: 5px;'><a href='https:\/\/cloud-la.ruijienetworks.com\/' target='_blank' rel='noopener noreferrer' style='color: inherit; text-decoration: underline;'>Ruijie Cloud<\/a><\/li>\n<li style='margin-bottom: 5px;'><strong>Ruijie APP:<\/strong> <a href='https:\/\/play.google.com\/store\/apps\/details?id=cn.com.ruijie.cloudapp&#038;hl=es_MX&#038;pli=1' target='_blank' rel='noopener noreferrer' style='color: inherit; text-decoration: underline;'>Android<\/a> \/ <a href='https:\/\/apps.apple.com\/us\/app\/ruijie-reyee\/id1423429270' target='_blank' rel='noopener noreferrer' style='color: inherit; text-decoration: underline;'>iOS<\/a><\/li>\n<li style='margin-bottom: 5px;'><a href='https:\/\/soporte.syscom.mx\/es\/collections\/3797236-ruijie-networks' target='_blank' rel='noopener noreferrer' style='color: inherit; text-decoration: underline;'>Manuales y Gu\u00edas R\u00e1pidas<\/a><\/li>\n<\/ul><\/div>\n<\/p><\/div>\n<\/p><\/div>\n<p> <!-- Imagen adicional --> <\/p>\n<div style='width: 100%; margin-bottom: 30px;'> <img style='width: 100%; height: auto; border: 1px solid rgba(150&comma;150&comma;150&comma;0.3); border-radius: 8px;' src='https:\/\/ftp3.syscom.mx\/usuarios\/fotos\/RGES05F\/229322-2024-07-24_07_30_48-rg-es05f&comma;_5-port_10_100_mbps_unmanaged_non-poe_switch-_ruijie_reyee_-_ruijie_rey.jpg' alt='Vista adicional del producto'> <\/div>\n<p> <!-- Separador final --> <\/p>\n<hr style='border: 0; border-top: 1px solid rgba(150&comma; 150&comma; 150&comma; 0.3); margin: 30px 0;'> <\/div>\n","protected":false},"excerpt":{"rendered":"<p>Switch no administrable, Visible en la Topolog\u00eda de la Nube, 5 puertos 10\/100 Mbps<\/p>\n","protected":false},"featured_media":92229,"comment_status":"open","ping_status":"closed","template":"","meta":[],"product_brand":[],"product_cat":[1970],"product_tag":[664,2123,1971],"class_list":{"0":"post-92230","1":"product","2":"type-product","3":"status-publish","4":"has-post-thumbnail","6":"product_cat-switches","7":"product_tag-networking","8":"product_tag-ruijie","9":"product_tag-switches","11":"first","12":"instock","13":"sale","14":"shipping-taxable","15":"purchasable","16":"product-type-simple"},"_links":{"self":[{"href":"https:\/\/soydeaqui.ddns.net\/pachuca\/index.php\/wp-json\/wp\/v2\/product\/92230","targetHints":{"allow":["GET"]}}],"collection":[{"href":"https:\/\/soydeaqui.ddns.net\/pachuca\/index.php\/wp-json\/wp\/v2\/product"}],"about":[{"href":"https:\/\/soydeaqui.ddns.net\/pachuca\/index.php\/wp-json\/wp\/v2\/types\/product"}],"replies":[{"embeddable":true,"href":"https:\/\/soydeaqui.ddns.net\/pachuca\/index.php\/wp-json\/wp\/v2\/comments?post=92230"}],"wp:featuredmedia":[{"embeddable":true,"href":"https:\/\/soydeaqui.ddns.net\/pachuca\/index.php\/wp-json\/wp\/v2\/media\/92229"}],"wp:attachment":[{"href":"https:\/\/soydeaqui.ddns.net\/pachuca\/index.php\/wp-json\/wp\/v2\/media?parent=92230"}],"wp:term":[{"taxonomy":"product_brand","embeddable":true,"href":"https:\/\/soydeaqui.ddns.net\/pachuca\/index.php\/wp-json\/wp\/v2\/product_brand?post=92230"},{"taxonomy":"product_cat","embeddable":true,"href":"https:\/\/soydeaqui.ddns.net\/pachuca\/index.php\/wp-json\/wp\/v2\/product_cat?post=92230"},{"taxonomy":"product_tag","embeddable":true,"href":"https:\/\/soydeaqui.ddns.net\/pachuca\/index.php\/wp-json\/wp\/v2\/product_tag?post=92230"}],"curies":[{"name":"wp","href":"https:\/\/api.w.org\/{rel}","templated":true}]}}