{"id":92193,"date":"2026-03-20T05:04:59","date_gmt":"2026-03-20T05:04:59","guid":{"rendered":"https:\/\/soydeaqui.ddns.net\/pachuca\/index.php\/producto\/generador-inversor-portatil-a-gasolina-3-kw-120vca-arranque-manual\/"},"modified":"2026-03-20T05:05:07","modified_gmt":"2026-03-20T05:05:07","slug":"generador-inversor-portatil-a-gasolina-3-kw-120vca-arranque-manual","status":"publish","type":"product","link":"https:\/\/soydeaqui.ddns.net\/pachuca\/index.php\/producto\/generador-inversor-portatil-a-gasolina-3-kw-120vca-arranque-manual\/","title":{"rendered":"Generador Inversor Port\u00e1til a Gasolina, 3 kW, 120Vca ,  Arranque Manual"},"content":{"rendered":"<div style='width: 100%; max-width: 1200px; margin: 0 auto; font-family: sans-serif; line-height: 1.6; color: inherit; background-color: transparent;'> <!-- Secci\u00f3n de caracter\u00edsticas generales --> <\/p>\n<div style='display: flex; flex-wrap: wrap; gap: 30px; margin-bottom: 30px;'>\n<div style='flex: 1 1 300px; min-width: 280px;'>\n<h3 style='font-size: 22px; border-bottom: 2px solid currentColor; padding-bottom: 5px; margin-top: 0; color: inherit; opacity: 0.8;'>Caracter\u00edsticas generales:<\/h3>\n<ul style='padding-left: 20px; font-size: 15px; color: inherit;'>\n<li style='margin-bottom: 5px;'><strong>Ultrasilencioso:<\/strong> La avanzada tecnolog\u00eda de inversor y el dise\u00f1o del gabinete brindan un rendimiento silencioso \u00f3ptimo.<\/li>\n<li style='margin-bottom: 5px;'><strong>Tecnolog\u00eda Avanzada PowerRush\u2122:<\/strong> 50% m\u00e1s de capacidad de arranque&comma; este generador te permite hacer m\u00e1s&comma; sin comprometer la calidad.<\/li>\n<li style='margin-bottom: 5px;'><strong>LCD Digital Inteligente:<\/strong> Mantente informado en todo momento. Con un contador de horas integrado que rastrea los intervalos de mantenimiento.<\/li>\n<li style='margin-bottom: 5px;'><strong>Protecci\u00f3n contra Nivel Bajo de Aceite:<\/strong> El sistema de parada autom\u00e1tica por nivel bajo de aceite protege tu inversor contra posibles da\u00f1os.<\/li>\n<li style='margin-bottom: 5px;'><strong>Puertos USB Integrados:<\/strong> Mantente conectado en todo momento. Con puertos USB integrados&comma; cargar tus dispositivos m\u00f3viles&comma; desde tel\u00e9fonos inteligentes hasta tabletas&comma; es r\u00e1pido y conveniente&comma; incluso en medio de una emergencia.<\/li>\n<li style='margin-bottom: 5px;'><strong>Modo Econ\u00f3mico:<\/strong> Nuestro modo econ\u00f3mico no solo reduce el ruido&comma; sino tambi\u00e9n el consumo de combustible&comma; permiti\u00e9ndote disfrutar de un funcionamiento m\u00e1s econ\u00f3mico y amigable con el medio ambiente.<\/li>\n<\/ul><\/div>\n<p> <!-- Secci\u00f3n de caracter\u00edsticas f\u00edsicas y el\u00e9ctricas --> <\/p>\n<div style='flex: 1 1 300px; min-width: 280px;'>\n<h3 style='font-size: 22px; border-bottom: 2px solid currentColor; padding-bottom: 5px; margin-top: 0; color: inherit; opacity: 0.8;'>Caracter\u00edsticas F\u00edsicas y El\u00e9ctricas:<\/h3>\n<ul style='padding-left: 20px; font-size: 15px; color: inherit;'>\n<li style='margin-bottom: 5px;'><strong>Potencia nominal:<\/strong> 3 kW<\/li>\n<li style='margin-bottom: 5px;'><strong>Potencia al Arranque:<\/strong> 3.5 kW<\/li>\n<li style='margin-bottom: 5px;'><strong>Frecuencia:<\/strong> 60 Hz<\/li>\n<li style='margin-bottom: 5px;'><strong>Voltaje de salida:<\/strong> 120 V<\/li>\n<li style='margin-bottom: 5px;'><strong>Peso:<\/strong> 33.7 kg.<\/li>\n<li style='margin-bottom: 5px;'><strong>Dimensiones:<\/strong> 490 x 430 x 417 mm.<\/li>\n<\/ul><\/div>\n<p> <!-- Secci\u00f3n de aceite y combustible --> <\/p>\n<div style='flex: 1 1 300px; min-width: 280px;'>\n<h3 style='font-size: 22px; border-bottom: 2px solid currentColor; padding-bottom: 5px; margin-top: 0; color: inherit; opacity: 0.8;'>Aceite<\/h3>\n<ul style='padding-left: 20px; font-size: 15px; color: inherit;'>\n<li style='margin-bottom: 5px;'><strong>Tipo:<\/strong> 10W-30 \/ SAE 30<\/li>\n<li style='margin-bottom: 5px;'><strong>Volumen:<\/strong> 0.6 L.<\/li>\n<\/ul>\n<h3 style='font-size: 22px; border-bottom: 2px solid currentColor; padding-bottom: 5px; margin-top: 20px; color: inherit; opacity: 0.8;'>Combustible<\/h3>\n<ul style='padding-left: 20px; font-size: 15px; color: inherit;'>\n<li style='margin-bottom: 5px;'><strong>Tipo:<\/strong> Gasolina sin plomo<\/li>\n<li style='margin-bottom: 5px;'><strong>Capacidad del tanque:<\/strong> 9 L<\/li>\n<\/ul><\/div>\n<\/p><\/div>\n<p> <!-- Separador --> <\/p>\n<hr style='border: 0; border-top: 1px solid rgba(150&comma; 150&comma; 150&comma; 0.3); margin: 30px 0;'> <\/div>\n","protected":false},"excerpt":{"rendered":"<p>Generador Inversor Port\u00e1til a Gasolina, 3 kW, 120Vca ,  Arranque Manual<\/p>\n","protected":false},"featured_media":92192,"comment_status":"open","ping_status":"closed","template":"","meta":[],"product_brand":[],"product_cat":[1275],"product_tag":[1277,1276,1062],"class_list":{"0":"post-92193","1":"product","2":"type-product","3":"status-publish","4":"has-post-thumbnail","6":"product_cat-plantas-de-energia","7":"product_tag-generac","8":"product_tag-plantas-de-energia","9":"product_tag-ups-respaldo","11":"first","12":"outofstock","13":"sale","14":"shipping-taxable","15":"purchasable","16":"product-type-simple"},"_links":{"self":[{"href":"https:\/\/soydeaqui.ddns.net\/pachuca\/index.php\/wp-json\/wp\/v2\/product\/92193","targetHints":{"allow":["GET"]}}],"collection":[{"href":"https:\/\/soydeaqui.ddns.net\/pachuca\/index.php\/wp-json\/wp\/v2\/product"}],"about":[{"href":"https:\/\/soydeaqui.ddns.net\/pachuca\/index.php\/wp-json\/wp\/v2\/types\/product"}],"replies":[{"embeddable":true,"href":"https:\/\/soydeaqui.ddns.net\/pachuca\/index.php\/wp-json\/wp\/v2\/comments?post=92193"}],"wp:featuredmedia":[{"embeddable":true,"href":"https:\/\/soydeaqui.ddns.net\/pachuca\/index.php\/wp-json\/wp\/v2\/media\/92192"}],"wp:attachment":[{"href":"https:\/\/soydeaqui.ddns.net\/pachuca\/index.php\/wp-json\/wp\/v2\/media?parent=92193"}],"wp:term":[{"taxonomy":"product_brand","embeddable":true,"href":"https:\/\/soydeaqui.ddns.net\/pachuca\/index.php\/wp-json\/wp\/v2\/product_brand?post=92193"},{"taxonomy":"product_cat","embeddable":true,"href":"https:\/\/soydeaqui.ddns.net\/pachuca\/index.php\/wp-json\/wp\/v2\/product_cat?post=92193"},{"taxonomy":"product_tag","embeddable":true,"href":"https:\/\/soydeaqui.ddns.net\/pachuca\/index.php\/wp-json\/wp\/v2\/product_tag?post=92193"}],"curies":[{"name":"wp","href":"https:\/\/api.w.org\/{rel}","templated":true}]}}