{"id":92180,"date":"2026-03-20T05:04:23","date_gmt":"2026-03-20T05:04:23","guid":{"rendered":"https:\/\/soydeaqui.ddns.net\/pachuca\/index.php\/producto\/router-home-mesh-rv22-ideal-para-soluciones-residenciales-doble-banda-2-4-y-5-ghz-wi-fi-6-capacidad-de-2-5-gbps-5-ghz-600-mbps-2-4-ghz-gestion-via-software-para-administrador-y-usuario\/"},"modified":"2026-03-20T05:04:43","modified_gmt":"2026-03-20T05:04:43","slug":"router-home-mesh-rv22-ideal-para-soluciones-residenciales-doble-banda-2-4-y-5-ghz-wi-fi-6-capacidad-de-2-5-gbps-5-ghz-600-mbps-2-4-ghz-gestion-via-software-para-administrador-y-usuario","status":"publish","type":"product","link":"https:\/\/soydeaqui.ddns.net\/pachuca\/index.php\/producto\/router-home-mesh-rv22-ideal-para-soluciones-residenciales-doble-banda-2-4-y-5-ghz-wi-fi-6-capacidad-de-2-5-gbps-5-ghz-600-mbps-2-4-ghz-gestion-via-software-para-administrador-y-usuario\/","title":{"rendered":"Router Home Mesh RV22 Ideal para Soluciones Residenciales \/ Doble Banda (2.4 y 5 GHz) \/ Wi-Fi 6 \/ Capacidad de: 2.5 Gbps (5 GHz), 600 Mbps (2.4 GHz) \/ Gesti\u00f3n v\u00eda Software para Administrador y Usuario Final desde la nube cnMaestro"},"content":{"rendered":"<div style='width: 100%; max-width: 1200px; margin: 0 auto; font-family: sans-serif; line-height: 1.6; color: inherit; background-color: transparent;'> <!-- Secci\u00f3n de caracter\u00edsticas con grid --> <\/p>\n<div style='display: grid; grid-template-columns: repeat(auto-fit&comma; minmax(280px&comma; 1fr)); gap: 30px; margin-bottom: 30px;'>\n<div style='border: 1px solid rgba(150&comma; 150&comma; 150&comma; 0.4); border-radius: 8px; overflow: hidden; display: flex; flex-direction: column;'>\n<div style='padding: 15px; border-bottom: 1px solid rgba(150&comma; 150&comma; 150&comma; 0.2); font-weight: bold; font-size: 18px; color: inherit;'>Caracter\u00edsticas F\u00edsicas<\/div>\n<div style='padding: 15px; color: inherit;'>\n<ul style='padding-left: 20px; margin: 0; font-size: 14px; list-style-type: disc;'>\n<li style='margin-bottom: 5px;'>3 Puertos LAN Gigabit<\/li>\n<li style='margin-bottom: 5px;'>1 Puerto WAN Gigabit<\/li>\n<li style='margin-bottom: 5px;'>1 Puerto de reset<\/li>\n<li style='margin-bottom: 5px;'>1 Bot\u00f3n WPS<\/li>\n<li style='margin-bottom: 5px;'>Permite customizar el logo f\u00edsico del equipo con un sticker<\/li>\n<li style='margin-bottom: 5px;'>Dise\u00f1o est\u00e9tico para cuidar el estilo habitacional<\/li>\n<li style='margin-bottom: 5px;'>Temperatura de operaci\u00f3n: 0\u00b0C &#8211; +40\u00b0C<\/li>\n<\/ul><\/div>\n<\/p><\/div>\n<div style='border: 1px solid rgba(150&comma; 150&comma; 150&comma; 0.4); border-radius: 8px; overflow: hidden; display: flex; flex-direction: column;'>\n<div style='padding: 15px; border-bottom: 1px solid rgba(150&comma; 150&comma; 150&comma; 0.2); font-weight: bold; font-size: 18px; color: inherit;'>Caracter\u00edsticas Software (cnMaestro X)<\/div>\n<div style='padding: 15px; color: inherit;'>\n<ul style='padding-left: 20px; margin: 0; font-size: 14px; list-style-type: disc;'>\n<li style='margin-bottom: 5px;'>Gesti\u00f3n Wi-Fi desde APP para el usuario final<\/li>\n<li style='margin-bottom: 5px;'>APP permite customizar el logo<\/li>\n<li style='margin-bottom: 5px;'>Speed Test desde APP<\/li>\n<li style='margin-bottom: 5px;'>Optimizaci\u00f3n de la red con un solo clic<\/li>\n<li style='margin-bottom: 5px;'>Control de contenido<\/li>\n<li style='margin-bottom: 5px;'>Redes Wi-Fi con horario<\/li>\n<li style='margin-bottom: 5px;'><strong style='color: inherit; opacity: 0.9;'>No necesita licencia<\/strong><\/li>\n<\/ul><\/div>\n<\/p><\/div>\n<div style='border: 1px solid rgba(150&comma; 150&comma; 150&comma; 0.4); border-radius: 8px; overflow: hidden; display: flex; flex-direction: column;'>\n<div style='padding: 15px; border-bottom: 1px solid rgba(150&comma; 150&comma; 150&comma; 0.2); font-weight: bold; font-size: 18px; color: inherit;'>Caracter\u00edsticas Inal\u00e1mbricas<\/div>\n<div style='padding: 15px; color: inherit;'>\n<ul style='padding-left: 20px; margin: 0; font-size: 14px; list-style-type: disc;'>\n<li style='margin-bottom: 5px;'>Wi-Fi Doble banda (2.4 y 5 GHz)<\/li>\n<li style='margin-bottom: 5px;'>Antenas en 2.4 Ghz de 5 dBi<\/li>\n<li style='margin-bottom: 5px;'>Antenas en 5 Ghz de 5 dBi<\/li>\n<li style='margin-bottom: 5px;'>Estandar Wi-Fi 6 (802.11a\/b\/g\/n\/ac\/ax)<\/li>\n<li style='margin-bottom: 5px;'>5 GHz (3&#215;3:2)&comma; 2.4 GHz (2&#215;2:2)<\/li>\n<li style='margin-bottom: 5px;'>Funci\u00f3n de Mesh autom\u00e1tico<\/li>\n<li style='margin-bottom: 5px;'>Potencia en 2.4 GHz: 24 dBm<\/li>\n<li style='margin-bottom: 5px;'>Potencia en 5 GHz: 25.7 dBm<\/li>\n<\/ul><\/div>\n<\/p><\/div>\n<\/p><\/div>\n<p> <!-- Secci\u00f3n cnMaestro Response Center --> <\/p>\n<div style='display: flex; flex-wrap: wrap; gap: 30px; margin-bottom: 30px; align-items: center;'>\n<div style='flex: 1 1 300px; min-width: 280px;'> <img style='width: 100%; height: auto; border: 1px solid rgba(150&comma;150&comma;150&comma;0.3); border-radius: 8px;' src='https:\/\/ftp3.syscom.mx\/usuarios\/fotos\/RV22USA00RW\/230041-laptop1.png' alt=''> <\/div>\n<div style='flex: 2 1 400px; min-width: 300px;'>\n<h3 style='font-size: 22px; border-bottom: 2px solid currentColor; padding-bottom: 5px; margin-top: 0; color: inherit; opacity: 0.8;'>cnMaestro Response Center<\/h3>\n<p style='color: inherit;'>Los an\u00e1lisis del Centro de respuesta brindan informaci\u00f3n \u00fatil y acciones recomendadas para reducir el tiempo de reparaci\u00f3n y eliminar las visitas<\/p>\n<p style='color: inherit;'>El intuitivo flujo de trabajo del suscriptor de cnMaestro recorre los pasos para configurar un nuevo suscriptor y brindar servicios. Utilice la misma herramienta de flujo de trabajo para ajustar los servicios Wi-Fi y de banda ancha administrados.<\/p>\n<ul style='padding-left: 20px; margin: 0; font-size: 14px; list-style-type: disc;'>\n<li style='margin-bottom: 5px;'>Lanzamiento previsto para junio de 2024<\/li>\n<li style='margin-bottom: 5px;'>Microservicio en la nube cnMaestro<\/li>\n<li style='margin-bottom: 5px;'>Seguimiento de casos integrado<\/li>\n<li style='margin-bottom: 5px;'>Informaci\u00f3n contextual sobre la red Wi-Fi<\/li>\n<li style='margin-bottom: 5px;'>Problema \u2192 Recomendaci\u00f3n \u2192 Acciones<\/li>\n<li style='margin-bottom: 5px;'>Esc\u00e1ner Wi-Fi<\/li>\n<li style='margin-bottom: 5px;'>Gesti\u00f3n unificada desde un solo panel<\/li>\n<\/ul><\/div>\n<\/p><\/div>\n<p> <!-- Secci\u00f3n Self-Service Subscriber App --> <\/p>\n<div style='display: flex; flex-wrap: wrap; gap: 30px; margin-bottom: 30px; align-items: center;'>\n<div style='flex: 1 1 300px; min-width: 300px;'>\n<h3 style='font-size: 22px; border-bottom: 2px solid currentColor; padding-bottom: 5px; margin-top: 0; color: inherit; opacity: 0.8;'>Self-Service Subscriber App<\/h3>\n<p style='color: inherit;'>Capacite a sus usuarios finales para que sean parte de su propia prestaci\u00f3n de servicios con la aplicaci\u00f3n para suscriptores f\u00e1cil de usar.<\/p>\n<p style='color: inherit;'>Los datos seleccionados se muestran claramente en el tablero&comma; mientras que las herramientas \u00fatiles son obvias e intuitivas.<\/p>\n<ul style='padding-left: 20px; margin: 0; font-size: 14px; list-style-type: disc;'>\n<li style='margin-bottom: 5px;'>Disponible para Android y iOS<\/li>\n<li style='margin-bottom: 5px;'>Autoservicio a tu alcance (El cliente puede solucionar problemas gracias a las herramientas)<\/li>\n<li style='margin-bottom: 5px;'>Tiempo familiar (Por el horario de las redes Wi-Fi)<\/li>\n<li style='margin-bottom: 5px;'>Filtrado de contenido WEB<\/li>\n<li style='margin-bottom: 5px;'>Pruebas de velocidad<\/li>\n<li style='margin-bottom: 5px;'>Optimizaci\u00f3n de la red<\/li>\n<\/ul><\/div>\n<div style='flex: 1 1 300px; min-width: 280px;'> <img style='width: 100%; height: auto; border: 1px solid rgba(150&comma;150&comma;150&comma;0.3); border-radius: 8px;' src='https:\/\/ftp3.syscom.mx\/usuarios\/fotos\/RV22USA00RW\/230041-cnmaestro_workflow.png' alt=''> <\/div>\n<\/p><\/div>\n<p> <!-- Secci\u00f3n Subscriber and Service Workflows --> <\/p>\n<div style='display: flex; flex-wrap: wrap; gap: 30px; margin-bottom: 30px; align-items: center;'>\n<div style='flex: 1 1 300px; min-width: 280px;'> <img style='width: 100%; height: auto; border: 1px solid rgba(150&comma;150&comma;150&comma;0.3); border-radius: 8px;' src='https:\/\/ftp3.syscom.mx\/usuarios\/fotos\/RV22USA00RW\/230041-subscriber_and_service_workflows.png' alt=''> <\/div>\n<div style='flex: 2 1 400px; min-width: 300px;'>\n<h3 style='font-size: 22px; border-bottom: 2px solid currentColor; padding-bottom: 5px; margin-top: 0; color: inherit; opacity: 0.8;'>Subscriber and Service Workflows<\/h3>\n<p style='color: inherit;'>Subscriber and Service Workflow de cnMaestro permiten al proveedor crear un servicio y vincularlo a una persona y un sitio. Se pueden crear m\u00faltiples servicios en cnMaestro con cada servicio&comma; incluidos logotipos personalizados&comma; nombres de servicios&comma; contactos de soporte y horarios de soporte. Utilice la herramienta de servicio para crear m\u00faltiples niveles de servicio con informaci\u00f3n y marca \u00fanicas.<\/p>\n<p style='color: inherit;'>Asignar un servicio a un suscriptor y al sitio del suscriptor. Una vez vinculado&comma; se generar\u00e1 autom\u00e1ticamente una invitaci\u00f3n para administrar la red y se enviar\u00e1 a la direcci\u00f3n de correo electr\u00f3nico del suscriptor.<\/p>\n<\/p><\/div>\n<\/p><\/div>\n<p> <!-- Secci\u00f3n Mesh Topologies --> <\/p>\n<div style='display: grid; grid-template-columns: repeat(auto-fit&comma; minmax(280px&comma; 1fr)); gap: 30px; margin-bottom: 30px;'>\n<div style='border: 1px solid rgba(150&comma; 150&comma; 150&comma; 0.4); border-radius: 8px; overflow: hidden; display: flex; flex-direction: column;'>\n<div style='padding: 15px; border-bottom: 1px solid rgba(150&comma; 150&comma; 150&comma; 0.2); font-weight: bold; font-size: 18px; color: inherit;'>Wired Mesh<\/div>\n<div style='padding: 15px; color: inherit;'>\n<p style='margin-bottom: 15px;'>Se cuenta con un router Home cableado al router del proveedor de servicios&comma; para luego agregar m\u00e1s cuando se pueden cablear desde el router Home principal<\/p>\n<p> <img style='width: 100%; height: auto; border: 1px solid rgba(150&comma;150&comma;150&comma;0.3); border-radius: 8px; margin-bottom: 15px;' src='https:\/\/ftp3.syscom.mx\/usuarios\/fotos\/RV22USA00RW\/230041-wired_mesh.png' alt=''> <\/div>\n<\/p><\/div>\n<div style='border: 1px solid rgba(150&comma; 150&comma; 150&comma; 0.4); border-radius: 8px; overflow: hidden; display: flex; flex-direction: column;'>\n<div style='padding: 15px; border-bottom: 1px solid rgba(150&comma; 150&comma; 150&comma; 0.2); font-weight: bold; font-size: 18px; color: inherit;'>Star Wi-Fi Mesh<\/div>\n<div style='padding: 15px; color: inherit;'>\n<p style='margin-bottom: 15px;'>Se cuenta con un Router Home cableado al router del proveedor de servicios&comma; y los dem\u00e1s se puede conectar inal\u00e1mbricamente en topolog\u00eda tipo estrella<\/p>\n<p> <img style='width: 100%; height: auto; border: 1px solid rgba(150&comma;150&comma;150&comma;0.3); border-radius: 8px; margin-bottom: 15px;' src='https:\/\/ftp3.syscom.mx\/usuarios\/fotos\/RV22USA00RW\/230041-star_wifi_mesh.png' alt=''> <\/div>\n<\/p><\/div>\n<div style='border: 1px solid rgba(150&comma; 150&comma; 150&comma; 0.4); border-radius: 8px; overflow: hidden; display: flex; flex-direction: column;'>\n<div style='padding: 15px; border-bottom: 1px solid rgba(150&comma; 150&comma; 150&comma; 0.2); font-weight: bold; font-size: 18px; color: inherit;'>Linear Wi-Fi Mesh<\/div>\n<div style='padding: 15px; color: inherit;'>\n<p style='margin-bottom: 15px;'>Se cuenta con un Router Home cableado al router del proveedor de servicios&comma; y los dem\u00e1s se puede conectar inal\u00e1mbricamente en topolog\u00eda lineal (uno detr\u00e1s del otro)<\/p>\n<p> <img style='width: 100%; height: auto; border: 1px solid rgba(150&comma;150&comma;150&comma;0.3); border-radius: 8px; margin-bottom: 15px;' src='https:\/\/ftp3.syscom.mx\/usuarios\/fotos\/RV22USA00RW\/230041-linear_wifi_mesh.png' alt=''> <\/div>\n<\/p><\/div>\n<\/p><\/div>\n<p> <!-- Secci\u00f3n Subscriber APP con grid --> <\/p>\n<div style='display: grid; grid-template-columns: repeat(auto-fit&comma; minmax(280px&comma; 1fr)); gap: 30px; margin-bottom: 30px;'>\n<div style='border: 1px solid rgba(150&comma; 150&comma; 150&comma; 0.4); border-radius: 8px; overflow: hidden; display: flex; flex-direction: column;'>\n<div style='padding: 15px; border-bottom: 1px solid rgba(150&comma; 150&comma; 150&comma; 0.2); font-weight: bold; font-size: 18px; color: inherit;'>Subscriber APP<\/div>\n<div style='padding: 15px; color: inherit;'>\n<h4 style='font-size: 18px; color: inherit; opacity: 0.8; margin-top: 0; margin-bottom: 15px;'>Agregar el logo de tu empresa en el equipo y en la APP<\/h4>\n<ul style='padding-left: 20px; margin: 0; font-size: 14px; list-style-type: disc;'>\n<li style='margin-bottom: 5px;'>En el equipo en la parte superior puedes agregar un sticker con tu empresa (El papel impreso debe de tener un tama\u00f1o de 44 mm2 (1.75 in2 ).<\/li>\n<li style='margin-bottom: 5px;'>En la APP del usuario final puedes agregar el logo de tu empresa<\/li>\n<\/ul>\n<p> <img style='width: 100%; height: auto; border: 1px solid rgba(150&comma;150&comma;150&comma;0.3); border-radius: 8px; margin-top: 15px;' src='https:\/\/ftp3.syscom.mx\/usuarios\/fotos\/RV22USA00RW\/230041-self-brand.png' alt=''> <\/div>\n<\/p><\/div>\n<div style='border: 1px solid rgba(150&comma; 150&comma; 150&comma; 0.4); border-radius: 8px; overflow: hidden; display: flex; flex-direction: column;'>\n<div style='padding: 15px; border-bottom: 1px solid rgba(150&comma; 150&comma; 150&comma; 0.2); font-weight: bold; font-size: 18px; color: inherit;'>Subscriber APP<\/div>\n<div style='padding: 15px; color: inherit;'>\n<h4 style='font-size: 18px; color: inherit; opacity: 0.8; margin-top: 0; margin-bottom: 15px;'>The dashboard display<\/h4>\n<ul style='padding-left: 20px; margin: 0; font-size: 14px; list-style-type: disc;'>\n<li style='margin-bottom: 5px;'>Prueba de velocidad: Al seleccionar esta opci\u00f3n se iniciar\u00e1 una prueba de aplicaci\u00f3n a Internet del suscriptor&comma; seguida de una prueba de router a Internet. Los resultados se muestran en la aplicaci\u00f3n y se conservan en el panel.<\/li>\n<li style='margin-bottom: 5px;'>Start Family Time: Esta herramienta es una forma r\u00e1pida y eficaz de pausar el uso de Internet para un perfil de dispositivos. Los suscriptores pueden utilizar esta herramienta para pausar r\u00e1pidamente Internet&comma; por ejemplo&comma; a la hora de cenar.<\/li>\n<li style='margin-bottom: 5px;'>Optimizaci\u00f3n de Wi-Fi: El suscriptor puede ejecutar la optimizaci\u00f3n de Wi-Fi en cualquier momento o el t\u00e9cnico de soporte puede iniciarla desde las acciones del Centro de respuesta*.<\/li>\n<\/ul>\n<p> <img style='width: 100%; height: auto; border: 1px solid rgba(150&comma;150&comma;150&comma;0.3); border-radius: 8px; margin-top: 15px;' src='https:\/\/ftp3.syscom.mx\/usuarios\/fotos\/RV22USA00RW\/230041-rv22_subscriber_app_screen_shot.png' alt=''> <\/div>\n<\/p><\/div>\n<div style='border: 1px solid rgba(150&comma; 150&comma; 150&comma; 0.4); border-radius: 8px; overflow: hidden; display: flex; flex-direction: column;'>\n<div style='padding: 15px; border-bottom: 1px solid rgba(150&comma; 150&comma; 150&comma; 0.2); font-weight: bold; font-size: 18px; color: inherit;'>Subscriber APP<\/div>\n<div style='padding: 15px; color: inherit;'>\n<h4 style='font-size: 18px; color: inherit; opacity: 0.8; margin-top: 0; margin-bottom: 15px;'>Configuraciones de control de contenido&comma; perfiles&comma; horarios<\/h4>\n<ul style='padding-left: 20px; margin: 0; font-size: 14px; list-style-type: disc;'>\n<li style='margin-bottom: 5px;'>Perfiles: Puedes crear perfiles para IOT&comma; Adultos&comma; Ni\u00f1os&comma; etc. para de esta manera establecer ciertos permisos.<\/li>\n<li style='margin-bottom: 5px;'>Filtrado de contenido: Seg\u00fan el perfil se puede bloquear cierto contenido no deseado por categor\u00edas.<\/li>\n<li style='margin-bottom: 5px;'>Hora de dormir: Puedes estableces horario semanal de acceso a internet&comma; una vez asignados al perfil.<\/li>\n<\/ul>\n<p> <img style='width: 100%; height: auto; border: 1px solid rgba(150&comma;150&comma;150&comma;0.3); border-radius: 8px; margin-top: 15px;' src='https:\/\/ftp3.syscom.mx\/usuarios\/fotos\/RV22USA00RW\/230041-subscriber_app_content_control.png' alt=''> <\/div>\n<\/p><\/div>\n<\/p><\/div>\n<p> <!-- Separador final --> <\/p>\n<hr style='border: 0; border-top: 1px solid rgba(150&comma; 150&comma; 150&comma; 0.3); margin: 30px 0;'> <\/div>\n","protected":false},"excerpt":{"rendered":"<p>Router Home Mesh RV22 Ideal para Soluciones Residenciales \/ Doble Banda (2.4 y 5 GHz) \/ Wi-Fi 6 \/ Capacidad de: 2.5 Gbps (5 GHz), 600 Mbps (2.4 GHz) \/ Gesti\u00f3n v\u00eda Software para Administrador y Usuario Final desde la nube cnMaestro<\/p>\n","protected":false},"featured_media":92179,"comment_status":"open","ping_status":"closed","template":"","meta":[],"product_brand":[],"product_cat":[1794],"product_tag":[1316,1795,1479],"class_list":{"0":"post-92180","1":"product","2":"type-product","3":"status-publish","4":"has-post-thumbnail","6":"product_cat-puntos-de-acceso","7":"product_tag-cambium-networks","8":"product_tag-puntos-de-acceso","9":"product_tag-redes-wifi","11":"first","12":"instock","13":"sale","14":"shipping-taxable","15":"purchasable","16":"product-type-simple"},"_links":{"self":[{"href":"https:\/\/soydeaqui.ddns.net\/pachuca\/index.php\/wp-json\/wp\/v2\/product\/92180","targetHints":{"allow":["GET"]}}],"collection":[{"href":"https:\/\/soydeaqui.ddns.net\/pachuca\/index.php\/wp-json\/wp\/v2\/product"}],"about":[{"href":"https:\/\/soydeaqui.ddns.net\/pachuca\/index.php\/wp-json\/wp\/v2\/types\/product"}],"replies":[{"embeddable":true,"href":"https:\/\/soydeaqui.ddns.net\/pachuca\/index.php\/wp-json\/wp\/v2\/comments?post=92180"}],"wp:featuredmedia":[{"embeddable":true,"href":"https:\/\/soydeaqui.ddns.net\/pachuca\/index.php\/wp-json\/wp\/v2\/media\/92179"}],"wp:attachment":[{"href":"https:\/\/soydeaqui.ddns.net\/pachuca\/index.php\/wp-json\/wp\/v2\/media?parent=92180"}],"wp:term":[{"taxonomy":"product_brand","embeddable":true,"href":"https:\/\/soydeaqui.ddns.net\/pachuca\/index.php\/wp-json\/wp\/v2\/product_brand?post=92180"},{"taxonomy":"product_cat","embeddable":true,"href":"https:\/\/soydeaqui.ddns.net\/pachuca\/index.php\/wp-json\/wp\/v2\/product_cat?post=92180"},{"taxonomy":"product_tag","embeddable":true,"href":"https:\/\/soydeaqui.ddns.net\/pachuca\/index.php\/wp-json\/wp\/v2\/product_tag?post=92180"}],"curies":[{"name":"wp","href":"https:\/\/api.w.org\/{rel}","templated":true}]}}