{"id":92171,"date":"2026-03-20T05:03:55","date_gmt":"2026-03-20T05:03:55","guid":{"rendered":"https:\/\/soydeaqui.ddns.net\/pachuca\/index.php\/producto\/convertidor-de-medios-poe-1-puerto-rj45-gigabit-con-salida-poe-802-3af-at-bt-hasta-60-w-1-puerto-sfp-100-1000base-x\/"},"modified":"2026-03-20T05:04:17","modified_gmt":"2026-03-20T05:04:17","slug":"convertidor-de-medios-poe-1-puerto-rj45-gigabit-con-salida-poe-802-3af-at-bt-hasta-60-w-1-puerto-sfp-100-1000base-x","status":"publish","type":"product","link":"https:\/\/soydeaqui.ddns.net\/pachuca\/index.php\/producto\/convertidor-de-medios-poe-1-puerto-rj45-gigabit-con-salida-poe-802-3af-at-bt-hasta-60-w-1-puerto-sfp-100-1000base-x\/","title":{"rendered":"Convertidor de Medios PoE, 1 Puerto RJ45 Gigabit con Salida PoE 802.3af\/at\/bt (Hasta 60 W)\/ 1 Puerto SFP 100\/1000BASE-X"},"content":{"rendered":"<div style='width: 100%; max-width: 1200px; margin: 0 auto; font-family: sans-serif; line-height: 1.6; color: inherit; background-color: transparent;'> <!-- Im\u00e1genes de iconos --> <\/p>\n<div style='display: flex; flex-wrap: wrap; gap: 15px; justify-content: center; margin: 20px 0;'> <img style='width: auto; height: 40px; border: 1px solid rgba(150&comma;150&comma;150&comma;0.3); border-radius: 8px;' src='https:\/\/planet.com.tw\/storage\/icons\/662\/802.3bt-PoE++.png' alt='802.3bt PoE++'> <img style='width: auto; height: 40px; border: 1px solid rgba(150&comma;150&comma;150&comma;0.3); border-radius: 8px;' src='https:\/\/planet.com.tw\/storage\/icons\/0icon_60W_PoE.png' alt='60W PoE'> <img style='width: auto; height: 40px; border: 1px solid rgba(150&comma;150&comma;150&comma;0.3); border-radius: 8px;' src='https:\/\/planet.com.tw\/storage\/icons\/7icon_10M_100M_1000M.png' alt='10M\/100M\/1000M'> <img style='width: auto; height: 40px; border: 1px solid rgba(150&comma;150&comma;150&comma;0.3); border-radius: 8px;' src='https:\/\/planet.com.tw\/storage\/icons\/427\/6icon_100FX_1000X_Fiber-Optics.png' alt='100FX 1000X Fiber Optics'> <img style='width: auto; height: 40px; border: 1px solid rgba(150&comma;150&comma;150&comma;0.3); border-radius: 8px;' src='https:\/\/planet.com.tw\/storage\/icons\/661\/Legacy-Mode.png' alt='Legacy Mode'> <img style='width: auto; height: 40px; border: 1px solid rgba(150&comma;150&comma;150&comma;0.3); border-radius: 8px;' src='https:\/\/planet.com.tw\/storage\/icons\/7icon_Metal-Housing.png' alt='Metal Housing KG'> <\/div>\n<p> <!-- Descripci\u00f3n principal --> <\/p>\n<div style='margin: 30px 0;'>\n<p style='font-size: 15px; margin: 15px 0; color: inherit;'> PLANET GUP-805A-60W adopta la tecnolog\u00eda est\u00e1ndar IEEE 802.bt PoE++&comma; es capaz de generar hasta <strong style='color: inherit;'>60 Watts<\/strong> de energ\u00eda utilizando los cuatro pares de cableado Ethernet Cat5e\/6 est\u00e1ndar para entregar energ\u00eda y datos a toda velocidad a cada dispositivo alimentado (PD) remoto compatible con PoE. Su capacidad de energ\u00eda es tres veces mayor que la del 802.3at PoE+ convencional y es una soluci\u00f3n ideal para aquellos PD de red que consumen mucha energ\u00eda&comma; como: <\/p>\n<ul style='font-size: 15px; padding-left: 20px; margin: 15px 0; color: inherit;'>\n<li style='margin-bottom: 5px;'><strong style='color: inherit;'>C\u00e1maras domo de velocidad PoE PTZ<\/strong><\/li>\n<li style='margin-bottom: 5px;'><strong style='color: inherit;'>Dispositivos de red<\/strong><\/li>\n<li style='margin-bottom: 5px;'><strong style='color: inherit;'>Clientes delgados<\/strong><\/li>\n<li style='margin-bottom: 5px;'><strong style='color: inherit;'>PC t\u00e1ctiles AIO (todo en uno)&comma; puntos de venta (POS) y quioscos de informaci\u00f3n<\/strong><\/li>\n<li style='margin-bottom: 5px;'><strong style='color: inherit;'>Pantallas de se\u00f1alizaci\u00f3n digital remota<\/strong><\/li>\n<li style='margin-bottom: 5px;'><strong style='color: inherit;'>Iluminaciones PoE<\/strong><\/li>\n<\/ul><\/div>\n<p> <!-- Im\u00e1genes del producto --> <\/p>\n<div style='display: flex; flex-direction: column; align-items: center; gap: 20px; margin: 30px 0;'> <img style='width: 100%; max-width: 600px; height: auto; border: 1px solid rgba(150&comma;150&comma;150&comma;0.3); border-radius: 8px;' src='https:\/\/planet.com.tw\/storage\/products\/49625\/GUP-805A-60W_GUP-805A-95W-1.png' alt=''> <img style='width: 100%; max-width: 600px; height: auto; border: 1px solid rgba(150&comma;150&comma;150&comma;0.3); border-radius: 8px;' src='https:\/\/planet.com.tw\/storage\/products\/49625\/GUP-805A-60W_GUP-805A-95W-2.png' alt=''> <\/div>\n<p> <!-- T\u00edtulo de especificaciones --> <\/p>\n<div style='text-align: center; margin: 40px 0 20px;'>\n<h1 style='font-size: 28px; color: inherit; margin: 0; font-weight: 600; border-bottom: 2px solid currentColor; display: inline-block; padding-bottom: 8px; opacity: 0.8;'>Especificaciones<\/h1>\n<\/p><\/div>\n<p> <!-- Secci\u00f3n de especificaciones --> <\/p>\n<div style='display: flex; flex-wrap: wrap; gap: 20px; margin-bottom: 30px;'> <!-- Caracter\u00edsticas Principales --> <\/p>\n<div style='flex: 1 1 300px; min-width: 280px; border: 1px solid rgba(150&comma; 150&comma; 150&comma; 0.4); border-radius: 8px; overflow: hidden; display: flex; flex-direction: column;'>\n<div style='padding: 15px; border-bottom: 1px solid rgba(150&comma; 150&comma; 150&comma; 0.2); font-weight: bold; font-size: 18px; color: inherit; background-color: rgba(13&comma; 110&comma; 253&comma; 0.1);'>Caracter\u00edsticas Principales:<\/div>\n<div style='padding: 15px; color: inherit;'>\n<ul style='padding-left: 20px; margin: 0; font-size: 14px; list-style-type: disc;'>\n<li style='margin-bottom: 8px;'>Puerto RJ45 PoE++ con funci\u00f3n de inyector PoE 802.3bt tipo 4 de 60 W integrada.<\/li>\n<li style='margin-bottom: 8px;'>Detecta autom\u00e1ticamente el dispositivo alimentado (PD).<\/li>\n<li style='margin-bottom: 8px;'>La protecci\u00f3n del circuito evita interferencias de energ\u00eda entre los puertos.<\/li>\n<li style='margin-bottom: 8px;'>Alimentaci\u00f3n el\u00e9ctrica remota hasta 100m.<\/li>\n<li style='margin-bottom: 8px;'>Interruptor DIP para selecci\u00f3n de opciones de alimentaci\u00f3n PoE (BT\/UPOE\/Legacy).<\/li>\n<li style='margin-bottom: 8px;'>De tama\u00f1o compacto&comma; f\u00e1cil instalaci\u00f3n.<\/li>\n<\/ul><\/div>\n<\/p><\/div>\n<p> <!-- Caracter\u00edsticas F\u00edsicas y El\u00e9ctricas --> <\/p>\n<div style='flex: 1 1 300px; min-width: 280px; border: 1px solid rgba(150&comma; 150&comma; 150&comma; 0.4); border-radius: 8px; overflow: hidden; display: flex; flex-direction: column;'>\n<div style='padding: 15px; border-bottom: 1px solid rgba(150&comma; 150&comma; 150&comma; 0.2); font-weight: bold; font-size: 18px; color: inherit; background-color: rgba(13&comma; 110&comma; 253&comma; 0.1);'>Caracter\u00edsticas F\u00edsicas y El\u00e9ctricas:<\/div>\n<div style='padding: 15px; color: inherit;'>\n<ul style='padding-left: 20px; margin: 0; font-size: 14px; list-style-type: disc;'>\n<li style='margin-bottom: 8px;'>1 Puerto RJ45 10\/100\/1000BASE-T con inyector PoE IEEE 802.3af\/at\/bt<\/li>\n<li style='margin-bottom: 8px;'>1 Puerto con interfaz SFP 100\/1000BASE-X<\/li>\n<li style='margin-bottom: 8px;'>Carcasa de metal<\/li>\n<li style='margin-bottom: 8px;'>Dimensiones: 94 x 70 x 26 mm<\/li>\n<li style='margin-bottom: 8px;'>Peso: 144 g.<\/li>\n<li style='margin-bottom: 8px;'>Voltaje de entrada: 52 a 55 Vcc.<\/li>\n<li style='margin-bottom: 8px;'>Temperatura: &#8211; 10 a 70\u00b0C.<\/li>\n<\/ul><\/div>\n<\/p><\/div>\n<p> <!-- El Paquete Incluye --> <\/p>\n<div style='flex: 1 1 300px; min-width: 280px; border: 1px solid rgba(150&comma; 150&comma; 150&comma; 0.4); border-radius: 8px; overflow: hidden; display: flex; flex-direction: column;'>\n<div style='padding: 15px; border-bottom: 1px solid rgba(150&comma; 150&comma; 150&comma; 0.2); font-weight: bold; font-size: 18px; color: inherit; background-color: rgba(13&comma; 110&comma; 253&comma; 0.1);'>El Paquete Incluye:<\/div>\n<div style='padding: 15px; color: inherit;'>\n<ul style='padding-left: 20px; margin: 0; font-size: 14px; list-style-type: disc;'>\n<li style='margin-bottom: 8px;'>Convertidor de medios gigabit.<\/li>\n<li style='margin-bottom: 8px;'>Gu\u00eda de configuraci\u00f3n<\/li>\n<li style='margin-bottom: 8px;'>Adaptador de voltaje de 52 &#8211; 55VCC<\/li>\n<li style='margin-bottom: 8px;'>Cable de fuente de voltaje<\/li>\n<\/ul><\/div>\n<\/p><\/div>\n<\/p><\/div>\n<p> <!-- Separador final --> <\/p>\n<hr style='border: 0; border-top: 1px solid rgba(150&comma; 150&comma; 150&comma; 0.3); margin: 40px 0;'> <\/div>\n","protected":false},"excerpt":{"rendered":"<p>Convertidor de Medios PoE, 1 Puerto RJ45 Gigabit con Salida PoE 802.3af\/at\/bt (Hasta 60 W)\/ 1 Puerto SFP 100\/1000BASE-X<\/p>\n","protected":false},"featured_media":92170,"comment_status":"open","ping_status":"closed","template":"","meta":[],"product_brand":[],"product_cat":[2000],"product_tag":[2001,664,2033],"class_list":{"0":"post-92171","1":"product","2":"type-product","3":"status-publish","4":"has-post-thumbnail","6":"product_cat-convertidores-de-medios","7":"product_tag-convertidores-de-medios","8":"product_tag-networking","9":"product_tag-planet","11":"first","12":"instock","13":"sale","14":"shipping-taxable","15":"purchasable","16":"product-type-simple"},"_links":{"self":[{"href":"https:\/\/soydeaqui.ddns.net\/pachuca\/index.php\/wp-json\/wp\/v2\/product\/92171","targetHints":{"allow":["GET"]}}],"collection":[{"href":"https:\/\/soydeaqui.ddns.net\/pachuca\/index.php\/wp-json\/wp\/v2\/product"}],"about":[{"href":"https:\/\/soydeaqui.ddns.net\/pachuca\/index.php\/wp-json\/wp\/v2\/types\/product"}],"replies":[{"embeddable":true,"href":"https:\/\/soydeaqui.ddns.net\/pachuca\/index.php\/wp-json\/wp\/v2\/comments?post=92171"}],"wp:featuredmedia":[{"embeddable":true,"href":"https:\/\/soydeaqui.ddns.net\/pachuca\/index.php\/wp-json\/wp\/v2\/media\/92170"}],"wp:attachment":[{"href":"https:\/\/soydeaqui.ddns.net\/pachuca\/index.php\/wp-json\/wp\/v2\/media?parent=92171"}],"wp:term":[{"taxonomy":"product_brand","embeddable":true,"href":"https:\/\/soydeaqui.ddns.net\/pachuca\/index.php\/wp-json\/wp\/v2\/product_brand?post=92171"},{"taxonomy":"product_cat","embeddable":true,"href":"https:\/\/soydeaqui.ddns.net\/pachuca\/index.php\/wp-json\/wp\/v2\/product_cat?post=92171"},{"taxonomy":"product_tag","embeddable":true,"href":"https:\/\/soydeaqui.ddns.net\/pachuca\/index.php\/wp-json\/wp\/v2\/product_tag?post=92171"}],"curies":[{"name":"wp","href":"https:\/\/api.w.org\/{rel}","templated":true}]}}