{"id":92164,"date":"2026-03-20T05:03:37","date_gmt":"2026-03-20T05:03:37","guid":{"rendered":"https:\/\/soydeaqui.ddns.net\/pachuca\/index.php\/producto\/switch-administrable-capa-3-8-puertos-de-2-5g-base-t-2-puertos-de-10-g-base-t-2-puertos-sfp-de-10-g\/"},"modified":"2026-03-20T05:03:45","modified_gmt":"2026-03-20T05:03:45","slug":"switch-administrable-capa-3-8-puertos-de-2-5g-base-t-2-puertos-de-10-g-base-t-2-puertos-sfp-de-10-g","status":"publish","type":"product","link":"https:\/\/soydeaqui.ddns.net\/pachuca\/index.php\/producto\/switch-administrable-capa-3-8-puertos-de-2-5g-base-t-2-puertos-de-10-g-base-t-2-puertos-sfp-de-10-g\/","title":{"rendered":"Switch Administrable Capa 3, 8 Puertos de 2.5G BASE-T, 2 Puertos de 10 G BASE-T, 2 Puertos SFP de 10 G"},"content":{"rendered":"<div style='width: 100%; max-width: 1200px; margin: 0 auto; font-family: sans-serif; line-height: 1.6; color: inherit;'>\n<div style='display: flex; flex-wrap: wrap; justify-content: center; gap: 15px; margin-bottom: 30px;'> <img style='width: 48px; height: 48px; border: 1px solid rgba(150&comma;150&comma;150&comma;0.3); border-radius: 8px;' src='https:\/\/planet.com.tw\/storage\/icons\/0icon_IPv6IPv4_Routing.png' alt='IPv6\/IPv4 Routing'> <img style='width: 48px; height: 48px; border: 1px solid rgba(150&comma;150&comma;150&comma;0.3); border-radius: 8px;' src='https:\/\/planet.com.tw\/storage\/icons\/4icon_2.5-Gbps.png' alt='2.5 Gbps'> <img style='width: 48px; height: 48px; border: 1px solid rgba(150&comma;150&comma;150&comma;0.3); border-radius: 8px;' src='https:\/\/planet.com.tw\/storage\/icons\/4icon_L3_OSPF_Routing.png' alt='L3 OSPF Routing'> <img style='width: 48px; height: 48px; border: 1px solid rgba(150&comma;150&comma;150&comma;0.3); border-radius: 8px;' src='https:\/\/planet.com.tw\/storage\/icons\/6icon_RING.png' alt='RING'> <img style='width: 48px; height: 48px; border: 1px solid rgba(150&comma;150&comma;150&comma;0.3); border-radius: 8px;' src='https:\/\/planet.com.tw\/storage\/icons\/3icon_L3_RIP_Routing.png' alt='L3 RIP Routing'> <img style='width: 48px; height: 48px; border: 1px solid rgba(150&comma;150&comma;150&comma;0.3); border-radius: 8px;' src='https:\/\/planet.com.tw\/storage\/icons\/3icon_10Gbps_SFP+.png' alt='10Gbps SFP+'> <\/div>\n<div style='margin-bottom: 30px;'>\n<h3 style='font-size: 22px; border-bottom: 2px solid currentColor; padding-bottom: 5px; margin-top: 0; color: inherit; opacity: 0.8;'>Switch Ethernet multigigabit perfectamente administrado con seguridad y conmutaci\u00f3n L3\/L2<\/h3>\n<p style='font-size: 15px; color: inherit; margin-top: 15px;'>MGS-6311-10T2X es un Switch multigigabit administrable Capa 3 que proporciona datos de 2&comma;5 Gbps a trav\u00e9s de cables UTP&comma; dise\u00f1ado para la demanda de equipos de red requeridos de gran ancho de banda&comma; como AP inal\u00e1mbrico Wi-Fi 6 802.11ax&comma; NAS y estaci\u00f3n de trabajo y aquellos con interfaces 2.5GBASE-T. Cuenta con 8 puertos de cobre 10\/100\/1000\/2500BASE-T&comma; 2 puertos de cobre 100\/1G\/2.5G\/5G\/10GBASE-T y 2 puertos de fibra 1G\/10GBASE-X SFP+ adicionales que est\u00e1n dise\u00f1ados de manera flexible para extender la distancia de conexi\u00f3n.<\/p>\n<\/p><\/div>\n<div style='margin-bottom: 30px;'> <img style='width: 100%; height: auto; border: 1px solid rgba(150&comma;150&comma;150&comma;0.3); border-radius: 8px;' src='https:\/\/planet.com.tw\/storage\/products\/49668\/edm_MGS-6311-10T2X1.jpg' alt=''> <\/div>\n<div style='margin-bottom: 30px;'>\n<h3 style='font-size: 22px; border-bottom: 2px solid currentColor; padding-bottom: 5px; margin-top: 0; color: inherit; opacity: 0.8;'>Capacidad de 2&comma;5 Gbps para aplicaciones de ancho de banda diversificadas<\/h3>\n<p style='font-size: 15px; color: inherit; margin-top: 15px;'>Interfaces de medios duales 10GBASE-T y 10GBASE-X SFP para extensi\u00f3n de red<\/p>\n<p style='font-size: 15px; color: inherit; margin-top: 15px;'>PLANET MGS-6311-10T2X tiene la capacidad de alcanzar una alta velocidad de 10 Gbps a trav\u00e9s de cableado de cobre o fibra \u00f3ptica&comma; lo que ayuda a acelerar el rendimiento de la transmisi\u00f3n de datos de gran tama\u00f1o. Las interfaces de cobre 10GBASE-T integradas admiten negociaci\u00f3n autom\u00e1tica de 5 velocidades (10G\/5G\/2&comma;5G\/1G\/100) y transmisi\u00f3n de datos de 10 Gbps con el cableado UTP Cat6A\/Cat7 existente&comma; lo que significa que la velocidad se puede aumentar sin costos. Definitivamente puede brindarle la velocidad que exige y su Plug and Play facilita la instalaci\u00f3n.<\/p>\n<\/p><\/div>\n<div style='margin-bottom: 30px;'> <img style='width: 100%; height: auto; border: 1px solid rgba(150&comma;150&comma;150&comma;0.3); border-radius: 8px;' src='https:\/\/planet.com.tw\/storage\/products\/49668\/MGS-6311-series-6.png' alt=''> <\/div>\n<div style='margin-bottom: 30px;'>\n<h3 style='font-size: 22px; border-bottom: 2px solid currentColor; padding-bottom: 5px; margin-top: 0; color: inherit; opacity: 0.8;'>Caracter\u00edsticas Clave<\/h3>\n<div style='margin-top: 20px;'>\n<h4 style='font-size: 18px; margin-top: 0; color: inherit; opacity: 0.9;'>Puertos f\u00edsicos<\/h4>\n<ul style='padding-left: 20px; font-size: 14px; color: inherit; margin-top: 10px;'>\n<li style='margin-bottom: 5px;'>8 puertos de cobre 10\/100\/1000\/2500BASE-T RJ45 (Puertos 1 a 8)<\/li>\n<li style='margin-bottom: 5px;'>2 puertos de cobre de negociaci\u00f3n autom\u00e1tica RJ45 100\/1G\/2.5G\/5G\/10GBASE-T (Puertos 9 a 10)<\/li>\n<li style='margin-bottom: 5px;'>2 lotes 10GBASE-SR\/LR SFP+&comma; compatibles con 1000BASE-SX\/LX\/BX SFP (puertos 11 a 12)<\/li>\n<li style='margin-bottom: 5px;'>Interfaz de consola RJ45 a DB9 para configuraci\u00f3n y administraci\u00f3n b\u00e1sica del switch<\/li>\n<\/ul><\/div>\n<div style='margin-top: 20px;'>\n<h4 style='font-size: 18px; margin-top: 0; color: inherit; opacity: 0.9;'>Funciones de enrutamiento IP<\/h4>\n<ul style='padding-left: 20px; font-size: 14px; color: inherit; margin-top: 10px;'>\n<li style='margin-bottom: 5px;'>El protocolo de enrutamiento IP admite RIPv1\/v2&comma; OSPFv2<\/li>\n<li style='margin-bottom: 5px;'>La interfaz de enrutamiento proporciona el modo de enrutamiento por VLAN<\/li>\n<li style='margin-bottom: 5px;'>Admite la redistribuci\u00f3n de rutas<\/li>\n<\/ul><\/div>\n<div style='margin-top: 20px;'>\n<h4 style='font-size: 18px; margin-top: 0; color: inherit; opacity: 0.9;'>Funciones de capa 2<\/h4>\n<ul style='padding-left: 20px; font-size: 14px; color: inherit; margin-top: 10px;'>\n<li style='margin-bottom: 5px;'>Cumple con el est\u00e1ndar IEEE 802.3&comma; IEEE 802.3u&comma; IEEE 802.3ab&comma; IEEE 802.3z IEEE 802.3bz&comma; IEEE 802.3an Gigabit Ethernet<\/li>\n<li style='margin-bottom: 5px;'>Previene el control del flujo de p\u00e9rdida de paquetes<\/li>\n<li style='margin-bottom: 5px;'>Arquitectura de almacenamiento y reenv\u00edo de alto rendimiento&comma; control de tormentas de transmisi\u00f3n&comma; detecci\u00f3n de bucle invertido de puerto<\/li>\n<li style='margin-bottom: 5px;'>Tabla de direcciones MAC de 16K&comma; aprendizaje y envejecimiento autom\u00e1tico de direcciones de origen<\/li>\n<li style='margin-bottom: 5px;'>Soporta VLAN<\/li>\n<li style='margin-bottom: 5px;'>Admite agregaci\u00f3n de enlaces<\/li>\n<li style='margin-bottom: 5px;'>Admite el protocolo de \u00e1rbol de expansi\u00f3n<\/li>\n<li style='margin-bottom: 5px;'>Duplicaci\u00f3n de puertos para monitorear el tr\u00e1fico entrante o saliente en un puerto en particular (muchos a muchos)<\/li>\n<li style='margin-bottom: 5px;'>Proporciona espejo de puerto (muchos a 1)<\/li>\n<li style='margin-bottom: 5px;'>Admite G.8032 ERPS (conmutaci\u00f3n de protecci\u00f3n de anillo Ethernet)<\/li>\n<\/ul><\/div>\n<div style='margin-top: 20px;'>\n<h4 style='font-size: 18px; margin-top: 0; color: inherit; opacity: 0.9;'>Calidad de servicio<\/h4>\n<ul style='padding-left: 20px; font-size: 14px; color: inherit; margin-top: 10px;'>\n<li style='margin-bottom: 5px;'>8 colas de prioridad en todos los puertos del switch<\/li>\n<li style='margin-bottom: 5px;'>Soporte para pol\u00edticas CoS de prioridad estricta y WRR (Weighted Round Robin)<\/li>\n<li style='margin-bottom: 5px;'>Clasificaci\u00f3n del tr\u00e1fico<\/li>\n<li style='margin-bottom: 5px;'>Pol\u00edticas estrictas de prioridad y WRR CoS<\/li>\n<\/ul><\/div>\n<div style='margin-top: 20px;'>\n<h4 style='font-size: 18px; margin-top: 0; color: inherit; opacity: 0.9;'>Multidifusi\u00f3n<\/h4>\n<ul style='padding-left: 20px; font-size: 14px; color: inherit; margin-top: 10px;'>\n<li style='margin-bottom: 5px;'>Soporta IPv4 IGMP snooping v1&comma; v2 y v3<\/li>\n<li style='margin-bottom: 5px;'>Admite espionaje IPv6 MLD v1 y v2<\/li>\n<li style='margin-bottom: 5px;'>Soporte del modo interrogador<\/li>\n<li style='margin-bottom: 5px;'>Admite registro VLAN de multidifusi\u00f3n (MVR)<\/li>\n<\/ul><\/div>\n<div style='margin-top: 20px;'>\n<h4 style='font-size: 18px; margin-top: 0; color: inherit; opacity: 0.9;'>Seguridad<\/h4>\n<ul style='padding-left: 20px; font-size: 14px; color: inherit; margin-top: 10px;'>\n<li style='margin-bottom: 5px;'>Autenticaci\u00f3n de acceso a la red basada en puertos IEEE 802.1x<\/li>\n<li style='margin-bottom: 5px;'>Autenticaci\u00f3n de acceso a la red basada en MAC<\/li>\n<li style='margin-bottom: 5px;'>Cliente RADIUS integrado para cooperar con los servidores RADIUS para IPv4 e IPv6<\/li>\n<li style='margin-bottom: 5px;'>Los usuarios de inicio de sesi\u00f3n de TACACS+ acceden a la autenticaci\u00f3n<\/li>\n<li style='margin-bottom: 5px;'>Lista de control de acceso (ACL) basada en IP<\/li>\n<li style='margin-bottom: 5px;'>Lista de control de acceso basada en MAC<\/li>\n<li style='margin-bottom: 5px;'>Admite espionaje DHCP<\/li>\n<li style='margin-bottom: 5px;'>Soporta inspecci\u00f3n ARP<\/li>\n<li style='margin-bottom: 5px;'>IP Source Guard previene ataques de suplantaci\u00f3n de IP<\/li>\n<li style='margin-bottom: 5px;'>La inspecci\u00f3n din\u00e1mica de ARP descarta los paquetes ARP con direcci\u00f3n MAC no v\u00e1lida y enlace de direcci\u00f3n IP<\/li>\n<\/ul><\/div>\n<div style='margin-top: 20px;'>\n<h4 style='font-size: 18px; margin-top: 0; color: inherit; opacity: 0.9;'>Gesti\u00f3n<\/h4>\n<ul style='padding-left: 20px; font-size: 14px; color: inherit; margin-top: 10px;'>\n<li style='margin-bottom: 5px;'>IP de gesti\u00f3n para IPv4 e IPv6<\/li>\n<li style='margin-bottom: 5px;'>Interfaz de gesti\u00f3n de conmutadores<\/li>\n<li style='margin-bottom: 5px;'>BOOTP y DHCP para asignaci\u00f3n de direcciones IP<\/li>\n<li style='margin-bottom: 5px;'>Carga\/descarga de firmware mediante TFTP o protocolo HTTP para IPv4 e IPv6<\/li>\n<li style='margin-bottom: 5px;'>SNTP (Protocolo simple de tiempo de red) para IPv4 e IPv6<\/li>\n<li style='margin-bottom: 5px;'>Control de niveles de privilegios de usuario<\/li>\n<li style='margin-bottom: 5px;'>Servidor Syslog para IPv4 e IPv6<\/li>\n<li style='margin-bottom: 5px;'>Soporta DDM<\/li>\n<li style='margin-bottom: 5px;'>Cuatro grupos RMON 1&comma; 2&comma; 3&comma; 9 (historial&comma; estad\u00edsticas&comma; alarmas y eventos)<\/li>\n<li style='margin-bottom: 5px;'>Soporta flujo<\/li>\n<li style='margin-bottom: 5px;'>Soporta ULDP<\/li>\n<li style='margin-bottom: 5px;'>Soporta ULPP (Protocolo de protecci\u00f3n de enlace ascendente)<\/li>\n<li style='margin-bottom: 5px;'>Admite ULSM (protocolo de monitor de estado de enlace ascendente)<\/li>\n<li style='margin-bottom: 5px;'>Soporta LLDP\/LLDP MEDIO<\/li>\n<li style='margin-bottom: 5px;'>Admite la opci\u00f3n DHCP82\/43\/60\/61\/67<\/li>\n<li style='margin-bottom: 5px;'>Admite ping y funci\u00f3n de ruta de seguimiento para IPv4 e IPv6<\/li>\n<li style='margin-bottom: 5px;'>Utilidad PLANET Smart Discovery para gesti\u00f3n de implementaci\u00f3n<\/li>\n<\/ul><\/div>\n<\/p><\/div>\n<hr style='border: 0; border-top: 1px solid rgba(150&comma;150&comma;150&comma;0.3); margin: 30px 0;'> <\/div>\n","protected":false},"excerpt":{"rendered":"<p>Switch Administrable Capa 3, 8 Puertos de 2.5G BASE-T, 2 Puertos de 10 G BASE-T, 2 Puertos SFP de 10 G<\/p>\n","protected":false},"featured_media":92163,"comment_status":"open","ping_status":"closed","template":"","meta":[],"product_brand":[],"product_cat":[1970],"product_tag":[664,2033,1971],"class_list":{"0":"post-92164","1":"product","2":"type-product","3":"status-publish","4":"has-post-thumbnail","6":"product_cat-switches","7":"product_tag-networking","8":"product_tag-planet","9":"product_tag-switches","11":"first","12":"instock","13":"sale","14":"shipping-taxable","15":"purchasable","16":"product-type-simple"},"_links":{"self":[{"href":"https:\/\/soydeaqui.ddns.net\/pachuca\/index.php\/wp-json\/wp\/v2\/product\/92164","targetHints":{"allow":["GET"]}}],"collection":[{"href":"https:\/\/soydeaqui.ddns.net\/pachuca\/index.php\/wp-json\/wp\/v2\/product"}],"about":[{"href":"https:\/\/soydeaqui.ddns.net\/pachuca\/index.php\/wp-json\/wp\/v2\/types\/product"}],"replies":[{"embeddable":true,"href":"https:\/\/soydeaqui.ddns.net\/pachuca\/index.php\/wp-json\/wp\/v2\/comments?post=92164"}],"wp:featuredmedia":[{"embeddable":true,"href":"https:\/\/soydeaqui.ddns.net\/pachuca\/index.php\/wp-json\/wp\/v2\/media\/92163"}],"wp:attachment":[{"href":"https:\/\/soydeaqui.ddns.net\/pachuca\/index.php\/wp-json\/wp\/v2\/media?parent=92164"}],"wp:term":[{"taxonomy":"product_brand","embeddable":true,"href":"https:\/\/soydeaqui.ddns.net\/pachuca\/index.php\/wp-json\/wp\/v2\/product_brand?post=92164"},{"taxonomy":"product_cat","embeddable":true,"href":"https:\/\/soydeaqui.ddns.net\/pachuca\/index.php\/wp-json\/wp\/v2\/product_cat?post=92164"},{"taxonomy":"product_tag","embeddable":true,"href":"https:\/\/soydeaqui.ddns.net\/pachuca\/index.php\/wp-json\/wp\/v2\/product_tag?post=92164"}],"curies":[{"name":"wp","href":"https:\/\/api.w.org\/{rel}","templated":true}]}}