{"id":92150,"date":"2026-03-20T05:02:56","date_gmt":"2026-03-20T05:02:56","guid":{"rendered":"https:\/\/soydeaqui.ddns.net\/pachuca\/index.php\/producto\/conmutador-ip-sip-yeastar-para-pymes-20-extensiones-10-llamadas-simultaneas-2-puertos-fxo\/"},"modified":"2026-03-20T05:03:03","modified_gmt":"2026-03-20T05:03:03","slug":"conmutador-ip-sip-yeastar-para-pymes-20-extensiones-10-llamadas-simultaneas-2-puertos-fxo","status":"publish","type":"product","link":"https:\/\/soydeaqui.ddns.net\/pachuca\/index.php\/producto\/conmutador-ip-sip-yeastar-para-pymes-20-extensiones-10-llamadas-simultaneas-2-puertos-fxo\/","title":{"rendered":"Conmutador IP SIP Yeastar para PYMES \/ 20 extensiones\/ 10 llamadas simultaneas\/ 2 puertos FXO"},"content":{"rendered":"<div style='width: 100%; max-width: 1200px; margin: 0 auto; font-family: sans-serif; line-height: 1.6; color: inherit; background-color: transparent;'>\n<div style='margin-bottom: 30px; padding: 15px; background-color: rgba(150&comma; 216&comma; 245&comma; 0.1); border-left: 5px solid #0197d6;'>\n<p style='text-align: justify; font-size: 18px; margin: 0; color: inherit;'>El modelo Yeastar S20 es m\u00e1s que un sistema PBX; es la soluci\u00f3n perfecta para peque\u00f1as empresas que buscan eficiencia y simplicidad. Con un dise\u00f1o intuitivo y una potencia incomparable&comma; este sistema aut\u00f3nomo ofrece una amplia gama de caracter\u00edsticas que optimizan la comunicaci\u00f3n empresarial. Ideal para empresas con hasta 20 usuarios&comma; el Yeastar S20 est\u00e1 construido para facilitar su uso diario&comma; sin sacrificar la productividad y el rendimiento. Lleva tu negocio al siguiente nivel con una soluci\u00f3n que combina facilidad de uso y un rendimiento excepcional.<\/p>\n<\/p><\/div>\n<h3 style='font-size: 22px; border-bottom: 2px solid currentColor; padding-bottom: 5px; margin-top: 0; color: inherit; opacity: 0.8;'>Caracter\u00edsticas principales<\/h3>\n<div style='display: flex; flex-wrap: wrap; gap: 30px; margin-top: 20px;'>\n<div style='flex: 1 1 300px; min-width: 280px;'>\n<ul style='padding-left: 20px; font-size: 15px; color: inherit;'>\n<li style='margin-bottom: 5px;'>20 usuarios<\/li>\n<li style='margin-bottom: 5px;'>10 llamadas simult\u00e1neas<\/li>\n<li style='margin-bottom: 5px;'>Hasta 20 enlaces VoIP<\/li>\n<\/ul><\/div>\n<\/p><\/div>\n<hr style='border: 0; border-top: 1px solid rgba(150&comma; 150&comma; 150&comma; 0.3); margin: 30px 0;'>\n<h3 style='font-size: 22px; border-bottom: 2px solid currentColor; padding-bottom: 5px; margin-top: 0; color: inherit; opacity: 0.8;'>Preguntas Frecuentes (FAQ)<\/h3>\n<div style='display: flex; flex-wrap: wrap; gap: 30px; margin-top: 20px;'>\n<div style='flex: 1 1 300px; min-width: 280px;'>\n<ul style='padding-left: 20px; font-size: 15px; color: inherit;'>\n<li style='margin-bottom: 15px;'><strong>\u00bfQu\u00e9 tipo de troncales es compatible con el conmutador?<\/strong><br \/>El conmutador S20 es compatible con troncales SIP y con troncales anal\u00f3gicas de cualquier proveedor (Telmex&comma; TotalPlay&comma; etc.).<\/li>\n<li style='margin-bottom: 15px;'><strong>\u00bfQu\u00e9 tel\u00e9fonos son compatibles con este conmutador?<\/strong><br \/>Es compatible con FANVIL&comma; GRANDSTREAM o cualquier tel\u00e9fono que maneje protocolo SIP abierto.<\/li>\n<li style='margin-bottom: 15px;'><strong>\u00bfExiste una gu\u00eda de configuraci\u00f3n con todas las funcionalidades?<\/strong><br \/>S\u00ed&comma; existe una gu\u00eda completa de cada funcionalidad&comma; haz clic aqu\u00ed: <a style='color: #0197d6; text-decoration: underline;' href='https:\/\/help.yeastar.com\/en\/s-series\/topic\/installation_guide.html' target='_blank' rel='noopener noreferrer'>Gu\u00eda<\/a><\/li>\n<\/ul><\/div>\n<\/p><\/div>\n<hr style='border: 0; border-top: 1px solid rgba(150&comma; 150&comma; 150&comma; 0.3); margin: 30px 0;'>\n<h3 style='font-size: 22px; border-bottom: 2px solid currentColor; padding-bottom: 5px; margin-top: 0; color: inherit; opacity: 0.8;'>Galer\u00eda de im\u00e1genes<\/h3>\n<div style='display: grid; grid-template-columns: repeat(auto-fill&comma; minmax(280px&comma; 1fr)); gap: 20px; margin-top: 20px;'>\n<div style='border: 1px solid rgba(150&comma;150&comma;150&comma;0.3); border-radius: 8px; overflow: hidden;'> <img style='width: 100%; height: auto; border: 1px solid rgba(150&comma;150&comma;150&comma;0.3); border-radius: 8px;' src='https:\/\/ftp3.syscom.mx\/usuarios\/fotos\/S20\/230077-ease-of-use.gif' alt='Facilidad de uso Yeastar S20'> <\/div>\n<div style='border: 1px solid rgba(150&comma;150&comma;150&comma;0.3); border-radius: 8px; overflow: hidden;'> <img style='width: 100%; height: auto; border: 1px solid rgba(150&comma;150&comma;150&comma;0.3); border-radius: 8px;' src='https:\/\/ftp3.syscom.mx\/usuarios\/fotos\/S20\/230077-captura_de_pantalla_2024-10-07_a_la(s)_9.58.19\u00ada.m..png' alt='Funcionalidades Yeastar S20'> <\/div>\n<div style='border: 1px solid rgba(150&comma;150&comma;150&comma;0.3); border-radius: 8px; overflow: hidden;'> <img style='width: 100%; height: auto; border: 1px solid rgba(150&comma;150&comma;150&comma;0.3); border-radius: 8px;' src='https:\/\/ftp3.syscom.mx\/usuarios\/fotos\/S20\/230077-powerful-remote-management.png' alt='Gesti\u00f3n remota Yeastar S20'> <\/div>\n<\/p><\/div>\n<hr style='border: 0; border-top: 1px solid rgba(150&comma; 150&comma; 150&comma; 0.3); margin: 30px 0;'>\n<h3 style='font-size: 22px; border-bottom: 2px solid currentColor; padding-bottom: 5px; margin-top: 0; color: inherit; opacity: 0.8;'>Compatibilidad con Equipos SIP<\/h3>\n<div style='display: flex; flex-wrap: wrap; gap: 30px; margin-top: 20px;'>\n<div style='flex: 1 1 300px; min-width: 280px;'>\n<ul style='padding-left: 20px; font-size: 15px; color: inherit;'>\n<li style='margin-bottom: 5px;'>FANVIL<\/li>\n<li style='margin-bottom: 5px;'>Grandstream<\/li>\n<li style='margin-bottom: 5px;'>Snom<\/li>\n<li style='margin-bottom: 5px;'>Yealink<\/li>\n<\/ul>\n<p style='font-size: 15px; margin-top: 10px; color: inherit;'>o cualquier dispositivo que maneje protocolo SIP abierto.<\/p>\n<\/p><\/div>\n<\/p><\/div>\n<\/p><\/div>\n","protected":false},"excerpt":{"rendered":"<p>Conmutador IP SIP Yeastar para PYMES \/ 20 extensiones\/ 10 llamadas simultaneas\/ 2 puertos FXO<\/p>\n","protected":false},"featured_media":92149,"comment_status":"open","ping_status":"closed","template":"","meta":[],"product_brand":[],"product_cat":[2028],"product_tag":[2029,2004,2145],"class_list":{"0":"post-92150","1":"product","2":"type-product","3":"status-publish","4":"has-post-thumbnail","6":"product_cat-conmutadores-ip","7":"product_tag-conmutadores-ip","8":"product_tag-voip-telefonia-ip-videoconferencia","9":"product_tag-yeastar","11":"first","12":"instock","13":"sale","14":"shipping-taxable","15":"purchasable","16":"product-type-simple"},"_links":{"self":[{"href":"https:\/\/soydeaqui.ddns.net\/pachuca\/index.php\/wp-json\/wp\/v2\/product\/92150","targetHints":{"allow":["GET"]}}],"collection":[{"href":"https:\/\/soydeaqui.ddns.net\/pachuca\/index.php\/wp-json\/wp\/v2\/product"}],"about":[{"href":"https:\/\/soydeaqui.ddns.net\/pachuca\/index.php\/wp-json\/wp\/v2\/types\/product"}],"replies":[{"embeddable":true,"href":"https:\/\/soydeaqui.ddns.net\/pachuca\/index.php\/wp-json\/wp\/v2\/comments?post=92150"}],"wp:featuredmedia":[{"embeddable":true,"href":"https:\/\/soydeaqui.ddns.net\/pachuca\/index.php\/wp-json\/wp\/v2\/media\/92149"}],"wp:attachment":[{"href":"https:\/\/soydeaqui.ddns.net\/pachuca\/index.php\/wp-json\/wp\/v2\/media?parent=92150"}],"wp:term":[{"taxonomy":"product_brand","embeddable":true,"href":"https:\/\/soydeaqui.ddns.net\/pachuca\/index.php\/wp-json\/wp\/v2\/product_brand?post=92150"},{"taxonomy":"product_cat","embeddable":true,"href":"https:\/\/soydeaqui.ddns.net\/pachuca\/index.php\/wp-json\/wp\/v2\/product_cat?post=92150"},{"taxonomy":"product_tag","embeddable":true,"href":"https:\/\/soydeaqui.ddns.net\/pachuca\/index.php\/wp-json\/wp\/v2\/product_tag?post=92150"}],"curies":[{"name":"wp","href":"https:\/\/api.w.org\/{rel}","templated":true}]}}