{"id":92148,"date":"2026-03-20T05:02:51","date_gmt":"2026-03-20T05:02:51","guid":{"rendered":"https:\/\/soydeaqui.ddns.net\/pachuca\/index.php\/producto\/extensor-poe-30-watts-entrada-1000-mbps-con-2-salidas-poe-30-watts-totales-de-salida-uso-interior-podemos-alimentar-2-camaras-ip\/"},"modified":"2026-03-20T05:02:53","modified_gmt":"2026-03-20T05:02:53","slug":"extensor-poe-30-watts-entrada-1000-mbps-con-2-salidas-poe-30-watts-totales-de-salida-uso-interior-podemos-alimentar-2-camaras-ip","status":"publish","type":"product","link":"https:\/\/soydeaqui.ddns.net\/pachuca\/index.php\/producto\/extensor-poe-30-watts-entrada-1000-mbps-con-2-salidas-poe-30-watts-totales-de-salida-uso-interior-podemos-alimentar-2-camaras-ip\/","title":{"rendered":"Extensor PoE+ (30 Watts Entrada) \/ 1000 Mbps con 2 Salidas PoE+ (30 Watts Totales de Salida) \/ Uso Interior \/ Podemos Alimentar 2 C\u00e1maras IP"},"content":{"rendered":"<div style='width: 100%; max-width: 1200px; margin: 0 auto; font-family: sans-serif; line-height: 1.6; color: inherit; background-color: transparent;'>\n<p style='text-align: center; margin: 0; padding: 20px 0;'> <img style='width: 100%; max-width: 450px; height: auto; border: 1px solid rgba(150&comma;150&comma;150&comma;0.3); border-radius: 8px;' src='https:\/\/ftp3.syscom.mx\/usuarios\/jsosa\/HIKVISION\/imagenes\/logo\/hikvision%20see%20far.png' alt='Logo Hikvision'> <\/p>\n<p> <!-- Secci\u00f3n de caracter\u00edsticas principales --> <\/p>\n<div style='display: flex; flex-wrap: wrap; gap: 30px; margin-bottom: 30px;'>\n<div style='flex: 1 1 300px; min-width: 280px;'>\n<h3 style='font-size: 22px; border-bottom: 2px solid currentColor; padding-bottom: 5px; margin-top: 0; color: inherit; opacity: 0.8;'>Caracter\u00edsticas Principales<\/h3>\n<ul style='padding-left: 20px; font-size: 15px; color: inherit;'>\n<li style='margin-bottom: 5px;'>Extensor PoE 10\/100\/1000<\/li>\n<li style='margin-bottom: 5px;'>Compatible con el est\u00e1ndar IEEE 802.3af\/at<\/li>\n<li style='margin-bottom: 5px;'>Proporciona una mayor distancia de transmisi\u00f3n y suministro de energ\u00eda<\/li>\n<li style='margin-bottom: 5px;'>Hasta 100 metros<\/li>\n<li style='margin-bottom: 5px;'>Plug and play&comma; no requiere configuraci\u00f3n<\/li>\n<li style='margin-bottom: 5px;'><strong>Tasa de reenv\u00edo de paquetes 4.46 MPPS<\/strong><\/li>\n<\/ul><\/div>\n<p> <!-- Secci\u00f3n de caracter\u00edsticas f\u00edsicas --> <\/p>\n<div style='flex: 1 1 300px; min-width: 280px;'>\n<h3 style='font-size: 22px; border-bottom: 2px solid currentColor; padding-bottom: 5px; margin-top: 0; color: inherit; opacity: 0.8;'>Caracter\u00edsticas F\u00edsicas y El\u00e9ctricas<\/h3>\n<ul style='padding-left: 20px; font-size: 15px; color: inherit;'>\n<li style='margin-bottom: 5px;'>1 puerto Gigabit PoE IN y 2 puertos Gigabit PoE OUT<\/li>\n<li style='margin-bottom: 5px;'>Potencia de salida PoE: 30 W<\/li>\n<li style='margin-bottom: 5px;'>Material: Pl\u00e1stico<\/li>\n<li style='margin-bottom: 5px;'>Dimensiones: 88.0 mm \u00d7 22.0 mm \u00d7 58.0 mm<\/li>\n<li style='margin-bottom: 5px;'>Peso: 0.058 kg<\/li>\n<\/ul><\/div>\n<\/p><\/div>\n<p> <!-- Secci\u00f3n de caracter\u00edsticas avanzadas --> <\/p>\n<div style='margin-bottom: 30px;'>\n<h3 style='font-size: 22px; border-bottom: 2px solid currentColor; padding-bottom: 5px; margin-top: 0; color: inherit; opacity: 0.8;'>Caracter\u00edsticas Avanzadas<\/h3>\n<div style='background-color: rgba(150&comma;150&comma;150&comma;0.05); border-radius: 8px; padding: 15px; margin-top: 15px;'>\n<p style='margin: 0;'>Los Switches PoE de Hikvision permiten al momento de utilizar un extensor PoE Hikvision modelo <a style='color: inherit; text-decoration: underline;' href='https:\/\/www.syscom.mx\/producto\/DS-3E0103DP-E-R-HIKVISION-230170.html'>DS-3E0103DP-E\/R<\/a> o <a style='color: inherit; text-decoration: underline;' href='https:\/\/www.syscom.mx\/producto\/DS-3E0503DP-E-R-HIKVISION-230171.html'>DS-3E0503DP-E\/R<\/a> alcanzar distancias de hasta <strong style='color: inherit;'>200 metros<\/strong><\/p>\n<\/p><\/div>\n<\/p><\/div>\n<p> <!-- Secci\u00f3n de consideraciones --> <\/p>\n<div style='margin-bottom: 30px;'>\n<h3 style='font-size: 22px; border-bottom: 2px solid currentColor; padding-bottom: 5px; margin-top: 0; color: inherit; opacity: 0.8;'>Consideraciones<\/h3>\n<ul style='padding-left: 20px; font-size: 15px; color: inherit; margin-top: 15px;'>\n<li style='margin-bottom: 5px;'>El extensor PoE solo soporta equipos que trabajen con el est\u00e1ndar PoE (IEEE 802.3af\/at)<\/li>\n<li style='margin-bottom: 5px;'>El extensor suministra PoE estandarizado (PoE Activo) no puede alimentar equipos que manejen PoE Pasivo<\/li>\n<li style='margin-bottom: 5px;'><strong>TASA DE REENVIO DE PAQUETES 4.46 Mpps<\/strong><\/li>\n<li style='margin-bottom: 5px;'>Si va a conectar c\u00e1mara&comma; considere el suministro que puede otorgar el Extensor por PoE para evaluar si cumple con las necesidades energ\u00e9ticas de las c\u00e1maras<\/li>\n<\/ul><\/div>\n<p> <!-- Secci\u00f3n de distancias modo extendido --> <\/p>\n<div style='margin-bottom: 30px;'>\n<h3 style='font-size: 22px; border-bottom: 2px solid currentColor; padding-bottom: 5px; margin-top: 0; color: inherit; opacity: 0.8;'>Distancias Modo Extendido<\/h3>\n<div style='margin-top: 15px;'> <img style='width: 100%; height: auto; border: 1px solid rgba(150&comma;150&comma;150&comma;0.3); border-radius: 8px;' src='https:\/\/ftp3.syscom.mx\/usuarios\/jsosa\/HIKVISION\/redes\/poeextended.PNG' alt='Distancias Modo Extendido'> <\/div>\n<\/p><\/div>\n<p> <!-- Secci\u00f3n de funcionamiento PoE Extended --> <\/p>\n<div style='margin-bottom: 30px;'>\n<h3 style='font-size: 22px; border-bottom: 2px solid currentColor; padding-bottom: 5px; margin-top: 0; color: inherit; opacity: 0.8;'>Funcionamiento PoE Extended<\/h3>\n<div style='background-color: rgba(150&comma;150&comma;150&comma;0.05); border-radius: 8px; padding: 15px; margin-top: 15px;'>\n<p style='margin: 0;'>Los Switches PoE de Hikvision permiten al momento de utilizar un extensor PoE Hikvision modelo <a style='color: inherit; text-decoration: underline;' href='https:\/\/www.syscom.mx\/producto\/DS-3E0103DP-E-R-HIKVISION-230170.html'>DS-3E0103DP-E\/R<\/a> o <a style='color: inherit; text-decoration: underline;' href='https:\/\/www.syscom.mx\/producto\/DS-3E0503DP-E-R-HIKVISION-230171.html'>DS-3E0503DP-E\/R<\/a> alcanzar distancias de hasta <strong style='color: inherit;'>200 metros<\/strong><\/p>\n<\/p><\/div>\n<\/p><\/div>\n<p> <!-- Imagen final --> <\/p>\n<div style='margin-bottom: 30px;'> <img style='width: 100%; height: auto; border: 1px solid rgba(150&comma;150&comma;150&comma;0.3); border-radius: 8px;' src='https:\/\/ftp3.syscom.mx\/usuarios\/emendoza\/elesbanmch\/HIKVISON\/IMAGENES\/extensorpoehik.png' alt='Funcionamiento PoE Extended'> <\/div>\n<\/p><\/div>\n","protected":false},"excerpt":{"rendered":"<p>Extensor PoE+ (30 Watts Entrada) \/ 1000 Mbps con 2 Salidas PoE+ (30 Watts Totales de Salida) \/ Uso Interior \/ Podemos Alimentar 2 C\u00e1maras IP<\/p>\n","protected":false},"featured_media":92147,"comment_status":"open","ping_status":"closed","template":"","meta":[],"product_brand":[],"product_cat":[1986],"product_tag":[54,664,1987],"class_list":{"0":"post-92148","1":"product","2":"type-product","3":"status-publish","4":"has-post-thumbnail","6":"product_cat-switches-poe","7":"product_tag-hikvision","8":"product_tag-networking","9":"product_tag-switches-poe","11":"first","12":"instock","13":"sale","14":"shipping-taxable","15":"purchasable","16":"product-type-simple"},"_links":{"self":[{"href":"https:\/\/soydeaqui.ddns.net\/pachuca\/index.php\/wp-json\/wp\/v2\/product\/92148","targetHints":{"allow":["GET"]}}],"collection":[{"href":"https:\/\/soydeaqui.ddns.net\/pachuca\/index.php\/wp-json\/wp\/v2\/product"}],"about":[{"href":"https:\/\/soydeaqui.ddns.net\/pachuca\/index.php\/wp-json\/wp\/v2\/types\/product"}],"replies":[{"embeddable":true,"href":"https:\/\/soydeaqui.ddns.net\/pachuca\/index.php\/wp-json\/wp\/v2\/comments?post=92148"}],"wp:featuredmedia":[{"embeddable":true,"href":"https:\/\/soydeaqui.ddns.net\/pachuca\/index.php\/wp-json\/wp\/v2\/media\/92147"}],"wp:attachment":[{"href":"https:\/\/soydeaqui.ddns.net\/pachuca\/index.php\/wp-json\/wp\/v2\/media?parent=92148"}],"wp:term":[{"taxonomy":"product_brand","embeddable":true,"href":"https:\/\/soydeaqui.ddns.net\/pachuca\/index.php\/wp-json\/wp\/v2\/product_brand?post=92148"},{"taxonomy":"product_cat","embeddable":true,"href":"https:\/\/soydeaqui.ddns.net\/pachuca\/index.php\/wp-json\/wp\/v2\/product_cat?post=92148"},{"taxonomy":"product_tag","embeddable":true,"href":"https:\/\/soydeaqui.ddns.net\/pachuca\/index.php\/wp-json\/wp\/v2\/product_tag?post=92148"}],"curies":[{"name":"wp","href":"https:\/\/api.w.org\/{rel}","templated":true}]}}