{"id":92118,"date":"2026-03-20T05:01:30","date_gmt":"2026-03-20T05:01:30","guid":{"rendered":"https:\/\/soydeaqui.ddns.net\/pachuca\/index.php\/producto\/unifi-express-ux-cloud-gateway-compacto-con-wifi-6-ejecuta-unifi-network-alimenta-una-red-completa-o-funciona-como-punto-de-acceso\/"},"modified":"2026-03-20T05:01:43","modified_gmt":"2026-03-20T05:01:43","slug":"unifi-express-ux-cloud-gateway-compacto-con-wifi-6-ejecuta-unifi-network-alimenta-una-red-completa-o-funciona-como-punto-de-acceso","status":"publish","type":"product","link":"https:\/\/soydeaqui.ddns.net\/pachuca\/index.php\/producto\/unifi-express-ux-cloud-gateway-compacto-con-wifi-6-ejecuta-unifi-network-alimenta-una-red-completa-o-funciona-como-punto-de-acceso\/","title":{"rendered":"UniFi Express UX Cloud Gateway Compacto con WiFi 6, Ejecuta UniFi Network, Alimenta una Red Completa o Funciona como Punto de Acceso"},"content":{"rendered":"<div style='width: 100%; max-width: 1200px; margin: 0 auto; font-family: sans-serif; line-height: 1.6; color: inherit; background-color: transparent;'> <!-- HERO con 2 videos + texto --> <\/p>\n<div style='display: flex; flex-wrap: wrap; gap: 30px; align-items: center; border: 1px solid rgba(150&comma;150&comma;150&comma;0.3); border-radius: 12px; padding: 20px; margin-bottom: 30px;'> <!-- Video 1 --> <\/p>\n<div style='flex: 1 1 260px; min-width: 240px;'> <video style='width: 100%; height: auto; border: 1px solid rgba(150&comma;150&comma;150&comma;0.3); border-radius: 8px; display: block;' autoplay muted loop playsinline preload='metadata'><source src='https:\/\/ftp3.syscom.mx\/usuarios\/adiaz\/Ubiquiti\/Imagenes\/UX\/UXloop.mp4' type='video\/mp4'><img src='https:\/\/ftp3.syscom.mx\/usuarios\/adiaz\/Ubiquiti\/Imagenes\/UX\/fallback.png' alt='Ubiquiti UX - video 1' style='width: 100%; height: auto; border: 1px solid rgba(150&comma;150&comma;150&comma;0.3); border-radius: 8px;'><\/video> <\/div>\n<p> <!-- Video 2 --> <\/p>\n<div style='flex: 1 1 260px; min-width: 240px;'> <video style='width: 100%; height: auto; border: 1px solid rgba(150&comma;150&comma;150&comma;0.3); border-radius: 8px; display: block;' autoplay muted loop playsinline preload='metadata'><source src='https:\/\/ftp3.syscom.mx\/usuarios\/adiaz\/Ubiquiti\/Imagenes\/UX\/UXloop.mp4' type='video\/mp4'><img src='https:\/\/ftp3.syscom.mx\/usuarios\/adiaz\/Ubiquiti\/Imagenes\/UX\/fallback.png' alt='Ubiquiti UX - video 2' style='width: 100%; height: auto; border: 1px solid rgba(150&comma;150&comma;150&comma;0.3); border-radius: 8px;'><\/video> <\/div>\n<p> <!-- Texto --> <\/p>\n<div style='flex: 1 1 360px; min-width: 280px;'>\n<h2 style='font-size: 22px; margin-top: 0; margin-bottom: 8px; color: inherit; opacity: 0.9;'>UniFi Express<\/h2>\n<div style='margin-bottom: 12px; font-weight: 600; color: inherit; opacity: 0.8;'>Modelo: <span style='font-weight: 700; opacity: 1;'>UX<\/span><\/div>\n<p style='margin: 0; color: inherit;'>Cloud Gateway compacto con WiFi 6. Ejecuta UniFi Network&comma; alimenta una red completa o funciona como punto de acceso.<\/p>\n<\/p><\/div>\n<\/p><\/div>\n<p> <!-- T\u00edtulo Especificaciones --> <\/p>\n<div style='text-align: center; margin: 40px 0 20px;'> <span style='font-size: 20px; font-weight: 700; border-bottom: 2px solid currentColor; padding-bottom: 5px; color: inherit;'>Especificaciones<\/span> <\/div>\n<p> <!-- Grid de tarjetas --> <\/p>\n<div style='display: flex; flex-wrap: wrap; gap: 20px; margin-bottom: 30px;'> <!-- Card: Caracter\u00edsticas principales --> <\/p>\n<div style='flex: 1 1 250px; border: 1px solid rgba(150&comma; 150&comma; 150&comma; 0.4); border-radius: 8px; overflow: hidden; display: flex; flex-direction: column;'>\n<div style='padding: 15px; border-bottom: 1px solid rgba(150&comma; 150&comma; 150&comma; 0.2); font-weight: bold; font-size: 18px; color: inherit;'>Caracter\u00edsticas principales<\/div>\n<div style='padding: 15px; color: inherit;'>\n<ul style='padding-left: 20px; margin: 0; font-size: 14px; list-style-type: disc;'>\n<li style='margin-bottom: 5px;'>Punto de acceso <strong>WiFi 6<\/strong> incorporado<\/li>\n<li style='margin-bottom: 5px;'><strong>Cobertura<\/strong> de hasta <strong>140 m\u00b2<\/strong> (1&comma;500 ft\u00b2)<\/li>\n<li style='margin-bottom: 5px;'>Hasta <strong>50 dispositivos WiFi conectados<\/strong>* (el rendimiento puede degradarse con funciones avanzadas)<\/li>\n<li style='margin-bottom: 5px;'>(1) Puerto WAN RJ45 GbE<\/li>\n<li style='margin-bottom: 5px;'>(1) Puerto LAN RJ45 GbE<\/li>\n<li style='margin-bottom: 5px;'>Pantalla de estado LCM de 0.96&#8242;<\/li>\n<li style='margin-bottom: 5px;'>Administra hasta 4 dispositivos UniFi adicionales cuando opera como Cloud Gateway<\/li>\n<\/ul><\/div>\n<\/p><\/div>\n<p> <!-- Card: F\u00edsicas y el\u00e9ctricas --> <\/p>\n<div style='flex: 1 1 250px; border: 1px solid rgba(150&comma; 150&comma; 150&comma; 0.4); border-radius: 8px; overflow: hidden; display: flex; flex-direction: column;'>\n<div style='padding: 15px; border-bottom: 1px solid rgba(150&comma; 150&comma; 150&comma; 0.2); font-weight: bold; font-size: 18px; color: inherit;'>Caracter\u00edsticas f\u00edsicas y el\u00e9ctricas<\/div>\n<div style='padding: 15px; color: inherit;'>\n<ul style='padding-left: 20px; margin: 0; font-size: 14px; list-style-type: disc;'>\n<li style='margin-bottom: 5px;'><strong>Dimensiones<\/strong>: 98 \u00d7 98 \u00d7 30 mm (3.6 \u00d7 3.6 \u00d7 1.2&#8242;)<\/li>\n<li style='margin-bottom: 5px;'><strong>Peso<\/strong>: 302 g (10.7 oz)<\/li>\n<li style='margin-bottom: 5px;'><strong>Material<\/strong>: policarbonato<\/li>\n<li style='margin-bottom: 5px;'><strong>Alimentaci\u00f3n<\/strong>: USB Tipo C 5 Vcc 3A (adaptador incluido)<\/li>\n<li style='margin-bottom: 5px;'><strong>Temperatura de operaci\u00f3n<\/strong>: \u221210 a 45 \u00b0C (14 a 113 \u00b0F)<\/li>\n<li style='margin-bottom: 5px;'><strong>Humedad de operaci\u00f3n<\/strong>: 5\u201395% sin condensaci\u00f3n<\/li>\n<\/ul><\/div>\n<\/p><\/div>\n<p> <!-- Card: Rendimiento --> <\/p>\n<div style='flex: 1 1 250px; border: 1px solid rgba(150&comma; 150&comma; 150&comma; 0.4); border-radius: 8px; overflow: hidden; display: flex; flex-direction: column;'>\n<div style='padding: 15px; border-bottom: 1px solid rgba(150&comma; 150&comma; 150&comma; 0.2); font-weight: bold; font-size: 18px; color: inherit;'>Rendimiento<\/div>\n<div style='padding: 15px; color: inherit;'>\n<ul style='padding-left: 20px; margin: 0; font-size: 14px; list-style-type: disc;'>\n<li style='margin-bottom: 5px;'><strong>Dispositivos UniFi soportados<\/strong>: hasta 4 (modo Cloud Gateway)<\/li>\n<li style='margin-bottom: 5px;'><strong>Usuarios simult\u00e1neos<\/strong>: hasta 50 (modo AP)<\/li>\n<li style='margin-bottom: 5px;'><strong>Puertos WAN<\/strong>: hasta 1<\/li>\n<li style='margin-bottom: 5px;'><strong>WAN por defecto<\/strong>: (1) RJ45 1 GbE<\/li>\n<li style='margin-bottom: 5px;'><strong>LAN<\/strong>: (1) RJ45 1 GbE<\/li>\n<\/ul><\/div>\n<\/p><\/div>\n<p> <!-- Card: Seguridad --> <\/p>\n<div style='flex: 1 1 250px; border: 1px solid rgba(150&comma; 150&comma; 150&comma; 0.4); border-radius: 8px; overflow: hidden; display: flex; flex-direction: column;'>\n<div style='padding: 15px; border-bottom: 1px solid rgba(150&comma; 150&comma; 150&comma; 0.2); font-weight: bold; font-size: 18px; color: inherit;'>Seguridad<\/div>\n<div style='padding: 15px; color: inherit;'>\n<ul style='padding-left: 20px; margin: 0; font-size: 14px; list-style-type: disc;'>\n<li style='margin-bottom: 5px;'>Firewall<\/li>\n<li style='margin-bottom: 5px;'>DPI e Identificaci\u00f3n de tr\u00e1fico<\/li>\n<li style='margin-bottom: 5px;'>Intrusion Prevention (IPS\/IDS)<\/li>\n<li style='margin-bottom: 5px;'>Ad Blocking<\/li>\n<li style='margin-bottom: 5px;'>Aislamiento de tr\u00e1fico<\/li>\n<\/ul><\/div>\n<\/p><\/div>\n<p> <!-- Card: Networking --> <\/p>\n<div style='flex: 1 1 250px; border: 1px solid rgba(150&comma; 150&comma; 150&comma; 0.4); border-radius: 8px; overflow: hidden; display: flex; flex-direction: column;'>\n<div style='padding: 15px; border-bottom: 1px solid rgba(150&comma; 150&comma; 150&comma; 0.2); font-weight: bold; font-size: 18px; color: inherit;'>Networking<\/div>\n<div style='padding: 15px; color: inherit;'>\n<ul style='padding-left: 20px; margin: 0; font-size: 14px; list-style-type: disc;'>\n<li style='margin-bottom: 5px;'>Ruteo din\u00e1mico OSPF<\/li>\n<li style='margin-bottom: 5px;'>QoS avanzado<\/li>\n<li style='margin-bottom: 5px;'>Servidor RADIUS integrado<\/li>\n<li style='margin-bottom: 5px;'>RADIUS sobre TLS (RadSec)<\/li>\n<li style='margin-bottom: 5px;'>Servidor DHCP<\/li>\n<li style='margin-bottom: 5px;'>IGMP Proxy<\/li>\n<\/ul><\/div>\n<\/p><\/div>\n<p> <!-- Card: WiFi --> <\/p>\n<div style='flex: 1 1 250px; border: 1px solid rgba(150&comma; 150&comma; 150&comma; 0.4); border-radius: 8px; overflow: hidden; display: flex; flex-direction: column;'>\n<div style='padding: 15px; border-bottom: 1px solid rgba(150&comma; 150&comma; 150&comma; 0.2); font-weight: bold; font-size: 18px; color: inherit;'>WiFi<\/div>\n<div style='padding: 15px; color: inherit;'>\n<ul style='padding-left: 20px; margin: 0; font-size: 14px; list-style-type: disc;'>\n<li style='margin-bottom: 5px;'><strong>802.11a\/b\/g\/n\/ac\/a<\/strong>x (WiFi 6)<\/li>\n<li style='margin-bottom: 5px;'>Hasta <strong>2.4 Gbps<\/strong> en <strong>5 GHz<\/strong> y <strong>573.5 Mbps<\/strong> en <strong>2.4 GHz<\/strong><\/li>\n<li style='margin-bottom: 5px;'>2 \u00d7 2 (DL\/UL MU-MIMO)<\/li>\n<li style='margin-bottom: 5px;'><strong>Ganancia de antena<\/strong>: 5.15 dBi (5 GHz) y 4 dBi (2.4 GHz)<\/li>\n<li style='margin-bottom: 5px;'><strong>BSSIDs m\u00e1ximos<\/strong>: 3 (modo Gateway) o 4 (modo AP)<\/li>\n<\/ul><\/div>\n<\/p><\/div>\n<\/p><\/div>\n<p> <!-- Accesorios --> <\/p>\n<div style='border: 1px solid rgba(150&comma;150&comma;150&comma;0.3); border-radius: 8px; padding: 20px; margin: 30px 0; text-align: center; max-width: 500px; margin-left: auto; margin-right: auto;'>\n<h3 style='margin: 0 0 15px; font-size: 18px; font-weight: 600; color: inherit; opacity: 0.9;'>Accesorios Recomendados<\/h3>\n<div style='display: flex; flex-wrap: wrap; gap: 15px; justify-content: center;'> <a href='https:\/\/www.syscom.mx\/producto\/UACC-UTS-UBIQUITI-243850.html' target='_blank' style='flex: 1 1 160px; min-width: 140px; text-decoration: none; color: inherit;'> <\/p>\n<div style='border: 1px solid rgba(150&comma;150&comma;150&comma;0.3); border-radius: 8px; padding: 12px; text-align: center;'> <img src='https:\/\/ftp3.syscom.mx\/usuarios\/adiaz\/Ubiquiti\/Imagenes\/UACCUTS\/uacc-uts-7.png' alt='UACC-UTS' style='width: 100%; max-width: 100px; height: auto; margin: 0 auto 8px;'> <\/p>\n<div style='font-weight: 600; font-size: 14px; color: inherit; opacity: 0.85;'>UACC-UTS<\/div>\n<\/p><\/div>\n<p> <\/a> <\/div>\n<\/p><\/div>\n<p> <!-- Contenido del paquete --> <\/p>\n<div style='border: 1px solid rgba(150&comma;150&comma;150&comma;0.3); border-radius: 8px; padding: 20px; margin: 30px 0; text-align: center;'>\n<h3 style='margin: 0 0 15px; font-size: 18px; font-weight: 600; color: inherit; opacity: 0.9;'>Contenido del Paquete<\/h3>\n<p> <img src='https:\/\/ftp3.syscom.mx\/usuarios\/adiaz\/Ubiquiti\/Imagenes\/UX\/contenido.png' alt='Contenido del Paquete UX' style='width: 100%; height: auto; border: 1px solid rgba(150&comma;150&comma;150&comma;0.3); border-radius: 8px;'> <\/div>\n<p> <!-- Separador final --> <\/p>\n<hr style='border: 0; border-top: 1px solid rgba(150&comma;150&comma;150&comma;0.3); margin: 40px 0;'> <\/div>\n","protected":false},"excerpt":{"rendered":"<p>UniFi Express UX Cloud Gateway Compacto con WiFi 6, Ejecuta UniFi Network, Alimenta una Red Completa o Funciona como Punto de Acceso<\/p>\n","protected":false},"featured_media":92117,"comment_status":"open","ping_status":"closed","template":"","meta":[],"product_brand":[],"product_cat":[2036,2035,2034],"product_tag":[2039,2038,664,2037,166],"class_list":{"0":"post-92118","1":"product","2":"type-product","3":"status-publish","4":"has-post-thumbnail","6":"product_cat-balanceadores","7":"product_cat-firewalls","8":"product_cat-routers","9":"product_tag-balanceadores","10":"product_tag-firewalls","11":"product_tag-networking","12":"product_tag-routers","13":"product_tag-ubiquiti","15":"first","16":"instock","17":"sale","18":"shipping-taxable","19":"purchasable","20":"product-type-simple"},"_links":{"self":[{"href":"https:\/\/soydeaqui.ddns.net\/pachuca\/index.php\/wp-json\/wp\/v2\/product\/92118","targetHints":{"allow":["GET"]}}],"collection":[{"href":"https:\/\/soydeaqui.ddns.net\/pachuca\/index.php\/wp-json\/wp\/v2\/product"}],"about":[{"href":"https:\/\/soydeaqui.ddns.net\/pachuca\/index.php\/wp-json\/wp\/v2\/types\/product"}],"replies":[{"embeddable":true,"href":"https:\/\/soydeaqui.ddns.net\/pachuca\/index.php\/wp-json\/wp\/v2\/comments?post=92118"}],"wp:featuredmedia":[{"embeddable":true,"href":"https:\/\/soydeaqui.ddns.net\/pachuca\/index.php\/wp-json\/wp\/v2\/media\/92117"}],"wp:attachment":[{"href":"https:\/\/soydeaqui.ddns.net\/pachuca\/index.php\/wp-json\/wp\/v2\/media?parent=92118"}],"wp:term":[{"taxonomy":"product_brand","embeddable":true,"href":"https:\/\/soydeaqui.ddns.net\/pachuca\/index.php\/wp-json\/wp\/v2\/product_brand?post=92118"},{"taxonomy":"product_cat","embeddable":true,"href":"https:\/\/soydeaqui.ddns.net\/pachuca\/index.php\/wp-json\/wp\/v2\/product_cat?post=92118"},{"taxonomy":"product_tag","embeddable":true,"href":"https:\/\/soydeaqui.ddns.net\/pachuca\/index.php\/wp-json\/wp\/v2\/product_tag?post=92118"}],"curies":[{"name":"wp","href":"https:\/\/api.w.org\/{rel}","templated":true}]}}