{"id":92105,"date":"2026-03-20T05:00:55","date_gmt":"2026-03-20T05:00:55","guid":{"rendered":"https:\/\/soydeaqui.ddns.net\/pachuca\/index.php\/producto\/ont-gpon-huawei-optixstar-wifi-doble-banda-2-4-5-ghz-2-puertos-lan-ge-conector-sc-apc-hasta-867-mbps\/"},"modified":"2026-03-20T05:01:17","modified_gmt":"2026-03-20T05:01:17","slug":"ont-gpon-huawei-optixstar-wifi-doble-banda-2-4-5-ghz-2-puertos-lan-ge-conector-sc-apc-hasta-867-mbps","status":"publish","type":"product","link":"https:\/\/soydeaqui.ddns.net\/pachuca\/index.php\/producto\/ont-gpon-huawei-optixstar-wifi-doble-banda-2-4-5-ghz-2-puertos-lan-ge-conector-sc-apc-hasta-867-mbps\/","title":{"rendered":"ONT GPON HUAWEI OptiXstar WiFi doble banda (2.4\/5 GHz), 2 puertos LAN GE, conector SC\/APC, hasta 867 Mbps"},"content":{"rendered":"<div style='width: 100%; max-width: 1200px; margin: 0 auto; font-family: sans-serif; line-height: 1.6; color: inherit; background-color: transparent;'>\n<div style='width: 100%; margin-bottom: 30px;'> <img style='width: 100%; height: auto; border: 1px solid rgba(150&comma;150&comma;150&comma;0.3); border-radius: 8px;' src='https:\/\/ftp3.syscom.mx\/usuarios\/orobles\/Huawei\/Huawei-horizontal-logo_2018.jpg' alt='Huawei Logo'> <\/div>\n<div style='display: flex; flex-wrap: wrap; gap: 30px; margin-bottom: 30px;'>\n<div style='flex: 1 1 300px; min-width: 280px;'>\n<h3 style='font-size: 22px; border-bottom: 2px solid currentColor; padding-bottom: 5px; margin-top: 0; color: inherit; opacity: 0.8;'>Descripci\u00f3n<\/h3>\n<p style='font-size: 15px; color: inherit; margin-top: 0; margin-bottom: 15px;'> La ONT Huawei EG8021V5 es un router en la soluci\u00f3n de acceso totalmente \u00f3ptico. Utiliza la tecnolog\u00eda GPON para implementar acceso de banda ultraancha para los usuarios. <\/p>\n<p style='font-size: 15px; color: inherit; margin-top: 0; margin-bottom: 15px;'> El alto rendimiento de reenv\u00edo garantiza la experiencia del usuario de los servicios de datos y proporciona a los clientes una soluci\u00f3n ideal de acceso totalmente \u00f3ptico y una capacidad de soporte de servicio orientada al futuro. <\/p>\n<\/p><\/div>\n<\/p><\/div>\n<div style='display: flex; flex-wrap: wrap; gap: 30px; margin-bottom: 30px;'>\n<div style='flex: 1 1 300px; min-width: 280px;'>\n<h3 style='font-size: 22px; border-bottom: 2px solid currentColor; padding-bottom: 5px; margin-top: 0; color: inherit; opacity: 0.8;'>Caracter\u00edsticas principales<\/h3>\n<ul style='padding-left: 20px; font-size: 15px; color: inherit; list-style-type: disc;'>\n<li style='margin-bottom: 5px;'>Servicio inteligente<\/li>\n<li style='margin-bottom: 5px;'>Interconexi\u00f3n inteligente<\/li>\n<li style='margin-bottom: 5px;'>Operaci\u00f3n y mantenimiento inteligente<\/li>\n<\/ul><\/div>\n<\/p><\/div>\n<div style='display: flex; flex-wrap: wrap; gap: 20px; margin-bottom: 30px;'>\n<div style='flex: 1 1 250px; border: 1px solid rgba(150&comma; 150&comma; 150&comma; 0.4); border-radius: 8px; overflow: hidden; display: flex; flex-direction: column;'>\n<div style='padding: 15px; border-bottom: 1px solid rgba(150&comma; 150&comma; 150&comma; 0.2); font-weight: bold; font-size: 18px; color: inherit;'>Caracter\u00edsticas t\u00e9cnicas<\/div>\n<div style='padding: 15px; color: inherit;'>\n<ul style='padding-left: 20px; margin: 0; font-size: 14px; list-style-type: disc;'>\n<li style='margin-bottom: 5px;'>WiFi 5 (doble banda)<\/li>\n<li style='margin-bottom: 5px;'>Mayor cobertura (menos visitas a sitio)<\/li>\n<li style='margin-bottom: 5px;'>No se reinicia por calentamiento<\/li>\n<li style='margin-bottom: 5px;'>2 antenas de 5 dBi<\/li>\n<li style='margin-bottom: 5px;'>Hasta 867 Mbps en WiFi<\/li>\n<li style='margin-bottom: 5px;'>Dimensiones (H x W x D): 30 x 155 x 105 mm<\/li>\n<li style='margin-bottom: 5px;'>Consumo standby: 4.6 W<\/li>\n<li style='margin-bottom: 5px;'>Consumo m\u00e1ximo: 11.6 W<\/li>\n<li style='margin-bottom: 5px;'>Peso: 196g<\/li>\n<li style='margin-bottom: 5px;'>Temperatura de operaci\u00f3n: 0\u00b0C a 40\u00b0C<\/li>\n<li style='margin-bottom: 5px;'>Adaptador de corriente: 100-240 Vac 50\/60 Hz<\/li>\n<li style='margin-bottom: 5px;'>Entrada del equipo: 12Vdc&comma; 1.5A<\/li>\n<li style='margin-bottom: 5px;'>Entrada \u00f3ptica: SC\/APC clase B+<\/li>\n<li style='margin-bottom: 5px;'>Velocidad m\u00e1xima: 300 Mbit\/s (2.4GHz) y 867 Mbit\/s (5GHz)<\/li>\n<li style='margin-bottom: 5px;'>2 puertos LAN Gigabit Ethernet<\/li>\n<\/ul><\/div>\n<\/p><\/div>\n<div style='flex: 1 1 250px; border: 1px solid rgba(150&comma; 150&comma; 150&comma; 0.4); border-radius: 8px; overflow: hidden; display: flex; flex-direction: column;'>\n<div style='padding: 15px; border-bottom: 1px solid rgba(150&comma; 150&comma; 150&comma; 0.2); font-weight: bold; font-size: 18px; color: inherit;'>Credenciales Superadmin<\/div>\n<div style='padding: 15px; color: inherit;'>\n<ul style='padding-left: 20px; margin: 0; font-size: 14px; list-style-type: disc;'>\n<li style='margin-bottom: 5px;'>Usuario: Epadmin<\/li>\n<li style='margin-bottom: 5px;'>Contrase\u00f1a: adminEp<\/li>\n<\/ul><\/div>\n<\/p><\/div>\n<\/p><\/div>\n<div style='position: relative; padding-bottom: 56.25%; height: 0; overflow: hidden; margin-bottom: 30px;'>   <\/div>\n<hr style='border: 0; border-top: 1px solid rgba(150&comma; 150&comma; 150&comma; 0.3); margin: 30px 0;'> <\/div>\n","protected":false},"excerpt":{"rendered":"<p>ONT GPON HUAWEI OptiXstar WiFi doble banda (2.4\/5 GHz), 2 puertos LAN GE, conector SC\/APC, hasta 867 Mbps<\/p>\n","protected":false},"featured_media":92104,"comment_status":"open","ping_status":"closed","template":"","meta":[],"product_brand":[],"product_cat":[2010],"product_tag":[718,2012,2011],"class_list":{"0":"post-92105","1":"product","2":"type-product","3":"status-publish","4":"has-post-thumbnail","6":"product_cat-onus-onts","7":"product_tag-huawei","8":"product_tag-onus-onts","9":"product_tag-redes-ftth-pon","11":"first","12":"instock","13":"sale","14":"shipping-taxable","15":"purchasable","16":"product-type-simple"},"_links":{"self":[{"href":"https:\/\/soydeaqui.ddns.net\/pachuca\/index.php\/wp-json\/wp\/v2\/product\/92105","targetHints":{"allow":["GET"]}}],"collection":[{"href":"https:\/\/soydeaqui.ddns.net\/pachuca\/index.php\/wp-json\/wp\/v2\/product"}],"about":[{"href":"https:\/\/soydeaqui.ddns.net\/pachuca\/index.php\/wp-json\/wp\/v2\/types\/product"}],"replies":[{"embeddable":true,"href":"https:\/\/soydeaqui.ddns.net\/pachuca\/index.php\/wp-json\/wp\/v2\/comments?post=92105"}],"wp:featuredmedia":[{"embeddable":true,"href":"https:\/\/soydeaqui.ddns.net\/pachuca\/index.php\/wp-json\/wp\/v2\/media\/92104"}],"wp:attachment":[{"href":"https:\/\/soydeaqui.ddns.net\/pachuca\/index.php\/wp-json\/wp\/v2\/media?parent=92105"}],"wp:term":[{"taxonomy":"product_brand","embeddable":true,"href":"https:\/\/soydeaqui.ddns.net\/pachuca\/index.php\/wp-json\/wp\/v2\/product_brand?post=92105"},{"taxonomy":"product_cat","embeddable":true,"href":"https:\/\/soydeaqui.ddns.net\/pachuca\/index.php\/wp-json\/wp\/v2\/product_cat?post=92105"},{"taxonomy":"product_tag","embeddable":true,"href":"https:\/\/soydeaqui.ddns.net\/pachuca\/index.php\/wp-json\/wp\/v2\/product_tag?post=92105"}],"curies":[{"name":"wp","href":"https:\/\/api.w.org\/{rel}","templated":true}]}}