{"id":92103,"date":"2026-03-20T05:00:49","date_gmt":"2026-03-20T05:00:49","guid":{"rendered":"https:\/\/soydeaqui.ddns.net\/pachuca\/index.php\/producto\/switch-poe-no-administrable-16-puertos-10-100-mbps-poe-2-puertos-1000-mbps-uplink-1-puerto-sfp-uplink-modo-extendido-hasta-300-metros-130-w\/"},"modified":"2026-03-20T05:00:51","modified_gmt":"2026-03-20T05:00:51","slug":"switch-poe-no-administrable-16-puertos-10-100-mbps-poe-2-puertos-1000-mbps-uplink-1-puerto-sfp-uplink-modo-extendido-hasta-300-metros-130-w","status":"publish","type":"product","link":"https:\/\/soydeaqui.ddns.net\/pachuca\/index.php\/producto\/switch-poe-no-administrable-16-puertos-10-100-mbps-poe-2-puertos-1000-mbps-uplink-1-puerto-sfp-uplink-modo-extendido-hasta-300-metros-130-w\/","title":{"rendered":"Switch PoE+ \/ No Administrable \/ 16 Puertos 10\/100 Mbps PoE+ \/ 2 Puertos 1000 Mbps Uplink \/ 1 Puerto SFP Uplink \/ Modo Extendido hasta 300 Metros \/ 130 W"},"content":{"rendered":"<div style='width: 100%; max-width: 1200px; margin: 0 auto; font-family: sans-serif; line-height: 1.6; color: inherit; background-color: transparent;'> <!-- Logo --> <\/p>\n<p style='text-align: center;'><br class='Apple-interchange-newline'><img style='width: 45%; height: auto; border: 1px solid rgba(150&comma;150&comma;150&comma;0.3); border-radius: 8px;' src='https:\/\/ftp3.syscom.mx\/usuarios\/jsosa\/HIKVISION\/imagenes\/logo\/hikvision%20see%20far.png' alt='Logo Hikvision'><\/p>\n<p> <!-- Videos --> <\/p>\n<div style='display: flex; flex-wrap: wrap; gap: 30px; margin: 30px 0;'>\n<div style='flex: 1 1 300px; min-width: 280px;'>\n<h3 style='font-size: 18px; border-bottom: 2px solid currentColor; padding-bottom: 5px; margin-top: 0; color: inherit; opacity: 0.8; text-align: center;'>Protege Contra Sobretension<\/h3>\n<div style='position: relative; padding-bottom: 56.25%; height: 0; overflow: hidden; margin-bottom: 15px;'>   <\/div>\n<\/p><\/div>\n<div style='flex: 1 1 300px; min-width: 280px;'>\n<h3 style='font-size: 18px; border-bottom: 2px solid currentColor; padding-bottom: 5px; margin-top: 0; color: inherit; opacity: 0.8; text-align: center;'>Funcion PoE Modo Extendido<\/h3>\n<div style='position: relative; padding-bottom: 56.25%; height: 0; overflow: hidden; margin-bottom: 15px;'>   <\/div>\n<\/p><\/div>\n<div style='flex: 1 1 300px; min-width: 280px;'>\n<h3 style='font-size: 18px; border-bottom: 2px solid currentColor; padding-bottom: 5px; margin-top: 0; color: inherit; opacity: 0.8; text-align: center;'>Modo Hi-PoE<\/h3>\n<div style='position: relative; padding-bottom: 56.25%; height: 0; overflow: hidden; margin-bottom: 15px;'>   <\/div>\n<\/p><\/div>\n<\/p><\/div>\n<p> <!-- Especificaciones --> <\/p>\n<div style='margin: 30px 0;'>\n<h2 style='font-size: 24px; border-bottom: 2px solid currentColor; padding-bottom: 5px; color: inherit; text-align: center;'>Especif\u00edcaciones<\/h2>\n<div style='display: flex; flex-wrap: wrap; gap: 30px; margin-top: 20px;'> <!-- Caracter\u00edsticas Principales --> <\/p>\n<div style='flex: 1 1 300px; min-width: 280px;'>\n<div style='border: 1px solid rgba(150&comma; 150&comma; 150&comma; 0.4); border-radius: 8px; overflow: hidden; display: flex; flex-direction: column;'>\n<div style='padding: 15px; border-bottom: 1px solid rgba(150&comma; 150&comma; 150&comma; 0.2); font-weight: bold; font-size: 16px; background: #df001e; color: #ffffff;'> Caracter\u00edsticas Principales <\/div>\n<div style='padding: 15px; color: inherit;'>\n<ul style='padding-left: 20px; margin: 0; font-size: 14px; list-style-type: disc;'>\n<li style='margin-bottom: 5px;'>Switch de escritorio de 16 puertos 10 \/ 100 Mbps PoE<\/li>\n<li style='margin-bottom: 5px;'>2 Puerto UPLINK 10 \/ 100 \/ 1000 Mbps<\/li>\n<li style='margin-bottom: 5px;'>1 Puerto SFP<\/li>\n<li style='margin-bottom: 5px;'>Modo Extendido HASTA 300 Metros<\/li>\n<li style='margin-bottom: 5px;'>Optimizaci\u00f3n de buffer para garantizar la transmisi\u00f3n de video<\/li>\n<li style='margin-bottom: 5px;'><strong>No cuenta con Interfaz web<\/strong><\/li>\n<li style='margin-bottom: 5px;'><strong>Tasa de reenvio de paquetes 5.36 MPPS<\/strong><\/li>\n<\/ul><\/div>\n<\/p><\/div>\n<\/p><\/div>\n<p> <!-- Caracter\u00edsticas F\u00edsicas y El\u00e9ctricas --> <\/p>\n<div style='flex: 1 1 300px; min-width: 280px;'>\n<div style='border: 1px solid rgba(150&comma; 150&comma; 150&comma; 0.4); border-radius: 8px; overflow: hidden; display: flex; flex-direction: column;'>\n<div style='padding: 15px; border-bottom: 1px solid rgba(150&comma; 150&comma; 150&comma; 0.2); font-weight: bold; font-size: 16px; background: #df001e; color: #ffffff;'> Caracter\u00edsticas F\u00edsicas y El\u00e9ctricas <\/div>\n<div style='padding: 15px; color: inherit;'>\n<ul style='padding-left: 20px; margin: 0; font-size: 14px; list-style-type: disc;'>\n<li style='margin-bottom: 5px;'>Capacidad m\u00e1xima de Watts: 130 W<\/li>\n<li style='margin-bottom: 5px;'>Administraci\u00f3n m\u00e1xima de Watts por puerto: 30 W<\/li>\n<li style='margin-bottom: 5px;'>16 puerto PoE 802.3af\/at<\/li>\n<li style='margin-bottom: 5px;'>Alimentaci\u00f3n: 100-240 V AC&comma; 2.5A (Incluye fuente de alimentaci\u00f3n)<\/li>\n<li style='margin-bottom: 5px;'>Dimensiones: 335.0 mm \u00d7 44.5 mm \u00d7 175.8 mm<\/li>\n<li style='margin-bottom: 5px;'>Peso: 2.58 Kg<\/li>\n<\/ul><\/div>\n<\/p><\/div>\n<\/p><\/div>\n<\/p><\/div>\n<\/p><\/div>\n<p> <!-- Caracter\u00edsticas Avanzadas --> <\/p>\n<div style='margin: 30px 0;'>\n<div style='border: 1px solid rgba(150&comma; 150&comma; 150&comma; 0.4); border-radius: 8px; overflow: hidden;'>\n<div style='padding: 15px; border-bottom: 1px solid rgba(150&comma; 150&comma; 150&comma; 0.2); font-weight: bold; font-size: 16px; background: #df001e; color: #ffffff;'> Caracter\u00edsticas Avanzadas <\/div>\n<div style='padding: 15px; color: inherit;'>\n<ul style='padding-left: 20px; margin: 0; font-size: 14px; list-style-type: disc;'>\n<li style='margin-bottom: 5px;'><strong>Modo extendido<\/strong> (Para habilitar el modo extendido es necesario mover el dip switch que se encuentra en la parte frontal) solo es funcional en los puertos 9-16<\/li>\n<\/ul><\/div>\n<\/p><\/div>\n<\/p><\/div>\n<p> <!-- Consideraciones --> <\/p>\n<div style='margin: 30px 0;'>\n<div style='border: 1px solid rgba(150&comma; 150&comma; 150&comma; 0.4); border-radius: 8px; overflow: hidden;'>\n<div style='padding: 15px; border-bottom: 1px solid rgba(150&comma; 150&comma; 150&comma; 0.2); font-weight: bold; font-size: 16px; background: #df001e; color: #ffffff;'> Consideraciones <\/div>\n<div style='padding: 15px; color: inherit;'>\n<ul style='padding-left: 20px; margin: 0; font-size: 14px; list-style-type: disc;'>\n<li style='margin-bottom: 5px;'><strong>Nota:<\/strong> Las distancias del modo extendido pueden variar seg\u00fan las condiciones de instalaci\u00f3n y los dispositivos utilizados&comma; es necesario usar cable UTP CAT 6 100% COBRE<\/li>\n<li style='margin-bottom: 5px;'>El modo extendido y el extensor PoE solo soportan equipos que trabajen con el est\u00e1ndar PoE (IEEE 802.3af\/at)<\/li>\n<li style='margin-bottom: 5px;'>El switch suministra PoE Estandarizado (PoE Activo) no puede alimentar equipos que manejen PoE Pasivo<\/li>\n<li style='margin-bottom: 5px;'><strong style='color: #e74c3c;'>NO montable en rack<\/strong><\/li>\n<\/ul><\/div>\n<\/p><\/div>\n<\/p><\/div>\n<p> <!-- Imagen Distancias Modo Extendido --> <\/p>\n<div style='margin: 30px 0; text-align: center;'>\n<h3 style='font-size: 18px; border-bottom: 2px solid currentColor; padding-bottom: 5px; margin-top: 0; margin-bottom: 20px; color: inherit; opacity: 0.8; text-align: center;'>Distancias Modo Extendido<\/h3>\n<p> <img style='width: 100%; height: auto; border: 1px solid rgba(150&comma;150&comma;150&comma;0.3); border-radius: 8px; max-width: 800px;' src='https:\/\/ftp3.syscom.mx\/usuarios\/jsosa\/HIKVISION\/redes\/poeextended.PNG' alt='Distancias Modo Extendido'> <\/div>\n<p> <!-- Funcionamiento PoE Extended --> <\/p>\n<div style='margin: 30px 0;'>\n<h3 style='font-size: 18px; border-bottom: 2px solid currentColor; padding-bottom: 5px; margin-top: 0; margin-bottom: 20px; color: inherit; opacity: 0.8; text-align: center;'>Funcionamiento PoE Extended<\/h3>\n<p style='margin-bottom: 20px; text-align: center;'>Los Switches PoE de Hikvision permiten al momento de utilizar un extensor PoE Hikvision modelo <a style='color: #0066cc; text-decoration: underline;' href='https:\/\/www.syscom.mx\/producto\/DS-3E0103DP-E-R-HIKVISION-230170.html' target='_blank'>DS-3E0103DP-E\/R<\/a> o <a style='color: #0066cc; text-decoration: underline;' href='https:\/\/www.syscom.mx\/producto\/DS-3E0503DP-E-R-HIKVISION-230171.html' target='_blank'>DS-3E0503DP-E\/R<\/a> alcanzar distancias de hasta <strong style='color: inherit;'>200 metros<\/strong><\/p>\n<p> <img style='width: 100%; height: auto; border: 1px solid rgba(150&comma;150&comma;150&comma;0.3); border-radius: 8px; max-width: 800px; margin: 0 auto; display: block;' src='https:\/\/ftp3.syscom.mx\/usuarios\/alexh\/Hikvision\/imagen\/Distancias.PNG' alt='Distancias PoE Extended'> <\/div>\n<\/p><\/div>\n","protected":false},"excerpt":{"rendered":"<p>Switch PoE+ \/ No Administrable \/ 16 Puertos 10\/100 Mbps PoE+ \/ 2 Puertos 1000 Mbps Uplink \/ 1 Puerto SFP Uplink \/ Modo Extendido hasta 300 Metros \/ 130 W<\/p>\n","protected":false},"featured_media":92102,"comment_status":"open","ping_status":"closed","template":"","meta":[],"product_brand":[],"product_cat":[1986],"product_tag":[54,664,1987],"class_list":{"0":"post-92103","1":"product","2":"type-product","3":"status-publish","4":"has-post-thumbnail","6":"product_cat-switches-poe","7":"product_tag-hikvision","8":"product_tag-networking","9":"product_tag-switches-poe","11":"first","12":"outofstock","13":"sale","14":"shipping-taxable","15":"purchasable","16":"product-type-simple"},"_links":{"self":[{"href":"https:\/\/soydeaqui.ddns.net\/pachuca\/index.php\/wp-json\/wp\/v2\/product\/92103","targetHints":{"allow":["GET"]}}],"collection":[{"href":"https:\/\/soydeaqui.ddns.net\/pachuca\/index.php\/wp-json\/wp\/v2\/product"}],"about":[{"href":"https:\/\/soydeaqui.ddns.net\/pachuca\/index.php\/wp-json\/wp\/v2\/types\/product"}],"replies":[{"embeddable":true,"href":"https:\/\/soydeaqui.ddns.net\/pachuca\/index.php\/wp-json\/wp\/v2\/comments?post=92103"}],"wp:featuredmedia":[{"embeddable":true,"href":"https:\/\/soydeaqui.ddns.net\/pachuca\/index.php\/wp-json\/wp\/v2\/media\/92102"}],"wp:attachment":[{"href":"https:\/\/soydeaqui.ddns.net\/pachuca\/index.php\/wp-json\/wp\/v2\/media?parent=92103"}],"wp:term":[{"taxonomy":"product_brand","embeddable":true,"href":"https:\/\/soydeaqui.ddns.net\/pachuca\/index.php\/wp-json\/wp\/v2\/product_brand?post=92103"},{"taxonomy":"product_cat","embeddable":true,"href":"https:\/\/soydeaqui.ddns.net\/pachuca\/index.php\/wp-json\/wp\/v2\/product_cat?post=92103"},{"taxonomy":"product_tag","embeddable":true,"href":"https:\/\/soydeaqui.ddns.net\/pachuca\/index.php\/wp-json\/wp\/v2\/product_tag?post=92103"}],"curies":[{"name":"wp","href":"https:\/\/api.w.org\/{rel}","templated":true}]}}