{"id":92097,"date":"2026-03-20T05:00:33","date_gmt":"2026-03-20T05:00:33","guid":{"rendered":"https:\/\/soydeaqui.ddns.net\/pachuca\/index.php\/producto\/punto-de-acceso-exterior-wi-fi-6-de-6-3-gbps-para-350-usuarios-mu-mimo-4x4-adopcion-facil-por-bluetooth-para-interior-montaje-rapido-quickmount-para-techo-o-tubo-dpi-para-bloqueo-de\/"},"modified":"2026-03-20T05:00:45","modified_gmt":"2026-03-20T05:00:45","slug":"punto-de-acceso-exterior-wi-fi-6-de-6-3-gbps-para-350-usuarios-mu-mimo-4x4-adopcion-facil-por-bluetooth-para-interior-montaje-rapido-quickmount-para-techo-o-tubo-dpi-para-bloqueo-de","status":"publish","type":"product","link":"https:\/\/soydeaqui.ddns.net\/pachuca\/index.php\/producto\/punto-de-acceso-exterior-wi-fi-6-de-6-3-gbps-para-350-usuarios-mu-mimo-4x4-adopcion-facil-por-bluetooth-para-interior-montaje-rapido-quickmount-para-techo-o-tubo-dpi-para-bloqueo-de\/","title":{"rendered":"Punto de Acceso Exterior Wi-Fi 6 de 6.3 Gbps para 350 Usuarios \/ MU-MIMO 4X4 \/ Adopci\u00f3n F\u00e1cil por Bluetooth \/ Para Interior \/ Montaje R\u00e1pido QuickMount\u2122 para Techo o Tubo \/ DPI para Bloqueo de Aplicaciones \/ Compatible con la Pl"},"content":{"rendered":"<div style='width: 100%; max-width: 1200px; margin: 0 auto; font-family: sans-serif; line-height: 1.6; color: inherit; background-color: transparent;'>\n<div style='display: flex; flex-wrap: wrap; gap: 30px; margin-bottom: 30px;'>\n<div style='flex: 1 1 300px; min-width: 280px;'>\n<div style='display: flex; flex-direction: column; gap: 30px;'> <img style='width: 100%; height: auto; border: 1px solid rgba(150&comma;150&comma;150&comma;0.3); border-radius: 8px;' src='https:\/\/ftp3.syscom.mx\/usuarios\/fotos\/AP6PROOUTDOOR\/229446-out.png' alt=''> <\/p>\n<div>\n<h3 style='font-size: 22px; border-bottom: 2px solid currentColor; padding-bottom: 5px; margin-top: 0; color: inherit; opacity: 0.8;'>AP6-PRO-OUTDOOR<\/h3>\n<p style='font-size: 15px; color: inherit;'>El AP6-Pro Outdoor es un punto de acceso WiFi 6 omnidireccional que ofrece cobertura en todas las direcciones. El dise\u00f1o frontal es similar al de nuestros elegantes puntos de acceso para interiores&comma; pero la parte posterior cuenta con un soporte para poste integrado.<\/p>\n<p style='font-size: 15px; color: inherit;'>Tambi\u00e9n se incluye un adaptador para montaje en pared para una f\u00e1cil instalaci\u00f3n en una pared exterior. El AP6-Pro Outdoor se alimenta a trav\u00e9s de Ethernet para una instalaci\u00f3n sencilla y limpia. El AP funciona con la plataforma Alta Management y la aplicaci\u00f3n m\u00f3vil Alta Networks para una f\u00e1cil administraci\u00f3n y configuraci\u00f3n desde cualquier parte del mundo.<\/p>\n<\/p><\/div>\n<\/p><\/div>\n<\/p><\/div>\n<div style='flex: 1 1 300px; min-width: 280px;'>\n<div style='display: flex; flex-direction: column; gap: 30px;'> <img style='width: 100%; height: auto; border: 1px solid rgba(150&comma;150&comma;150&comma;0.3); border-radius: 8px;' src='https:\/\/ftp3.syscom.mx\/usuarios\/fotos\/AP6PROOUTDOOR\/229446-out1_copia.png' alt=''> <\/p>\n<div>\n<h3 style='font-size: 22px; border-bottom: 2px solid currentColor; padding-bottom: 5px; margin-top: 0; color: inherit; opacity: 0.8;'>Protecci\u00f3n IP68 contra intemperie<\/h3>\n<p style='font-size: 15px; color: inherit;'>El AP6-Pro Outdoor tiene clasificaci\u00f3n IP68&comma; lo que ofrece m\u00e1xima protecci\u00f3n contra el medio ambiente. Puede estar seguro de que sus puntos de acceso AP6-Pro Outdoor pueden soportar la exposici\u00f3n a las condiciones clim\u00e1ticas durante todo el a\u00f1o.<\/p>\n<p style='font-size: 15px; color: inherit;'>Dise\u00f1ado para soportar entornos hostiles con una temperatura de funcionamiento de -40 a 70 \u00b0C (-40 a 158 \u00b0F).<\/p>\n<\/p><\/div>\n<\/p><\/div>\n<\/p><\/div>\n<div style='flex: 1 1 300px; min-width: 280px;'>\n<div style='display: flex; flex-direction: column; gap: 30px;'> <img style='width: 100%; height: auto; border: 1px solid rgba(150&comma;150&comma;150&comma;0.3); border-radius: 8px;' src='https:\/\/ftp3.syscom.mx\/usuarios\/fotos\/AP6PROOUTDOOR\/229446-out3_copia.png' alt=''> <\/p>\n<div>\n<h3 style='font-size: 22px; border-bottom: 2px solid currentColor; padding-bottom: 5px; margin-top: 0; color: inherit; opacity: 0.8;'>Conectividad Omnidireccional + Conexi\u00f3n MESH<\/h3>\n<p style='font-size: 15px; color: inherit;'>El AP6-Pro Outdoor cuenta con una antena omnidireccional que permite la conectividad WiFi en todas las direcciones.<\/p>\n<p style='font-size: 15px; color: inherit;'>Al incorporar tecnolog\u00eda Mesh&comma; el AP6-Pro Outdoor se puede utilizar para ampliar su red WiFi a \u00e1reas que pueden resultar dif\u00edciles o inaccesibles con Ethernet por cable.<\/p>\n<\/p><\/div>\n<\/p><\/div>\n<\/p><\/div>\n<div style='flex: 1 1 300px; min-width: 280px;'>\n<div style='display: flex; flex-direction: column; gap: 30px;'> <img style='width: 100%; height: auto; border: 1px solid rgba(150&comma;150&comma;150&comma;0.3); border-radius: 8px;' src='https:\/\/ftp3.syscom.mx\/usuarios\/fotos\/AP6\/218649-app_copia.png' alt=''> <\/p>\n<div>\n<h3 style='font-size: 22px; border-bottom: 2px solid currentColor; padding-bottom: 5px; margin-top: 0; color: inherit; opacity: 0.8;'>Aplicaci\u00f3n M\u00f3vil<\/h3>\n<p style='font-size: 15px; color: inherit;'>Monitorea y administra tus redes desde la comodidad de tu dispositivo m\u00f3vil con la aplicaci\u00f3n Alta Networks. Reg\u00edstrate para obtener una cuenta de Alta Labs usando solo tu nombre&comma; correo electr\u00f3nico y contrase\u00f1a o inicia sesi\u00f3n con tu cuenta de Google o Apple.<\/p>\n<\/p><\/div>\n<\/p><\/div>\n<\/p><\/div>\n<div style='flex: 1 1 300px; min-width: 280px;'>\n<div style='display: flex; flex-direction: column; gap: 30px;'> <img style='width: 100%; height: auto; border: 1px solid rgba(150&comma;150&comma;150&comma;0.3); border-radius: 8px;' src='https:\/\/ftp3.syscom.mx\/usuarios\/fotos\/ROUTE10\/232311-filtrado.png' alt=''> <\/p>\n<div>\n<h3 style='font-size: 22px; border-bottom: 2px solid currentColor; padding-bottom: 5px; margin-top: 0; color: inherit; opacity: 0.8;'>Filtrado Avanzado: motor DPI<\/h3>\n<p style='font-size: 15px; color: inherit;'>Los puntos de acceso de Alta Labs cuentan con un potente motor de inspecci\u00f3n profunda de paquetes (DPI) integrado. Al incorporar esta funci\u00f3n directamente en los puntos de acceso&comma; no es necesario comprar hardware adicional para aprovechar esta potente herramienta.<\/p>\n<ul style='padding-left: 20px; font-size: 15px; list-style-type: disc; color: inherit;'>\n<li style='margin-bottom: 5px;'>Restrinja el acceso a sitios web&comma; aplicaciones o tipos de aplicaciones. Las configuraciones de filtro se aplican f\u00e1cilmente en la interfaz de administraci\u00f3n web de Alta Labs. Seleccione aplicaciones o tipos de aplicaciones en el men\u00fa desplegable Bloquear aplicaciones. Bloquee sitios web escribiendo sus nombres de dominio en el campo Bloquear dominios<\/li>\n<li style='margin-bottom: 5px;'>Seleccione aplicaciones o tipos de aplicaciones en el men\u00fa desplegable Bloquear aplicaciones.<\/li>\n<li style='margin-bottom: 5px;'>Bloquee sitios web ingresando sus nombres de dominio en el campo Bloquear dominios.<\/li>\n<\/ul><\/div>\n<\/p><\/div>\n<\/p><\/div>\n<\/p><\/div>\n<hr style='border: 0; border-top: 1px solid rgba(150&comma; 150&comma; 150&comma; 0.3); margin: 30px 0;'>\n<div style='display: flex; flex-wrap: wrap; gap: 20px; margin-bottom: 30px;'>\n<div style='flex: 1 1 250px; border: 1px solid rgba(150&comma; 150&comma; 150&comma; 0.4); border-radius: 8px; overflow: hidden; display: flex; flex-direction: column;'>\n<div style='padding: 15px; border-bottom: 1px solid rgba(150&comma; 150&comma; 150&comma; 0.2); font-weight: bold; font-size: 18px; color: inherit;'>Especificaciones<\/div>\n<div style='padding: 15px; color: inherit;'>\n<ul style='padding-left: 20px; margin: 0; font-size: 14px; list-style-type: disc;'>\n<li style='margin-bottom: 5px;'><strong>Dimensiones:<\/strong> 210 x 150 x 90 mm.<\/li>\n<li style='margin-bottom: 5px;'><strong>Puertos:<\/strong> (1) Puerto 10\/100\/1000 Mbps RJ45<\/li>\n<li style='margin-bottom: 5px;'><strong>Boton Reset:<\/strong> Si<\/li>\n<li style='margin-bottom: 5px;'><strong>Alimentaci\u00f3n:<\/strong> PoE 802.3 at 48 Vcc \/ 0.5A<br \/>Consumo m\u00e1x: 25W<\/li>\n<li style='margin-bottom: 5px;'><strong>Antenas:<\/strong> 2.4 GHz: hasta 3.3 dBi<br \/>5 GHz: hasta 4.3 dBi<\/li>\n<li style='margin-bottom: 5px;'><strong>Montaje:<\/strong> Techo\/Tubo (kit incluido)<\/li>\n<li style='margin-bottom: 5px;'><strong>Protecci\u00f3n:<\/strong> IP68<\/li>\n<li style='margin-bottom: 5px;'><strong>Gestion web:<\/strong> Mediante la paltaforma en la nube GRATUITA: <a style='color: inherit; text-decoration: underline;' href='https:\/\/manage.alta.inc\/'>P\u00e1gina Alta Labs<\/a><\/li>\n<li style='margin-bottom: 5px;'><strong>Garant\u00eda:<\/strong> 3 a\u00f1os<\/li>\n<\/ul><\/div>\n<\/p><\/div>\n<div style='flex: 1 1 250px; border: 1px solid rgba(150&comma; 150&comma; 150&comma; 0.4); border-radius: 8px; overflow: hidden; display: flex; flex-direction: column;'>\n<div style='padding: 15px; border-bottom: 1px solid rgba(150&comma; 150&comma; 150&comma; 0.2); font-weight: bold; font-size: 18px; color: inherit;'>Caracter\u00edsticas<\/div>\n<div style='padding: 15px; color: inherit;'>\n<ul style='padding-left: 20px; margin: 0; font-size: 14px; list-style-type: disc;'>\n<li style='margin-bottom: 5px;'><strong>Estandares inal\u00e1mbricos:<\/strong> IEEE 802.11 ax\/ac\/n\/b\/g\/a<\/li>\n<li style='margin-bottom: 5px;'><strong>Potencia de transmisi\u00f3n:<\/strong> 2.4 GHz: 23 dBm \/ 5 GHz: 26 dBm<\/li>\n<li style='margin-bottom: 5px;'><strong>Temperatura de operaci\u00f3n:<\/strong> -40 &#8211; 70\u00b0 C<\/li>\n<li style='margin-bottom: 5px;'><strong>Certificaciones:<\/strong> CE&comma; FCC&comma; IC<\/li>\n<\/ul><\/div>\n<\/p><\/div>\n<div style='flex: 1 1 250px; border: 1px solid rgba(150&comma; 150&comma; 150&comma; 0.4); border-radius: 8px; overflow: hidden; display: flex; flex-direction: column;'>\n<div style='padding: 15px; border-bottom: 1px solid rgba(150&comma; 150&comma; 150&comma; 0.2); font-weight: bold; font-size: 18px; color: inherit;'>Otros<\/div>\n<div style='padding: 15px; color: inherit;'>\n<ul style='padding-left: 20px; margin: 0; font-size: 14px; list-style-type: disc;'>\n<li style='margin-bottom: 5px;'>Multiples SSID<\/li>\n<li style='margin-bottom: 5px;'>Diferentes Niveles de seguridad<\/li>\n<li style='margin-bottom: 5px;'>Soporta MESH<\/li>\n<li style='margin-bottom: 5px;'>Usuarios Concurrentes: 350<\/li>\n<li style='margin-bottom: 5px;'>Programaci\u00f3n Inteligente WiFi<\/li>\n<li style='margin-bottom: 5px;'>VLAN<\/li>\n<li style='margin-bottom: 5px;'>QoS Avanzado<\/li>\n<li style='margin-bottom: 5px;'>Filtrado Avanzado DPI<\/li>\n<li style='margin-bottom: 5px;'>Contrase\u00f1as AltaPass para el SSID<\/li>\n<\/ul><\/div>\n<\/p><\/div>\n<div style='flex: 1 1 250px; border: 1px solid rgba(150&comma; 150&comma; 150&comma; 0.4); border-radius: 8px; overflow: hidden; display: flex; flex-direction: column;'>\n<div style='padding: 15px; border-bottom: 1px solid rgba(150&comma; 150&comma; 150&comma; 0.2); font-weight: bold; font-size: 18px; color: inherit;'>Contenido del Paquete<\/div>\n<div style='padding: 15px; color: inherit;'>\n<ul style='padding-left: 20px; margin: 0; font-size: 14px; list-style-type: disc;'>\n<li style='margin-bottom: 5px;'>AP6-PRO-OUTDOOR<\/li>\n<li style='margin-bottom: 5px;'>Kit de montaje pared\/techo<\/li>\n<li style='margin-bottom: 5px; color: #c0392b;'>No incluye Inyector: Recomendar el modelo: <a style='color: #c0392b; text-decoration: underline;' href='https:\/\/www.syscom.mx\/producto\/INJECTOR-POE+-ALTA-LABS-229193.html'>INJECTOR-PoE+<\/a><\/li>\n<\/ul><\/div>\n<\/p><\/div>\n<\/p><\/div>\n<\/p><\/div>\n","protected":false},"excerpt":{"rendered":"<p>Punto de Acceso Exterior Wi-Fi 6 de 6.3 Gbps para 350 Usuarios \/ MU-MIMO 4X4 \/ Adopci\u00f3n F\u00e1cil por Bluetooth \/ Para Interior \/ Montaje R\u00e1pido QuickMount\u2122 para Techo o Tubo \/ DPI para Bloqueo de Aplicaciones \/ Compatible con la Pl<\/p>\n","protected":false},"featured_media":92096,"comment_status":"open","ping_status":"closed","template":"","meta":[],"product_brand":[],"product_cat":[1794],"product_tag":[2148,1795,1479],"class_list":{"0":"post-92097","1":"product","2":"type-product","3":"status-publish","4":"has-post-thumbnail","6":"product_cat-puntos-de-acceso","7":"product_tag-alta-labs","8":"product_tag-puntos-de-acceso","9":"product_tag-redes-wifi","11":"first","12":"instock","13":"sale","14":"shipping-taxable","15":"purchasable","16":"product-type-simple"},"_links":{"self":[{"href":"https:\/\/soydeaqui.ddns.net\/pachuca\/index.php\/wp-json\/wp\/v2\/product\/92097","targetHints":{"allow":["GET"]}}],"collection":[{"href":"https:\/\/soydeaqui.ddns.net\/pachuca\/index.php\/wp-json\/wp\/v2\/product"}],"about":[{"href":"https:\/\/soydeaqui.ddns.net\/pachuca\/index.php\/wp-json\/wp\/v2\/types\/product"}],"replies":[{"embeddable":true,"href":"https:\/\/soydeaqui.ddns.net\/pachuca\/index.php\/wp-json\/wp\/v2\/comments?post=92097"}],"wp:featuredmedia":[{"embeddable":true,"href":"https:\/\/soydeaqui.ddns.net\/pachuca\/index.php\/wp-json\/wp\/v2\/media\/92096"}],"wp:attachment":[{"href":"https:\/\/soydeaqui.ddns.net\/pachuca\/index.php\/wp-json\/wp\/v2\/media?parent=92097"}],"wp:term":[{"taxonomy":"product_brand","embeddable":true,"href":"https:\/\/soydeaqui.ddns.net\/pachuca\/index.php\/wp-json\/wp\/v2\/product_brand?post=92097"},{"taxonomy":"product_cat","embeddable":true,"href":"https:\/\/soydeaqui.ddns.net\/pachuca\/index.php\/wp-json\/wp\/v2\/product_cat?post=92097"},{"taxonomy":"product_tag","embeddable":true,"href":"https:\/\/soydeaqui.ddns.net\/pachuca\/index.php\/wp-json\/wp\/v2\/product_tag?post=92097"}],"curies":[{"name":"wp","href":"https:\/\/api.w.org\/{rel}","templated":true}]}}