{"id":92089,"date":"2026-03-20T05:00:10","date_gmt":"2026-03-20T05:00:10","guid":{"rendered":"https:\/\/soydeaqui.ddns.net\/pachuca\/index.php\/producto\/switch-gigabit-no-administrable-poe-8-puertos-10-100-1000-mbps-poe-2-puertos-sfp-uplink-124w\/"},"modified":"2026-03-20T05:00:21","modified_gmt":"2026-03-20T05:00:21","slug":"switch-gigabit-no-administrable-poe-8-puertos-10-100-1000-mbps-poe-2-puertos-sfp-uplink-124w","status":"publish","type":"product","link":"https:\/\/soydeaqui.ddns.net\/pachuca\/index.php\/producto\/switch-gigabit-no-administrable-poe-8-puertos-10-100-1000-mbps-poe-2-puertos-sfp-uplink-124w\/","title":{"rendered":"Switch Gigabit No Administrable PoE \/ 8 puertos 10\/100\/1000 Mbps (PoE) \/ 2 Puertos SFP Uplink \/ 124W"},"content":{"rendered":"<div style='width: 100%; max-width: 1200px; margin: 0 auto; font-family: sans-serif; line-height: 1.6; color: inherit; background-color: transparent;'>\n<div style='margin-bottom: 30px;'>\n<div style='width: 100%;'>\n<div style='text-align: justify; padding: 15px; color: inherit; font-size: 15px;'>Los switches de la serie eKitEngine S110 de Huawei (abreviado S110) son switches no gestionados. Toda la serie adopta un dise\u00f1o de apariencia cristalina totalmente nuevo con grandes impactos visuales&comma; ganando por s\u00ed mismo el premio alem\u00e1n Red Dot Design Award 2022. Las nuevas combinaciones de colores Silk White y Silver Frost son cada vez m\u00e1s populares. Adem\u00e1s&comma; el ic\u00f3nico logotipo de Huawei en los switches de la serie eKitEngine S110 les da un aspecto m\u00e1s refrescante. Por lo tanto&comma; los Switches eKitEngine serie S110 pueden utilizarse ampliamente en escenarios de acceso&comma; como empresas SOHO&comma; y en entornos de oficinas remotas.<\/div>\n<\/p><\/div>\n<\/p><\/div>\n<div style='display: flex; flex-wrap: wrap; gap: 30px; margin-bottom: 30px;'>\n<div style='flex: 1 1 300px; min-width: 280px;'>\n<h3 style='font-size: 22px; border-bottom: 2px solid currentColor; padding-bottom: 5px; margin-top: 0; color: inherit; opacity: 0.8;'>Caracter\u00edsticas Generales<\/h3>\n<ul style='padding-left: 20px; font-size: 15px; color: inherit;'>\n<li style='margin-bottom: 5px;'>Capacidad de Switching 20 Gbps.<\/li>\n<li style='margin-bottom: 5px;'>Tasa de reenvio: 14.88 Mpps.<\/li>\n<li style='margin-bottom: 5px;'>Puertos: 8 x 10\/100\/1000BASE-T&comma; 1 xGE SFP<\/li>\n<li style='margin-bottom: 5px;'>Puertos PoE: 8 PoE af.<\/li>\n<li style='margin-bottom: 5px;'>PoE de hasta 124W.<\/li>\n<\/ul><\/div>\n<div style='flex: 1 1 300px; min-width: 280px;'>\n<h3 style='font-size: 22px; border-bottom: 2px solid currentColor; padding-bottom: 5px; margin-top: 0; color: inherit; opacity: 0.8;'>Especificaciones El\u00e9ctricas y F\u00edsicas<\/h3>\n<ul style='padding-left: 20px; font-size: 15px; color: inherit;'>\n<li style='margin-bottom: 5px;'>Dimensiones (Altura&comma; ancho y largo) 35 mm x 210 mm x 130 mm<\/li>\n<li style='margin-bottom: 5px;'>Peso: 0.40 kg.<\/li>\n<li style='margin-bottom: 5px;'>Alimentaci\u00f3n el\u00e9ctrica: 12Vcc<\/li>\n<li style='margin-bottom: 5px;'>M\u00e1ximo consumo el\u00e9ctrico sin PoE: 10W.<\/li>\n<li style='margin-bottom: 5px;'>M\u00e1ximo consumo el\u00e9ctrico con PoE: 158W.<\/li>\n<li style='margin-bottom: 5px;'>Temperatura de operaci\u00f3n: 0\u00b0C a 40\u00b0C.<\/li>\n<li style='margin-bottom: 5px; font-weight: bold;'>Contenido del Paquete<\/li>\n<li style='margin-bottom: 5px;'>1 S110-8P2STP.<\/li>\n<li style='margin-bottom: 5px;'>Manual de Instalaci\u00f3n.<\/li>\n<li style='margin-bottom: 5px;'>Cable el\u00e9ctrico AC.<\/li>\n<\/ul><\/div>\n<\/p><\/div>\n<hr style='border: 0; border-top: 1px solid rgba(150&comma; 150&comma; 150&comma; 0.3); margin: 30px 0;'>\n<h2 style='font-size: 24px; margin-top: 30px; margin-bottom: 20px; color: inherit;'>Escenarios de Aplicaci\u00f3n<\/h2>\n<div style='margin-bottom: 30px;'>\n<div style='margin-bottom: 20px;'>\n<h3 style='font-size: 20px; margin-top: 20px; margin-bottom: 10px; color: inherit;'>Escenario Oficina<\/h3>\n<p> <img style='width: 100%; height: auto; border: 1px solid rgba(150&comma;150&comma;150&comma;0.3); border-radius: 8px;' src='https:\/\/ftp3.syscom.mx\/usuarios\/fotos\/AP362\/223796-captura_de_pantalla_2023-12-06_a_la(s)_17.12.01.png' alt='Escenario Oficina'> <\/p>\n<h4 style='font-size: 18px; margin-top: 15px; margin-bottom: 10px; color: inherit;'>Equipos Recomendados:<\/h4>\n<div style='margin-left: 15px;'>\n<p style='margin: 10px 0 5px 0; font-weight: bold; color: inherit;'>Routers:<\/p>\n<ul style='padding-left: 20px; font-size: 14px; color: inherit; list-style-type: disc;'>\n<li style='margin-bottom: 5px;'><a style='color: #ed0000; text-decoration: none;' href='https:\/\/www.syscom.mx\/principal\/searchcont?route=S380-L4T1T-HUAWEI-eKIT-223814&#038;autodetect=ekit'>S380-L4T1T<\/a><\/li>\n<li style='margin-bottom: 5px;'><a style='color: #ed0000; text-decoration: none;' href='https:\/\/www.syscom.mx\/principal\/searchcont?route=S380-S8P2T-HUAWEI-eKIT-223817&#038;autodetect=ekit'>S380-S8P2T<\/a><\/li>\n<li style='margin-bottom: 5px;'><a style='color: #ed0000; text-decoration: none;' href='https:\/\/www.syscom.mx\/principal\/searchcont?route=AR720-HUAWEI-eKIT-223819&#038;autodetect=ekit'>AR720<\/a><\/li>\n<\/ul>\n<p style='margin: 10px 0 5px 0; font-weight: bold; color: inherit;'>Switches:<\/p>\n<ul style='padding-left: 20px; font-size: 14px; color: inherit; list-style-type: disc;'>\n<li style='margin-bottom: 5px;'><a style='color: #ed0000; text-decoration: none;' href='https:\/\/www.syscom.mx\/principal\/searchcont?route=S310-24T4X-HUAWEI-eKIT-223803&#038;autodetect=ekit'>S310-24T4X<\/a><\/li>\n<li style='margin-bottom: 5px;'><a style='color: #ed0000; text-decoration: none;' href='https:\/\/www.syscom.mx\/principal\/searchcont?route=S220-24P4X-HUAWEI-eKIT-223806&#038;autodetect=ekit'>S220-24P4X<\/a><\/li>\n<li style='margin-bottom: 5px;'><a style='color: #ed0000; text-decoration: none;' href='https:\/\/www.syscom.mx\/principal\/searchcont?route=S220-24T4X-HUAWEI-eKIT-223798&#038;autodetect=ekit'>S220-24T4X<\/a><\/li>\n<\/ul>\n<p style='margin: 10px 0 5px 0; font-weight: bold; color: inherit;'>Puntos de Acceso:<\/p>\n<ul style='padding-left: 20px; font-size: 14px; color: inherit; list-style-type: disc;'>\n<li style='margin-bottom: 5px;'><a style='color: #ed0000; text-decoration: none;' href='https:\/\/www.syscom.mx\/principal\/searchcont?route=AP362-HUAWEI-eKIT-223796&#038;autodetect=ekit'>AP362<\/a><\/li>\n<\/ul><\/div>\n<\/p><\/div>\n<div style='margin-bottom: 20px;'>\n<h3 style='font-size: 20px; margin-top: 20px; margin-bottom: 10px; color: inherit;'>Tiendas Comerciales<\/h3>\n<p> <img style='width: 100%; height: auto; border: 1px solid rgba(150&comma;150&comma;150&comma;0.3); border-radius: 8px;' src='https:\/\/ftp3.syscom.mx\/usuarios\/fotos\/AP362\/223796-captura_de_pantalla_2023-12-06_a_la(s)_17.45.06.png' alt='Tiendas Comerciales'> <\/p>\n<div style='margin-left: 15px;'>\n<p style='margin: 10px 0 5px 0; font-weight: bold; color: inherit;'>Routers:<\/p>\n<ul style='padding-left: 20px; font-size: 14px; color: inherit; list-style-type: disc;'>\n<li style='margin-bottom: 5px;'><a style='color: #ed0000; text-decoration: none;' href='https:\/\/www.syscom.mx\/principal\/searchcont?route=S380-L4T1T-HUAWEI-eKIT-223814&#038;autodetect=ekit'>S380-L4T1T<\/a><\/li>\n<li style='margin-bottom: 5px;'><a style='color: #ed0000; text-decoration: none;' href='https:\/\/www.syscom.mx\/principal\/searchcont?route=S380-S8P2T-HUAWEI-eKIT-223817&#038;autodetect=ekit'>S380-S8P2T<\/a><\/li>\n<li style='margin-bottom: 5px;'><a style='color: #ed0000; text-decoration: none;' href='https:\/\/www.syscom.mx\/principal\/searchcont?route=S380-L4P1T-HUAWEI-eKIT-223815&#038;autodetect=ekit'>S380-L4P1T<\/a><\/li>\n<\/ul>\n<p style='margin: 10px 0 5px 0; font-weight: bold; color: inherit;'>Switches:<\/p>\n<ul style='padding-left: 20px; font-size: 14px; color: inherit; list-style-type: disc;'>\n<li style='margin-bottom: 5px;'><a style='color: #ed0000; text-decoration: none;' href='https:\/\/www.syscom.mx\/principal\/searchcont?route=S220-24P4X-HUAWEI-eKIT-223806&#038;autodetect=ekit'>S220-24P4X<\/a><\/li>\n<\/ul>\n<p style='margin: 10px 0 5px 0; font-weight: bold; color: inherit;'>Puntos de Acceso:<\/p>\n<ul style='padding-left: 20px; font-size: 14px; color: inherit; list-style-type: disc;'>\n<li style='margin-bottom: 5px;'><a style='color: #ed0000; text-decoration: none;' href='https:\/\/www.syscom.mx\/principal\/searchcont?route=AP362-HUAWEI-eKIT-223796&#038;autodetect=ekit'>AP362<\/a><\/li>\n<\/ul><\/div>\n<\/p><\/div>\n<div style='margin-bottom: 20px;'>\n<h3 style='font-size: 20px; margin-top: 20px; margin-bottom: 10px; color: inherit;'>Hoteles Peque\u00f1os y Medianos<\/h3>\n<p> <img style='width: 100%; height: auto; border: 1px solid rgba(150&comma;150&comma;150&comma;0.3); border-radius: 8px;' src='https:\/\/ftp3.syscom.mx\/usuarios\/fotos\/AP362\/223796-captura_de_pantalla_2023-12-06_a_la(s)_19.34.01.png' alt='Hoteles Peque\u00f1os y Medianos'> <\/p>\n<div style='margin-left: 15px;'>\n<p style='margin: 10px 0 5px 0; font-weight: bold; color: inherit;'>Routers:<\/p>\n<ul style='padding-left: 20px; font-size: 14px; color: inherit; list-style-type: disc;'>\n<li style='margin-bottom: 5px;'><a style='color: #ed0000; text-decoration: none;' href='https:\/\/www.syscom.mx\/principal\/searchcont?route=AR730-HUAWEI-eKIT-223820&#038;autodetect=ekit'>AR730<\/a><\/li>\n<li style='margin-bottom: 5px;'><a style='color: #ed0000; text-decoration: none;' href='https:\/\/www.syscom.mx\/principal\/searchcont?route=AR720-HUAWEI-eKIT-223819&#038;autodetect=ekit'>AR720<\/a><\/li>\n<\/ul>\n<p style='margin: 10px 0 5px 0; font-weight: bold; color: inherit;'>Controladora:<\/p>\n<ul style='padding-left: 20px; font-size: 14px; color: inherit; list-style-type: disc;'>\n<li style='margin-bottom: 5px;'><a style='color: #ed0000; text-decoration: none;' href='https:\/\/www.syscom.mx\/principal\/searchcont?route=AC650-128AP-HUAWEI-eKIT-223821&#038;autodetect=ar650'>AC650-128AP<\/a><\/li>\n<li style='margin-bottom: 5px;'><a style='color: #ed0000; text-decoration: none;' href='https:\/\/www.syscom.mx\/principal\/searchcont?route=AC650-256AP-HUAWEI-eKIT-223859&#038;autodetect=ar650'>AC650-256AP<\/a><\/li>\n<\/ul>\n<p style='margin: 10px 0 5px 0; font-weight: bold; color: inherit;'>Switches:<\/p>\n<ul style='padding-left: 20px; font-size: 14px; color: inherit; list-style-type: disc;'>\n<li style='margin-bottom: 5px;'><a style='color: #ed0000; text-decoration: none;' href='https:\/\/www.syscom.mx\/principal\/searchcont?route=S310-24T4X-HUAWEI-eKIT-223803&#038;autodetect=ekit'>S310-24T4X<\/a><\/li>\n<li style='margin-bottom: 5px;'><a style='color: #ed0000; text-decoration: none;' href='https:\/\/www.syscom.mx\/principal\/searchcont?route=S220-24P4X-HUAWEI-eKIT-223806&#038;autodetect=ekit'>S220-24P4X<\/a><\/li>\n<li style='margin-bottom: 5px;'><a style='color: #ed0000; text-decoration: none;' href='https:\/\/www.syscom.mx\/principal\/searchcont?route=S220-24T4X-HUAWEI-eKIT-223798&#038;autodetect=ekit'>S220-24T4X<\/a><\/li>\n<\/ul>\n<p style='margin: 10px 0 5px 0; font-weight: bold; color: inherit;'>Puntos de Acceso:<\/p>\n<ul style='padding-left: 20px; font-size: 14px; color: inherit; list-style-type: disc;'>\n<li style='margin-bottom: 5px;'><a style='color: #ed0000; text-decoration: none;' href='https:\/\/www.syscom.mx\/principal\/searchcont?route=AP362-HUAWEI-eKIT-223796&#038;autodetect=ekit'>AP362<\/a><\/li>\n<li style='margin-bottom: 5px;'><a style='color: #ed0000; text-decoration: none;' href='https:\/\/www.syscom.mx\/principal\/searchcont?route=AP263-HUAWEI-eKIT-223858&#038;autodetect=ekit'>AP263<\/a><\/li>\n<\/ul><\/div>\n<\/p><\/div>\n<div style='margin-bottom: 20px;'>\n<h3 style='font-size: 20px; margin-top: 20px; margin-bottom: 10px; color: inherit;'>Casa Habitaci\u00f3n<\/h3>\n<p> <img style='width: 100%; height: auto; border: 1px solid rgba(150&comma;150&comma;150&comma;0.3); border-radius: 8px;' src='https:\/\/ftp3.syscom.mx\/usuarios\/fotos\/AP362\/223796-captura_de_pantalla_2023-12-06_a_la(s)_20.03.50.png' alt='Casa Habitaci\u00f3n'> <\/p>\n<div style='margin-left: 15px;'>\n<p style='margin: 10px 0 5px 0; font-weight: bold; color: inherit;'>Routers:<\/p>\n<ul style='padding-left: 20px; font-size: 14px; color: inherit; list-style-type: disc;'>\n<li style='margin-bottom: 5px;'><a style='color: #ed0000; text-decoration: none;' href='https:\/\/www.syscom.mx\/principal\/searchcont?route=S380-S8P2T-HUAWEI-eKIT-223817&#038;autodetect=ekit'>S380-S8P2T<\/a><\/li>\n<\/ul>\n<p style='margin: 10px 0 5px 0; font-weight: bold; color: inherit;'>Switches:<\/p>\n<ul style='padding-left: 20px; font-size: 14px; color: inherit; list-style-type: disc;'>\n<li style='margin-bottom: 5px;'><a style='color: #ed0000; text-decoration: none;' href='https:\/\/www.syscom.mx\/principal\/searchcont?route=S310-24T4S-HUAWEI-eKIT-223801&#038;autodetect=ekit'>S310-24T4S<\/a><\/li>\n<\/ul>\n<p style='margin: 10px 0 5px 0; font-weight: bold; color: inherit;'>Puntos de Acceso:<\/p>\n<ul style='padding-left: 20px; font-size: 14px; color: inherit; list-style-type: disc;'>\n<li style='margin-bottom: 5px;'><a style='color: #ed0000; text-decoration: none;' href='https:\/\/www.syscom.mx\/principal\/searchcont?route=AP263-HUAWEI-eKIT-223858&#038;autodetect=ekit'>AP263<\/a><\/li>\n<\/ul><\/div>\n<\/p><\/div>\n<div style='margin-bottom: 20px;'>\n<h3 style='font-size: 20px; margin-top: 20px; margin-bottom: 10px; color: inherit;'>F\u00e1bricas<\/h3>\n<p> <img style='width: 100%; height: auto; border: 1px solid rgba(150&comma;150&comma;150&comma;0.3); border-radius: 8px;' src='https:\/\/ftp3.syscom.mx\/usuarios\/fotos\/AP362\/223796-captura_de_pantalla_2023-12-06_a_la(s)_20.18.17.png' alt='F\u00e1bricas'> <\/p>\n<div style='margin-left: 15px;'>\n<p style='margin: 10px 0 5px 0; font-weight: bold; color: inherit;'>Routers:<\/p>\n<ul style='padding-left: 20px; font-size: 14px; color: inherit; list-style-type: disc;'>\n<li style='margin-bottom: 5px;'><a style='color: #ed0000; text-decoration: none;' href='https:\/\/www.syscom.mx\/principal\/searchcont?route=AR730-HUAWEI-eKIT-223820&#038;autodetect=ekit'>AR730<\/a><\/li>\n<\/ul>\n<p style='margin: 10px 0 5px 0; font-weight: bold; color: inherit;'>Controladora:<\/p>\n<ul style='padding-left: 20px; font-size: 14px; color: inherit; list-style-type: disc;'>\n<li style='margin-bottom: 5px;'><a style='color: #ed0000; text-decoration: none;' href='https:\/\/www.syscom.mx\/principal\/searchcont?route=AC650-256AP-HUAWEI-eKIT-223859&#038;autodetect=ar650'>AC650-256AP<\/a><\/li>\n<\/ul>\n<p style='margin: 10px 0 5px 0; font-weight: bold; color: inherit;'>Switches:<\/p>\n<ul style='padding-left: 20px; font-size: 14px; color: inherit; list-style-type: disc;'>\n<li style='margin-bottom: 5px;'><a style='color: #ed0000; text-decoration: none;' href='https:\/\/www.syscom.mx\/principal\/searchcont?route=S310-24T4X-HUAWEI-eKIT-223803&#038;autodetect=ekit'>S310-24T4X<\/a><\/li>\n<li style='margin-bottom: 5px;'><a style='color: #ed0000; text-decoration: none;' href='https:\/\/www.syscom.mx\/principal\/searchcont?route=S220-24P4X-HUAWEI-eKIT-223806&#038;autodetect=ekit'>S220-24P4X<\/a><\/li>\n<li style='margin-bottom: 5px;'><a style='color: #ed0000; text-decoration: none;' href='https:\/\/www.syscom.mx\/principal\/searchcont?route=S220-24T4X-HUAWEI-eKIT-223798&#038;autodetect=ekit'>S220-24T4X<\/a><\/li>\n<\/ul>\n<p style='margin: 10px 0 5px 0; font-weight: bold; color: inherit;'>Puntos de Acceso:<\/p>\n<ul style='padding-left: 20px; font-size: 14px; color: inherit; list-style-type: disc;'>\n<li style='margin-bottom: 5px;'><a style='color: #ed0000; text-decoration: none;' href='https:\/\/www.syscom.mx\/principal\/searchcont?route=AP362-HUAWEI-eKIT-223796&#038;autodetect=ekit'>AP362<\/a><\/li>\n<li style='margin-bottom: 5px;'><a style='color: #ed0000; text-decoration: none;' href='https:\/\/www.syscom.mx\/principal\/searchcont?route=AP263-HUAWEI-eKIT-223858&#038;autodetect=ekit'>AP263<\/a><\/li>\n<\/ul><\/div>\n<\/p><\/div>\n<div style='margin-bottom: 20px;'>\n<h3 style='font-size: 20px; margin-top: 20px; margin-bottom: 10px; color: inherit;'>Escuelas (Primarias y Secundarias)<\/h3>\n<p> <img style='width: 100%; height: auto; border: 1px solid rgba(150&comma;150&comma;150&comma;0.3); border-radius: 8px;' src='https:\/\/ftp3.syscom.mx\/usuarios\/fotos\/AP362\/223796-captura_de_pantalla_2023-12-06_a_la(s)_20.32.18.png' alt='Escuelas (Primarias y Secundarias)'> <\/p>\n<div style='margin-left: 15px;'>\n<p style='margin: 10px 0 5px 0; font-weight: bold; color: inherit;'>Routers:<\/p>\n<ul style='padding-left: 20px; font-size: 14px; color: inherit; list-style-type: disc;'>\n<li style='margin-bottom: 5px;'><a style='color: #ed0000; text-decoration: none;' href='https:\/\/www.syscom.mx\/principal\/searchcont?route=AR730-HUAWEI-eKIT-223820&#038;autodetect=ekit'>AR730<\/a><\/li>\n<\/ul>\n<p style='margin: 10px 0 5px 0; font-weight: bold; color: inherit;'>Controladora:<\/p>\n<ul style='padding-left: 20px; font-size: 14px; color: inherit; list-style-type: disc;'>\n<li style='margin-bottom: 5px;'><a style='color: #ed0000; text-decoration: none;' href='https:\/\/www.syscom.mx\/principal\/searchcont?route=AC650-256AP-HUAWEI-eKIT-223859&#038;autodetect=ar650'>AC650-256AP<\/a><\/li>\n<\/ul>\n<p style='margin: 10px 0 5px 0; font-weight: bold; color: inherit;'>Switches:<\/p>\n<ul style='padding-left: 20px; font-size: 14px; color: inherit; list-style-type: disc;'>\n<li style='margin-bottom: 5px;'><a style='color: #ed0000; text-decoration: none;' href='https:\/\/www.syscom.mx\/principal\/searchcont?route=S310-24T4X-HUAWEI-eKIT-223803&#038;autodetect=ekit'>S310-24T4X<\/a><\/li>\n<li style='margin-bottom: 5px;'><a style='color: #ed0000; text-decoration: none;' href='https:\/\/www.syscom.mx\/principal\/searchcont?route=S220-24P4X-HUAWEI-eKIT-223806&#038;autodetect=ekit'>S220-24P4X<\/a><\/li>\n<li style='margin-bottom: 5px;'><a style='color: #ed0000; text-decoration: none;' href='https:\/\/www.syscom.mx\/principal\/searchcont?route=S220-24T4X-HUAWEI-eKIT-223798&#038;autodetect=ekit'>S220-24T4X<\/a><\/li>\n<\/ul>\n<p style='margin: 10px 0 5px 0; font-weight: bold; color: inherit;'>Puntos de Acceso:<\/p>\n<ul style='padding-left: 20px; font-size: 14px; color: inherit; list-style-type: disc;'>\n<li style='margin-bottom: 5px;'><a style='color: #ed0000; text-decoration: none;' href='https:\/\/www.syscom.mx\/principal\/searchcont?route=AP362-HUAWEI-eKIT-223796&#038;autodetect=ekit'>AP362<\/a><\/li>\n<\/ul><\/div>\n<\/p><\/div>\n<div style='margin-bottom: 20px;'>\n<h3 style='font-size: 20px; margin-top: 20px; margin-bottom: 10px; color: inherit;'>Hospitales Peque\u00f1os y Medianos<\/h3>\n<p> <img style='width: 100%; height: auto; border: 1px solid rgba(150&comma;150&comma;150&comma;0.3); border-radius: 8px;' src='https:\/\/ftp3.syscom.mx\/usuarios\/fotos\/AP362\/223796-captura_de_pantalla_2023-12-06_a_la(s)_20.43.54.png' alt='Hospitales Peque\u00f1os y Medianos'> <\/p>\n<div style='margin-left: 15px;'>\n<p style='margin: 10px 0 5px 0; font-weight: bold; color: inherit;'>Routers:<\/p>\n<ul style='padding-left: 20px; font-size: 14px; color: inherit; list-style-type: disc;'>\n<li style='margin-bottom: 5px;'><a style='color: #ed0000; text-decoration: none;' href='https:\/\/www.syscom.mx\/principal\/searchcont?route=AR730-HUAWEI-eKIT-223820&#038;autodetect=ekit'>AR730<\/a><\/li>\n<\/ul>\n<p style='margin: 10px 0 5px 0; font-weight: bold; color: inherit;'>Controladora:<\/p>\n<ul style='padding-left: 20px; font-size: 14px; color: inherit; list-style-type: disc;'>\n<li style='margin-bottom: 5px;'><a style='color: #ed0000; text-decoration: none;' href='https:\/\/www.syscom.mx\/principal\/searchcont?route=AC650-256AP-HUAWEI-eKIT-223859&#038;autodetect=ar650'>AC650-256AP<\/a><\/li>\n<\/ul>\n<p style='margin: 10px 0 5px 0; font-weight: bold; color: inherit;'>Switches:<\/p>\n<ul style='padding-left: 20px; font-size: 14px; color: inherit; list-style-type: disc;'>\n<li style='margin-bottom: 5px;'><a style='color: #ed0000; text-decoration: none;' href='https:\/\/www.syscom.mx\/principal\/searchcont?route=S310-24T4X-HUAWEI-eKIT-223803&#038;autodetect=ekit'>S310-24T4X<\/a><\/li>\n<li style='margin-bottom: 5px;'><a style='color: #ed0000; text-decoration: none;' href='https:\/\/www.syscom.mx\/principal\/searchcont?route=S220-24P4X-HUAWEI-eKIT-223806&#038;autodetect=ekit'>S220-24P4X<\/a><\/li>\n<li style='margin-bottom: 5px;'><a style='color: #ed0000; text-decoration: none;' href='https:\/\/www.syscom.mx\/principal\/searchcont?route=S220-24T4X-HUAWEI-eKIT-223798&#038;autodetect=ekit'>S220-24T4X<\/a><\/li>\n<\/ul>\n<p style='margin: 10px 0 5px 0; font-weight: bold; color: inherit;'>Puntos de Acceso:<\/p>\n<ul style='padding-left: 20px; font-size: 14px; color: inherit; list-style-type: disc;'>\n<li style='margin-bottom: 5px;'><a style='color: #ed0000; text-decoration: none;' href='https:\/\/www.syscom.mx\/principal\/searchcont?route=AP362-HUAWEI-eKIT-223796&#038;autodetect=ekit'>AP362<\/a><\/li>\n<li style='margin-bottom: 5px;'><a style='color: #ed0000; text-decoration: none;' href='https:\/\/www.syscom.mx\/principal\/searchcont?route=AP263-HUAWEI-eKIT-223858&#038;autodetect=ekit'>AP263<\/a><\/li>\n<\/ul><\/div>\n<\/p><\/div>\n<\/p><\/div>\n<\/div>\n","protected":false},"excerpt":{"rendered":"<p>Switch Gigabit No Administrable PoE \/ 8 puertos 10\/100\/1000 Mbps (PoE) \/ 2 Puertos SFP Uplink \/ 124W<\/p>\n","protected":false},"featured_media":92088,"comment_status":"open","ping_status":"closed","template":"","meta":[],"product_brand":[],"product_cat":[1986],"product_tag":[718,664,1987],"class_list":{"0":"post-92089","1":"product","2":"type-product","3":"status-publish","4":"has-post-thumbnail","6":"product_cat-switches-poe","7":"product_tag-huawei","8":"product_tag-networking","9":"product_tag-switches-poe","11":"first","12":"outofstock","13":"sale","14":"shipping-taxable","15":"purchasable","16":"product-type-simple"},"_links":{"self":[{"href":"https:\/\/soydeaqui.ddns.net\/pachuca\/index.php\/wp-json\/wp\/v2\/product\/92089","targetHints":{"allow":["GET"]}}],"collection":[{"href":"https:\/\/soydeaqui.ddns.net\/pachuca\/index.php\/wp-json\/wp\/v2\/product"}],"about":[{"href":"https:\/\/soydeaqui.ddns.net\/pachuca\/index.php\/wp-json\/wp\/v2\/types\/product"}],"replies":[{"embeddable":true,"href":"https:\/\/soydeaqui.ddns.net\/pachuca\/index.php\/wp-json\/wp\/v2\/comments?post=92089"}],"wp:featuredmedia":[{"embeddable":true,"href":"https:\/\/soydeaqui.ddns.net\/pachuca\/index.php\/wp-json\/wp\/v2\/media\/92088"}],"wp:attachment":[{"href":"https:\/\/soydeaqui.ddns.net\/pachuca\/index.php\/wp-json\/wp\/v2\/media?parent=92089"}],"wp:term":[{"taxonomy":"product_brand","embeddable":true,"href":"https:\/\/soydeaqui.ddns.net\/pachuca\/index.php\/wp-json\/wp\/v2\/product_brand?post=92089"},{"taxonomy":"product_cat","embeddable":true,"href":"https:\/\/soydeaqui.ddns.net\/pachuca\/index.php\/wp-json\/wp\/v2\/product_cat?post=92089"},{"taxonomy":"product_tag","embeddable":true,"href":"https:\/\/soydeaqui.ddns.net\/pachuca\/index.php\/wp-json\/wp\/v2\/product_tag?post=92089"}],"curies":[{"name":"wp","href":"https:\/\/api.w.org\/{rel}","templated":true}]}}