{"id":92082,"date":"2026-03-20T04:59:48","date_gmt":"2026-03-20T04:59:48","guid":{"rendered":"https:\/\/soydeaqui.ddns.net\/pachuca\/index.php\/producto\/switch-gigabit-no-administrable-poe-16-puertos-10-100-1000-mbps-poe-2-puertos-sfp-uplink-124w\/"},"modified":"2026-03-20T05:00:05","modified_gmt":"2026-03-20T05:00:05","slug":"switch-gigabit-no-administrable-poe-16-puertos-10-100-1000-mbps-poe-2-puertos-sfp-uplink-124w","status":"publish","type":"product","link":"https:\/\/soydeaqui.ddns.net\/pachuca\/index.php\/producto\/switch-gigabit-no-administrable-poe-16-puertos-10-100-1000-mbps-poe-2-puertos-sfp-uplink-124w\/","title":{"rendered":"Switch Gigabit No Administrable PoE \/ 16 puertos 10\/100\/1000 Mbps (PoE) \/ 2 Puertos SFP Uplink \/ 124W"},"content":{"rendered":"<div style='width: 100%; max-width: 1200px; margin: 0 auto; font-family: sans-serif; line-height: 1.6; color: inherit; background-color: transparent;'> <!-- Descripci\u00f3n general --> <\/p>\n<div style='margin-bottom: 30px;'>\n<p style='text-align: justify; font-size: 15px; color: inherit;'> Los switches de la serie eKitEngine S110 de Huawei (abreviado S110) son switches no gestionados. Toda la serie adopta un dise\u00f1o de apariencia cristalina totalmente nuevo con grandes impactos visuales&comma; ganando por s\u00ed mismo el premio alem\u00e1n Red Dot Design Award 2022. Las nuevas combinaciones de colores Silk White y Silver Frost son cada vez m\u00e1s populares. Adem\u00e1s&comma; el ic\u00f3nico logotipo de Huawei en los switches de la serie eKitEngine S110 les da un aspecto m\u00e1s refrescante. Por lo tanto&comma; los Switches eKitEngine serie S110 pueden utilizarse ampliamente en escenarios de acceso&comma; como empresas SOHO&comma; y en entornos de oficinas remotas. <\/p>\n<\/p><\/div>\n<p> <!-- Caracter\u00edsticas y especificaciones --> <\/p>\n<div style='display: flex; flex-wrap: wrap; gap: 30px; margin-bottom: 30px;'> <!-- Caracter\u00edsticas Generales --> <\/p>\n<div style='flex: 1 1 300px; min-width: 280px;'>\n<h3 style='font-size: 22px; border-bottom: 2px solid currentColor; padding-bottom: 5px; margin-top: 0; color: inherit; opacity: 0.8;'>Caracter\u00edsticas Generales<\/h3>\n<ul style='padding-left: 20px; font-size: 15px; color: inherit;'>\n<li style='margin-bottom: 5px;'>Capacidad de Switching 36 Gbps<\/li>\n<li style='margin-bottom: 5px;'>Tasa de reenvio: 26.78 Mpps<\/li>\n<li style='margin-bottom: 5px;'>Puertos: 16 x 10\/100\/1000BASE-T&comma; 2 xGE SFP<\/li>\n<li style='margin-bottom: 5px;'>Puertos PoE: 16 PoE af<\/li>\n<li style='margin-bottom: 5px;'>PoE de hasta 124W<\/li>\n<\/ul><\/div>\n<p> <!-- Especificaciones Electricas y Fisicas --> <\/p>\n<div style='flex: 1 1 300px; min-width: 280px;'>\n<h3 style='font-size: 22px; border-bottom: 2px solid currentColor; padding-bottom: 5px; margin-top: 0; color: inherit; opacity: 0.8;'>Especificaciones Electricas y Fisicas<\/h3>\n<ul style='padding-left: 20px; font-size: 15px; color: inherit;'>\n<li style='margin-bottom: 5px;'>Dimensiones (Altura&comma; ancho y largo) 43.6 mm x 442 mm x 260 mm<\/li>\n<li style='margin-bottom: 5px;'>Peso: 3.2 kg<\/li>\n<li style='margin-bottom: 5px;'>Alimentaci\u00f3n el\u00e9ctrica: 110 V AC to 240 V AC&comma; 50 Hz to 60 Hz<\/li>\n<li style='margin-bottom: 5px;'>M\u00e1ximo consumo el\u00e9ctrico sin PoE: 22W<\/li>\n<li style='margin-bottom: 5px;'>M\u00e1ximo consumo el\u00e9ctrico con PoE: 146W<\/li>\n<li style='margin-bottom: 5px;'>Temperatura de operaci\u00f3n: 0\u00b0C a 44\u00b0C<\/li>\n<\/ul>\n<h4 style='font-size: 18px; margin-top: 20px; margin-bottom: 10px; color: inherit; opacity: 0.7;'>Contenido del Paquete<\/h4>\n<ul style='padding-left: 20px; font-size: 15px; color: inherit;'>\n<li style='margin-bottom: 5px;'>1 S110-16LP2SR<\/li>\n<li style='margin-bottom: 5px;'>Manual de Instalaci\u00f3n<\/li>\n<li style='margin-bottom: 5px;'>Cable electrico AC<\/li>\n<\/ul><\/div>\n<\/p><\/div>\n<p> <!-- Separador --> <\/p>\n<hr style='border: 0; border-top: 1px solid rgba(150&comma; 150&comma; 150&comma; 0.3); margin: 30px 0;'> <!-- Escenarios de Aplicaci\u00f3n --> <\/p>\n<h2 style='font-size: 24px; margin-bottom: 20px; color: inherit; opacity: 0.9;'>Escenarios de Aplicaci\u00f3n<\/h2>\n<p> <!-- Escenario Oficina --> <\/p>\n<div style='margin-bottom: 30px;'> <img style='width: 100%; height: auto; border: 1px solid rgba(150&comma;150&comma;150&comma;0.3); border-radius: 8px; margin-bottom: 15px;' src='https:\/\/ftp3.syscom.mx\/usuarios\/fotos\/AP362\/223796-captura_de_pantalla_2023-12-06_a_la(s)_17.12.01.png' alt='Escenario Oficina'> <\/p>\n<h3 style='font-size: 18px; margin-top: 0; margin-bottom: 15px; color: inherit; opacity: 0.85;'><strong>Equipos Recomendados:<\/strong><\/h3>\n<div style='display: flex; flex-wrap: wrap; gap: 20px;'>\n<div style='flex: 1 1 200px; min-width: 180px;'>\n<h4 style='font-size: 16px; margin-top: 10px; margin-bottom: 8px; color: inherit; opacity: 0.8;'>Routers:<\/h4>\n<ul style='padding-left: 20px; font-size: 14px; color: inherit;'>\n<li style='margin-bottom: 5px;'><a href='https:\/\/www.syscom.mx\/principal\/searchcont?route=S380-L4T1T-HUAWEI-eKIT-223814&#038;autodetect=ekit' style='color: inherit; text-decoration: none; font-weight: 600;'>S380-L4T1T<\/a><\/li>\n<li style='margin-bottom: 5px;'><a href='https:\/\/www.syscom.mx\/principal\/searchcont?route=S380-S8P2T-HUAWEI-eKIT-223817&#038;autodetect=ekit' style='color: inherit; text-decoration: none; font-weight: 600;'>S380-S8P2T<\/a><\/li>\n<li style='margin-bottom: 5px;'><a href='https:\/\/www.syscom.mx\/principal\/searchcont?route=AR720-HUAWEI-eKIT-223819&#038;autodetect=ekit' style='color: inherit; text-decoration: none; font-weight: 600;'>AR720<\/a><\/li>\n<\/ul><\/div>\n<div style='flex: 1 1 200px; min-width: 180px;'>\n<h4 style='font-size: 16px; margin-top: 10px; margin-bottom: 8px; color: inherit; opacity: 0.8;'>Switches:<\/h4>\n<ul style='padding-left: 20px; font-size: 14px; color: inherit;'>\n<li style='margin-bottom: 5px;'><a href='https:\/\/www.syscom.mx\/principal\/searchcont?route=S310-24T4X-HUAWEI-eKIT-223803&#038;autodetect=ekit' style='color: inherit; text-decoration: none; font-weight: 600;'>S310-24T4X<\/a><\/li>\n<li style='margin-bottom: 5px;'><a href='https:\/\/www.syscom.mx\/principal\/searchcont?route=S220-24P4X-HUAWEI-eKIT-223806&#038;autodetect=ekit' style='color: inherit; text-decoration: none; font-weight: 600;'>S220-24P4X<\/a><\/li>\n<li style='margin-bottom: 5px;'><a href='https:\/\/www.syscom.mx\/principal\/searchcont?route=S220-24T4X-HUAWEI-eKIT-223798&#038;autodetect=ekit' style='color: inherit; text-decoration: none; font-weight: 600;'>S220-24T4X<\/a><\/li>\n<\/ul><\/div>\n<div style='flex: 1 1 200px; min-width: 180px;'>\n<h4 style='font-size: 16px; margin-top: 10px; margin-bottom: 8px; color: inherit; opacity: 0.8;'>Puntos de Acceso:<\/h4>\n<ul style='padding-left: 20px; font-size: 14px; color: inherit;'>\n<li style='margin-bottom: 5px;'><a href='https:\/\/www.syscom.mx\/principal\/searchcont?route=AP362-HUAWEI-eKIT-223796&#038;autodetect=ekit' style='color: inherit; text-decoration: none; font-weight: 600;'>AP362<\/a><\/li>\n<\/ul><\/div>\n<\/p><\/div>\n<\/p><\/div>\n<p> <!-- Tiendas Comerciales --> <\/p>\n<div style='margin-bottom: 30px;'> <img style='width: 100%; height: auto; border: 1px solid rgba(150&comma;150&comma;150&comma;0.3); border-radius: 8px; margin-bottom: 15px;' src='https:\/\/ftp3.syscom.mx\/usuarios\/fotos\/AP362\/223796-captura_de_pantalla_2023-12-06_a_la(s)_17.45.06.png' alt='Tiendas Comerciales'> <\/p>\n<h3 style='font-size: 18px; margin-top: 0; margin-bottom: 15px; color: inherit; opacity: 0.85;'><strong>Equipos Recomendados:<\/strong><\/h3>\n<div style='display: flex; flex-wrap: wrap; gap: 20px;'>\n<div style='flex: 1 1 200px; min-width: 180px;'>\n<h4 style='font-size: 16px; margin-top: 10px; margin-bottom: 8px; color: inherit; opacity: 0.8;'>Routers:<\/h4>\n<ul style='padding-left: 20px; font-size: 14px; color: inherit;'>\n<li style='margin-bottom: 5px;'><a href='https:\/\/www.syscom.mx\/principal\/searchcont?route=S380-L4T1T-HUAWEI-eKIT-223814&#038;autodetect=ekit' style='color: inherit; text-decoration: none; font-weight: 600;'>S380-L4T1T<\/a><\/li>\n<li style='margin-bottom: 5px;'><a href='https:\/\/www.syscom.mx\/principal\/searchcont?route=S380-S8P2T-HUAWEI-eKIT-223817&#038;autodetect=ekit' style='color: inherit; text-decoration: none; font-weight: 600;'>S380-S8P2T<\/a><\/li>\n<li style='margin-bottom: 5px;'><a href='https:\/\/www.syscom.mx\/principal\/searchcont?route=S380-L4P1T-HUAWEI-eKIT-223815&#038;autodetect=ekit' style='color: inherit; text-decoration: none; font-weight: 600;'>S380-L4P1T<\/a><\/li>\n<\/ul><\/div>\n<div style='flex: 1 1 200px; min-width: 180px;'>\n<h4 style='font-size: 16px; margin-top: 10px; margin-bottom: 8px; color: inherit; opacity: 0.8;'>Switches:<\/h4>\n<ul style='padding-left: 20px; font-size: 14px; color: inherit;'>\n<li style='margin-bottom: 5px;'><a href='https:\/\/www.syscom.mx\/principal\/searchcont?route=S220-24P4X-HUAWEI-eKIT-223806&#038;autodetect=ekit' style='color: inherit; text-decoration: none; font-weight: 600;'>S220-24P4X<\/a><\/li>\n<\/ul><\/div>\n<div style='flex: 1 1 200px; min-width: 180px;'>\n<h4 style='font-size: 16px; margin-top: 10px; margin-bottom: 8px; color: inherit; opacity: 0.8;'>Puntos de Acceso:<\/h4>\n<ul style='padding-left: 20px; font-size: 14px; color: inherit;'>\n<li style='margin-bottom: 5px;'><a href='https:\/\/www.syscom.mx\/principal\/searchcont?route=AP362-HUAWEI-eKIT-223796&#038;autodetect=ekit' style='color: inherit; text-decoration: none; font-weight: 600;'>AP362<\/a><\/li>\n<\/ul><\/div>\n<\/p><\/div>\n<\/p><\/div>\n<p> <!-- Hoteles Peque\u00f1os y Medianos --> <\/p>\n<div style='margin-bottom: 30px;'> <img style='width: 100%; height: auto; border: 1px solid rgba(150&comma;150&comma;150&comma;0.3); border-radius: 8px; margin-bottom: 15px;' src='https:\/\/ftp3.syscom.mx\/usuarios\/fotos\/AP362\/223796-captura_de_pantalla_2023-12-06_a_la(s)_19.34.01.png' alt='Hoteles Peque\u00f1os y Medianos'> <\/p>\n<h3 style='font-size: 18px; margin-top: 0; margin-bottom: 15px; color: inherit; opacity: 0.85;'><strong>Equipos Recomendados:<\/strong><\/h3>\n<div style='display: flex; flex-wrap: wrap; gap: 20px;'>\n<div style='flex: 1 1 200px; min-width: 180px;'>\n<h4 style='font-size: 16px; margin-top: 10px; margin-bottom: 8px; color: inherit; opacity: 0.8;'>Routers:<\/h4>\n<ul style='padding-left: 20px; font-size: 14px; color: inherit;'>\n<li style='margin-bottom: 5px;'><a href='https:\/\/www.syscom.mx\/principal\/searchcont?route=AR730-HUAWEI-eKIT-223820&#038;autodetect=ekit' style='color: inherit; text-decoration: none; font-weight: 600;'>AR730<\/a><\/li>\n<li style='margin-bottom: 5px;'><a href='https:\/\/www.syscom.mx\/principal\/searchcont?route=AR720-HUAWEI-eKIT-223819&#038;autodetect=ekit' style='color: inherit; text-decoration: none; font-weight: 600;'>AR720<\/a><\/li>\n<\/ul><\/div>\n<div style='flex: 1 1 200px; min-width: 180px;'>\n<h4 style='font-size: 16px; margin-top: 10px; margin-bottom: 8px; color: inherit; opacity: 0.8;'>Controladora:<\/h4>\n<ul style='padding-left: 20px; font-size: 14px; color: inherit;'>\n<li style='margin-bottom: 5px;'><a href='https:\/\/www.syscom.mx\/principal\/searchcont?route=AC650-128AP-HUAWEI-eKIT-223821&#038;autodetect=ar650' style='color: inherit; text-decoration: none; font-weight: 600;'>AC650-128AP<\/a><\/li>\n<li style='margin-bottom: 5px;'><a href='https:\/\/www.syscom.mx\/principal\/searchcont?route=AC650-256AP-HUAWEI-eKIT-223859&#038;autodetect=ar650' style='color: inherit; text-decoration: none; font-weight: 600;'>AC650-256AP<\/a><\/li>\n<\/ul><\/div>\n<div style='flex: 1 1 200px; min-width: 180px;'>\n<h4 style='font-size: 16px; margin-top: 10px; margin-bottom: 8px; color: inherit; opacity: 0.8;'>Switches:<\/h4>\n<ul style='padding-left: 20px; font-size: 14px; color: inherit;'>\n<li style='margin-bottom: 5px;'><a href='https:\/\/www.syscom.mx\/principal\/searchcont?route=S310-24T4X-HUAWEI-eKIT-223803&#038;autodetect=ekit' style='color: inherit; text-decoration: none; font-weight: 600;'>S310-24T4X<\/a><\/li>\n<li style='margin-bottom: 5px;'><a href='https:\/\/www.syscom.mx\/principal\/searchcont?route=S220-24P4X-HUAWEI-eKIT-223806&#038;autodetect=ekit' style='color: inherit; text-decoration: none; font-weight: 600;'>S220-24P4X<\/a><\/li>\n<li style='margin-bottom: 5px;'><a href='https:\/\/www.syscom.mx\/principal\/searchcont?route=S220-24T4X-HUAWEI-eKIT-223798&#038;autodetect=ekit' style='color: inherit; text-decoration: none; font-weight: 600;'>S220-24T4X<\/a><\/li>\n<\/ul><\/div>\n<div style='flex: 1 1 200px; min-width: 180px;'>\n<h4 style='font-size: 16px; margin-top: 10px; margin-bottom: 8px; color: inherit; opacity: 0.8;'>Puntos de Acceso:<\/h4>\n<ul style='padding-left: 20px; font-size: 14px; color: inherit;'>\n<li style='margin-bottom: 5px;'><a href='https:\/\/www.syscom.mx\/principal\/searchcont?route=AP362-HUAWEI-eKIT-223796&#038;autodetect=ekit' style='color: inherit; text-decoration: none; font-weight: 600;'>AP362<\/a><\/li>\n<li style='margin-bottom: 5px;'><a href='https:\/\/www.syscom.mx\/principal\/searchcont?route=AP263-HUAWEI-eKIT-223858&#038;autodetect=ekit' style='color: inherit; text-decoration: none; font-weight: 600;'>AP263<\/a><\/li>\n<\/ul><\/div>\n<\/p><\/div>\n<\/p><\/div>\n<p> <!-- Casa Habitaci\u00f3n --> <\/p>\n<div style='margin-bottom: 30px;'> <img style='width: 100%; height: auto; border: 1px solid rgba(150&comma;150&comma;150&comma;0.3); border-radius: 8px; margin-bottom: 15px;' src='https:\/\/ftp3.syscom.mx\/usuarios\/fotos\/AP362\/223796-captura_de_pantalla_2023-12-06_a_la(s)_20.03.50.png' alt='Casa Habitaci\u00f3n'> <\/p>\n<h3 style='font-size: 18px; margin-top: 0; margin-bottom: 15px; color: inherit; opacity: 0.85;'><strong>Equipos Recomendados:<\/strong><\/h3>\n<div style='display: flex; flex-wrap: wrap; gap: 20px;'>\n<div style='flex: 1 1 200px; min-width: 180px;'>\n<h4 style='font-size: 16px; margin-top: 10px; margin-bottom: 8px; color: inherit; opacity: 0.8;'>Routers:<\/h4>\n<ul style='padding-left: 20px; font-size: 14px; color: inherit;'>\n<li style='margin-bottom: 5px;'><a href='https:\/\/www.syscom.mx\/principal\/searchcont?route=S380-S8P2T-HUAWEI-eKIT-223817&#038;autodetect=ekit' style='color: inherit; text-decoration: none; font-weight: 600;'>S380-S8P2T<\/a><\/li>\n<\/ul><\/div>\n<div style='flex: 1 1 200px; min-width: 180px;'>\n<h4 style='font-size: 16px; margin-top: 10px; margin-bottom: 8px; color: inherit; opacity: 0.8;'>Switches:<\/h4>\n<ul style='padding-left: 20px; font-size: 14px; color: inherit;'>\n<li style='margin-bottom: 5px;'><a href='https:\/\/www.syscom.mx\/principal\/searchcont?route=S310-24T4S-HUAWEI-eKIT-223801&#038;autodetect=ekit' style='color: inherit; text-decoration: none; font-weight: 600;'>S310-24T4S<\/a><\/li>\n<\/ul><\/div>\n<div style='flex: 1 1 200px; min-width: 180px;'>\n<h4 style='font-size: 16px; margin-top: 10px; margin-bottom: 8px; color: inherit; opacity: 0.8;'>Puntos de Acceso:<\/h4>\n<ul style='padding-left: 20px; font-size: 14px; color: inherit;'>\n<li style='margin-bottom: 5px;'><a href='https:\/\/www.syscom.mx\/principal\/searchcont?route=AP263-HUAWEI-eKIT-223858&#038;autodetect=ekit' style='color: inherit; text-decoration: none; font-weight: 600;'>AP263<\/a><\/li>\n<\/ul><\/div>\n<\/p><\/div>\n<\/p><\/div>\n<p> <!-- Fabricas --> <\/p>\n<div style='margin-bottom: 30px;'> <img style='width: 100%; height: auto; border: 1px solid rgba(150&comma;150&comma;150&comma;0.3); border-radius: 8px; margin-bottom: 15px;' src='https:\/\/ftp3.syscom.mx\/usuarios\/fotos\/AP362\/223796-captura_de_pantalla_2023-12-06_a_la(s)_20.18.17.png' alt='Fabricas'> <\/p>\n<h3 style='font-size: 18px; margin-top: 0; margin-bottom: 15px; color: inherit; opacity: 0.85;'><strong>Equipos Recomendados:<\/strong><\/h3>\n<div style='display: flex; flex-wrap: wrap; gap: 20px;'>\n<div style='flex: 1 1 200px; min-width: 180px;'>\n<h4 style='font-size: 16px; margin-top: 10px; margin-bottom: 8px; color: inherit; opacity: 0.8;'>Routers:<\/h4>\n<ul style='padding-left: 20px; font-size: 14px; color: inherit;'>\n<li style='margin-bottom: 5px;'><a href='https:\/\/www.syscom.mx\/principal\/searchcont?route=AR730-HUAWEI-eKIT-223820&#038;autodetect=ekit' style='color: inherit; text-decoration: none; font-weight: 600;'>AR730<\/a><\/li>\n<\/ul><\/div>\n<div style='flex: 1 1 200px; min-width: 180px;'>\n<h4 style='font-size: 16px; margin-top: 10px; margin-bottom: 8px; color: inherit; opacity: 0.8;'>Controladora:<\/h4>\n<ul style='padding-left: 20px; font-size: 14px; color: inherit;'>\n<li style='margin-bottom: 5px;'><a href='https:\/\/www.syscom.mx\/principal\/searchcont?route=AC650-256AP-HUAWEI-eKIT-223859&#038;autodetect=ar650' style='color: inherit; text-decoration: none; font-weight: 600;'>AC650-256AP<\/a><\/li>\n<\/ul><\/div>\n<div style='flex: 1 1 200px; min-width: 180px;'>\n<h4 style='font-size: 16px; margin-top: 10px; margin-bottom: 8px; color: inherit; opacity: 0.8;'>Switches:<\/h4>\n<ul style='padding-left: 20px; font-size: 14px; color: inherit;'>\n<li style='margin-bottom: 5px;'><a href='https:\/\/www.syscom.mx\/principal\/searchcont?route=S310-24T4X-HUAWEI-eKIT-223803&#038;autodetect=ekit' style='color: inherit; text-decoration: none; font-weight: 600;'>S310-24T4X<\/a><\/li>\n<li style='margin-bottom: 5px;'><a href='https:\/\/www.syscom.mx\/principal\/searchcont?route=S220-24P4X-HUAWEI-eKIT-223806&#038;autodetect=ekit' style='color: inherit; text-decoration: none; font-weight: 600;'>S220-24P4X<\/a><\/li>\n<li style='margin-bottom: 5px;'><a href='https:\/\/www.syscom.mx\/principal\/searchcont?route=S220-24T4X-HUAWEI-eKIT-223798&#038;autodetect=ekit' style='color: inherit; text-decoration: none; font-weight: 600;'>S220-24T4X<\/a><\/li>\n<\/ul><\/div>\n<div style='flex: 1 1 200px; min-width: 180px;'>\n<h4 style='font-size: 16px; margin-top: 10px; margin-bottom: 8px; color: inherit; opacity: 0.8;'>Puntos de Acceso:<\/h4>\n<ul style='padding-left: 20px; font-size: 14px; color: inherit;'>\n<li style='margin-bottom: 5px;'><a href='https:\/\/www.syscom.mx\/principal\/searchcont?route=AP362-HUAWEI-eKIT-223796&#038;autodetect=ekit' style='color: inherit; text-decoration: none; font-weight: 600;'>AP362<\/a><\/li>\n<li style='margin-bottom: 5px;'><a href='https:\/\/www.syscom.mx\/principal\/searchcont?route=AP263-HUAWEI-eKIT-223858&#038;autodetect=ekit' style='color: inherit; text-decoration: none; font-weight: 600;'>AP263<\/a><\/li>\n<\/ul><\/div>\n<\/p><\/div>\n<\/p><\/div>\n<p> <!-- Escuelas (Primarias y Secundarias) --> <\/p>\n<div style='margin-bottom: 30px;'> <img style='width: 100%; height: auto; border: 1px solid rgba(150&comma;150&comma;150&comma;0.3); border-radius: 8px; margin-bottom: 15px;' src='https:\/\/ftp3.syscom.mx\/usuarios\/fotos\/AP362\/223796-captura_de_pantalla_2023-12-06_a_la(s)_20.32.18.png' alt='Escuelas (Primarias y Secundarias)'> <\/p>\n<h3 style='font-size: 18px; margin-top: 0; margin-bottom: 15px; color: inherit; opacity: 0.85;'><strong>Equipos Recomendados:<\/strong><\/h3>\n<div style='display: flex; flex-wrap: wrap; gap: 20px;'>\n<div style='flex: 1 1 200px; min-width: 180px;'>\n<h4 style='font-size: 16px; margin-top: 10px; margin-bottom: 8px; color: inherit; opacity: 0.8;'>Routers:<\/h4>\n<ul style='padding-left: 20px; font-size: 14px; color: inherit;'>\n<li style='margin-bottom: 5px;'><a href='https:\/\/www.syscom.mx\/principal\/searchcont?route=AR730-HUAWEI-eKIT-223820&#038;autodetect=ekit' style='color: inherit; text-decoration: none; font-weight: 600;'>AR730<\/a><\/li>\n<\/ul><\/div>\n<div style='flex: 1 1 200px; min-width: 180px;'>\n<h4 style='font-size: 16px; margin-top: 10px; margin-bottom: 8px; color: inherit; opacity: 0.8;'>Controladora:<\/h4>\n<ul style='padding-left: 20px; font-size: 14px; color: inherit;'>\n<li style='margin-bottom: 5px;'><a href='https:\/\/www.syscom.mx\/principal\/searchcont?route=AC650-256AP-HUAWEI-eKIT-223859&#038;autodetect=ar650' style='color: inherit; text-decoration: none; font-weight: 600;'>AC650-256AP<\/a><\/li>\n<\/ul><\/div>\n<div style='flex: 1 1 200px; min-width: 180px;'>\n<h4 style='font-size: 16px; margin-top: 10px; margin-bottom: 8px; color: inherit; opacity: 0.8;'>Switches:<\/h4>\n<ul style='padding-left: 20px; font-size: 14px; color: inherit;'>\n<li style='margin-bottom: 5px;'><a href='https:\/\/www.syscom.mx\/principal\/searchcont?route=S310-24T4X-HUAWEI-eKIT-223803&#038;autodetect=ekit' style='color: inherit; text-decoration: none; font-weight: 600;'>S310-24T4X<\/a><\/li>\n<li style='margin-bottom: 5px;'><a href='https:\/\/www.syscom.mx\/principal\/searchcont?route=S220-24P4X-HUAWEI-eKIT-223806&#038;autodetect=ekit' style='color: inherit; text-decoration: none; font-weight: 600;'>S220-24P4X<\/a><\/li>\n<li style='margin-bottom: 5px;'><a href='https:\/\/www.syscom.mx\/principal\/searchcont?route=S220-24T4X-HUAWEI-eKIT-223798&#038;autodetect=ekit' style='color: inherit; text-decoration: none; font-weight: 600;'>S220-24T4X<\/a><\/li>\n<\/ul><\/div>\n<div style='flex: 1 1 200px; min-width: 180px;'>\n<h4 style='font-size: 16px; margin-top: 10px; margin-bottom: 8px; color: inherit; opacity: 0.8;'>Puntos de Acceso:<\/h4>\n<ul style='padding-left: 20px; font-size: 14px; color: inherit;'>\n<li style='margin-bottom: 5px;'><a href='https:\/\/www.syscom.mx\/principal\/searchcont?route=AP362-HUAWEI-eKIT-223796&#038;autodetect=ekit' style='color: inherit; text-decoration: none; font-weight: 600;'>AP362<\/a><\/li>\n<\/ul><\/div>\n<\/p><\/div>\n<\/p><\/div>\n<p> <!-- Hospitales Peque\u00f1os y Medianos --> <\/p>\n<div style='margin-bottom: 30px;'> <img style='width: 100%; height: auto; border: 1px solid rgba(150&comma;150&comma;150&comma;0.3); border-radius: 8px; margin-bottom: 15px;' src='https:\/\/ftp3.syscom.mx\/usuarios\/fotos\/AP362\/223796-captura_de_pantalla_2023-12-06_a_la(s)_20.43.54.png' alt='Hospitales Peque\u00f1os y Medianos'> <\/p>\n<h3 style='font-size: 18px; margin-top: 0; margin-bottom: 15px; color: inherit; opacity: 0.85;'><strong>Equipos Recomendados:<\/strong><\/h3>\n<div style='display: flex; flex-wrap: wrap; gap: 20px;'>\n<div style='flex: 1 1 200px; min-width: 180px;'>\n<h4 style='font-size: 16px; margin-top: 10px; margin-bottom: 8px; color: inherit; opacity: 0.8;'>Routers:<\/h4>\n<ul style='padding-left: 20px; font-size: 14px; color: inherit;'>\n<li style='margin-bottom: 5px;'><a href='https:\/\/www.syscom.mx\/principal\/searchcont?route=AR730-HUAWEI-eKIT-223820&#038;autodetect=ekit' style='color: inherit; text-decoration: none; font-weight: 600;'>AR730<\/a><\/li>\n<\/ul><\/div>\n<div style='flex: 1 1 200px; min-width: 180px;'>\n<h4 style='font-size: 16px; margin-top: 10px; margin-bottom: 8px; color: inherit; opacity: 0.8;'>Controladora:<\/h4>\n<ul style='padding-left: 20px; font-size: 14px; color: inherit;'>\n<li style='margin-bottom: 5px;'><a href='https:\/\/www.syscom.mx\/principal\/searchcont?route=AC650-256AP-HUAWEI-eKIT-223859&#038;autodetect=ar650' style='color: inherit; text-decoration: none; font-weight: 600;'>AC650-256AP<\/a><\/li>\n<\/ul><\/div>\n<div style='flex: 1 1 200px; min-width: 180px;'>\n<h4 style='font-size: 16px; margin-top: 10px; margin-bottom: 8px; color: inherit; opacity: 0.8;'>Switches:<\/h4>\n<ul style='padding-left: 20px; font-size: 14px; color: inherit;'>\n<li style='margin-bottom: 5px;'><a href='https:\/\/www.syscom.mx\/principal\/searchcont?route=S310-24T4X-HUAWEI-eKIT-223803&#038;autodetect=ekit' style='color: inherit; text-decoration: none; font-weight: 600;'>S310-24T4X<\/a><\/li>\n<li style='margin-bottom: 5px;'><a href='https:\/\/www.syscom.mx\/principal\/searchcont?route=S220-24P4X-HUAWEI-eKIT-223806&#038;autodetect=ekit' style='color: inherit; text-decoration: none; font-weight: 600;'>S220-24P4X<\/a><\/li>\n<li style='margin-bottom: 5px;'><a href='https:\/\/www.syscom.mx\/principal\/searchcont?route=S220-24T4X-HUAWEI-eKIT-223798&#038;autodetect=ekit' style='color: inherit; text-decoration: none; font-weight: 600;'>S220-24T4X<\/a><\/li>\n<\/ul><\/div>\n<div style='flex: 1 1 200px; min-width: 180px;'>\n<h4 style='font-size: 16px; margin-top: 10px; margin-bottom: 8px; color: inherit; opacity: 0.8;'>Puntos de Acceso:<\/h4>\n<ul style='padding-left: 20px; font-size: 14px; color: inherit;'>\n<li style='margin-bottom: 5px;'><a href='https:\/\/www.syscom.mx\/principal\/searchcont?route=AP362-HUAWEI-eKIT-223796&#038;autodetect=ekit' style='color: inherit; text-decoration: none; font-weight: 600;'>AP362<\/a><\/li>\n<li style='margin-bottom: 5px;'><a href='https:\/\/www.syscom.mx\/principal\/searchcont?route=AP263-HUAWEI-eKIT-223858&#038;autodetect=ekit' style='color: inherit; text-decoration: none; font-weight: 600;'>AP263<\/a><\/li>\n<\/ul><\/div>\n<\/p><\/div>\n<\/p><\/div>\n<\/p><\/div>\n","protected":false},"excerpt":{"rendered":"<p>Switch Gigabit No Administrable PoE \/ 16 puertos 10\/100\/1000 Mbps (PoE) \/ 2 Puertos SFP Uplink \/ 124W<\/p>\n","protected":false},"featured_media":92081,"comment_status":"open","ping_status":"closed","template":"","meta":[],"product_brand":[],"product_cat":[1986],"product_tag":[718,664,1987],"class_list":{"0":"post-92082","1":"product","2":"type-product","3":"status-publish","4":"has-post-thumbnail","6":"product_cat-switches-poe","7":"product_tag-huawei","8":"product_tag-networking","9":"product_tag-switches-poe","11":"first","12":"outofstock","13":"sale","14":"shipping-taxable","15":"purchasable","16":"product-type-simple"},"_links":{"self":[{"href":"https:\/\/soydeaqui.ddns.net\/pachuca\/index.php\/wp-json\/wp\/v2\/product\/92082","targetHints":{"allow":["GET"]}}],"collection":[{"href":"https:\/\/soydeaqui.ddns.net\/pachuca\/index.php\/wp-json\/wp\/v2\/product"}],"about":[{"href":"https:\/\/soydeaqui.ddns.net\/pachuca\/index.php\/wp-json\/wp\/v2\/types\/product"}],"replies":[{"embeddable":true,"href":"https:\/\/soydeaqui.ddns.net\/pachuca\/index.php\/wp-json\/wp\/v2\/comments?post=92082"}],"wp:featuredmedia":[{"embeddable":true,"href":"https:\/\/soydeaqui.ddns.net\/pachuca\/index.php\/wp-json\/wp\/v2\/media\/92081"}],"wp:attachment":[{"href":"https:\/\/soydeaqui.ddns.net\/pachuca\/index.php\/wp-json\/wp\/v2\/media?parent=92082"}],"wp:term":[{"taxonomy":"product_brand","embeddable":true,"href":"https:\/\/soydeaqui.ddns.net\/pachuca\/index.php\/wp-json\/wp\/v2\/product_brand?post=92082"},{"taxonomy":"product_cat","embeddable":true,"href":"https:\/\/soydeaqui.ddns.net\/pachuca\/index.php\/wp-json\/wp\/v2\/product_cat?post=92082"},{"taxonomy":"product_tag","embeddable":true,"href":"https:\/\/soydeaqui.ddns.net\/pachuca\/index.php\/wp-json\/wp\/v2\/product_tag?post=92082"}],"curies":[{"name":"wp","href":"https:\/\/api.w.org\/{rel}","templated":true}]}}