{"id":92062,"date":"2026-03-20T04:58:50","date_gmt":"2026-03-20T04:58:50","guid":{"rendered":"https:\/\/soydeaqui.ddns.net\/pachuca\/index.php\/producto\/access-point-doble-banda-2-4-y-5-ghz-wifi-5-hasta-867-mbps-poe-in-24v-pasivo-montaje-en-techo-o-pared-gestion-remota-por-rms\/"},"modified":"2026-03-20T04:58:54","modified_gmt":"2026-03-20T04:58:54","slug":"access-point-doble-banda-2-4-y-5-ghz-wifi-5-hasta-867-mbps-poe-in-24v-pasivo-montaje-en-techo-o-pared-gestion-remota-por-rms","status":"publish","type":"product","link":"https:\/\/soydeaqui.ddns.net\/pachuca\/index.php\/producto\/access-point-doble-banda-2-4-y-5-ghz-wifi-5-hasta-867-mbps-poe-in-24v-pasivo-montaje-en-techo-o-pared-gestion-remota-por-rms\/","title":{"rendered":"Access Point Doble Banda 2.4 y 5 GHz \/ WiFi 5 hasta 867 Mbps \/ PoE-In 24?V Pasivo \/ Montaje en Techo o Pared \/ Gesti\u00f3n Remota por RMS"},"content":{"rendered":"<div style='width: 100%; max-width: 1200px; margin: 0 auto; font-family: sans-serif; line-height: 1.6; color: inherit; background-color: transparent;'> <!-- Secci\u00f3n de caracter\u00edsticas --> <\/p>\n<div style='display: flex; flex-wrap: wrap; gap: 30px; margin-bottom: 30px;'>\n<div style='flex: 1 1 300px; min-width: 280px;'>\n<h3 style='font-size: 22px; border-bottom: 2px solid currentColor; padding-bottom: 5px; margin-top: 0; color: inherit; opacity: 0.8;'>General<\/h3>\n<ul style='padding-left: 20px; font-size: 15px; color: inherit;'>\n<li style='margin-bottom: 5px;'>Gesti\u00f3n remota a trav\u00e9s de RMS.<\/li>\n<li style='margin-bottom: 5px;'>Dise\u00f1o elegante&comma; carcasa de pl\u00e1stico resistente a los rayos UV que se integra en su entorno.<\/li>\n<li style='margin-bottom: 5px;'>F\u00e1cil instalaci\u00f3n&comma; soporte de montaje integrado para una f\u00e1cil instalaci\u00f3n en el techo.<\/li>\n<li style='margin-bottom: 5px;'>Sistema operativo: RutOS.<\/li>\n<li style='margin-bottom: 5px;'>PSU: Fuente de alimentaci\u00f3n de EE.UU.<\/li>\n<\/ul><\/div>\n<div style='flex: 1 1 300px; min-width: 280px;'>\n<h3 style='font-size: 22px; border-bottom: 2px solid currentColor; padding-bottom: 5px; margin-top: 0; color: inherit; opacity: 0.8;'>Conectividad<\/h3>\n<ul style='padding-left: 20px; font-size: 15px; color: inherit;'>\n<li style='margin-bottom: 5px;'>Wi-Fi de doble banda (b\/g\/n\/ac) &#8211; WiFi 5.<\/li>\n<li style='margin-bottom: 5px;'>Hasta 100 usuarios simult\u00e1neos.<\/li>\n<li style='margin-bottom: 5px;'>Ethernet 1 x RJ45 10\/100\/1000 Mbps.<\/li>\n<\/ul>\n<h3 style='font-size: 22px; border-bottom: 2px solid currentColor; padding-bottom: 5px; margin-top: 25px; color: inherit; opacity: 0.8;'>Hardware<\/h3>\n<ul style='padding-left: 20px; font-size: 15px; color: inherit;'>\n<li style='margin-bottom: 5px;'>CPU: MediaTek&comma; Dual-Core&comma; 880 MHz&comma; MIPS 1004Kc.<\/li>\n<li style='margin-bottom: 5px;'>RAM: 256 MB&comma; DDR3.<\/li>\n<li style='margin-bottom: 5px;'>Almacenamiento Flash: 16 MB&comma; SPI NOR flash.<\/li>\n<\/ul><\/div>\n<div style='flex: 1 1 300px; min-width: 280px;'>\n<h3 style='font-size: 22px; border-bottom: 2px solid currentColor; padding-bottom: 5px; margin-top: 0; color: inherit; opacity: 0.8;'>Caracter\u00edsticas el\u00e9ctricas y f\u00edsicas<\/h3>\n<ul style='padding-left: 20px; font-size: 15px; color: inherit;'>\n<li style='margin-bottom: 5px;'>Fuente de alimentaci\u00f3n: 44 &#8211; 57 VDC a trav\u00e9s de RJ45 PoE 802.3af clase 1.<\/li>\n<li style='margin-bottom: 5px;'>Consumo de energ\u00eda: En reposo: < 4 W \/ M\u00e1ximo: < 5.5 W.<\/li>\n<li style='margin-bottom: 5px;'>Peso: 0.42 lb (190 g).<\/li>\n<li style='margin-bottom: 5px;'>Dimensiones (Di\u00e1metro x Profundidad): 6.22 x 1.18 in \/ 158 x 30 mm.<\/li>\n<li style='margin-bottom: 5px;'>Temperatura de funcionamiento: -40 a 167\u00ba F (-40 a 75\u00ba C).<\/li>\n<li style='margin-bottom: 5px;'>Protecci\u00f3n: IP30.<\/li>\n<\/ul><\/div>\n<\/p><\/div>\n<p> <!-- Separador --> <\/p>\n<hr style='border: 0; border-top: 1px solid rgba(150&comma; 150&comma; 150&comma; 0.3); margin: 30px 0;'> <!-- Secci\u00f3n de videos --> <\/p>\n<div style='margin-bottom: 30px;'>\n<h3 style='font-size: 22px; border-bottom: 2px solid currentColor; padding-bottom: 5px; margin-top: 0; color: inherit; opacity: 0.8; margin-bottom: 20px;'>Remote Management System RMS<\/h3>\n<div style='display: flex; flex-wrap: wrap; gap: 30px;'>\n<div style='flex: 1 1 400px; min-width: 300px;'>\n<div style='position: relative; padding-bottom: 56.25%; height: 0; overflow: hidden; margin-bottom: 30px;'>   <\/div>\n<\/p><\/div>\n<div style='flex: 1 1 400px; min-width: 300px;'>\n<div style='position: relative; padding-bottom: 56.25%; height: 0; overflow: hidden; margin-bottom: 30px;'>   <\/div>\n<\/p><\/div>\n<\/p><\/div>\n<\/p><\/div>\n<\/p><\/div>\n","protected":false},"excerpt":{"rendered":"<p>Access Point Doble Banda 2.4 y 5 GHz \/ WiFi 5 hasta 867 Mbps \/ PoE-In 24?V Pasivo \/ Montaje en Techo o Pared \/ Gesti\u00f3n Remota por RMS<\/p>\n","protected":false},"featured_media":92061,"comment_status":"open","ping_status":"closed","template":"","meta":[],"product_brand":[],"product_cat":[1794],"product_tag":[1795,1479,1430],"class_list":{"0":"post-92062","1":"product","2":"type-product","3":"status-publish","4":"has-post-thumbnail","6":"product_cat-puntos-de-acceso","7":"product_tag-puntos-de-acceso","8":"product_tag-redes-wifi","9":"product_tag-teltonika","11":"first","12":"outofstock","13":"sale","14":"shipping-taxable","15":"purchasable","16":"product-type-simple"},"_links":{"self":[{"href":"https:\/\/soydeaqui.ddns.net\/pachuca\/index.php\/wp-json\/wp\/v2\/product\/92062","targetHints":{"allow":["GET"]}}],"collection":[{"href":"https:\/\/soydeaqui.ddns.net\/pachuca\/index.php\/wp-json\/wp\/v2\/product"}],"about":[{"href":"https:\/\/soydeaqui.ddns.net\/pachuca\/index.php\/wp-json\/wp\/v2\/types\/product"}],"replies":[{"embeddable":true,"href":"https:\/\/soydeaqui.ddns.net\/pachuca\/index.php\/wp-json\/wp\/v2\/comments?post=92062"}],"wp:featuredmedia":[{"embeddable":true,"href":"https:\/\/soydeaqui.ddns.net\/pachuca\/index.php\/wp-json\/wp\/v2\/media\/92061"}],"wp:attachment":[{"href":"https:\/\/soydeaqui.ddns.net\/pachuca\/index.php\/wp-json\/wp\/v2\/media?parent=92062"}],"wp:term":[{"taxonomy":"product_brand","embeddable":true,"href":"https:\/\/soydeaqui.ddns.net\/pachuca\/index.php\/wp-json\/wp\/v2\/product_brand?post=92062"},{"taxonomy":"product_cat","embeddable":true,"href":"https:\/\/soydeaqui.ddns.net\/pachuca\/index.php\/wp-json\/wp\/v2\/product_cat?post=92062"},{"taxonomy":"product_tag","embeddable":true,"href":"https:\/\/soydeaqui.ddns.net\/pachuca\/index.php\/wp-json\/wp\/v2\/product_tag?post=92062"}],"curies":[{"name":"wp","href":"https:\/\/api.w.org\/{rel}","templated":true}]}}