{"id":92040,"date":"2026-03-20T04:57:50","date_gmt":"2026-03-20T04:57:50","guid":{"rendered":"https:\/\/soydeaqui.ddns.net\/pachuca\/index.php\/producto\/4-en-1-firewall-nueva-generacion-router-pbx-ip-switch-gigabit-de-5-puertos-4-poe-y-2-puertos-sfp-2-5-gigabit\/"},"modified":"2026-03-20T04:58:13","modified_gmt":"2026-03-20T04:58:13","slug":"4-en-1-firewall-nueva-generacion-router-pbx-ip-switch-gigabit-de-5-puertos-4-poe-y-2-puertos-sfp-2-5-gigabit","status":"publish","type":"product","link":"https:\/\/soydeaqui.ddns.net\/pachuca\/index.php\/producto\/4-en-1-firewall-nueva-generacion-router-pbx-ip-switch-gigabit-de-5-puertos-4-poe-y-2-puertos-sfp-2-5-gigabit\/","title":{"rendered":"4 en 1: Firewall Nueva Generaci\u00f3n, Router, PBX IP, Switch Gigabit de 5 Puertos (4 PoE) y 2 Puertos SFP 2.5 Gigabit"},"content":{"rendered":"<div style='width: 100%; max-width: 1200px; margin: 0 auto; font-family: sans-serif; line-height: 1.6; color: inherit; background-color: transparent;'> <!-- HERO --> <\/p>\n<div style='border: 1px solid rgba(150&comma;150&comma;150&comma;0.3); border-radius: 12px; padding: 16px; margin-bottom: 30px; background-color: transparent;'>\n<div style='display: flex; flex-wrap: wrap; gap: 16px; align-items: center;'> <!-- VIDEO --> <\/p>\n<div style='flex: 1 1 320px; min-width: 280px;'>\n<div style='position: relative; padding-top: 56.25%; height: 0; overflow: hidden; border: 1px solid rgba(150&comma;150&comma;150&comma;0.3); border-radius: 8px;'> <video src='https:\/\/www.grandstream.com\/hubfs\/Partner_Marketing_Kit\/GCC%20-%20Convergence\/GCC6010_Series_Overview_Video_spanish.mp4' autoplay muted loop playsinline controls preload='metadata' style='position: absolute; top: 0; left: 0; width: 100%; height: 100%; object-fit: cover; border-radius: 8px; background-color: transparent;'><\/video> <\/div>\n<\/p><\/div>\n<p> <!-- TEXTO --> <\/p>\n<div style='flex: 1 1 360px; min-width: 280px;'>\n<h2 style='margin: 0 0 10px; font-size: 22px; border-bottom: 2px solid currentColor; padding-bottom: 5px; color: inherit; opacity: 0.8;'>Soluciones de Convergencia: Networking y UC<\/h2>\n<div style='margin: 0 0 12px; font-weight: 600; opacity: 0.8;'>Modelo: <span style='font-weight: 700; opacity: 1;'>GCC6010<\/span><\/div>\n<p style='margin: 0; color: inherit;'> <strong>Soluci\u00f3n todo-en-uno de networking&comma; seguridad y comunicaciones unificadas.<\/strong><br \/> El <strong>GCC6010<\/strong> integra router VPN&comma; firewall de nueva generaci\u00f3n&comma; IP PBX y switch de red en una sola plataforma&comma; ideal para peque\u00f1as y medianas empresas. <\/p>\n<\/p><\/div>\n<\/p><\/div>\n<\/p><\/div>\n<p> <!-- CARACTER\u00cdSTICAS --> <\/p>\n<div style='display: flex; flex-wrap: wrap; gap: 20px; margin-bottom: 30px;'> <!-- CARACTER\u00cdSTICAS PRINCIPALES --> <\/p>\n<div style='flex: 1 1 250px; border: 1px solid rgba(150&comma;150&comma;150&comma;0.3); border-radius: 8px; overflow: hidden; display: flex; flex-direction: column;'>\n<div style='padding: 15px; border-bottom: 1px solid rgba(150&comma;150&comma;150&comma;0.2); font-weight: bold; font-size: 18px; color: inherit;'>Caracter\u00edsticas principales<\/div>\n<div style='padding: 15px; color: inherit;'>\n<ul style='padding-left: 20px; margin: 0; font-size: 14px; list-style-type: disc;'>\n<li style='margin-bottom: 5px;'>Router VPN hasta <strong>2.5 Gbps<\/strong><\/li>\n<li style='margin-bottom: 5px;'>Firewall <strong>L3\u2013L7<\/strong> con DPI&comma; IDS\/IPS y antivirus<\/li>\n<li style='margin-bottom: 5px;'>IP PBX (<strong>12 usuarios<\/strong> \/ <strong>4 llamadas<\/strong>)<\/li>\n<li style='margin-bottom: 5px;'>4 puertos PoE <strong>802.3af\/at<\/strong> (36 W)<\/li>\n<li style='margin-bottom: 5px;'>Gesti\u00f3n centralizada con <strong>GDMS Cloud<\/strong><\/li>\n<\/ul><\/div>\n<\/p><\/div>\n<p> <!-- INTERFACES Y HARDWARE --> <\/p>\n<div style='flex: 1 1 250px; border: 1px solid rgba(150&comma;150&comma;150&comma;0.3); border-radius: 8px; overflow: hidden; display: flex; flex-direction: column;'>\n<div style='padding: 15px; border-bottom: 1px solid rgba(150&comma;150&comma;150&comma;0.2); font-weight: bold; font-size: 18px; color: inherit;'>Interfaces y hardware<\/div>\n<div style='padding: 15px; color: inherit;'>\n<ul style='padding-left: 20px; margin: 0; font-size: 14px; list-style-type: disc;'>\n<li style='margin-bottom: 5px;'>CPU Quad-Core ARM Cortex-A53 <strong>2.0 GHz<\/strong><\/li>\n<li style='margin-bottom: 5px;'>2 puertos <strong>SFP 2.5G<\/strong><\/li>\n<li style='margin-bottom: 5px;'>5 puertos <strong>Gigabit Ethernet<\/strong><\/li>\n<li style='margin-bottom: 5px;'><strong>2 GB RAM<\/strong> \/ <strong>32 GB eMMC<\/strong><\/li>\n<li style='margin-bottom: 5px;'>USB 3.0&comma; microSD&comma; reset<\/li>\n<\/ul><\/div>\n<\/p><\/div>\n<p> <!-- CARACTER\u00cdSTICAS F\u00cdSICAS --> <\/p>\n<div style='flex: 1 1 250px; border: 1px solid rgba(150&comma;150&comma;150&comma;0.3); border-radius: 8px; overflow: hidden; display: flex; flex-direction: column;'>\n<div style='padding: 15px; border-bottom: 1px solid rgba(150&comma;150&comma;150&comma;0.2); font-weight: bold; font-size: 18px; color: inherit;'>Caracter\u00edsticas f\u00edsicas<\/div>\n<div style='padding: 15px; color: inherit;'>\n<ul style='padding-left: 20px; margin: 0; font-size: 14px; list-style-type: disc;'>\n<li style='margin-bottom: 5px;'>Alimentaci\u00f3n: <strong>100\u2013240 VCA<\/strong><\/li>\n<li style='margin-bottom: 5px;'>Salida: <strong>48 Vcc<\/strong> \/ <strong>48 W<\/strong><\/li>\n<li style='margin-bottom: 5px;'>Temperatura: <strong>0 \u00b0C a 45 \u00b0C<\/strong><\/li>\n<li style='margin-bottom: 5px;'>Dimensiones: <strong>191 \u00d7 101 \u00d7 29 mm<\/strong><\/li>\n<li style='margin-bottom: 5px;'>Peso: <strong>520 g<\/strong><\/li>\n<\/ul><\/div>\n<\/p><\/div>\n<p> <!-- PLANES DE ACTUALIZACI\u00d3N --> <\/p>\n<div style='flex: 1 1 250px; border: 1px solid rgba(150&comma;150&comma;150&comma;0.3); border-radius: 8px; overflow: hidden; display: flex; flex-direction: column;'>\n<div style='padding: 15px; border-bottom: 1px solid rgba(150&comma;150&comma;150&comma;0.2); font-weight: bold; font-size: 18px; color: inherit;'>Planes de actualizaci\u00f3n PBX<\/div>\n<div style='padding: 15px; color: inherit;'>\n<ul style='padding-left: 20px; margin: 0; font-size: 14px; list-style-type: disc;'>\n<li style='margin-bottom: 5px;'><a href='https:\/\/www.syscom.mx\/products\/233967' target='_blank' rel='noopener' style='color: inherit; text-decoration: underline;'>Actualizaci\u00f3n a <strong>50 usuarios<\/strong> y <strong>12 llamadas concurrentes<\/strong><\/a><\/li>\n<li style='margin-bottom: 5px;'><a href='https:\/\/www.syscom.mx\/products\/233968' target='_blank' rel='noopener' style='color: inherit; text-decoration: underline;'>Licencia para <strong>50 usuarios\/extensiones<\/strong> adicionales<\/a><\/li>\n<li style='margin-bottom: 5px;'><a href='https:\/\/www.syscom.mx\/products\/233969' target='_blank' rel='noopener' style='color: inherit; text-decoration: underline;'>Licencia para <strong>4 llamadas simult\u00e1neas<\/strong> adicionales<\/a><\/li>\n<\/ul>\n<div style='margin-top: 15px; padding-top: 15px; border-top: 1px solid rgba(150&comma;150&comma;150&comma;0.2); font-weight: bold; font-size: 18px; color: inherit;'>Planes de actualizaci\u00f3n Firewall<\/div>\n<ul style='padding-left: 20px; margin: 0; font-size: 14px; list-style-type: disc;'>\n<li style='margin-bottom: 5px;'><a href='https:\/\/www.syscom.mx\/products\/235770' target='_blank' rel='noopener' style='color: inherit; text-decoration: underline;'>Plan <strong>1 a\u00f1o<\/strong> Firewall<\/a><\/li>\n<li style='margin-bottom: 5px;'><a href='https:\/\/www.syscom.mx\/products\/235771' target='_blank' rel='noopener' style='color: inherit; text-decoration: underline;'>Plan <strong>3 a\u00f1os<\/strong> Firewall<\/a><\/li>\n<li style='margin-bottom: 5px;'><a href='https:\/\/www.syscom.mx\/products\/235773' target='_blank' rel='noopener' style='color: inherit; text-decoration: underline;'>Plan <strong>vitalicio<\/strong> Firewall<\/a><\/li>\n<\/ul><\/div>\n<\/p><\/div>\n<\/p><\/div>\n<p> <!-- GDMS --> <\/p>\n<div style='border: 1px solid rgba(150&comma;150&comma;150&comma;0.3); border-radius: 8px; padding: 16px; margin-bottom: 30px; background-color: transparent;'>\n<div style='display: flex; flex-wrap: wrap; gap: 16px; align-items: center;'> <!-- VIDEO --> <\/p>\n<div style='flex: 1 1 320px; min-width: 280px;'>\n<div style='position: relative; padding-top: 56.25%; height: 0; overflow: hidden; border: 1px solid rgba(150&comma;150&comma;150&comma;0.3); border-radius: 8px;'> <video src='https:\/\/www.grandstream.com\/hubfs\/LATAM\/Videos%20espa%C3%B1ol\/Grandstream_Cloud_Platform_Introduction%20-%20Spanish-1.mp4' autoplay muted loop playsinline controls style='position: absolute; top: 0; left: 0; width: 100%; height: 100%; object-fit: cover; border-radius: 8px; background-color: transparent;'><\/video> <\/div>\n<\/p><\/div>\n<p> <!-- TEXTO --> <\/p>\n<div style='flex: 1 1 360px; min-width: 280px;'>\n<h3 style='margin: 0 0 10px; font-size: 18px; border-bottom: 2px solid currentColor; padding-bottom: 5px; color: inherit; opacity: 0.8;'>Gesti\u00f3n centralizada en la nube para tu ecosistema Grandstream<\/h3>\n<p style='margin: 0; color: inherit;'> Despliega y administra los productos <strong>GWN<\/strong> y el portafolio Grandstream desde una sola plataforma con <strong>GDMS<\/strong>. <\/p>\n<\/p><\/div>\n<\/p><\/div>\n<\/p><\/div>\n<p> <!-- VIDEOS ADICIONALES --> <\/p>\n<div style='margin-bottom: 30px;'>\n<h2 style='text-align: center; font-size: 20px; border-bottom: 2px solid currentColor; padding-bottom: 5px; margin: 0 0 15px; color: inherit; opacity: 0.8;'>Una soluci\u00f3n extraordinaria todo en uno<\/h2>\n<p style='text-align: center; margin: 0 0 20px; color: inherit;'>La serie GCC redefine la comunicaci\u00f3n al integrar comunicaciones unificadas&comma; redes y seguridad en una sola plataforma.<\/p>\n<div style='position: relative; padding-bottom: 56.25%; height: 0; overflow: hidden; margin-bottom: 30px;'>   <\/div>\n<h2 style='text-align: center; font-size: 20px; border-bottom: 2px solid currentColor; padding-bottom: 5px; margin: 0 0 15px; color: inherit; opacity: 0.8;'>Protecci\u00f3n de seguridad de nivel empresarial<\/h2>\n<p style='text-align: center; margin: 0 0 20px; color: inherit;'>Un firewall de nueva generaci\u00f3n integrado ofrece protecci\u00f3n avanzada con DPI basado en IA y certificaci\u00f3n antimalware.<\/p>\n<div style='position: relative; padding-bottom: 56.25%; height: 0; overflow: hidden; margin-bottom: 30px;'>   <\/div>\n<h2 style='text-align: center; font-size: 20px; border-bottom: 2px solid currentColor; padding-bottom: 5px; margin: 0 0 15px; color: inherit; opacity: 0.8;'>Comunicaciones y colaboraci\u00f3n de \u00faltima generaci\u00f3n<\/h2>\n<p style='text-align: center; margin: 0 0 20px; color: inherit;'>El IP PBX integrado ofrece funciones avanzadas para mantener a las organizaciones conectadas y productivas.<\/p>\n<div style='position: relative; padding-bottom: 56.25%; height: 0; overflow: hidden; margin-bottom: 30px;'>   <\/div>\n<h2 style='text-align: center; font-size: 20px; border-bottom: 2px solid currentColor; padding-bottom: 5px; margin: 0 0 15px; color: inherit; opacity: 0.8;'>Gesti\u00f3n avanzada de red y sistemas<\/h2>\n<p style='text-align: center; margin: 0 0 20px; color: inherit;'>La serie GCC ofrece una interfaz centralizada y segura para administrar la red de la organizaci\u00f3n en tiempo real.<\/p>\n<div style='position: relative; padding-bottom: 56.25%; height: 0; overflow: hidden; margin-bottom: 30px;'>   <\/div>\n<h2 style='text-align: center; font-size: 20px; border-bottom: 2px solid currentColor; padding-bottom: 5px; margin: 0 0 15px; color: inherit; opacity: 0.8;'>QoS inteligente y menor latencia de datos<\/h2>\n<p style='text-align: center; margin: 0 0 20px; color: inherit;'>La integraci\u00f3n de red y PBX IP reduce la latencia y garantiza una experiencia fluida incluso con alto tr\u00e1fico.<\/p>\n<div style='position: relative; padding-bottom: 56.25%; height: 0; overflow: hidden; margin-bottom: 30px;'>   <\/div>\n<h2 style='text-align: center; font-size: 20px; border-bottom: 2px solid currentColor; padding-bottom: 5px; margin: 0 0 15px; color: inherit; opacity: 0.8;'>Dise\u00f1ado para peque\u00f1as organizaciones<\/h2>\n<p style='text-align: center; margin: 0 0 20px; color: inherit;'>La serie GCC6010 integra redes&comma; comunicaci\u00f3n y seguridad en una sola soluci\u00f3n&comma; ideal para peque\u00f1as empresas.<\/p>\n<div style='position: relative; padding-bottom: 56.25%; height: 0; overflow: hidden;'>   <\/div>\n<\/p><\/div>\n<\/p><\/div>\n","protected":false},"excerpt":{"rendered":"<p>4 en 1: Firewall Nueva Generaci\u00f3n, Router, PBX IP, Switch Gigabit de 5 Puertos (4 PoE) y 2 Puertos SFP 2.5 Gigabit<\/p>\n","protected":false},"featured_media":92039,"comment_status":"open","ping_status":"closed","template":"","meta":[],"product_brand":[],"product_cat":[1986],"product_tag":[909,664,1987],"class_list":{"0":"post-92040","1":"product","2":"type-product","3":"status-publish","4":"has-post-thumbnail","6":"product_cat-switches-poe","7":"product_tag-grandstream","8":"product_tag-networking","9":"product_tag-switches-poe","11":"first","12":"instock","13":"sale","14":"shipping-taxable","15":"purchasable","16":"product-type-simple"},"_links":{"self":[{"href":"https:\/\/soydeaqui.ddns.net\/pachuca\/index.php\/wp-json\/wp\/v2\/product\/92040","targetHints":{"allow":["GET"]}}],"collection":[{"href":"https:\/\/soydeaqui.ddns.net\/pachuca\/index.php\/wp-json\/wp\/v2\/product"}],"about":[{"href":"https:\/\/soydeaqui.ddns.net\/pachuca\/index.php\/wp-json\/wp\/v2\/types\/product"}],"replies":[{"embeddable":true,"href":"https:\/\/soydeaqui.ddns.net\/pachuca\/index.php\/wp-json\/wp\/v2\/comments?post=92040"}],"wp:featuredmedia":[{"embeddable":true,"href":"https:\/\/soydeaqui.ddns.net\/pachuca\/index.php\/wp-json\/wp\/v2\/media\/92039"}],"wp:attachment":[{"href":"https:\/\/soydeaqui.ddns.net\/pachuca\/index.php\/wp-json\/wp\/v2\/media?parent=92040"}],"wp:term":[{"taxonomy":"product_brand","embeddable":true,"href":"https:\/\/soydeaqui.ddns.net\/pachuca\/index.php\/wp-json\/wp\/v2\/product_brand?post=92040"},{"taxonomy":"product_cat","embeddable":true,"href":"https:\/\/soydeaqui.ddns.net\/pachuca\/index.php\/wp-json\/wp\/v2\/product_cat?post=92040"},{"taxonomy":"product_tag","embeddable":true,"href":"https:\/\/soydeaqui.ddns.net\/pachuca\/index.php\/wp-json\/wp\/v2\/product_tag?post=92040"}],"curies":[{"name":"wp","href":"https:\/\/api.w.org\/{rel}","templated":true}]}}