{"id":92038,"date":"2026-03-20T04:57:45","date_gmt":"2026-03-20T04:57:45","guid":{"rendered":"https:\/\/soydeaqui.ddns.net\/pachuca\/index.php\/producto\/punto-de-acceso-2x2-engenius-fit-wifi-6-doble-banda-hasta-2400-mbps-en-5-ghz-y-574-mbps-en-2-4-ghz\/"},"modified":"2026-03-20T04:57:47","modified_gmt":"2026-03-20T04:57:47","slug":"punto-de-acceso-2x2-engenius-fit-wifi-6-doble-banda-hasta-2400-mbps-en-5-ghz-y-574-mbps-en-2-4-ghz","status":"publish","type":"product","link":"https:\/\/soydeaqui.ddns.net\/pachuca\/index.php\/producto\/punto-de-acceso-2x2-engenius-fit-wifi-6-doble-banda-hasta-2400-mbps-en-5-ghz-y-574-mbps-en-2-4-ghz\/","title":{"rendered":"Punto de Acceso 2&#215;2 EnGenius FIT WiFi 6, Doble Banda, Hasta 2400 Mbps en 5 GHz y 574 Mbps en 2.4 GHz"},"content":{"rendered":"<div style='width: 100%; max-width: 1200px; margin: 0 auto; font-family: sans-serif; line-height: 1.6; color: inherit; background-color: transparent;'>\n<div style='display: flex; flex-wrap: wrap; gap: 30px; margin-bottom: 30px;'>\n<div style='flex: 1 1 300px; min-width: 280px;'>\n<h3 style='font-size: 22px; border-bottom: 2px solid currentColor; padding-bottom: 5px; margin-top: 0; color: inherit; opacity: 0.8;'><\/h3>\n<p style='font-size: 15px; color: inherit;'> <span style='font-weight: bold; color: inherit;'>El punto de acceso inal\u00e1mbrico para interior EnGenius Fit Managed EWS356-FIT<\/span> Wi-Fi 6 2&#215;2 es un dispositivo de clase empresarial que proporciona un alto rendimiento seguro y confiable al tiempo que reduce los gastos operativos y de capital para las peque\u00f1as empresas preocupadas por los costos. Con soporte para la \u00faltima tecnolog\u00eda 802.11ax&comma; este punto de acceso puede ofrecer velocidades m\u00e1ximas de 574 Mbps (2&comma;4 GHz) y 2400 Mbps (5 GHz). Adem\u00e1s&comma; cuenta con una interfaz web f\u00e1cil de usar para opciones de administraci\u00f3n local o en la nube basadas en la arquitectura de red y la aptitud t\u00e9cnica. <\/p>\n<ul style='padding-left: 20px; font-size: 15px; color: inherit;'>\n<li style='margin-bottom: 5px;'><strong>Arquitectura<\/strong>: 802.11ax dual simult\u00e1nea y compatible con dispositivos cliente 11ac\/a\/b\/g\/n; antena 2&#215;2<\/li>\n<li style='margin-bottom: 5px;'><strong>Velocidades<\/strong>: Hasta 2400 Mbps en la banda de 5 GHz y 574 Mbps en la banda de 2.4 GHz<\/li>\n<li style='margin-bottom: 5px;'><strong>Opciones de administraci\u00f3n<\/strong>: Local o en la nube seg\u00fan la arquitectura de red y los permisos administrativos<\/li>\n<li style='margin-bottom: 5px;'><strong>Visibilidad y control<\/strong>: Desde cualquier lugar<\/li>\n<li style='margin-bottom: 5px;'><strong>Configuraci\u00f3n<\/strong>: En minutos con instrucciones paso a paso basadas en la aplicaci\u00f3n<\/li>\n<li style='margin-bottom: 5px;'><strong>Registro de dispositivos<\/strong>: Escaneo r\u00e1pido&comma; monitoreo remoto y soluci\u00f3n de problemas<\/li>\n<li style='margin-bottom: 5px;'><strong>M\u00e9tricas del sistema<\/strong>: An\u00e1lisis y configuraciones remotas en tiempo real<\/li>\n<li style='margin-bottom: 5px;'><strong>Licencias<\/strong>: Sin licencias de puntos de acceso ni tarifas de suscripci\u00f3n<\/li>\n<li style='margin-bottom: 5px;'><strong>OFDMA<\/strong>: Mejora la transmisi\u00f3n a AP y dispositivos cliente en enlace ascendente y descendente<\/li>\n<li style='margin-bottom: 5px;'><strong>Objetivo de tiempo de activaci\u00f3n<\/strong>: Para ahorrar energ\u00eda en los dispositivos cliente y IoT<\/li>\n<li style='margin-bottom: 5px;'><strong>MU-MIMO<\/strong>: Enlace ascendente y descendente para una se\u00f1al \u00f3ptima y confiabilidad de recepci\u00f3n para hasta 2 dispositivos<\/li>\n<li style='margin-bottom: 5px;'><strong>Coloraci\u00f3n BSS<\/strong>: Para etiquetar paquetes con un &#8216;color&#8217; para diferenciar entre conjuntos de servicios b\u00e1sicos adyacentes<\/li>\n<\/ul><\/div>\n<\/p><\/div>\n<p> <!-- Separador --> <\/p>\n<hr style='border: 0; border-top: 1px solid rgba(150&comma; 150&comma; 150&comma; 0.3); margin: 30px 0;'> <\/div>\n","protected":false},"excerpt":{"rendered":"<p>Punto de Acceso 2&#215;2 EnGenius FIT WiFi 6, Doble Banda, Hasta 2400 Mbps en 5 GHz y 574 Mbps en 2.4 GHz<\/p>\n","protected":false},"featured_media":32,"comment_status":"open","ping_status":"closed","template":"","meta":[],"product_brand":[],"product_cat":[1794],"product_tag":[738,1795,1479],"class_list":{"0":"post-92038","1":"product","2":"type-product","3":"status-publish","4":"has-post-thumbnail","6":"product_cat-puntos-de-acceso","7":"product_tag-engenius","8":"product_tag-puntos-de-acceso","9":"product_tag-redes-wifi","11":"first","12":"instock","13":"sale","14":"shipping-taxable","15":"purchasable","16":"product-type-simple"},"_links":{"self":[{"href":"https:\/\/soydeaqui.ddns.net\/pachuca\/index.php\/wp-json\/wp\/v2\/product\/92038","targetHints":{"allow":["GET"]}}],"collection":[{"href":"https:\/\/soydeaqui.ddns.net\/pachuca\/index.php\/wp-json\/wp\/v2\/product"}],"about":[{"href":"https:\/\/soydeaqui.ddns.net\/pachuca\/index.php\/wp-json\/wp\/v2\/types\/product"}],"replies":[{"embeddable":true,"href":"https:\/\/soydeaqui.ddns.net\/pachuca\/index.php\/wp-json\/wp\/v2\/comments?post=92038"}],"wp:featuredmedia":[{"embeddable":true,"href":"https:\/\/soydeaqui.ddns.net\/pachuca\/index.php\/wp-json\/wp\/v2\/media\/32"}],"wp:attachment":[{"href":"https:\/\/soydeaqui.ddns.net\/pachuca\/index.php\/wp-json\/wp\/v2\/media?parent=92038"}],"wp:term":[{"taxonomy":"product_brand","embeddable":true,"href":"https:\/\/soydeaqui.ddns.net\/pachuca\/index.php\/wp-json\/wp\/v2\/product_brand?post=92038"},{"taxonomy":"product_cat","embeddable":true,"href":"https:\/\/soydeaqui.ddns.net\/pachuca\/index.php\/wp-json\/wp\/v2\/product_cat?post=92038"},{"taxonomy":"product_tag","embeddable":true,"href":"https:\/\/soydeaqui.ddns.net\/pachuca\/index.php\/wp-json\/wp\/v2\/product_tag?post=92038"}],"curies":[{"name":"wp","href":"https:\/\/api.w.org\/{rel}","templated":true}]}}