{"id":92034,"date":"2026-03-20T04:57:33","date_gmt":"2026-03-20T04:57:33","guid":{"rendered":"https:\/\/soydeaqui.ddns.net\/pachuca\/index.php\/producto\/unidad-de-estado-solido-ssd-2048-gb-formato-2230-alto-rendimiento-hasta-7400-mb-s-m-2-nvme-para-gaming-y-trabajo-pesado-en-pc\/"},"modified":"2026-03-20T04:57:43","modified_gmt":"2026-03-20T04:57:43","slug":"unidad-de-estado-solido-ssd-2048-gb-formato-2230-alto-rendimiento-hasta-7400-mb-s-m-2-nvme-para-gaming-y-trabajo-pesado-en-pc","status":"publish","type":"product","link":"https:\/\/soydeaqui.ddns.net\/pachuca\/index.php\/producto\/unidad-de-estado-solido-ssd-2048-gb-formato-2230-alto-rendimiento-hasta-7400-mb-s-m-2-nvme-para-gaming-y-trabajo-pesado-en-pc\/","title":{"rendered":"Unidad de Estado S\u00f3lido (SSD) 2048 GB \/ Formato 2230 \/ ALTO RENDIMIENTO \/ Hasta 7400 MB\/s \/ M.2 NVMe \/ Para Gaming y Trabajo Pesado en PC"},"content":{"rendered":"<div style='width: 100%; max-width: 1200px; margin: 0 auto; font-family: sans-serif; line-height: 1.6; color: inherit; background-color: transparent;'> <!-- Banner --> <\/p>\n<div style='text-align: center; margin: 20px 0;'> <img style='width: 100%; height: auto; border: 1px solid rgba(150&comma;150&comma;150&comma;0.3); border-radius: 8px;' src='https:\/\/ftp3.syscom.mx\/usuarios\/gmagos\/HIK\/storage\/Vaners\/hiksemi.png' alt='Banner'> <\/div>\n<p> <!-- Especificaciones --> <\/p>\n<div style='display: flex; flex-wrap: wrap; gap: 30px; margin-bottom: 30px;'>\n<div style='flex: 1 1 300px; min-width: 280px;'>\n<h3 style='font-size: 22px; border-bottom: 2px solid currentColor; padding-bottom: 5px; margin-top: 0; color: inherit; opacity: 0.8;'>Caracter\u00edsticas Principales:<\/h3>\n<ul style='padding-left: 20px; font-size: 15px; color: inherit;'>\n<li style='margin-bottom: 5px;'><strong>Capacidad:<\/strong> 2048GB<\/li>\n<li style='margin-bottom: 5px;'><strong>Factor de Forma:<\/strong> M.2 2230<\/li>\n<li style='margin-bottom: 5px;'><strong>Velocidad M\u00e1xima de Lectura Secuencial:<\/strong> 7400 MB\/s<\/li>\n<li style='margin-bottom: 5px;'><strong>Velocidad M\u00e1xima de Escritura Secuencial:<\/strong> 6500 MB\/s<\/li>\n<li style='margin-bottom: 5px;'><strong>Consumo M\u00e1ximo de Energ\u00eda:<\/strong> 4.2W<\/li>\n<li style='margin-bottom: 5px;'><strong>Durabilidad (TBW):<\/strong> 3600TB<\/li>\n<li style='margin-bottom: 5px;'><strong>MTBF:<\/strong> 2&comma;000&comma;000 horas<\/li>\n<li style='margin-bottom: 5px;'><strong>Interfaz:<\/strong> PCIe Gen4x4<\/li>\n<li style='margin-bottom: 5px;'><strong>Temperatura de Operaci\u00f3n:<\/strong> 0\u00b0C a 70\u00b0C<\/li>\n<li style='margin-bottom: 5px;'><strong>Temperatura de Almacenamiento:<\/strong> -40\u00b0C a 85\u00b0C<\/li>\n<li style='margin-bottom: 5px;'><strong>Funciones de Seguridad:<\/strong> AES-256\/SM4\/TCG-Opal 2.0&comma; tecnolog\u00eda ECC \u00e1gil de tercera generaci\u00f3n&comma; protecci\u00f3n de datos de extremo a extremo&comma; RAID5 &#038; 6<\/li>\n<li style='margin-bottom: 5px;'><strong>Peso:<\/strong> \u22647g<\/li>\n<\/ul><\/div>\n<\/p><\/div>\n<p> <!-- Videos --> <\/p>\n<div style='display: flex; flex-wrap: wrap; gap: 30px; margin-bottom: 30px;'>\n<div style='flex: 1 1 400px; min-width: 300px;'>\n<h3 style='text-align: center; font-size: 18px; margin-top: 0; color: inherit;'><strong>\u00bfQui\u00e9n es HIKSEMI?<\/strong><\/h3>\n<div style='position: relative; padding-bottom: 56.25%; height: 0; overflow: hidden; margin-bottom: 30px;'>   <\/div>\n<\/p><\/div>\n<div style='flex: 1 1 400px; min-width: 300px;'>\n<h3 style='text-align: center; font-size: 18px; margin-top: 0; color: inherit;'><strong>Unidades de Estado S\u00f3lido<\/strong><\/h3>\n<div style='position: relative; padding-bottom: 56.25%; height: 0; overflow: hidden; margin-bottom: 30px;'>   <\/div>\n<\/p><\/div>\n<\/p><\/div>\n<p> <!-- Imagen 1 con overlay --> <\/p>\n<div style='position: relative; width: 100%; margin: 30px 0;'> <img style='width: 100%; height: auto; border: 1px solid rgba(150&comma;150&comma;150&comma;0.3); border-radius: 8px;' src='https:\/\/ftp3.syscom.mx\/usuarios\/gmagos\/HIK\/storage\/Pagina%20WEB\/HS-SSD-2230\/FUTURES-2230_01.jpg' alt='Imagen de Fondo'> <\/p>\n<div style='position: absolute; top: 20px; left: 50%; transform: translateX(-50%); padding: 20px; text-align: center; width: 100%; max-width: 600px;'>\n<h1 style='font-size: 35px; color: inherit; margin: 0 0 10px 0;'><strong>FUTURO SSD ECO Gen4x4 NVMe M.2 2230<\/strong><\/h1>\n<h2 style='font-size: 20px; color: inherit; margin: 0;'><span style='font-family: verdana&comma; geneva&comma; sans-serif;'>Impresionante almacenamiento r\u00e1pido para tus juegos port\u00e1tiles<\/span><\/h2>\n<\/p><\/div>\n<\/p><\/div>\n<p> <!-- Descripci\u00f3n 1 --> <\/p>\n<div style='display: flex; flex-wrap: wrap; gap: 30px; margin-bottom: 30px;'>\n<div style='flex: 1 1 300px; min-width: 280px;'> <img style='width: 100%; height: auto; border: 1px solid rgba(150&comma;150&comma;150&comma;0.3); border-radius: 8px;' src='https:\/\/ftp3.syscom.mx\/usuarios\/gmagos\/HIK\/storage\/Pagina%20WEB\/HS-SSD-2230\/FUTURES-2230_02.jpg' alt='Alta Velocidad'> <\/div>\n<div style='flex: 2 1 400px; min-width: 300px;'>\n<h3 style='font-size: 20px; margin-top: 0; color: inherit;'><strong>Velocidad incre\u00edblemente r\u00e1pida con interfaz PCIe 4.0<\/strong><\/h3>\n<p style='font-size: 15px; color: inherit;'>La serie de SSD FUTURES 2230 de HIKSEMI redefine el est\u00e1ndar de rendimiento con su velocidad incre\u00edblemente r\u00e1pida&comma; gracias a la interfaz PCIe 4.0. Dise\u00f1ados para ofrecer una experiencia de usuario superior&comma; estos SSD proporcionan una velocidad de lectura secuencial m\u00e1xima de hasta 7400 MB\/s&comma; lo que los convierte en una opci\u00f3n ideal para aplicaciones que requieren un alto rendimiento&comma; como computadoras personales&comma; laptops y consolas de videojuegos.<\/p>\n<\/p><\/div>\n<\/p><\/div>\n<p> <!-- Descripci\u00f3n 2 --> <\/p>\n<div style='display: flex; flex-wrap: wrap; gap: 30px; margin-bottom: 30px;'>\n<div style='flex: 1 1 300px; min-width: 300px;'>\n<h3 style='font-size: 20px; margin-top: 0; color: inherit;'><strong>Rendimiento y Tecnolog\u00eda Avanzada<\/strong><\/h3>\n<p style='font-size: 15px; color: inherit;'>Equipados con tecnolog\u00eda 3D NAND&comma; los SSD FUTURES 2230 no solo mejoran la capacidad y el rendimiento&comma; sino que tambi\u00e9n aseguran una estabilidad excepcional. Esta tecnolog\u00eda permite que los dispositivos manejen mayores cantidades de datos de manera eficiente&comma; garantizando una experiencia de usuario sin interrupciones.<\/p>\n<\/p><\/div>\n<div style='flex: 1 1 300px; min-width: 300px; text-align: center;'> <img style='width: 100%; height: auto; border: 1px solid rgba(150&comma;150&comma;150&comma;0.3); border-radius: 8px;' src='https:\/\/ftp3.syscom.mx\/usuarios\/gmagos\/HIK\/storage\/Pagina%20WEB\/HS-SSD-2230\/FUTURES-2230_03.jpg' alt='Tecnolog\u00eda Avanzada'> <\/div>\n<\/p><\/div>\n<p> <!-- Imagen 2 con overlay --> <\/p>\n<div style='position: relative; width: 100%; margin: 30px 0;'> <img style='width: 100%; height: auto; border: 1px solid rgba(150&comma;150&comma;150&comma;0.3); border-radius: 8px;' src='https:\/\/ftp3.syscom.mx\/usuarios\/gmagos\/HIK\/storage\/Pagina%20WEB\/HS-SSD-2230\/FUTURES-2230_04.jpg' alt='Imagen de Fondo'> <\/p>\n<div style='position: absolute; top: 20px; left: 50%; transform: translateX(-50%); padding: 20px; text-align: center; width: 100%; max-width: 600px;'>\n<h1 style='font-size: 35px; color: inherit; margin: 0 0 10px 0;'><strong>F\u00e1cil instalaci\u00f3n<\/strong><\/h1>\n<h2 style='font-size: 20px; color: inherit; margin: 0 0 5px 0;'><span style='font-family: verdana&comma; geneva&comma; sans-serif;'>Amplia compatibilidad&comma; juegos fluidos<\/span><\/h2>\n<p style='font-size: 18px; color: inherit; margin: 0;'><span style='font-family: verdana&comma; geneva&comma; sans-serif;'>Es hora de actualizar su consola de juegos&comma; PC y tableta.<\/span><\/p>\n<\/p><\/div>\n<\/p><\/div>\n<p> <!-- Banner Final --> <\/p>\n<div style='text-align: center; margin: 30px 0;'> <img style='width: 100%; height: auto; border: 1px solid rgba(150&comma;150&comma;150&comma;0.3); border-radius: 8px;' src='https:\/\/ftp3.syscom.mx\/usuarios\/gmagos\/HIK\/storage\/Vaners\/HIKSEMI-banner1.jpg' alt='Banner final'> <\/div>\n<\/p><\/div>\n","protected":false},"excerpt":{"rendered":"<p>Unidad de Estado S\u00f3lido (SSD) 2048 GB \/ Formato 2230 \/ ALTO RENDIMIENTO \/ Hasta 7400 MB\/s \/ M.2 NVMe \/ Para Gaming y Trabajo Pesado en PC<\/p>\n","protected":false},"featured_media":92033,"comment_status":"open","ping_status":"closed","template":"","meta":[],"product_brand":[],"product_cat":[2138],"product_tag":[1974,2129,2139],"class_list":{"0":"post-92034","1":"product","2":"type-product","3":"status-publish","4":"has-post-thumbnail","6":"product_cat-unidades-de-estado-solido-ssd","7":"product_tag-almacenamiento","8":"product_tag-hiksemi-by-hikvision","9":"product_tag-unidades-de-estado-solido-ssd","11":"first","12":"outofstock","13":"sale","14":"shipping-taxable","15":"purchasable","16":"product-type-simple"},"_links":{"self":[{"href":"https:\/\/soydeaqui.ddns.net\/pachuca\/index.php\/wp-json\/wp\/v2\/product\/92034","targetHints":{"allow":["GET"]}}],"collection":[{"href":"https:\/\/soydeaqui.ddns.net\/pachuca\/index.php\/wp-json\/wp\/v2\/product"}],"about":[{"href":"https:\/\/soydeaqui.ddns.net\/pachuca\/index.php\/wp-json\/wp\/v2\/types\/product"}],"replies":[{"embeddable":true,"href":"https:\/\/soydeaqui.ddns.net\/pachuca\/index.php\/wp-json\/wp\/v2\/comments?post=92034"}],"wp:featuredmedia":[{"embeddable":true,"href":"https:\/\/soydeaqui.ddns.net\/pachuca\/index.php\/wp-json\/wp\/v2\/media\/92033"}],"wp:attachment":[{"href":"https:\/\/soydeaqui.ddns.net\/pachuca\/index.php\/wp-json\/wp\/v2\/media?parent=92034"}],"wp:term":[{"taxonomy":"product_brand","embeddable":true,"href":"https:\/\/soydeaqui.ddns.net\/pachuca\/index.php\/wp-json\/wp\/v2\/product_brand?post=92034"},{"taxonomy":"product_cat","embeddable":true,"href":"https:\/\/soydeaqui.ddns.net\/pachuca\/index.php\/wp-json\/wp\/v2\/product_cat?post=92034"},{"taxonomy":"product_tag","embeddable":true,"href":"https:\/\/soydeaqui.ddns.net\/pachuca\/index.php\/wp-json\/wp\/v2\/product_tag?post=92034"}],"curies":[{"name":"wp","href":"https:\/\/api.w.org\/{rel}","templated":true}]}}