{"id":92021,"date":"2026-03-20T04:56:58","date_gmt":"2026-03-20T04:56:58","guid":{"rendered":"https:\/\/soydeaqui.ddns.net\/pachuca\/index.php\/producto\/generador-inversor-portatil-a-gasolina-7-5-kw-120-240vca-arranque-manual\/"},"modified":"2026-03-20T04:56:59","modified_gmt":"2026-03-20T04:56:59","slug":"generador-inversor-portatil-a-gasolina-7-5-kw-120-240vca-arranque-manual","status":"publish","type":"product","link":"https:\/\/soydeaqui.ddns.net\/pachuca\/index.php\/producto\/generador-inversor-portatil-a-gasolina-7-5-kw-120-240vca-arranque-manual\/","title":{"rendered":"Generador Inversor Port\u00e1til a Gasolina, 7.5 kW, 120\/240Vca, Arranque Manual"},"content":{"rendered":"<div style='width: 100%; max-width: 1200px; margin: 0 auto; font-family: sans-serif; line-height: 1.6; color: inherit; background-color: transparent;'>\n<h2 style='font-size: 24px; margin-top: 0; margin-bottom: 20px; color: inherit;'><strong>Generador Inversor Port\u00e1til a Gasolina de 3&comma;000 W de Potencia Nominal<\/strong><\/h2>\n<p> <!-- Secci\u00f3n de caracter\u00edsticas --> <\/p>\n<div style='display: flex; flex-wrap: wrap; gap: 30px; margin-bottom: 30px;'>\n<div style='flex: 1 1 300px; min-width: 280px;'>\n<h3 style='font-size: 20px; border-bottom: 2px solid currentColor; padding-bottom: 5px; margin-top: 0; color: inherit; opacity: 0.8;'>Caracter\u00edsticas generales:<\/h3>\n<ul style='padding-left: 20px; font-size: 15px; color: inherit;'>\n<li style='margin-bottom: 5px;'>Ofrece 3 configuraciones de operaci\u00f3n integradas (Off \/ Run \/ Cold Start)<\/li>\n<li style='margin-bottom: 5px;'>La parada por nivel bajo de aceite protege autom\u00e1ticamente el motor contra da\u00f1os.<\/li>\n<li style='margin-bottom: 5px;'>El tanque de combustible de acero de gran capacidad con indicador de combustible incorporado proporciona durabilidad y hasta 13 horas de funcionamiento con una carga del 25%.<\/li>\n<li style='margin-bottom: 5px;'>Dise\u00f1o ligero para facilitar su portabilidad.<\/li>\n<\/ul><\/div>\n<div style='flex: 1 1 300px; min-width: 280px;'>\n<h3 style='font-size: 20px; border-bottom: 2px solid currentColor; padding-bottom: 5px; margin-top: 0; color: inherit; opacity: 0.8;'>Caracter\u00edsticas F\u00edsicas y El\u00e9ctricas:<\/h3>\n<ul style='padding-left: 20px; font-size: 15px; color: inherit;'>\n<li style='margin-bottom: 5px;'><strong>Potencia nominal:<\/strong> 7.5 kW<\/li>\n<li style='margin-bottom: 5px;'><strong>Potencia al Arranque:<\/strong> 9.4 kW<\/li>\n<li style='margin-bottom: 5px;'><strong>Frecuencia:<\/strong> 60 Hz<\/li>\n<li style='margin-bottom: 5px;'><strong>Voltaje de salida:<\/strong> 120\/240 VAC<\/li>\n<li style='margin-bottom: 5px;'><strong>Peso:<\/strong> 85.3 kg.<\/li>\n<li style='margin-bottom: 5px;'><strong>Dimensiones:<\/strong> 789 x 685 x 670 mm.<\/li>\n<\/ul><\/div>\n<div style='flex: 1 1 300px; min-width: 280px;'>\n<h3 style='font-size: 20px; border-bottom: 2px solid currentColor; padding-bottom: 5px; margin-top: 0; color: inherit; opacity: 0.8;'>Aceite<\/h3>\n<ul style='padding-left: 20px; font-size: 15px; color: inherit;'>\n<li style='margin-bottom: 5px;'><strong>Tipo:<\/strong> 10W-30<\/li>\n<\/ul>\n<h3 style='font-size: 20px; border-bottom: 2px solid currentColor; padding-bottom: 5px; margin-top: 20px; margin-bottom: 15px; color: inherit; opacity: 0.8;'>Combustible<\/h3>\n<ul style='padding-left: 20px; font-size: 15px; color: inherit;'>\n<li style='margin-bottom: 5px;'><strong>Capacidad del tanque:<\/strong> 30.3 L<\/li>\n<\/ul><\/div>\n<\/p><\/div>\n<p> <!-- Separador --> <\/p>\n<hr style='border: 0; border-top: 1px solid rgba(150&comma; 150&comma; 150&comma; 0.3); margin: 30px 0;'> <\/div>\n","protected":false},"excerpt":{"rendered":"<p>Generador Inversor Port\u00e1til a Gasolina, 7.5 kW, 120\/240Vca, Arranque Manual<\/p>\n","protected":false},"featured_media":92020,"comment_status":"open","ping_status":"closed","template":"","meta":[],"product_brand":[],"product_cat":[1275],"product_tag":[1276,2220,1062],"class_list":{"0":"post-92021","1":"product","2":"type-product","3":"status-publish","4":"has-post-thumbnail","6":"product_cat-plantas-de-energia","7":"product_tag-plantas-de-energia","8":"product_tag-powermate","9":"product_tag-ups-respaldo","11":"first","12":"instock","13":"sale","14":"shipping-taxable","15":"purchasable","16":"product-type-simple"},"_links":{"self":[{"href":"https:\/\/soydeaqui.ddns.net\/pachuca\/index.php\/wp-json\/wp\/v2\/product\/92021","targetHints":{"allow":["GET"]}}],"collection":[{"href":"https:\/\/soydeaqui.ddns.net\/pachuca\/index.php\/wp-json\/wp\/v2\/product"}],"about":[{"href":"https:\/\/soydeaqui.ddns.net\/pachuca\/index.php\/wp-json\/wp\/v2\/types\/product"}],"replies":[{"embeddable":true,"href":"https:\/\/soydeaqui.ddns.net\/pachuca\/index.php\/wp-json\/wp\/v2\/comments?post=92021"}],"wp:featuredmedia":[{"embeddable":true,"href":"https:\/\/soydeaqui.ddns.net\/pachuca\/index.php\/wp-json\/wp\/v2\/media\/92020"}],"wp:attachment":[{"href":"https:\/\/soydeaqui.ddns.net\/pachuca\/index.php\/wp-json\/wp\/v2\/media?parent=92021"}],"wp:term":[{"taxonomy":"product_brand","embeddable":true,"href":"https:\/\/soydeaqui.ddns.net\/pachuca\/index.php\/wp-json\/wp\/v2\/product_brand?post=92021"},{"taxonomy":"product_cat","embeddable":true,"href":"https:\/\/soydeaqui.ddns.net\/pachuca\/index.php\/wp-json\/wp\/v2\/product_cat?post=92021"},{"taxonomy":"product_tag","embeddable":true,"href":"https:\/\/soydeaqui.ddns.net\/pachuca\/index.php\/wp-json\/wp\/v2\/product_tag?post=92021"}],"curies":[{"name":"wp","href":"https:\/\/api.w.org\/{rel}","templated":true}]}}