{"id":92013,"date":"2026-03-20T04:56:33","date_gmt":"2026-03-20T04:56:33","guid":{"rendered":"https:\/\/soydeaqui.ddns.net\/pachuca\/index.php\/producto\/unifi-switch-pro-max-24-poe-24-puertos-8-puertos-poe-2-5-gbe-y-16-puertos-gbe-poe-2-puertos-sfp-10g-400w-pantalla-tactil\/"},"modified":"2026-03-20T04:56:52","modified_gmt":"2026-03-20T04:56:52","slug":"unifi-switch-pro-max-24-poe-24-puertos-8-puertos-poe-2-5-gbe-y-16-puertos-gbe-poe-2-puertos-sfp-10g-400w-pantalla-tactil","status":"publish","type":"product","link":"https:\/\/soydeaqui.ddns.net\/pachuca\/index.php\/producto\/unifi-switch-pro-max-24-poe-24-puertos-8-puertos-poe-2-5-gbe-y-16-puertos-gbe-poe-2-puertos-sfp-10g-400w-pantalla-tactil\/","title":{"rendered":"UniFi Switch Pro Max 24 POE, 24 puertos (8 puertos POE++ 2.5 GbE y 16 puertos GbE POE+), 2 puertos SFP+ 10G, 400W, pantalla t\u00e1ctil"},"content":{"rendered":"<div style='width: 100%; max-width: 1200px; margin: 0 auto; font-family: sans-serif; line-height: 1.6; color: inherit; background-color: transparent;'> <!-- Secci\u00f3n de caracter\u00edsticas con \u00edconos --> <\/p>\n<div style='display: flex; flex-direction: column; gap: 20px; margin-bottom: 30px; border-top: 1px solid rgba(150&comma;150&comma;150&comma;0.3); padding-top: 20px;'>\n<div style='font-size: 14px; color: inherit; opacity: 0.85;'>Switch de 24-puertos UniFi&comma; Capa 3 con Etherlighting\u2122 2.5 GbE y POE++.<\/div>\n<div style='display: flex; align-items: flex-start; gap: 8px;'> <img style='width: 20px; height: 20px; flex-shrink: 0; border: none;' src='https:\/\/assets.ecomm.ui.com\/static\/key-features\/led.svg' alt='LED'> <\/p>\n<div style='font-size: 14px; color: inherit; line-height: 1.42;'>Los puertos Etherlighting\u2122 se iluminan para indicar la ubicaci\u00f3n del puerto&comma; velocidad\/negociaci\u00f3n y VLAN\/red nativa*<\/div>\n<\/p><\/div>\n<div style='display: flex; align-items: flex-start; gap: 8px;'> <img style='width: 20px; height: 20px; flex-shrink: 0; border: none;' src='https:\/\/assets.ecomm.ui.com\/static\/key-features\/poe_plus_plus.svg' alt='PoE++'> <\/p>\n<div style='font-size: 14px; color: inherit; line-height: 1.42;'>(8) puerto 2.5 GbE PoE++<\/div>\n<\/p><\/div>\n<div style='display: flex; align-items: flex-start; gap: 8px;'> <img style='width: 20px; height: 20px; flex-shrink: 0; border: none;' src='https:\/\/assets.ecomm.ui.com\/static\/key-features\/poe_plus_plus.svg' alt='PoE+'> <\/p>\n<div style='font-size: 14px; color: inherit; line-height: 1.42;'>(16) puertos GbE&comma; incluye (8) PoE+ y (8) PoE++<\/div>\n<\/p><\/div>\n<div style='display: flex; align-items: flex-start; gap: 8px;'> <img style='width: 20px; height: 20px; flex-shrink: 0; border: none;' src='https:\/\/assets.ecomm.ui.com\/static\/key-features\/sfp.svg' alt='SFP'> <\/p>\n<div style='font-size: 14px; color: inherit; line-height: 1.42;'>(2) puertos 10G SFP+<\/div>\n<\/p><\/div>\n<div style='display: flex; align-items: flex-start; gap: 8px;'> <img style='width: 20px; height: 20px; flex-shrink: 0; border: none;' src='https:\/\/assets.ecomm.ui.com\/static\/key-features\/power_support.svg' alt='Redundancia'> <\/p>\n<div style='font-size: 14px; color: inherit; line-height: 1.42;'>Redundancia de poder DC con USRP (vendido por separado)<\/div>\n<\/p><\/div>\n<div style='display: flex; align-items: flex-start; gap: 8px;'> <img style='width: 20px; height: 20px; flex-shrink: 0; border: none;' src='https:\/\/assets.ecomm.ui.com\/static\/key-features\/poe.svg' alt='PoE'> <\/p>\n<div style='font-size: 14px; color: inherit; line-height: 1.42;'>400W de presupuesto POE<\/div>\n<\/p><\/div>\n<div style='display: flex; align-items: flex-start; gap: 8px;'> <img style='width: 20px; height: 20px; flex-shrink: 0; border: none;' src='https:\/\/assets.ecomm.ui.com\/static\/key-features\/apps.svg' alt='Aplicaci\u00f3n'> <\/p>\n<div style='font-size: 14px; color: inherit; line-height: 1.42;'>Administrado con UniFi Network 8.0.24 o superior<\/div>\n<\/p><\/div>\n<div style='font-size: 12px; color: inherit; opacity: 0.65; margin-top: 8px;'> *Utilizar Patchcords <a style='color: #3598db; text-decoration: none;' href='https:\/\/www.syscom.mx\/producto\/ubiquiti_networks-uacc-cable-patch-el-0.15m-w-24-235459.html' target='_blank' rel='noopener'>UniFi Etherlighting<\/a> para brillo \u00f3ptimo <\/div>\n<\/p><\/div>\n<p> <!-- Video --> <\/p>\n<div style='position: relative; padding-bottom: 56.25%; height: 0; overflow: hidden; margin-bottom: 30px;'>   <\/div>\n<p> <!-- Im\u00e1genes --> <\/p>\n<div style='display: grid; grid-template-columns: repeat(auto-fill&comma; minmax(280px&comma; 1fr)); gap: 15px; margin-bottom: 30px;'> <img style='width: 100%; height: auto; border: 1px solid rgba(150&comma;150&comma;150&comma;0.3); border-radius: 8px;' src='https:\/\/images.svc.ui.com\/?u=https%3A%2F%2Fcdn.ecomm.ui.com%2Fproducts%2Fbd6349c7-5a1c-4717-b322-c430d7106ebc%2F79c4c3b3-57d9-46a2-bff6-2bc30633a7f0.png&#038;q=75&#038;w=1000' alt=''> <img style='width: 100%; height: auto; border: 1px solid rgba(150&comma;150&comma;150&comma;0.3); border-radius: 8px;' src='https:\/\/images.svc.ui.com\/?u=https%3A%2F%2Fcdn.ecomm.ui.com%2Fproducts%2Fbd6349c7-5a1c-4717-b322-c430d7106ebc%2Fc4a32929-1d6e-41d0-9b2b-971701a98c65.png&#038;q=75&#038;w=1000' alt=''> <img style='width: 100%; height: auto; border: 1px solid rgba(150&comma;150&comma;150&comma;0.3); border-radius: 8px;' src='https:\/\/images.svc.ui.com\/?u=https%3A%2F%2Fcdn.ecomm.ui.com%2Fproducts%2Fbd6349c7-5a1c-4717-b322-c430d7106ebc%2Fcad2872f-0b2d-4dc1-bcb4-04b8c1d8a253.png&#038;q=75&#038;w=1000' alt=''> <img style='width: 100%; height: auto; border: 1px solid rgba(150&comma;150&comma;150&comma;0.3); border-radius: 8px;' src='https:\/\/images.svc.ui.com\/?u=https%3A%2F%2Fcdn.ecomm.ui.com%2Fproducts%2Fbd6349c7-5a1c-4717-b322-c430d7106ebc%2F4f3e7ebe-8123-43f3-8326-3d10863192a5.png&#038;q=75&#038;w=1000' alt=''> <img style='width: 100%; height: auto; border: 1px solid rgba(150&comma;150&comma;150&comma;0.3); border-radius: 8px;' src='https:\/\/images.svc.ui.com\/?u=https%3A%2F%2Fcdn.ecomm.ui.com%2Fproducts%2Fbd6349c7-5a1c-4717-b322-c430d7106ebc%2Ffb1fee55-ac11-4a4e-9f49-06708f15ede5.png&#038;q=75&#038;w=1000' alt=''> <\/div>\n<p> <!-- Especificaciones t\u00e9cnicas --> <\/p>\n<div style='display: flex; flex-direction: column; gap: 30px; margin-bottom: 30px;'>\n<h3 style='font-size: 22px; border-bottom: 2px solid currentColor; padding-bottom: 5px; margin-top: 0; color: inherit; opacity: 0.8;'>Especificaciones t\u00e9cnicas<\/h3>\n<p> <!-- Hardware --> <\/p>\n<div style='display: flex; flex-wrap: wrap; gap: 20px;'>\n<div style='flex: 1 1 250px; border: 1px solid rgba(150&comma; 150&comma; 150&comma; 0.4); border-radius: 8px; overflow: hidden; display: flex; flex-direction: column;'>\n<div style='padding: 15px; border-bottom: 1px solid rgba(150&comma; 150&comma; 150&comma; 0.2); font-weight: bold; font-size: 18px; color: inherit;'>Hardware<\/div>\n<div style='padding: 15px; color: inherit;'>\n<ul style='padding-left: 20px; margin: 0; font-size: 14px; list-style-type: disc;'>\n<li style='margin-bottom: 5px;'><strong>Interfaz de gesti\u00f3n:<\/strong> Ethernet en banda<\/li>\n<li style='margin-bottom: 5px;'><strong>Interfaz de red:<\/strong> (16) puertos GbE RJ45&comma; (8) puertos RJ45 de 1\/2&comma;5 GbE&comma; (2) puertos 10G SFP+<\/li>\n<li style='margin-bottom: 5px;'><strong>Interfaz PoE:<\/strong> (8) PoE\/PoE+ (Pines 1&comma; 2+; 3&comma; 6-)&comma; (16) PoE++ de 60 W (Par A 1&comma; 2+; 3&comma; 6-) (Par B 4&comma; 5+; 7&comma; \ud83d\ude0e<\/li>\n<li style='margin-bottom: 5px;'><strong>Rendimiento total sin bloqueo:<\/strong> 56 Gbps<\/li>\n<li style='margin-bottom: 5px;'><strong>Capacidad de switcheo:<\/strong> 112 Gbps<\/li>\n<li style='margin-bottom: 5px;'><strong>M\u00e9todo de poder:<\/strong> (1) Entrada universal&comma; 100\u2014240 VCA&comma; 50\/60 Hz&comma; (1) Entrada de CC USP-RPS<\/li>\n<li style='margin-bottom: 5px;'><strong>Fuente de alimentaci\u00f3n:<\/strong> CA\/CC&comma; interna&comma; 450 W<\/li>\n<li style='margin-bottom: 5px;'><strong>Rango de voltaje soportado:<\/strong> 100\u2014240 VCA<\/li>\n<li style='margin-bottom: 5px;'><strong>M\u00e1x. el consumo de energ\u00eda:<\/strong> 50W (excluyendo salida PoE)<\/li>\n<li style='margin-bottom: 5px;'><strong>PoE total disponible:<\/strong> 400W<\/li>\n<li style='margin-bottom: 5px;'><strong>M\u00e1x. Potencia PoE por puerto por PSE:<\/strong> PoE: 15&comma;4 W&comma; PoE+: 30 W&comma; PoE++: 60 W<\/li>\n<li style='margin-bottom: 5px;'><strong>Rango de voltaje Modo PoE:<\/strong> PoE: 44\u201457 V&comma; PoE+: 50\u201457 V<\/li>\n<li style='margin-bottom: 5px;'><strong>Pantalla LCM:<\/strong> (1) pantalla t\u00e1ctil de 1&comma;3&#8242;<\/li>\n<li style='margin-bottom: 5px;'><strong>Bot\u00f3n:<\/strong> Restablecimiento de f\u00e1brica<\/li>\n<li style='margin-bottom: 5px;'><strong>Temperatura ambiente de funcionamiento:<\/strong> -5 a 40 \u00b0C (23 a 104 \u00b0F)<\/li>\n<li style='margin-bottom: 5px;'><strong>Humedad ambiente de funcionamiento:<\/strong> 10 a 90% sin condensaci\u00f3n<\/li>\n<li style='margin-bottom: 5px;'><strong>Certificaciones:<\/strong> CE&comma; FCC&comma; IC<\/li>\n<\/ul><\/div>\n<\/p><\/div>\n<\/p><\/div>\n<p> <!-- Funciones de conmutaci\u00f3n --> <\/p>\n<div style='display: flex; flex-wrap: wrap; gap: 20px;'>\n<div style='flex: 1 1 250px; border: 1px solid rgba(150&comma; 150&comma; 150&comma; 0.4); border-radius: 8px; overflow: hidden; display: flex; flex-direction: column;'>\n<div style='padding: 15px; border-bottom: 1px solid rgba(150&comma; 150&comma; 150&comma; 0.2); font-weight: bold; font-size: 18px; color: inherit;'>Funciones de conmutaci\u00f3n<\/div>\n<div style='padding: 15px; color: inherit;'>\n<ul style='padding-left: 20px; margin: 0; font-size: 14px; list-style-type: disc;'>\n<li style='margin-bottom: 5px;'>Espionaje IGMP<\/li>\n<li style='margin-bottom: 5px;'>STP\/RSTP con prioridades y desactivaci\u00f3n a nivel de puerto<\/li>\n<li style='margin-bottom: 5px;'>Aislamiento de puerto<\/li>\n<li style='margin-bottom: 5px;'>Control de tormentas<\/li>\n<li style='margin-bottom: 5px;'>VLAN de voz<\/li>\n<li style='margin-bottom: 5px;'>Duplicaci\u00f3n de puerto<\/li>\n<li style='margin-bottom: 5px;'>Agregraci\u00f3n de puertos LACP<\/li>\n<li style='margin-bottom: 5px;'>Limitaci\u00f3n de velocidad de transmisi\u00f3n\/multidifusi\u00f3n<\/li>\n<li style='margin-bottom: 5px;'>Bloqueo de direcciones MAC<\/li>\n<li style='margin-bottom: 5px;'>Control de flujo<\/li>\n<li style='margin-bottom: 5px;'>Control 802.1X<\/li>\n<li style='margin-bottom: 5px;'>Tramas gigantes<\/li>\n<li style='margin-bottom: 5px;'>Protecci\u00f3n de bucle patentada<\/li>\n<li style='margin-bottom: 5px;'>Espionaje\/protecci\u00f3n DHCP<\/li>\n<li style='margin-bottom: 5px;'>L\u00edmite de velocidad de salida<\/li>\n<li style='margin-bottom: 5px;'>LLDP &#8211; Puerto MED<\/li>\n<li style='margin-bottom: 5px;'>restringido por MAC<\/li>\n<li style='margin-bottom: 5px;'>Aislamiento de dispositivo con ACL<\/li>\n<\/ul><\/div>\n<\/p><\/div>\n<\/p><\/div>\n<p> <!-- Funciones de capa 3 --> <\/p>\n<div style='display: flex; flex-wrap: wrap; gap: 20px;'>\n<div style='flex: 1 1 250px; border: 1px solid rgba(150&comma; 150&comma; 150&comma; 0.4); border-radius: 8px; overflow: hidden; display: flex; flex-direction: column;'>\n<div style='padding: 15px; border-bottom: 1px solid rgba(150&comma; 150&comma; 150&comma; 0.2); font-weight: bold; font-size: 18px; color: inherit;'>Funciones de capa 3<\/div>\n<div style='padding: 15px; color: inherit;'>\n<ul style='padding-left: 20px; margin: 0; font-size: 14px; list-style-type: disc;'>\n<li style='margin-bottom: 5px;'>DHCP para redes administradas localmente<\/li>\n<li style='margin-bottom: 5px;'>Retransmisi\u00f3n DHCP<\/li>\n<li style='margin-bottom: 5px;'>Enrutamiento entre VLAN entre redes en el mismo conmutador<\/li>\n<li style='margin-bottom: 5px;'>Enrutamiento est\u00e1tico entre redes locales<\/li>\n<li style='margin-bottom: 5px;'>Aislamiento de red con ACL<\/li>\n<\/ul><\/div>\n<\/p><\/div>\n<\/p><\/div>\n<p> <!-- Etherlighting --> <\/p>\n<div style='display: flex; flex-wrap: wrap; gap: 20px;'>\n<div style='flex: 1 1 250px; border: 1px solid rgba(150&comma; 150&comma; 150&comma; 0.4); border-radius: 8px; overflow: hidden; display: flex; flex-direction: column;'>\n<div style='padding: 15px; border-bottom: 1px solid rgba(150&comma; 150&comma; 150&comma; 0.2); font-weight: bold; font-size: 18px; color: inherit;'>Etherlighting\u2122<\/div>\n<div style='padding: 15px; color: inherit;'>\n<ul style='padding-left: 20px; margin: 0; font-size: 14px; list-style-type: disc;'>\n<li style='margin-bottom: 5px;'><a style='color: #3598db; text-decoration: none;' href='https:\/\/www.syscom.mx\/producto\/ubiquiti_networks-uacc-cable-patch-el-0.15m-w-24-235459.html' target='_blank' rel='noopener'>Patchcords Ethernet<\/a>: Localizaci\u00f3n de velocidad\/enlace&comma; VLAN\/red nativa<\/li>\n<li style='margin-bottom: 5px;'><strong>SFP+:<\/strong> Localizaci\u00f3n de velocidad\/enlace&comma; VLAN\/red nativa<\/li>\n<\/ul><\/div>\n<\/p><\/div>\n<\/p><\/div>\n<\/p><\/div>\n<p> <!-- Contenido del paquete --> <\/p>\n<div style='display: flex; flex-direction: column; gap: 15px; margin-bottom: 30px;'>\n<h3 style='font-size: 22px; border-bottom: 2px solid currentColor; padding-bottom: 5px; margin-top: 0; color: inherit; opacity: 0.8;'>Contenido del paquete<\/h3>\n<p> <img style='width: 100%; height: auto; border: 1px solid rgba(150&comma;150&comma;150&comma;0.3); border-radius: 8px;' src='https:\/\/images.svc.ui.com\/?u=https%3A%2F%2Fcdn.ecomm.ui.com%2Fproducts%2F58922518-88f6-4c75-89c1-f57ba3d8253a%2F9da3459c-eee9-441f-ac25-dcd3d4477e43.png&#038;q=75&#038;w=3840' alt='Contenido del paquete'> <\/div>\n<p> <!-- Separador final --> <\/p>\n<hr style='border: 0; border-top: 1px solid rgba(150&comma; 150&comma; 150&comma; 0.3); margin: 30px 0;'> <\/div>\n","protected":false},"excerpt":{"rendered":"<p>UniFi Switch Pro Max 24 POE, 24 puertos (8 puertos POE++ 2.5 GbE y 16 puertos GbE POE+), 2 puertos SFP+ 10G, 400W, pantalla t\u00e1ctil<\/p>\n","protected":false},"featured_media":92012,"comment_status":"open","ping_status":"closed","template":"","meta":[],"product_brand":[],"product_cat":[1986],"product_tag":[664,1987,166],"class_list":{"0":"post-92013","1":"product","2":"type-product","3":"status-publish","4":"has-post-thumbnail","6":"product_cat-switches-poe","7":"product_tag-networking","8":"product_tag-switches-poe","9":"product_tag-ubiquiti","11":"first","12":"outofstock","13":"sale","14":"shipping-taxable","15":"purchasable","16":"product-type-simple"},"_links":{"self":[{"href":"https:\/\/soydeaqui.ddns.net\/pachuca\/index.php\/wp-json\/wp\/v2\/product\/92013","targetHints":{"allow":["GET"]}}],"collection":[{"href":"https:\/\/soydeaqui.ddns.net\/pachuca\/index.php\/wp-json\/wp\/v2\/product"}],"about":[{"href":"https:\/\/soydeaqui.ddns.net\/pachuca\/index.php\/wp-json\/wp\/v2\/types\/product"}],"replies":[{"embeddable":true,"href":"https:\/\/soydeaqui.ddns.net\/pachuca\/index.php\/wp-json\/wp\/v2\/comments?post=92013"}],"wp:featuredmedia":[{"embeddable":true,"href":"https:\/\/soydeaqui.ddns.net\/pachuca\/index.php\/wp-json\/wp\/v2\/media\/92012"}],"wp:attachment":[{"href":"https:\/\/soydeaqui.ddns.net\/pachuca\/index.php\/wp-json\/wp\/v2\/media?parent=92013"}],"wp:term":[{"taxonomy":"product_brand","embeddable":true,"href":"https:\/\/soydeaqui.ddns.net\/pachuca\/index.php\/wp-json\/wp\/v2\/product_brand?post=92013"},{"taxonomy":"product_cat","embeddable":true,"href":"https:\/\/soydeaqui.ddns.net\/pachuca\/index.php\/wp-json\/wp\/v2\/product_cat?post=92013"},{"taxonomy":"product_tag","embeddable":true,"href":"https:\/\/soydeaqui.ddns.net\/pachuca\/index.php\/wp-json\/wp\/v2\/product_tag?post=92013"}],"curies":[{"name":"wp","href":"https:\/\/api.w.org\/{rel}","templated":true}]}}