{"id":92006,"date":"2026-03-20T04:56:13","date_gmt":"2026-03-20T04:56:13","guid":{"rendered":"https:\/\/soydeaqui.ddns.net\/pachuca\/index.php\/producto\/unifi-switch-pro-max-48-poe-con-funciones-capa-3-48-puertos-16-puertos-2-5-gbe-8-poe-y-8-poe-y-32-puertos-1-gbe-24-poe-y-8-poe-2-puertos-sfp-10g-poe-720w-pantalla-informativa\/"},"modified":"2026-03-20T04:56:29","modified_gmt":"2026-03-20T04:56:29","slug":"unifi-switch-pro-max-48-poe-con-funciones-capa-3-48-puertos-16-puertos-2-5-gbe-8-poe-y-8-poe-y-32-puertos-1-gbe-24-poe-y-8-poe-2-puertos-sfp-10g-poe-720w-pantalla-informativa","status":"publish","type":"product","link":"https:\/\/soydeaqui.ddns.net\/pachuca\/index.php\/producto\/unifi-switch-pro-max-48-poe-con-funciones-capa-3-48-puertos-16-puertos-2-5-gbe-8-poe-y-8-poe-y-32-puertos-1-gbe-24-poe-y-8-poe-2-puertos-sfp-10g-poe-720w-pantalla-informativa\/","title":{"rendered":"UniFi Switch Pro Max 48 POE, con funciones capa 3, 48 puertos (16 puertos 2.5 GbE (8 POE++ y 8 POE+) y 32 puertos 1 GbE (24 POE+ y 8 POE++)), 2 puertos SFP+ 10G, POE++ 720W, pantalla informativa"},"content":{"rendered":"<div style='width: 100%; max-width: 1200px; margin: 0 auto; font-family: sans-serif; line-height: 1.6; color: inherit; background-color: transparent;'>\n<div style='display: flex; flex-wrap: wrap; gap: 30px; margin-bottom: 30px;'>\n<div style='flex: 1 1 300px; min-width: 280px;'>\n<h3 style='font-size: 22px; border-bottom: 2px solid currentColor; padding-bottom: 5px; margin-top: 0; color: inherit; opacity: 0.8;'>Caracter\u00edsticas principales<\/h3>\n<ul style='padding-left: 20px; font-size: 15px; color: inherit;'>\n<li style='margin-bottom: 5px;'>Modelo: USW-Pro-Max-48-PoE<\/li>\n<li style='margin-bottom: 5px;'>48 puertos UniFi&comma; Capa 3 con Etherlighting\u2122 2.5 GbE y POE++<\/li>\n<li style='margin-bottom: 5px;'>720W de presupuesto POE<\/li>\n<li style='margin-bottom: 5px;'>Administrado con UniFi Network 8.0.24 o superior<\/li>\n<li style='margin-bottom: 5px;'>(2) puertos 10G SFP+<\/li>\n<li style='margin-bottom: 5px;'>(16) puertos 2.5 GbE (8 POE++ y 8 POE+)<\/li>\n<li style='margin-bottom: 5px;'>(32) puertos GbE (24 POE++ y 8 POE+)<\/li>\n<\/ul><\/div>\n<div style='flex: 1 1 300px; min-width: 280px;'>\n<h3 style='font-size: 22px; border-bottom: 2px solid currentColor; padding-bottom: 5px; margin-top: 0; color: inherit; opacity: 0.8;'>Caracter\u00edsticas t\u00e9cnicas<\/h3>\n<ul style='padding-left: 20px; font-size: 15px; color: inherit;'>\n<li style='margin-bottom: 5px;'>Rendimiento total sin bloqueo: 112 Gbps<\/li>\n<li style='margin-bottom: 5px;'>Capacidad de conmutaci\u00f3n: 224 Gbps<\/li>\n<li style='margin-bottom: 5px;'>Fuente de alimentaci\u00f3n: CA\/CC&comma; interna&comma; 820 W<\/li>\n<li style='margin-bottom: 5px;'>Consumo m\u00e1ximo: 100W (excluyendo salida PoE)<\/li>\n<li style='margin-bottom: 5px;'>Temperatura de operaci\u00f3n: -5 a 40 \u00b0C<\/li>\n<li style='margin-bottom: 5px;'>Humedad operativa: 10 a 90% sin condensaci\u00f3n<\/li>\n<li style='margin-bottom: 5px;'>Certificaciones: CE&comma; FCC&comma; IC<\/li>\n<\/ul><\/div>\n<div style='flex: 1 1 300px; min-width: 280px;'>\n<h3 style='font-size: 22px; border-bottom: 2px solid currentColor; padding-bottom: 5px; margin-top: 0; color: inherit; opacity: 0.8;'>Caracter\u00edsticas f\u00edsicas<\/h3>\n<ul style='padding-left: 20px; font-size: 15px; color: inherit;'>\n<li style='margin-bottom: 5px;'>Pantalla LCM: (1) pantalla t\u00e1ctil de 1&comma;3&#8242;<\/li>\n<li style='margin-bottom: 5px;'>Bot\u00f3n de restablecimiento de f\u00e1brica<\/li>\n<li style='margin-bottom: 5px;'>Dimensiones: Ver documento t\u00e9cnico<\/li>\n<li style='margin-bottom: 5px;'>Montaje en rack<\/li>\n<li style='margin-bottom: 5px;'>Ventiladores internos con control t\u00e9rmico<\/li>\n<\/ul><\/div>\n<\/p><\/div>\n<div style='display: flex; flex-wrap: wrap; gap: 20px; margin-bottom: 30px;'>\n<div style='flex: 1 1 250px; border: 1px solid rgba(150&comma; 150&comma; 150&comma; 0.4); border-radius: 8px; overflow: hidden; display: flex; flex-direction: column;'>\n<div style='padding: 15px; border-bottom: 1px solid rgba(150&comma; 150&comma; 150&comma; 0.2); font-weight: bold; font-size: 18px; color: inherit;'>Caracter\u00edsticas PoE<\/div>\n<div style='padding: 15px; color: inherit;'>\n<ul style='padding-left: 20px; margin: 0; font-size: 14px; list-style-type: disc;'>\n<li style='margin-bottom: 5px;'>PoE: 15&comma;4 W<\/li>\n<li style='margin-bottom: 5px;'>PoE+: 30 W<\/li>\n<li style='margin-bottom: 5px;'>PoE++: 60 W<\/li>\n<li style='margin-bottom: 5px;'>PoE total disponible: 720W<\/li>\n<li style='margin-bottom: 5px;'>Interfaz PoE: (24) PoE\/PoE+ (Pines 1&comma; 2+; 3&comma; 6-)&comma; (8) PoE++ de 60 W (Par A 1&comma; 2+; 3&comma; 6-) (Par B 4&comma; 5+; 7&comma; \ud83d\ude0e<\/li>\n<\/ul><\/div>\n<\/p><\/div>\n<div style='flex: 1 1 250px; border: 1px solid rgba(150&comma; 150&comma; 150&comma; 0.4); border-radius: 8px; overflow: hidden; display: flex; flex-direction: column;'>\n<div style='padding: 15px; border-bottom: 1px solid rgba(150&comma; 150&comma; 150&comma; 0.2); font-weight: bold; font-size: 18px; color: inherit;'>Especificaciones el\u00e9ctricas<\/div>\n<div style='padding: 15px; color: inherit;'>\n<ul style='padding-left: 20px; margin: 0; font-size: 14px; list-style-type: disc;'>\n<li style='margin-bottom: 5px;'>M\u00e9todo de poder: (1) Entrada universal&comma; 100\u2014240 VCA&comma; 50\/60 Hz&comma; (1) Entrada de CC USP-RPS<\/li>\n<li style='margin-bottom: 5px;'>Rango de voltaje soportado: 100\u2014240 VCA<\/li>\n<li style='margin-bottom: 5px;'>Fuente de alimentaci\u00f3n: CA\/CC&comma; interna&comma; 820 W<\/li>\n<li style='margin-bottom: 5px;'>M\u00e1ximo consumo de energ\u00eda: 100W (excluyendo salida PoE)<\/li>\n<\/ul><\/div>\n<\/p><\/div>\n<div style='flex: 1 1 250px; border: 1px solid rgba(150&comma; 150&comma; 150&comma; 0.4); border-radius: 8px; overflow: hidden; display: flex; flex-direction: column;'>\n<div style='padding: 15px; border-bottom: 1px solid rgba(150&comma; 150&comma; 150&comma; 0.2); font-weight: bold; font-size: 18px; color: inherit;'>Caracter\u00edsticas de conmutaci\u00f3n<\/div>\n<div style='padding: 15px; color: inherit;'>\n<ul style='padding-left: 20px; margin: 0; font-size: 14px; list-style-type: disc;'>\n<li style='margin-bottom: 5px;'>Espionaje IGMP<\/li>\n<li style='margin-bottom: 5px;'>STP\/RSTP con prioridades y desactivaci\u00f3n a nivel de puerto<\/li>\n<li style='margin-bottom: 5px;'>Aislamiento de puerto<\/li>\n<li style='margin-bottom: 5px;'>Control de tormentas<\/li>\n<li style='margin-bottom: 5px;'>VLAN de voz<\/li>\n<li style='margin-bottom: 5px;'>Duplicaci\u00f3n de puerto<\/li>\n<li style='margin-bottom: 5px;'>Agregaci\u00f3n de puertos LACP<\/li>\n<li style='margin-bottom: 5px;'>Limitaci\u00f3n de velocidad de transmisi\u00f3n\/multidifusi\u00f3n<\/li>\n<\/ul><\/div>\n<\/p><\/div>\n<div style='flex: 1 1 250px; border: 1px solid rgba(150&comma; 150&comma; 150&comma; 0.4); border-radius: 8px; overflow: hidden; display: flex; flex-direction: column;'>\n<div style='padding: 15px; border-bottom: 1px solid rgba(150&comma; 150&comma; 150&comma; 0.2); font-weight: bold; font-size: 18px; color: inherit;'>Capa 3<\/div>\n<div style='padding: 15px; color: inherit;'>\n<ul style='padding-left: 20px; margin: 0; font-size: 14px; list-style-type: disc;'>\n<li style='margin-bottom: 5px;'>DHCP para redes administradas localmente<\/li>\n<li style='margin-bottom: 5px;'>Retransmisi\u00f3n DHCP<\/li>\n<li style='margin-bottom: 5px;'>Enrutamiento entre VLAN entre redes en el mismo conmutador<\/li>\n<li style='margin-bottom: 5px;'>Enrutamiento est\u00e1tico entre redes locales<\/li>\n<li style='margin-bottom: 5px;'>Aislamiento de red con ACL<\/li>\n<\/ul><\/div>\n<\/p><\/div>\n<\/p><\/div>\n<div style='display: flex; flex-wrap: wrap; gap: 20px; margin-bottom: 30px;'>\n<div style='flex: 1 1 250px; border: 1px solid rgba(150&comma; 150&comma; 150&comma; 0.4); border-radius: 8px; overflow: hidden; display: flex; flex-direction: column;'>\n<div style='padding: 15px; border-bottom: 1px solid rgba(150&comma; 150&comma; 150&comma; 0.2); font-weight: bold; font-size: 18px; color: inherit;'>Etherlighting\u2122<\/div>\n<div style='padding: 15px; color: inherit;'>\n<ul style='padding-left: 20px; margin: 0; font-size: 14px; list-style-type: disc;'>\n<li style='margin-bottom: 5px;'>Los puertos Etherlighting\u2122 se iluminan para indicar la ubicaci\u00f3n del puerto<\/li>\n<li style='margin-bottom: 5px;'>Velocidad\/negociaci\u00f3n<\/li>\n<li style='margin-bottom: 5px;'>VLAN\/red nativa<\/li>\n<\/ul>\n<p style='font-size: 12px; color: inherit; margin-top: 10px;'>*Utilizar Patchcords UniFi Etherlighting para brillo \u00f3ptimo<\/p>\n<\/p><\/div>\n<\/p><\/div>\n<div style='flex: 1 1 250px; border: 1px solid rgba(150&comma; 150&comma; 150&comma; 0.4); border-radius: 8px; overflow: hidden; display: flex; flex-direction: column;'>\n<div style='padding: 15px; border-bottom: 1px solid rgba(150&comma; 150&comma; 150&comma; 0.2); font-weight: bold; font-size: 18px; color: inherit;'>Redundancia<\/div>\n<div style='padding: 15px; color: inherit;'>\n<ul style='padding-left: 20px; margin: 0; font-size: 14px; list-style-type: disc;'>\n<li style='margin-bottom: 5px;'>Redundancia de poder DC con USRP (vendido por separado)<\/li>\n<\/ul><\/div>\n<\/p><\/div>\n<\/p><\/div>\n<div style='display: flex; flex-wrap: wrap; gap: 20px; margin-bottom: 30px;'>\n<div style='flex: 1 1 250px; border: 1px solid rgba(150&comma; 150&comma; 150&comma; 0.4); border-radius: 8px; overflow: hidden; display: flex; flex-direction: column;'>\n<div style='padding: 15px; border-bottom: 1px solid rgba(150&comma; 150&comma; 150&comma; 0.2); font-weight: bold; font-size: 18px; color: inherit;'>Contenido del paquete<\/div>\n<div style='padding: 15px; color: inherit;'>\n<ul style='padding-left: 20px; margin: 0; font-size: 14px; list-style-type: disc;'>\n<li style='margin-bottom: 5px;'>Switch UniFi Pro Max 48 PoE<\/li>\n<li style='margin-bottom: 5px;'>Gu\u00eda de instalaci\u00f3n r\u00e1pida<\/li>\n<li style='margin-bottom: 5px;'>Kit de montaje en rack<\/li>\n<li style='margin-bottom: 5px;'>Tornillos<\/li>\n<li style='margin-bottom: 5px;'>Cable de alimentaci\u00f3n<\/li>\n<\/ul><\/div>\n<\/p><\/div>\n<div style='flex: 1 1 250px; border: 1px solid rgba(150&comma; 150&comma; 150&comma; 0.4); border-radius: 8px; overflow: hidden; display: flex; flex-direction: column;'>\n<div style='padding: 15px; border-bottom: 1px solid rgba(150&comma; 150&comma; 150&comma; 0.2); font-weight: bold; font-size: 18px; color: inherit;'>Garant\u00eda<\/div>\n<div style='padding: 15px; color: inherit;'>\n<p style='margin: 0; font-size: 14px;'>Garant\u00eda limitada de por vida para productos nuevos registrados en Ubiquiti. Garant\u00eda limitada de 1 a\u00f1o para productos usados o sin registrar.<\/p>\n<\/p><\/div>\n<\/p><\/div>\n<\/p><\/div>\n<div style='margin-bottom: 30px;'> <img style='width: 100%; height: auto; border: 1px solid rgba(150&comma;150&comma;150&comma;0.3); border-radius: 8px;' src='https:\/\/ftp3.syscom.mx\/usuarios\/fotos\/USWPROMAX48POE\/229809-usw-pro-max-48-poe-1.png' alt=''> <\/div>\n<div style='margin-bottom: 30px;'> <img style='width: 100%; height: auto; border: 1px solid rgba(150&comma;150&comma;150&comma;0.3); border-radius: 8px;' src='https:\/\/images.svc.ui.com\/?u=https%3A%2F%2Fcdn.ecomm.ui.com%2Fproducts%2Fbd6349c7-5a1c-4717-b322-c430d7106ebc%2Ffb1fee55-ac11-4a4e-9f49-06708f15ede5.png&#038;q=75&#038;w=1000' alt=''> <\/div>\n<div style='margin-bottom: 30px;'> <img style='width: 100%; height: auto; border: 1px solid rgba(150&comma;150&comma;150&comma;0.3); border-radius: 8px;' src='https:\/\/images.svc.ui.com\/?u=https%3A%2F%2Fcdn.ecomm.ui.com%2Fproducts%2Fbd6349c7-5a1c-4717-b322-c430d7106ebc%2F4f3e7ebe-8123-43f3-8326-3d10863192a5.png&#038;q=75&#038;w=1000' alt=''> <\/div>\n<div style='margin-bottom: 30px;'> <img style='width: 100%; height: auto; border: 1px solid rgba(150&comma;150&comma;150&comma;0.3); border-radius: 8px;' src='https:\/\/images.svc.ui.com\/?u=https%3A%2F%2Fcdn.ecomm.ui.com%2Fproducts%2Fbd6349c7-5a1c-4717-b322-c430d7106ebc%2F79c4c3b3-57d9-46a2-bff6-2bc30633a7f0.png&#038;q=75&#038;w=1000' alt=''> <\/div>\n<div style='margin-bottom: 30px;'> <img style='width: 100%; height: auto; border: 1px solid rgba(150&comma;150&comma;150&comma;0.3); border-radius: 8px;' src='https:\/\/images.svc.ui.com\/?u=https%3A%2F%2Fcdn.ecomm.ui.com%2Fproducts%2Fbd6349c7-5a1c-4717-b322-c430d7106ebc%2Fc4a32929-1d6e-41d0-9b2b-971701a98c65.png&#038;q=75&#038;w=1000' alt=''> <\/div>\n<div style='margin-bottom: 30px;'> <img style='width: 100%; height: auto; border: 1px solid rgba(150&comma;150&comma;150&comma;0.3); border-radius: 8px;' src='https:\/\/images.svc.ui.com\/?u=https%3A%2F%2Fcdn.ecomm.ui.com%2Fproducts%2F51e22689-9b81-4717-beed-fe2c65c57362%2F4f079b4f-5d0c-42b4-8c8d-5fb92460d4db.png&#038;q=75&#038;w=3840' alt=''> <\/div>\n<div style='position: relative; padding-bottom: 56.25%; height: 0; overflow: hidden; margin-bottom: 30px;'>   <\/div>\n<hr style='border: 0; border-top: 1px solid rgba(150&comma; 150&comma; 150&comma; 0.3); margin: 30px 0;'>\n<div style='display: flex; flex-wrap: wrap; gap: 30px; margin-bottom: 30px;'>\n<div style='flex: 1 1 300px; min-width: 280px;'>\n<h3 style='font-size: 22px; border-bottom: 2px solid currentColor; padding-bottom: 5px; margin-top: 0; color: inherit; opacity: 0.8;'>Especificaciones t\u00e9cnicas<\/h3>\n<ul style='padding-left: 20px; font-size: 15px; color: inherit;'>\n<li style='margin-bottom: 5px;'>Interfaz de gesti\u00f3n: Ethernet en banda<\/li>\n<li style='margin-bottom: 5px;'>Interfaz de red: (32) puertos GbE RJ45&comma; (16) puertos RJ45 de 1\/2&comma;5 GbE&comma; (2) puertos 10G SFP+<\/li>\n<li style='margin-bottom: 5px;'>Rango de voltaje soportado: 100\u2014240 VCA<\/li>\n<li style='margin-bottom: 5px;'>Rango de voltaje Modo PoE: PoE: 44\u201457 V&comma; PoE+: 50\u201457 V<\/li>\n<\/ul><\/div>\n<\/p><\/div>\n<\/p><\/div>\n","protected":false},"excerpt":{"rendered":"<p>UniFi Switch Pro Max 48 POE, con funciones capa 3, 48 puertos (16 puertos 2.5 GbE (8 POE++ y 8 POE+) y 32 puertos 1 GbE (24 POE+ y 8 POE++)), 2 puertos SFP+ 10G, POE++ 720W, pantalla informativa<\/p>\n","protected":false},"featured_media":92005,"comment_status":"open","ping_status":"closed","template":"","meta":[],"product_brand":[],"product_cat":[1986],"product_tag":[664,1987,166],"class_list":{"0":"post-92006","1":"product","2":"type-product","3":"status-publish","4":"has-post-thumbnail","6":"product_cat-switches-poe","7":"product_tag-networking","8":"product_tag-switches-poe","9":"product_tag-ubiquiti","11":"first","12":"instock","13":"sale","14":"shipping-taxable","15":"purchasable","16":"product-type-simple"},"_links":{"self":[{"href":"https:\/\/soydeaqui.ddns.net\/pachuca\/index.php\/wp-json\/wp\/v2\/product\/92006","targetHints":{"allow":["GET"]}}],"collection":[{"href":"https:\/\/soydeaqui.ddns.net\/pachuca\/index.php\/wp-json\/wp\/v2\/product"}],"about":[{"href":"https:\/\/soydeaqui.ddns.net\/pachuca\/index.php\/wp-json\/wp\/v2\/types\/product"}],"replies":[{"embeddable":true,"href":"https:\/\/soydeaqui.ddns.net\/pachuca\/index.php\/wp-json\/wp\/v2\/comments?post=92006"}],"wp:featuredmedia":[{"embeddable":true,"href":"https:\/\/soydeaqui.ddns.net\/pachuca\/index.php\/wp-json\/wp\/v2\/media\/92005"}],"wp:attachment":[{"href":"https:\/\/soydeaqui.ddns.net\/pachuca\/index.php\/wp-json\/wp\/v2\/media?parent=92006"}],"wp:term":[{"taxonomy":"product_brand","embeddable":true,"href":"https:\/\/soydeaqui.ddns.net\/pachuca\/index.php\/wp-json\/wp\/v2\/product_brand?post=92006"},{"taxonomy":"product_cat","embeddable":true,"href":"https:\/\/soydeaqui.ddns.net\/pachuca\/index.php\/wp-json\/wp\/v2\/product_cat?post=92006"},{"taxonomy":"product_tag","embeddable":true,"href":"https:\/\/soydeaqui.ddns.net\/pachuca\/index.php\/wp-json\/wp\/v2\/product_tag?post=92006"}],"curies":[{"name":"wp","href":"https:\/\/api.w.org\/{rel}","templated":true}]}}