{"id":91990,"date":"2026-03-20T04:55:28","date_gmt":"2026-03-20T04:55:28","guid":{"rendered":"https:\/\/soydeaqui.ddns.net\/pachuca\/index.php\/producto\/access-point-cnpilot-xe3-4-wifi-6-6e-802-11ax-2-4-5-y-6-ghz-3-radios-definidos-por-software-sdr-mu-mimo-4x4-politicas-de-control-de-aplicaciones-hasta-1500-clientes-gestion-desde-la-nube-h-2\/"},"modified":"2026-03-20T04:55:30","modified_gmt":"2026-03-20T04:55:30","slug":"access-point-cnpilot-xe3-4-wifi-6-6e-802-11ax-2-4-5-y-6-ghz-3-radios-definidos-por-software-sdr-mu-mimo-4x4-politicas-de-control-de-aplicaciones-hasta-1500-clientes-gestion-desde-la-nube-h-2","status":"publish","type":"product","link":"https:\/\/soydeaqui.ddns.net\/pachuca\/index.php\/producto\/access-point-cnpilot-xe3-4-wifi-6-6e-802-11ax-2-4-5-y-6-ghz-3-radios-definidos-por-software-sdr-mu-mimo-4x4-politicas-de-control-de-aplicaciones-hasta-1500-clientes-gestion-desde-la-nube-h-2\/","title":{"rendered":"Access Point cnPilot XE3-4 WiFi 6\/6E 802.11ax (2.4, 5 y 6 GHz), 3 radios definidos por software (SDR), MU-MIMO 4&#215;4, Pol\u00edticas de control de aplicaciones, hasta 1,500 clientes, gesti\u00f3n desde la nube, hasta 6.6 Gbps."},"content":{"rendered":"<div style='width: 100%; max-width: 1200px; margin: 0 auto; font-family: sans-serif; line-height: 1.6; color: inherit; background-color: transparent;'>\n<h1 style='font-size: 2.625rem; margin: 0 0 0.875rem; font-weight: 400; line-height: 1.04762; text-shadow: rgba(0&comma; 0&comma; 0&comma; 0.2) 2px 4px 3px; opacity: 0.8; color: inherit;'>XE3-4 Wi-Fi 6 Access Point<\/h1>\n<h2 style='font-family: Rubik&comma; Helvetica&comma; Arial&comma; sans-serif; font-weight: 500; line-height: 1.1; font-size: 30px; margin-top: 20px; margin-bottom: 10px; color: inherit;'> <img style='width: 100%; max-width: 300px; height: auto; border: 1px solid rgba(150&comma;150&comma;150&comma;0.3); border-radius: 8px;' src='https:\/\/ftp3.syscom.mx\/usuarios\/dquezada\/Cambium\/cnPilot\/e700\/cnpilot-logo.png' alt='Logo Cambium Networks' \/> <\/h2>\n<div style='display: flex; flex-wrap: wrap; gap: 20px; margin: 20px 0;'>\n<div style='flex: 1 1 150px; min-width: 120px; border: 1px solid rgba(150&comma; 150&comma; 150&comma; 0.4); border-radius: 8px; padding: 10px; text-align: center;'>\n<div style='font-weight: bold; font-size: 17px; margin-bottom: 5px; color: inherit;'>802.11ax<\/div>\n<div style='font-size: 14px; color: inherit;'>Standard + MESH<\/div>\n<\/p><\/div>\n<div style='flex: 1 1 150px; min-width: 120px; border: 1px solid rgba(150&comma; 150&comma; 150&comma; 0.4); border-radius: 8px; padding: 10px; text-align: center;'>\n<div style='font-weight: bold; font-size: 17px; margin-bottom: 5px; color: inherit;'>1&comma;500<\/div>\n<div style='font-size: 14px; color: inherit;'>usuarios<\/div>\n<\/p><\/div>\n<div style='flex: 1 1 150px; min-width: 120px; border: 1px solid rgba(150&comma; 150&comma; 150&comma; 0.4); border-radius: 8px; padding: 10px; text-align: center;'>\n<div style='font-weight: bold; font-size: 17px; margin-bottom: 5px; color: inherit;'>Omi<\/div>\n<div style='font-size: 14px; color: inherit;'>360\u00ba<\/div>\n<\/p><\/div>\n<div style='flex: 1 1 150px; min-width: 120px; border: 1px solid rgba(150&comma; 150&comma; 150&comma; 0.4); border-radius: 8px; padding: 10px; text-align: center;'>\n<div style='font-weight: bold; font-size: 17px; margin-bottom: 5px; color: inherit;'>Controlador<\/div>\n<div style='font-size: 14px; color: inherit;'>cnMaestro o XMS<\/div>\n<\/p><\/div>\n<\/p><\/div>\n<p style='margin-top: 20px; margin-bottom: 20px; font-size: 14px; color: inherit;'> <span style='font-size: 14pt;'><strong>La arquitectura de alta densidad reduce el equipo necesario al tiempo que aprovecha la automatizaci\u00f3n para ofrecer SLA. XE3-4 incluye itinerancia continua&comma; itinerancia r\u00e1pida&comma; optimizaci\u00f3n automatica de RF y evita interferencias para optimizar automaticamente el rendimiento seg\u00fan las necesidades locales especificas. Este Access Point Multiradio 4X4 definido por software est\u00e1 equipado con radio de exploraci\u00f3n dedicada.<\/strong><\/span> <\/p>\n<hr style='border: 0; border-top: 1px solid rgba(150&comma; 150&comma; 150&comma; 0.3); margin: 30px 0;'>\n<div style='display: grid; grid-template-columns: repeat(auto-fill&comma; minmax(280px&comma; 1fr)); gap: 30px; margin-top: 20px;'>\n<div style='border: 1px solid rgba(150&comma; 150&comma; 150&comma; 0.4); border-radius: 8px; overflow: hidden;'>\n<div style='padding: 15px; border-bottom: 1px solid rgba(150&comma; 150&comma; 150&comma; 0.2); font-weight: bold; font-size: 18px; color: inherit;'>Gesti\u00f3n gratuita en cnMaestro<\/div>\n<div style='padding: 15px; color: inherit;'>\n<p style='margin: 0; font-size: 14px;'>Gesti\u00f3n integral de toda la red para manejo de inventario&comma; incorporaci\u00f3n de dispositivos&comma; operaciones diarias&comma; mantenimiento&comma; configuraci\u00f3n y aprovisionamiento&comma; as\u00ed como la creaci\u00f3n de ticket y\/o vouchers&comma; control de tiempos y Anchos de Banda&comma; y portal cautivo.<\/p>\n<\/p><\/div>\n<\/p><\/div>\n<div style='border: 1px solid rgba(150&comma; 150&comma; 150&comma; 0.4); border-radius: 8px; overflow: hidden;'>\n<div style='padding: 15px; border-bottom: 1px solid rgba(150&comma; 150&comma; 150&comma; 0.2); font-weight: bold; font-size: 18px; color: inherit;'>Dise\u00f1ado para alta capacidad Triple Play<\/div>\n<div style='padding: 15px; color: inherit;'>\n<p style='margin: 0; font-size: 14px;'>Admite hasta 1&comma;500 usuarios activos con alto trafico y hasta 16 SSID\u00b4s.<\/p>\n<\/p><\/div>\n<\/p><\/div>\n<div style='border: 1px solid rgba(150&comma; 150&comma; 150&comma; 0.4); border-radius: 8px; overflow: hidden;'>\n<div style='padding: 15px; border-bottom: 1px solid rgba(150&comma; 150&comma; 150&comma; 0.2); font-weight: bold; font-size: 18px; color: inherit;'>Dise\u00f1o est\u00e9tico para techo<\/div>\n<div style='padding: 15px; color: inherit;'>\n<p style='margin: 0; font-size: 14px;'>Dise\u00f1ado para instalar en el techo de los pasillos u oficinas sin perder la est\u00e9tica que pudiera ocasionar un dispositivo de red&comma; se adapta en cualquier escenario.<\/p>\n<\/p><\/div>\n<\/p><\/div>\n<div style='border: 1px solid rgba(150&comma; 150&comma; 150&comma; 0.4); border-radius: 8px; overflow: hidden;'>\n<div style='padding: 15px; border-bottom: 1px solid rgba(150&comma; 150&comma; 150&comma; 0.2); font-weight: bold; font-size: 18px; color: inherit;'>Roaming y MESH<\/div>\n<div style='padding: 15px; color: inherit;'>\n<p style='margin: 0; font-size: 14px;'>Capacidad de backhauling para dise\u00f1os tipo MESH y soporta Roaming para no perder conectividad cuando se desplazan en las habitaciones.<\/p>\n<\/p><\/div>\n<\/p><\/div>\n<div style='border: 1px solid rgba(150&comma; 150&comma; 150&comma; 0.4); border-radius: 8px; overflow: hidden;'>\n<div style='padding: 15px; border-bottom: 1px solid rgba(150&comma; 150&comma; 150&comma; 0.2); font-weight: bold; font-size: 18px; color: inherit;'>Garantizado&comma; categorizado como el mejor Access Point Costo-beneficio<\/div>\n<div style='padding: 15px; color: inherit;'>\n<p style='margin: 0; font-size: 14px;'>XV3-8 Ofrece una soluci\u00f3n de red Wi-Fi para interior confiable y de alta capacidad a un costo significativamente menor que sus competidores de calidad alta. Usted ahorrar\u00e1 nodos de red y le garantizamos el equipo por 5 a\u00f1os.<\/p>\n<\/p><\/div>\n<\/p><\/div>\n<div style='border: 1px solid rgba(150&comma; 150&comma; 150&comma; 0.4); border-radius: 8px; overflow: hidden;'>\n<div style='padding: 15px; border-bottom: 1px solid rgba(150&comma; 150&comma; 150&comma; 0.2); font-weight: bold; font-size: 18px; color: inherit;'>Controle lo que pasa en su red<\/div>\n<div style='padding: 15px; color: inherit;'>\n<p style='margin: 0; font-size: 14px;'>Limite el acceso a paginas restringidas mediante el ACL de cn Maestro<\/p>\n<\/p><\/div>\n<\/p><\/div>\n<\/p><\/div>\n<hr style='border: 0; border-top: 1px solid rgba(150&comma; 150&comma; 150&comma; 0.3); margin: 30px 0;'>\n<div style='margin: 30px 0;'>\n<h3 style='font-size: 22px; border-bottom: 2px solid currentColor; padding-bottom: 5px; margin-top: 0; margin-bottom: 15px; color: inherit; opacity: 0.8;'>Dise\u00f1ado para servicios de borde y alta densidad<\/h3>\n<p style='font-size: 15px; margin-bottom: 15px; color: inherit;'>El XE3-4 cuenta con un total de tres (3) radios para ofrecer una red de pr\u00f3xima generaci\u00f3n con servicios de borde con alta capacidad y alta densidad.<\/p>\n<p style='font-size: 15px; margin-bottom: 15px; color: inherit;'>Se pueden configurar tres radios de datos como dos 4\u00d74 de 5 GHz m\u00e1s uno 2\u00d72 de 2&comma;4 GHz&comma; o los dos radios de 5 GHz se pueden combinar en un solo radio de 4\u00d74 de 5 GHz con la m\u00e1xima potencia y rendimiento del est\u00e1ndar 802.11ax.<\/p>\n<p style='font-size: 15px; margin-bottom: 15px; color: inherit;'>Un radio de escaneo de red dedicada proporciona monitoreo de red continuo para mejorar los protocolos de seguridad&comma; informes de red detallados y optimizaciones autom\u00e1ticas de RF.<\/p>\n<p style='font-size: 15px; margin-bottom: 15px; color: inherit;'>Obtendr\u00e1 un AP Wi-Fi 6\/6E de alta capacidad y multirradio dise\u00f1ado para las redes m\u00e1s exigentes en lugares empresariales&comma; educativos&comma; minoristas y p\u00fablicos.<\/p>\n<\/p><\/div>\n<div style='display: flex; flex-wrap: wrap; gap: 30px; margin: 30px 0;'>\n<div style='flex: 1 1 300px; min-width: 280px;'>\n<h3 style='font-size: 22px; border-bottom: 2px solid currentColor; padding-bottom: 5px; margin-top: 0; color: inherit; opacity: 0.8;'>Especificaciones t\u00e9cnicas<\/h3>\n<ul style='padding-left: 20px; font-size: 15px; color: inherit;'>\n<li style='margin-bottom: 5px;'><strong>N\u00famero m\u00e1ximo de dispositivos conectados:<\/strong> 1&comma;500 dispositivos Wi-Fi<\/li>\n<li style='margin-bottom: 5px;'><strong>Modos de operaci\u00f3n:<\/strong> Access Point o Router (NAT&comma; DHCP Server y Firewall)<\/li>\n<li style='margin-bottom: 5px;'><strong>Est\u00e1ndar:<\/strong> 802.11 a\/b\/g\/n\/ac Wave 2\/ax<\/li>\n<li style='margin-bottom: 5px;'><strong>Bandas:<\/strong> 3 radios combinaci\u00f3n doble banda (2.4&comma; 5 y 6 GHz)<\/li>\n<li style='margin-bottom: 5px;'><strong>MU-MIMO:<\/strong> 4&#215;4<\/li>\n<li style='margin-bottom: 5px;'><strong>Velocidad:<\/strong> Hasta 574 Mbps en 2.4 GHz&comma; 1&comma;201 Mbps en 5 GHz y 4&comma;804 Mbps en 6 GHz<\/li>\n<li style='margin-bottom: 5px;'><strong>Antenas Omnidireccionales:<\/strong> 4.85 dBi en 2.4 GHz&comma; 6.12 dBi en 5 GHz y 6.29 dBi en 6 GHz<\/li>\n<li style='margin-bottom: 5px;'><strong>Potencia:<\/strong> 29 dBm en 2.4 GHz&comma; 31 dBm en 5 GHz y 30 en 6 GHz<\/li>\n<\/ul><\/div>\n<div style='flex: 1 1 300px; min-width: 280px;'>\n<h3 style='font-size: 22px; border-bottom: 2px solid currentColor; padding-bottom: 5px; margin-top: 0; color: inherit; opacity: 0.8;'>Caracter\u00edsticas adicionales<\/h3>\n<ul style='padding-left: 20px; font-size: 15px; color: inherit;'>\n<li style='margin-bottom: 5px;'><strong>Administraci\u00f3n:<\/strong> Standalone&comma; cnMaestro Cloud Managed (gratuito) y cnMaestro on-premises VM o XMS Cloud<\/li>\n<li style='margin-bottom: 5px;'><strong>SSID:<\/strong> Hasta 16 SSID (Flexibles en cualquier banda)<\/li>\n<li style='margin-bottom: 5px;'><strong>Fast Roaming:<\/strong> Navega de celda en celda sin perder la conexi\u00f3n<\/li>\n<li style='margin-bottom: 5px;'><strong>ACL:<\/strong> Crea reglas para bloqueo para p\u00e1ginas Web<\/li>\n<li style='margin-bottom: 5px;'><strong>Funci\u00f3n ACS:<\/strong> Cambio de canales autom\u00e1tico para evitar interferencia<\/li>\n<li style='margin-bottom: 5px;'><strong>Schedule SSID:<\/strong> Activar SSID los d\u00edas deseados en ciertos horarios<\/li>\n<li style='margin-bottom: 5px;'><strong>Portal cautivo Hotspot:<\/strong> Desde la nube&comma; vouchers personalizables<\/li>\n<li style='margin-bottom: 5px;'><strong>Ancho de banda:<\/strong> Limita por usuario o SSID<\/li>\n<li style='margin-bottom: 5px;'><strong>Aislamiento entre clientes:<\/strong> Evita que entren a la red&comma; tormentas de Broadcast y Multicast<\/li>\n<li style='margin-bottom: 5px;'><strong>Load Balancing:<\/strong> Banalncea la carga entre cada banda<\/li>\n<li style='margin-bottom: 5px;'><strong>Soporta:<\/strong> MESH<\/li>\n<\/ul><\/div>\n<div style='flex: 1 1 300px; min-width: 280px;'>\n<h3 style='font-size: 22px; border-bottom: 2px solid currentColor; padding-bottom: 5px; margin-top: 0; color: inherit; opacity: 0.8;'>Caracter\u00edsticas f\u00edsicas y el\u00e9ctricas<\/h3>\n<ul style='padding-left: 20px; font-size: 15px; color: inherit;'>\n<li style='margin-bottom: 5px;'><strong>Puertos:<\/strong> 1 puerto 802.3 10\/100\/1000\/2500 Mbps PoE IN 802.3bt&comma; 1 puerto RJ45 10\/100\/1000 Mbps<\/li>\n<li style='margin-bottom: 5px;'><strong>Puerto USB:<\/strong> 1 puerto USB 3.0<\/li>\n<li style='margin-bottom: 5px;'><strong>Consumo m\u00e1ximo:<\/strong> 32 W<\/li>\n<\/ul><\/div>\n<\/p><\/div>\n<div style='margin: 30px 0;'>\n<h3 style='font-size: 22px; border-bottom: 2px solid currentColor; padding-bottom: 5px; margin-top: 0; color: inherit; opacity: 0.8;'>Administraci\u00f3n<\/h3>\n<p style='font-size: 15px; color: inherit;'>Administraci\u00f3n gratuita mediante controlador <a style='color: inherit; text-decoration: underline;' href='https:\/\/cloud.cambiumnetworks.com\/'>cnMaestro<\/a> desde la nube&comma; no requiere hardware adicional.<\/p>\n<\/p><\/div>\n<div style='margin: 30px 0;'>\n<h3 style='font-size: 22px; border-bottom: 2px solid currentColor; padding-bottom: 5px; margin-top: 0; color: inherit; opacity: 0.8;'>Contenido del paquete<\/h3>\n<p style='font-size: 15px; color: inherit;'>Requiere fuente de alimentaci\u00f3n PoE modelo N000000L142A + CABEPMP (no incluidos)<\/p>\n<\/p><\/div>\n<div style='margin: 30px 0;'>\n<h3 style='font-size: 22px; border-bottom: 2px solid currentColor; padding-bottom: 5px; margin-top: 0; color: inherit; opacity: 0.8;'>Garant\u00eda<\/h3>\n<p style='font-size: 15px; color: inherit;'>5 A\u00f1os de Garant\u00eda<\/p>\n<\/p><\/div>\n<\/p><\/div>\n","protected":false},"excerpt":{"rendered":"<p>Access Point cnPilot XE3-4 WiFi 6\/6E 802.11ax (2.4, 5 y 6 GHz), 3 radios definidos por software (SDR), MU-MIMO 4&#215;4, Pol\u00edticas de control de aplicaciones, hasta 1,500 clientes, gesti\u00f3n desde la nube, hasta 6.6 Gbps.<\/p>\n","protected":false},"featured_media":91989,"comment_status":"open","ping_status":"closed","template":"","meta":[],"product_brand":[],"product_cat":[1794],"product_tag":[1316,1795,1479],"class_list":{"0":"post-91990","1":"product","2":"type-product","3":"status-publish","4":"has-post-thumbnail","6":"product_cat-puntos-de-acceso","7":"product_tag-cambium-networks","8":"product_tag-puntos-de-acceso","9":"product_tag-redes-wifi","11":"first","12":"outofstock","13":"sale","14":"shipping-taxable","15":"purchasable","16":"product-type-simple"},"_links":{"self":[{"href":"https:\/\/soydeaqui.ddns.net\/pachuca\/index.php\/wp-json\/wp\/v2\/product\/91990","targetHints":{"allow":["GET"]}}],"collection":[{"href":"https:\/\/soydeaqui.ddns.net\/pachuca\/index.php\/wp-json\/wp\/v2\/product"}],"about":[{"href":"https:\/\/soydeaqui.ddns.net\/pachuca\/index.php\/wp-json\/wp\/v2\/types\/product"}],"replies":[{"embeddable":true,"href":"https:\/\/soydeaqui.ddns.net\/pachuca\/index.php\/wp-json\/wp\/v2\/comments?post=91990"}],"wp:featuredmedia":[{"embeddable":true,"href":"https:\/\/soydeaqui.ddns.net\/pachuca\/index.php\/wp-json\/wp\/v2\/media\/91989"}],"wp:attachment":[{"href":"https:\/\/soydeaqui.ddns.net\/pachuca\/index.php\/wp-json\/wp\/v2\/media?parent=91990"}],"wp:term":[{"taxonomy":"product_brand","embeddable":true,"href":"https:\/\/soydeaqui.ddns.net\/pachuca\/index.php\/wp-json\/wp\/v2\/product_brand?post=91990"},{"taxonomy":"product_cat","embeddable":true,"href":"https:\/\/soydeaqui.ddns.net\/pachuca\/index.php\/wp-json\/wp\/v2\/product_cat?post=91990"},{"taxonomy":"product_tag","embeddable":true,"href":"https:\/\/soydeaqui.ddns.net\/pachuca\/index.php\/wp-json\/wp\/v2\/product_tag?post=91990"}],"curies":[{"name":"wp","href":"https:\/\/api.w.org\/{rel}","templated":true}]}}