{"id":91988,"date":"2026-03-20T04:55:23","date_gmt":"2026-03-20T04:55:23","guid":{"rendered":"https:\/\/soydeaqui.ddns.net\/pachuca\/index.php\/producto\/cloud-smart-switch-administrable-l2-8-puertos-poe-802-3af-at-pasivo-2-puertos-sfp-10g-switchos\/"},"modified":"2026-03-20T04:55:25","modified_gmt":"2026-03-20T04:55:25","slug":"cloud-smart-switch-administrable-l2-8-puertos-poe-802-3af-at-pasivo-2-puertos-sfp-10g-switchos","status":"publish","type":"product","link":"https:\/\/soydeaqui.ddns.net\/pachuca\/index.php\/producto\/cloud-smart-switch-administrable-l2-8-puertos-poe-802-3af-at-pasivo-2-puertos-sfp-10g-switchos\/","title":{"rendered":"Cloud Smart Switch, Administrable L2 8 puertos PoE 802.3af\/at &#8211; Pasivo, 2 Puertos SFP+ 10G, switchOS"},"content":{"rendered":"<div style='width: 100%; max-width: 1200px; margin: 0 auto; font-family: sans-serif; line-height: 1.6; color: inherit; background-color: transparent;'> <!-- Descripci\u00f3n principal --> <\/p>\n<div style='margin-bottom: 30px; font-size: 15px; color: inherit;'>\n<p style='margin: 0 0 15px 0;'>CSS610-8P-2S+IN es uno de los switches m\u00e1s completos del mercado. Es perfecto para las configuraciones m\u00e1s diversas: desde redes dom\u00e9sticas y peque\u00f1as oficinas hasta hoteles&comma; centros de llamadas&comma; etc. La combinaci\u00f3n \u00fanica de tama\u00f1o&comma; caracter\u00edsticas y precio ofrece un potencial de escalabilidad incre\u00edble.<\/p>\n<p style='margin: 0 0 15px 0;'><strong>Hay dos puertos SFP+ para conectividad de fibra de 10 Gigabit y ocho puertos Gigabit Ethernet con 802.3af\/at y salida PoE pasiva (solo se necesita una sola fuente de alimentaci\u00f3n para proporcionar ambos).<\/strong><\/p>\n<p style='margin: 0 0 15px 0;'>Este switch tiene que ver con configuraciones agradables y f\u00e1ciles. El factor de forma compacto significa un env\u00edo y manejo m\u00e1s f\u00e1ciles&comma; mientras que el ligero SwOS significa una configuraci\u00f3n m\u00e1s f\u00e1cil. \u00a1Incluso puedes configurar este switch desde tu navegador web! Le brinda toda la funcionalidad b\u00e1sica de un switch administrado&comma; y a\u00fan m\u00e1s: puede administrar el reenv\u00edo de puerto a puerto&comma; el control de tormentas de transmisi\u00f3n&comma; aplicar filtros MAC&comma; configurar VLAN&comma; duplicar el tr\u00e1fico&comma; aplicar limitaciones de ancho de banda e incluso ajustar algunos campos de encabezado MAC e IP.<\/p>\n<p style='margin: 0 0 15px 0;'>Pero la verdadera ventaja es la combinaci\u00f3n de puertos Ethernet SFP+ y PoE-out. Con esta configuraci\u00f3n&comma; puedes hacer todo tipo de cosas con un presupuesto ajustado. CSS610 tiene un impresionante presupuesto total de salida de PoE de 140 W&comma; por lo que puede usarlo incluso en los escenarios m\u00e1s intensos&comma; como hoteles&comma; salas de conferencias o centros de llamadas. Utilice los puertos de salida PoE para conectar los tel\u00e9fonos IP&comma; mientras que los puertos SFP+ conectan su servidor principal al ISP. O encargue un mont\u00f3n de c\u00e1maras de red y cargue instant\u00e1neamente las im\u00e1genes en la nube. Y gestiona un grupo de puntos de acceso inal\u00e1mbricos al mismo tiempo. Adem\u00e1s&comma; la escalabilidad ya no es un problema. \u00a1Con nuestros precios&comma; puedes permitirte un switch en cada piso!<\/p>\n<p style='margin: 0 0 15px 0;'>Al igual que cada caja de herramientas necesita destornilladores y alicates&comma; cada red puede usar un switch PoE s\u00f3lido.<\/p>\n<p style='margin: 0 0 15px 0;'><strong>CSS610-8P-2S+IN &#8211; \u00a1una opci\u00f3n s\u00f3lida!<\/strong><\/p>\n<\/p><\/div>\n<p> <!-- Secci\u00f3n de especificaciones --> <\/p>\n<div style='display: flex; flex-wrap: wrap; gap: 30px; margin-bottom: 30px;'>\n<div style='flex: 1 1 300px; min-width: 280px;'>\n<h3 style='font-size: 22px; border-bottom: 2px solid currentColor; padding-bottom: 5px; margin-top: 0; color: inherit; opacity: 0.8;'>Especificaciones<\/h3>\n<ul style='padding-left: 20px; font-size: 15px; color: inherit;'>\n<li style='margin-bottom: 5px;'><strong>C\u00f3digo de producto:<\/strong> CSS610-8P-2S+IN<\/li>\n<li style='margin-bottom: 5px;'><strong>Modelo de chip de switch:<\/strong> 88E6193X<\/li>\n<li style='margin-bottom: 5px;'><strong>Dimensiones:<\/strong> 272x208x44mm<\/li>\n<li style='margin-bottom: 5px;'><strong>Sistema operativo:<\/strong> SwitchOS Lite<\/li>\n<li style='margin-bottom: 5px;'><strong>Tama\u00f1o de almacenamiento:<\/strong> 64 KB<\/li>\n<li style='margin-bottom: 5px;'><strong>Tipo de almacenamiento:<\/strong> Flash<\/li>\n<li style='margin-bottom: 5px;'><strong>MTBF:<\/strong> Aproximadamente 200&#8217;000 horas a 25\u00b0C<\/li>\n<li style='margin-bottom: 5px;'><strong>Temperatura ambiente probada:<\/strong> -40 \u00b0C a 70 \u00b0C<\/li>\n<\/ul><\/div>\n<div style='flex: 1 1 300px; min-width: 280px;'>\n<h3 style='font-size: 22px; border-bottom: 2px solid currentColor; padding-bottom: 5px; margin-top: 0; color: inherit; opacity: 0.8;'>Alimentaci\u00f3n<\/h3>\n<ul style='padding-left: 20px; font-size: 15px; color: inherit;'>\n<li style='margin-bottom: 5px;'><strong>N\u00famero de entradas de CA:<\/strong> 1<\/li>\n<li style='margin-bottom: 5px;'><strong>Rango de entrada de CA:<\/strong> 100-240V<\/li>\n<li style='margin-bottom: 5px;'><strong>N\u00famero de entradas de CC:<\/strong> 1 (toma de CC)<\/li>\n<li style='margin-bottom: 5px;'><strong>Voltaje de entrada de conector de CC:<\/strong> 48-57 V<\/li>\n<li style='margin-bottom: 5px;'><strong>Consumo m\u00e1ximo de energ\u00eda:<\/strong> 162 W<\/li>\n<li style='margin-bottom: 5px;'><strong>Consumo m\u00e1ximo de energ\u00eda sin accesorios:<\/strong> 12 W<\/li>\n<li style='margin-bottom: 5px;'><strong>Tipo de refrigeraci\u00f3n:<\/strong> Pasivo<\/li>\n<\/ul><\/div>\n<div style='flex: 1 1 300px; min-width: 280px;'>\n<h3 style='font-size: 22px; border-bottom: 2px solid currentColor; padding-bottom: 5px; margin-top: 0; color: inherit; opacity: 0.8;'>PoE-out<\/h3>\n<ul style='padding-left: 20px; font-size: 15px; color: inherit;'>\n<li style='margin-bottom: 5px;'><strong>Puertos de salida de PoE:<\/strong> \u00c9ter1-\u00c9ter8<\/li>\n<li style='margin-bottom: 5px;'><strong>PoE out:<\/strong> 802.3af\/at<\/li>\n<li style='margin-bottom: 5px;'><strong>Salida m\u00e1xima por puerto (entrada de 18-30 V):<\/strong> 1000 mA<\/li>\n<li style='margin-bottom: 5px;'><strong>Salida m\u00e1xima por puerto (entrada de 30-57 V):<\/strong> 625 mA<\/li>\n<li style='margin-bottom: 5px;'><strong>Potencia de salida total:<\/strong> 140 W<\/li>\n<\/ul><\/div>\n<div style='flex: 1 1 300px; min-width: 280px;'>\n<h3 style='font-size: 22px; border-bottom: 2px solid currentColor; padding-bottom: 5px; margin-top: 0; color: inherit; opacity: 0.8;'>Ethernet<\/h3>\n<ul style='padding-left: 20px; font-size: 15px; color: inherit;'>\n<li style='margin-bottom: 5px;'><strong>Puertos Ethernet 10\/100\/1000:<\/strong> 8<\/li>\n<li style='margin-bottom: 5px;'><strong>N\u00famero de puertos Ethernet 1G con salida PoE:<\/strong> 8<\/li>\n<\/ul><\/div>\n<div style='flex: 1 1 300px; min-width: 280px;'>\n<h3 style='font-size: 22px; border-bottom: 2px solid currentColor; padding-bottom: 5px; margin-top: 0; color: inherit; opacity: 0.8;'>Fibra<\/h3>\n<ul style='padding-left: 20px; font-size: 15px; color: inherit;'>\n<li style='margin-bottom: 5px;'><strong>Puertos SFP+:<\/strong> 2<\/li>\n<\/ul><\/div>\n<div style='flex: 1 1 300px; min-width: 280px;'>\n<h3 style='font-size: 22px; border-bottom: 2px solid currentColor; padding-bottom: 5px; margin-top: 0; color: inherit; opacity: 0.8;'>Otros<\/h3>\n<ul style='padding-left: 20px; font-size: 15px; color: inherit;'>\n<li style='margin-bottom: 5px;'><strong>Monitor de temperatura de la CPU:<\/strong> S\u00cd<\/li>\n<li style='margin-bottom: 5px;'><strong>Monitor de voltaje:<\/strong> S\u00cd<\/li>\n<li style='margin-bottom: 5px;'><strong>Certificaci\u00f3n:<\/strong> CE&comma; EAC&comma; ROHS<\/li>\n<li style='margin-bottom: 5px;'><strong>IP:<\/strong> 20<\/li>\n<\/ul><\/div>\n<\/p><\/div>\n<p> <!-- Secci\u00f3n de piezas incluidas --> <\/p>\n<div style='margin-bottom: 30px;'>\n<h3 style='font-size: 22px; border-bottom: 2px solid currentColor; padding-bottom: 5px; margin-top: 0; margin-bottom: 20px; color: inherit; opacity: 0.8;'>Piezas incluidas<\/h3>\n<div style='display: grid; grid-template-columns: repeat(auto-fill&comma; minmax(140px&comma; 1fr)); gap: 20px;'>\n<div style='text-align: center;'> <a style='color: inherit; text-decoration: none;' href='https:\/\/i.mt.lv\/cdn\/rb_images\/part1191600762800m.jpg' target='_blank'> <img style='width: 100%; max-width: 80px; height: auto; border: 1px solid rgba(150&comma;150&comma;150&comma;0.3); border-radius: 8px; margin-bottom: 5px;' src='https:\/\/i.mt.lv\/cdn\/rb_images\/part1191600762800s.jpg' alt='Orejas de rack para CSS610-8G-2S+IN'> <br \/>Orejas de rack para CSS610-8G-2S+IN <\/a> <\/div>\n<div style='text-align: center;'> <a style='color: inherit; text-decoration: none;' href='https:\/\/i.mt.lv\/cdn\/rb_images\/part1181600762677m.jpg' target='_blank'> <img style='width: 100%; max-width: 80px; height: auto; border: 1px solid rgba(150&comma;150&comma;150&comma;0.3); border-radius: 8px; margin-bottom: 5px;' src='https:\/\/i.mt.lv\/cdn\/rb_images\/part1181600762677s.jpg' alt='Juego de sujeci\u00f3n K-48'> <br \/>Juego de sujeci\u00f3n K-48 <\/a> <\/div>\n<div style='text-align: center;'> <a style='color: inherit; text-decoration: none;' href='https:\/\/i.mt.lv\/cdn\/rb_images\/part41391160693m.jpg' target='_blank'> <img style='width: 100%; max-width: 80px; height: auto; border: 1px solid rgba(150&comma;150&comma;150&comma;0.3); border-radius: 8px; margin-bottom: 5px;' src='https:\/\/i.mt.lv\/cdn\/rb_images\/part41391160693s.jpg' alt='Cable IEC'> <br \/>Cable IEC <\/a> <\/div>\n<\/p><\/div>\n<\/p><\/div>\n<p> <!-- Separador --> <\/p>\n<hr style='border: 0; border-top: 1px solid rgba(150&comma; 150&comma; 150&comma; 0.3); margin: 30px 0;'> <\/div>\n","protected":false},"excerpt":{"rendered":"<p>Cloud Smart Switch, Administrable L2 8 puertos PoE 802.3af\/at &#8211; Pasivo, 2 Puertos SFP+ 10G, switchOS<\/p>\n","protected":false},"featured_media":32,"comment_status":"open","ping_status":"closed","template":"","meta":[],"product_brand":[],"product_cat":[1986],"product_tag":[643,664,1987],"class_list":{"0":"post-91988","1":"product","2":"type-product","3":"status-publish","4":"has-post-thumbnail","6":"product_cat-switches-poe","7":"product_tag-mikrotik","8":"product_tag-networking","9":"product_tag-switches-poe","11":"first","12":"outofstock","13":"sale","14":"shipping-taxable","15":"purchasable","16":"product-type-simple"},"_links":{"self":[{"href":"https:\/\/soydeaqui.ddns.net\/pachuca\/index.php\/wp-json\/wp\/v2\/product\/91988","targetHints":{"allow":["GET"]}}],"collection":[{"href":"https:\/\/soydeaqui.ddns.net\/pachuca\/index.php\/wp-json\/wp\/v2\/product"}],"about":[{"href":"https:\/\/soydeaqui.ddns.net\/pachuca\/index.php\/wp-json\/wp\/v2\/types\/product"}],"replies":[{"embeddable":true,"href":"https:\/\/soydeaqui.ddns.net\/pachuca\/index.php\/wp-json\/wp\/v2\/comments?post=91988"}],"wp:featuredmedia":[{"embeddable":true,"href":"https:\/\/soydeaqui.ddns.net\/pachuca\/index.php\/wp-json\/wp\/v2\/media\/32"}],"wp:attachment":[{"href":"https:\/\/soydeaqui.ddns.net\/pachuca\/index.php\/wp-json\/wp\/v2\/media?parent=91988"}],"wp:term":[{"taxonomy":"product_brand","embeddable":true,"href":"https:\/\/soydeaqui.ddns.net\/pachuca\/index.php\/wp-json\/wp\/v2\/product_brand?post=91988"},{"taxonomy":"product_cat","embeddable":true,"href":"https:\/\/soydeaqui.ddns.net\/pachuca\/index.php\/wp-json\/wp\/v2\/product_cat?post=91988"},{"taxonomy":"product_tag","embeddable":true,"href":"https:\/\/soydeaqui.ddns.net\/pachuca\/index.php\/wp-json\/wp\/v2\/product_tag?post=91988"}],"curies":[{"name":"wp","href":"https:\/\/api.w.org\/{rel}","templated":true}]}}