{"id":91983,"date":"2026-03-20T04:55:11","date_gmt":"2026-03-20T04:55:11","guid":{"rendered":"https:\/\/soydeaqui.ddns.net\/pachuca\/index.php\/producto\/cable-aoc-qsfp-de-40-gbps-a-40-gbps-cable-de-fibra-optica-activo-longitud-1-metro\/"},"modified":"2026-03-20T04:55:13","modified_gmt":"2026-03-20T04:55:13","slug":"cable-aoc-qsfp-de-40-gbps-a-40-gbps-cable-de-fibra-optica-activo-longitud-1-metro","status":"publish","type":"product","link":"https:\/\/soydeaqui.ddns.net\/pachuca\/index.php\/producto\/cable-aoc-qsfp-de-40-gbps-a-40-gbps-cable-de-fibra-optica-activo-longitud-1-metro\/","title":{"rendered":"Cable AOC QSFP+ de 40 Gbps a 40 Gbps \/ Cable de fibra \u00f3ptica Activo \/ Longitud: 1 metro"},"content":{"rendered":"<div style='width: 100%; max-width: 1200px; margin: 0 auto; font-family: sans-serif; line-height: 1.6; color: inherit; background-color: transparent;'>\n<div style='display: flex; flex-wrap: wrap; gap: 30px; margin-bottom: 30px;'>\n<div style='flex: 1 1 100%; min-width: 280px;'> <img style='width: 100%; height: auto; border: 1px solid rgba(150&comma;150&comma;150&comma;0.3); border-radius: 8px;' src='https:\/\/ftp3.syscom.mx\/usuarios\/daniel.anchondo\/%28LINKEDPRO%29\/IMAGENES\/Linkedpro%20arriba.jpg' alt=''> <\/div>\n<\/p><\/div>\n<div style='display: flex; flex-wrap: wrap; gap: 30px; margin-bottom: 30px;'>\n<div style='flex: 1 1 100%; min-width: 280px;'>\n<p style='margin: 0 0 15px; text-align: justify; font-size: 15px; color: inherit;'> Los cables DAC (Direct Attach Cable) y los cables AOC (Active Optical Cable) de la marca Linkedpro fueron dise\u00f1ados para tener enlaces de alto desempe\u00f1o&comma; Ofrece una manera f\u00e1cil y r\u00e1pida de instalarse\/desinstalarse en los puertos compatibles con este tipo de conectores. <\/p>\n<p style='margin: 0 0 15px; text-align: justify; font-size: 15px; color: inherit;'> Las distancias y capacidades de la transmisi\u00f3n de datos var\u00eda dependiendo del modelo del cable ya sea DAC o AOC. La nueva l\u00ednea de cables DAC y AOC fue creada con el prop\u00f3sito de optimizar la creciente demanda de la transmisi\u00f3n de datos&comma; as\u00ed como mejorar el rendimiento de las soluciones de enlaces con cobre y fibra&comma; buscando siempre la mejor compatibilidad con diferentes marcas para crear un ambiente amigable. <\/p>\n<p style='margin: 0 0 15px; text-align: justify; font-size: 15px; color: inherit;'> Nuestros cables AOC son compatibles con una amplia gama de marcas&comma; incluyendo Cisco&comma; MikroTik&comma; Ubiquiti&comma; TP-Link&comma; Planet&comma; Allied Telesis&comma; Ruckus&comma; Avaya&comma; Arista&comma; Extreme&comma; Fortinet&comma; Huawei&comma; Hikvision&comma; Juniper&comma; Alcatel-Lucent&comma; Brocade&comma; D-Link&comma; Dell&comma; Moxa&comma; SonicWall&comma; Netgear&comma; Lenovo&comma; Zyxel&comma; Calix&comma; Ciena&comma; IBM e Infinera. <\/p>\n<\/p><\/div>\n<\/p><\/div>\n<div style='display: flex; flex-wrap: wrap; gap: 30px; margin-bottom: 30px;'>\n<div style='flex: 1 1 100%; min-width: 280px;'> <img style='width: 100%; height: auto; border: 1px solid rgba(150&comma;150&comma;150&comma;0.3); border-radius: 8px;' src='https:\/\/ftp3.syscom.mx\/usuarios\/fotos\/LPSFP1GSM10\/211882-banner_abajo_2_linkedpro.png' alt=''> <\/div>\n<\/p><\/div>\n<\/p><\/div>\n","protected":false},"excerpt":{"rendered":"<p>Cable AOC QSFP+ de 40 Gbps a 40 Gbps \/ Cable de fibra \u00f3ptica Activo \/ Longitud: 1 metro<\/p>\n","protected":false},"featured_media":91982,"comment_status":"open","ping_status":"closed","template":"","meta":[],"product_brand":[],"product_cat":[663],"product_tag":[219,664,665],"class_list":{"0":"post-91983","1":"product","2":"type-product","3":"status-publish","4":"has-post-thumbnail","6":"product_cat-transceptores-de-fibra","7":"product_tag-linkedpro","8":"product_tag-networking","9":"product_tag-transceptores-de-fibra","11":"first","12":"instock","13":"sale","14":"shipping-taxable","15":"purchasable","16":"product-type-simple"},"_links":{"self":[{"href":"https:\/\/soydeaqui.ddns.net\/pachuca\/index.php\/wp-json\/wp\/v2\/product\/91983","targetHints":{"allow":["GET"]}}],"collection":[{"href":"https:\/\/soydeaqui.ddns.net\/pachuca\/index.php\/wp-json\/wp\/v2\/product"}],"about":[{"href":"https:\/\/soydeaqui.ddns.net\/pachuca\/index.php\/wp-json\/wp\/v2\/types\/product"}],"replies":[{"embeddable":true,"href":"https:\/\/soydeaqui.ddns.net\/pachuca\/index.php\/wp-json\/wp\/v2\/comments?post=91983"}],"wp:featuredmedia":[{"embeddable":true,"href":"https:\/\/soydeaqui.ddns.net\/pachuca\/index.php\/wp-json\/wp\/v2\/media\/91982"}],"wp:attachment":[{"href":"https:\/\/soydeaqui.ddns.net\/pachuca\/index.php\/wp-json\/wp\/v2\/media?parent=91983"}],"wp:term":[{"taxonomy":"product_brand","embeddable":true,"href":"https:\/\/soydeaqui.ddns.net\/pachuca\/index.php\/wp-json\/wp\/v2\/product_brand?post=91983"},{"taxonomy":"product_cat","embeddable":true,"href":"https:\/\/soydeaqui.ddns.net\/pachuca\/index.php\/wp-json\/wp\/v2\/product_cat?post=91983"},{"taxonomy":"product_tag","embeddable":true,"href":"https:\/\/soydeaqui.ddns.net\/pachuca\/index.php\/wp-json\/wp\/v2\/product_tag?post=91983"}],"curies":[{"name":"wp","href":"https:\/\/api.w.org\/{rel}","templated":true}]}}