{"id":91946,"date":"2026-03-20T04:53:38","date_gmt":"2026-03-20T04:53:38","guid":{"rendered":"https:\/\/soydeaqui.ddns.net\/pachuca\/index.php\/producto\/paquete-de-3-puntos-de-acceso-c1n-wi-fi-ptmp-en-2-4-ghz-antenas-sectorial-de-70-de-10-dbi-hasta-800-m-de-cobertura-antena-de-10-dbi-soporta-fichas-vouchers-administracion-en-nube-gratis-c\/"},"modified":"2026-03-20T04:53:43","modified_gmt":"2026-03-20T04:53:43","slug":"paquete-de-3-puntos-de-acceso-c1n-wi-fi-ptmp-en-2-4-ghz-antenas-sectorial-de-70-de-10-dbi-hasta-800-m-de-cobertura-antena-de-10-dbi-soporta-fichas-vouchers-administracion-en-nube-gratis-c","status":"publish","type":"product","link":"https:\/\/soydeaqui.ddns.net\/pachuca\/index.php\/producto\/paquete-de-3-puntos-de-acceso-c1n-wi-fi-ptmp-en-2-4-ghz-antenas-sectorial-de-70-de-10-dbi-hasta-800-m-de-cobertura-antena-de-10-dbi-soporta-fichas-vouchers-administracion-en-nube-gratis-c\/","title":{"rendered":"Paquete de 3 Puntos de Acceso C1N Wi-Fi, PTMP en 2.4 GHz , Antenas Sectorial de 70\u00b0 de 10 dBi, Hasta 800 m de Cobertura, Antena de 10 dBi, Soporta Fichas-Vouchers. Administraci\u00f3n en Nube Gratis con INSIGHT (Con Versi\u00f3n HW 4.0 en Adelante"},"content":{"rendered":"<div style='width: 100%; max-width: 1200px; margin: 0 auto; font-family: sans-serif; line-height: 1.6; color: inherit; background-color: transparent;'> <!-- Im\u00e1genes principales --> <\/p>\n<div style='display: flex; flex-direction: column; align-items: center; gap: 20px; margin-bottom: 30px;'> <img style='width: 100%; max-width: 300px; height: auto; border: 1px solid rgba(150&comma;150&comma;150&comma;0.3); border-radius: 8px;' src='https:\/\/ftp3.syscom.mx\/usuarios\/hortega\/Altai\/Altai.png' alt=''> <img style='width: 100%; max-width: 850px; height: auto; border: 1px solid rgba(150&comma;150&comma;150&comma;0.3); border-radius: 8px;' src='https:\/\/www.altaitechnologies.com\/wp-content\/uploads\/2024\/08\/Insights_Banner.png' alt='Insights'> <\/div>\n<p> <!-- Enlace a Insights --> <\/p>\n<div style='text-align: center; margin: 30px 0;'> <a style='color: #f29d12; text-decoration: none; font-weight: bold; font-size: 18px; background-color: #34495e; padding: 10px 20px; border-radius: 5px;' href='https:\/\/forum.insights.altaitechnologies.com\/login' target='_blank' rel='noopener'>Crea AQUI tu cuenta INSIGHTS<\/a> <\/div>\n<hr style='border: 0; border-top: 1px solid rgba(150&comma; 150&comma; 150&comma; 0.3); margin: 30px 0;'> <!-- Descripci\u00f3n general --> <\/p>\n<div style='text-align: center; margin: 30px 0;'>\n<p style='font-size: 15px; color: inherit; margin: 10px 0;'>Como complemento de la soluci\u00f3n de cobertura de la estaci\u00f3n base s\u00faper WiFi de Altai&comma; se encuentran los CPE de alto rendimiento C1n&comma; que emplean un algoritmo de procesamiento de se\u00f1al inteligente patentado y una antena dise\u00f1ada para aumentar la intensidad de la se\u00f1al WiFi (transmisi\u00f3n y recepci\u00f3n)&comma; as\u00ed como el rendimiento del cliente.<\/p>\n<p style='font-size: 15px; color: inherit; margin: 10px 0;'>Tambi\u00e9n puede funcionar como un punto de acceso independiente<\/p>\n<\/p><\/div>\n<p> <!-- Imagen de distancia y texto --> <\/p>\n<div style='display: flex; flex-direction: column; align-items: center; margin: 30px 0;'> <img style='width: 100%; max-width: 244px; height: auto; border: 1px solid rgba(150&comma;150&comma;150&comma;0.3); border-radius: 8px;' src='https:\/\/ftp3.syscom.mx\/usuarios\/hortega\/Altai\/Distancias\/c1n.png' alt='Distancia'> <\/p>\n<p style='font-size: 14px; color: inherit; margin: 10px 0; text-align: center;'><strong style='color: inherit;'>Distancia M\u00e1xima:<\/strong> Hasta 800 metros para dispositivos Wi-Fi<\/p>\n<\/p><\/div>\n<p> <!-- Tabla transformada a cards --> <\/p>\n<div style='display: flex; flex-wrap: wrap; gap: 20px; margin: 30px 0;'> <!-- Card Wi-Fi --> <\/p>\n<div style='flex: 1 1 250px; border: 1px solid rgba(150&comma; 150&comma; 150&comma; 0.4); border-radius: 8px; overflow: hidden; display: flex; flex-direction: column;'>\n<div style='padding: 15px; border-bottom: 1px solid rgba(150&comma; 150&comma; 150&comma; 0.2); font-weight: bold; font-size: 18px; color: inherit;'>Wi-Fi<\/div>\n<div style='padding: 15px; color: inherit;'>\n<ul style='padding-left: 20px; margin: 0; font-size: 14px; list-style-type: disc;'>\n<li style='margin-bottom: 5px;'><img style='vertical-align: middle; width: 20px; height: auto; margin-right: 5px;' src='https:\/\/ftp3.syscom.mx\/usuarios\/hortega\/Altai\/Logos\/Wifi.png' alt=''>802.11 b\/g\/n<\/li>\n<li style='margin-bottom: 5px;'><img style='vertical-align: middle; width: 20px; height: auto; margin-right: 5px;' src='https:\/\/ftp3.syscom.mx\/usuarios\/hortega\/Altai\/Logos\/usuarios.png' alt=''>128 dispositivos concurrentes<\/li>\n<\/ul><\/div>\n<\/p><\/div>\n<p> <!-- Card Rendimiento --> <\/p>\n<div style='flex: 1 1 250px; border: 1px solid rgba(150&comma; 150&comma; 150&comma; 0.4); border-radius: 8px; overflow: hidden; display: flex; flex-direction: column;'>\n<div style='padding: 15px; border-bottom: 1px solid rgba(150&comma; 150&comma; 150&comma; 0.2); font-weight: bold; font-size: 18px; color: inherit;'>Rendimiento<\/div>\n<div style='padding: 15px; color: inherit;'>\n<ul style='padding-left: 20px; margin: 0; font-size: 14px; list-style-type: disc;'>\n<li style='margin-bottom: 5px;'><img style='vertical-align: middle; width: 20px; height: auto; margin-right: 5px;' src='https:\/\/ftp3.syscom.mx\/usuarios\/hortega\/Altai\/Logos\/velocidad.png' alt=''>300 Mbps<\/li>\n<li style='margin-bottom: 5px;'><img style='vertical-align: middle; width: 20px; height: auto; margin-right: 5px;' src='https:\/\/ftp3.syscom.mx\/usuarios\/hortega\/Altai\/Logos\/repetidor.png' alt=''>Modo Access Point \/ Cliente \/ Repetidor Altai<\/li>\n<\/ul><\/div>\n<\/p><\/div>\n<p> <!-- Card Potencia --> <\/p>\n<div style='flex: 1 1 250px; border: 1px solid rgba(150&comma; 150&comma; 150&comma; 0.4); border-radius: 8px; overflow: hidden; display: flex; flex-direction: column;'>\n<div style='padding: 15px; border-bottom: 1px solid rgba(150&comma; 150&comma; 150&comma; 0.2); font-weight: bold; font-size: 18px; color: inherit;'>Potencia<\/div>\n<div style='padding: 15px; color: inherit;'>\n<ul style='padding-left: 20px; margin: 0; font-size: 14px; list-style-type: disc;'>\n<li style='margin-bottom: 5px;'><img style='vertical-align: middle; width: 20px; height: auto; margin-right: 5px;' src='https:\/\/ftp3.syscom.mx\/usuarios\/hortega\/Altai\/Logos\/potencia.png' alt=''>Potencia Max. <strong style='color: inherit;'>29 dBm<\/strong><\/li>\n<li style='margin-bottom: 5px;'>Antena integrada: <strong style='color: inherit;'>10 dBi<\/strong><\/li>\n<li style='margin-bottom: 5px;'>Dual-Slant \u00b145\u00b0&comma; <strong style='color: inherit;'>70\u00b0 H<\/strong>\/<strong style='color: inherit;'>30\u00b0 V<\/strong><\/li>\n<\/ul><\/div>\n<\/p><\/div>\n<p> <!-- Card Gesti\u00f3n --> <\/p>\n<div style='flex: 1 1 250px; border: 1px solid rgba(150&comma; 150&comma; 150&comma; 0.4); border-radius: 8px; overflow: hidden; display: flex; flex-direction: column;'>\n<div style='padding: 15px; border-bottom: 1px solid rgba(150&comma; 150&comma; 150&comma; 0.2); font-weight: bold; font-size: 18px; color: inherit;'>Gesti\u00f3n<\/div>\n<div style='padding: 15px; color: inherit;'>\n<ul style='padding-left: 20px; margin: 0; font-size: 14px; list-style-type: disc;'>\n<li style='margin-bottom: 5px;'><img style='vertical-align: middle; width: 20px; height: auto; margin-right: 5px;' src='https:\/\/ftp3.syscom.mx\/usuarios\/hortega\/Altai\/Logos\/nube.png' alt=''>Soporte Altai Care \/ On-Premise<\/li>\n<\/ul><\/div>\n<\/p><\/div>\n<\/p><\/div>\n<hr style='border: 0; border-top: 1px solid rgba(150&comma; 150&comma; 150&comma; 0.3); margin: 30px 0;'> <!-- Secci\u00f3n de caracter\u00edsticas detalladas --> <\/p>\n<div style='display: flex; flex-wrap: wrap; gap: 30px; margin: 30px 0;'> <!-- Caracter\u00edsticas principales --> <\/p>\n<div style='flex: 1 1 300px; min-width: 280px;'>\n<h3 style='font-size: 22px; border-bottom: 2px solid currentColor; padding-bottom: 5px; margin-top: 0; color: inherit; opacity: 0.8;'>Caracter\u00edsticas principales<\/h3>\n<ul style='padding-left: 20px; font-size: 15px; color: inherit;'>\n<li style='margin-bottom: 5px;'><strong style='color: inherit;'>Modos de operaci\u00f3n:<\/strong> AP\/CPE\/ Repetidor<\/li>\n<li style='margin-bottom: 5px;'><strong style='color: inherit;'>Potencia Max.:<\/strong> 29 dBm<\/li>\n<li style='margin-bottom: 5px;'><strong style='color: inherit;'>Antena integrada:<\/strong> 10 dBi<\/li>\n<li style='margin-bottom: 5px;'><strong style='color: inherit;'>Dual-Slant:<\/strong> \u00b145\u00b0&comma; 70\u00b0 H \/ 30\u00b0 V<\/li>\n<li style='margin-bottom: 5px;'>Tecnolog\u00eda de alta sensibilidad en recepci\u00f3n en MIMO 2X2 para gran alcance<\/li>\n<li style='margin-bottom: 5px;'>Control de interferencia adaptativo que ayuda a reducir las fuentes de interferencia<\/li>\n<li style='margin-bottom: 5px;'>Gesti\u00f3n del umbral de conexi\u00f3n SNR para control de c\u00e9lulas de cobertura<\/li>\n<li style='margin-bottom: 5px;'>Fast Roaming 802.11r<\/li>\n<li style='margin-bottom: 5px;'><strong style='color: inherit;'>Soporta:<\/strong> 16 SSID<\/li>\n<li style='margin-bottom: 5px;'>Control de ancho de banda por SSID\/Cliente<\/li>\n<li style='margin-bottom: 5px;'>1 A\u00f1o de garant\u00eda<\/li>\n<\/ul><\/div>\n<p> <!-- Caracter\u00edsticas F\u00edsicas y El\u00e9ctricas --> <\/p>\n<div style='flex: 1 1 300px; min-width: 280px;'>\n<h3 style='font-size: 22px; border-bottom: 2px solid currentColor; padding-bottom: 5px; margin-top: 0; color: inherit; opacity: 0.8;'>Caracter\u00edsticas F\u00edsicas y El\u00e9ctricas<\/h3>\n<ul style='padding-left: 20px; font-size: 15px; color: inherit;'>\n<li style='margin-bottom: 5px;'><strong style='color: inherit;'>Dimensiones:<\/strong> 242 x 80 x 27 mm<\/li>\n<li style='margin-bottom: 5px;'><strong style='color: inherit;'>Peso:<\/strong> 0.4 kg<\/li>\n<li style='margin-bottom: 5px;'><strong style='color: inherit;'>Temperatura de operaci\u00f3n:<\/strong> -20 a 55 \u00b0C<\/li>\n<li style='margin-bottom: 5px;'><strong style='color: inherit;'>Instalaci\u00f3n:<\/strong> en pared&comma; m\u00e1stil o poste en alturas de 3 a 9 m<\/li>\n<li style='margin-bottom: 5px;'><strong style='color: inherit;'>Puerto ethernet:<\/strong> 10\/100 Mbps<\/li>\n<li style='margin-bottom: 5px;'><strong style='color: inherit;'>Soporta:<\/strong> PoE pasivo de 18V<\/li>\n<li style='margin-bottom: 5px;'><strong style='color: inherit;'>Consumo:<\/strong> 6 W<\/li>\n<\/ul><\/div>\n<p> <!-- Contenido del paquete --> <\/p>\n<div style='flex: 1 1 300px; min-width: 280px;'>\n<h3 style='font-size: 22px; border-bottom: 2px solid currentColor; padding-bottom: 5px; margin-top: 0; color: inherit; opacity: 0.8;'>Contenido del paquete<\/h3>\n<ul style='padding-left: 20px; font-size: 15px; color: inherit;'>\n<li style='margin-bottom: 5px;'>3 Puntos de acceso C1n<\/li>\n<li style='margin-bottom: 5px;'>3 Inyectores PoE<\/li>\n<li style='margin-bottom: 5px;'>3 Corbatas<\/li>\n<\/ul><\/div>\n<\/p><\/div>\n<p> <!-- Videos de YouTube --> <\/p>\n<div style='display: flex; flex-wrap: wrap; gap: 30px; justify-content: center; margin: 30px 0;'>\n<div style='flex: 1 1 560px; min-width: 300px;'>\n<div style='position: relative; padding-bottom: 56.25%; height: 0; overflow: hidden;'>   <\/div>\n<\/p><\/div>\n<div style='flex: 1 1 560px; min-width: 300px;'>\n<div style='position: relative; padding-bottom: 56.25%; height: 0; overflow: hidden;'>   <\/div>\n<\/p><\/div>\n<div style='flex: 1 1 560px; min-width: 300px;'>\n<div style='position: relative; padding-bottom: 56.25%; height: 0; overflow: hidden;'>   <\/div>\n<\/p><\/div>\n<div style='flex: 1 1 560px; min-width: 300px;'>\n<div style='position: relative; padding-bottom: 56.25%; height: 0; overflow: hidden;'>   <\/div>\n<\/p><\/div>\n<div style='flex: 1 1 560px; min-width: 300px;'>\n<div style='position: relative; padding-bottom: 56.25%; height: 0; overflow: hidden;'>   <\/div>\n<\/p><\/div>\n<\/p><\/div>\n<p> <!-- Nota importante --> <\/p>\n<div style='margin: 30px 0; padding: 15px; border-left: 5px solid #ff0000; background-color: rgba(184&comma; 49&comma; 47&comma; 0.1);'>\n<p style='font-size: 14px; color: inherit; margin: 0; text-align: center; color: #b8312f;'>La m\u00e1xima distancia en cobertura&comma; capacidad de dispositivos m\u00f3viles WiFi&comma; velocidades de conexi\u00f3n&comma; etc. depender\u00e1 particularmente de cada sitio de instalaci\u00f3n&comma; l\u00ednea de vista plena 100%&comma; niveles de ruido e interferencia&comma; tipo de dispositivos WiFi&comma; alineaci\u00f3n y altura de las antenas.<\/p>\n<\/p><\/div>\n<\/p><\/div>\n","protected":false},"excerpt":{"rendered":"<p>Paquete de 3 Puntos de Acceso C1N Wi-Fi, PTMP en 2.4 GHz , Antenas Sectorial de 70\u00b0 de 10 dBi, Hasta 800 m de Cobertura, Antena de 10 dBi, Soporta Fichas-Vouchers. Administraci\u00f3n en Nube Gratis con INSIGHT (Con Versi\u00f3n HW 4.0 en Adelante<\/p>\n","protected":false},"featured_media":91945,"comment_status":"open","ping_status":"closed","template":"","meta":[],"product_brand":[],"product_cat":[2058],"product_tag":[2059,1950,1980],"class_list":{"0":"post-91946","1":"product","2":"type-product","3":"status-publish","4":"has-post-thumbnail","6":"product_cat-2-4-ghz","7":"product_tag-2-4-ghz","8":"product_tag-altai-technologies","9":"product_tag-enlaces-ptp-y-ptmp","11":"first","12":"instock","13":"sale","14":"shipping-taxable","15":"purchasable","16":"product-type-simple"},"_links":{"self":[{"href":"https:\/\/soydeaqui.ddns.net\/pachuca\/index.php\/wp-json\/wp\/v2\/product\/91946","targetHints":{"allow":["GET"]}}],"collection":[{"href":"https:\/\/soydeaqui.ddns.net\/pachuca\/index.php\/wp-json\/wp\/v2\/product"}],"about":[{"href":"https:\/\/soydeaqui.ddns.net\/pachuca\/index.php\/wp-json\/wp\/v2\/types\/product"}],"replies":[{"embeddable":true,"href":"https:\/\/soydeaqui.ddns.net\/pachuca\/index.php\/wp-json\/wp\/v2\/comments?post=91946"}],"wp:featuredmedia":[{"embeddable":true,"href":"https:\/\/soydeaqui.ddns.net\/pachuca\/index.php\/wp-json\/wp\/v2\/media\/91945"}],"wp:attachment":[{"href":"https:\/\/soydeaqui.ddns.net\/pachuca\/index.php\/wp-json\/wp\/v2\/media?parent=91946"}],"wp:term":[{"taxonomy":"product_brand","embeddable":true,"href":"https:\/\/soydeaqui.ddns.net\/pachuca\/index.php\/wp-json\/wp\/v2\/product_brand?post=91946"},{"taxonomy":"product_cat","embeddable":true,"href":"https:\/\/soydeaqui.ddns.net\/pachuca\/index.php\/wp-json\/wp\/v2\/product_cat?post=91946"},{"taxonomy":"product_tag","embeddable":true,"href":"https:\/\/soydeaqui.ddns.net\/pachuca\/index.php\/wp-json\/wp\/v2\/product_tag?post=91946"}],"curies":[{"name":"wp","href":"https:\/\/api.w.org\/{rel}","templated":true}]}}