{"id":91926,"date":"2026-03-20T04:52:48","date_gmt":"2026-03-20T04:52:48","guid":{"rendered":"https:\/\/soydeaqui.ddns.net\/pachuca\/index.php\/producto\/cable-aoc-qsfp-dd-de-400-gbps-a-400-gbps-cable-de-fibra-optica-activo-longitud-1-metro\/"},"modified":"2026-03-20T04:52:49","modified_gmt":"2026-03-20T04:52:49","slug":"cable-aoc-qsfp-dd-de-400-gbps-a-400-gbps-cable-de-fibra-optica-activo-longitud-1-metro","status":"publish","type":"product","link":"https:\/\/soydeaqui.ddns.net\/pachuca\/index.php\/producto\/cable-aoc-qsfp-dd-de-400-gbps-a-400-gbps-cable-de-fibra-optica-activo-longitud-1-metro\/","title":{"rendered":"Cable AOC QSFP-DD de 400 Gbps a 400 Gbps \/ Cable de fibra \u00f3ptica Activo \/ Longitud: 1 metro"},"content":{"rendered":"<div style='width: 100%; max-width: 1200px; margin: 0 auto; font-family: sans-serif; line-height: 1.6; color: inherit; background-color: transparent;'> <!-- Imagen superior --> <\/p>\n<div style='width: 100%; margin-bottom: 30px;'> <img style='width: 100%; height: auto; border: 1px solid rgba(150&comma;150&comma;150&comma;0.3); border-radius: 8px;' src='https:\/\/ftp3.syscom.mx\/usuarios\/daniel.anchondo\/%28LINKEDPRO%29\/IMAGENES\/Linkedpro%20arriba.jpg' alt='Banner Linkedpro'> <\/div>\n<p> <!-- Contenido principal --> <\/p>\n<div style='display: flex; flex-wrap: wrap; gap: 30px; margin-bottom: 30px;'>\n<div style='flex: 1 1 300px; min-width: 280px;'>\n<p style='font-size: 15px; color: inherit; text-align: justify;'> Los cables DAC (Direct Attach Cable) y los cables AOC (Active Optical Cable) de la marca Linkedpro fueron dise\u00f1ados para tener enlaces de alto desempe\u00f1o&comma; ofrecen una manera f\u00e1cil y r\u00e1pida de instalarse\/desinstalarse en los puertos compatibles con este tipo de conectores. <\/p>\n<p style='font-size: 15px; color: inherit; text-align: justify;'> Las distancias y capacidades de la transmisi\u00f3n de datos var\u00eda dependiendo del modelo del cable ya sea DAC o AOC. La nueva l\u00ednea de cables DAC y AOC fue creada con el prop\u00f3sito de optimizar la creciente demanda de la transmisi\u00f3n de datos&comma; as\u00ed como mejorar el rendimiento de las soluciones de enlaces con cobre y fibra&comma; buscando siempre la mejor compatibilidad con diferentes marcas para crear un ambiente amigable. <\/p>\n<\/p><\/div>\n<\/p><\/div>\n<p> <!-- Secci\u00f3n de compatibilidad --> <\/p>\n<div style='display: flex; flex-wrap: wrap; gap: 20px; margin-bottom: 30px;'>\n<div style='flex: 1 1 250px; border: 1px solid rgba(150&comma; 150&comma; 150&comma; 0.4); border-radius: 8px; overflow: hidden; display: flex; flex-direction: column;'>\n<div style='padding: 15px; border-bottom: 1px solid rgba(150&comma; 150&comma; 150&comma; 0.2); font-weight: bold; font-size: 18px; color: inherit; background-color: rgba(255&comma;255&comma;255&comma;0.05);'>Compatibilidad<\/div>\n<div style='padding: 15px; color: inherit;'>\n<p style='font-size: 14px; color: inherit; margin-bottom: 10px;'> Nuestros cables AOC son compatibles con una amplia gama de marcas&comma; incluyendo: <\/p>\n<ul style='padding-left: 20px; margin: 0; font-size: 14px; list-style-type: disc; color: inherit;'>\n<li style='margin-bottom: 5px;'><strong>Cisco<\/strong><\/li>\n<li style='margin-bottom: 5px;'><strong>MikroTik<\/strong><\/li>\n<li style='margin-bottom: 5px;'><strong>Ubiquiti<\/strong><\/li>\n<li style='margin-bottom: 5px;'><strong>TP-Link<\/strong><\/li>\n<li style='margin-bottom: 5px;'><strong>Planet<\/strong><\/li>\n<li style='margin-bottom: 5px;'><strong>Allied Telesis<\/strong><\/li>\n<li style='margin-bottom: 5px;'><strong>Ruckus<\/strong><\/li>\n<li style='margin-bottom: 5px;'><strong>Avaya<\/strong><\/li>\n<li style='margin-bottom: 5px;'><strong>Arista<\/strong><\/li>\n<li style='margin-bottom: 5px;'><strong>Extreme<\/strong><\/li>\n<li style='margin-bottom: 5px;'><strong>Fortinet<\/strong><\/li>\n<li style='margin-bottom: 5px;'><strong>Huawei<\/strong><\/li>\n<li style='margin-bottom: 5px;'><strong>Hikvision<\/strong><\/li>\n<li style='margin-bottom: 5px;'><strong>Juniper<\/strong><\/li>\n<li style='margin-bottom: 5px;'><strong>Alcatel-Lucent<\/strong><\/li>\n<li style='margin-bottom: 5px;'><strong>Brocade<\/strong><\/li>\n<li style='margin-bottom: 5px;'><strong>D-Link<\/strong><\/li>\n<li style='margin-bottom: 5px;'><strong>Dell<\/strong><\/li>\n<li style='margin-bottom: 5px;'><strong>Moxa<\/strong><\/li>\n<li style='margin-bottom: 5px;'><strong>SonicWall<\/strong><\/li>\n<li style='margin-bottom: 5px;'><strong>Netgear<\/strong><\/li>\n<li style='margin-bottom: 5px;'><strong>Lenovo<\/strong><\/li>\n<li style='margin-bottom: 5px;'><strong>Zyxel<\/strong><\/li>\n<li style='margin-bottom: 5px;'><strong>Calix<\/strong><\/li>\n<li style='margin-bottom: 5px;'><strong>Ciena<\/strong><\/li>\n<li style='margin-bottom: 5px;'><strong>IBM<\/strong><\/li>\n<li style='margin-bottom: 5px;'><strong>Infinera<\/strong><\/li>\n<\/ul><\/div>\n<\/p><\/div>\n<\/p><\/div>\n<p> <!-- Imagen inferior --> <\/p>\n<div style='width: 100%;'> <img style='width: 100%; height: auto; border: 1px solid rgba(150&comma;150&comma;150&comma;0.3); border-radius: 8px;' src='https:\/\/ftp3.syscom.mx\/usuarios\/fotos\/LPSFP1GSM10\/211882-banner_abajo_2_linkedpro.png' alt='Banner Linkedpro'> <\/div>\n<\/p><\/div>\n","protected":false},"excerpt":{"rendered":"<p>Cable AOC QSFP-DD de 400 Gbps a 400 Gbps \/ Cable de fibra \u00f3ptica Activo \/ Longitud: 1 metro<\/p>\n","protected":false},"featured_media":91925,"comment_status":"open","ping_status":"closed","template":"","meta":[],"product_brand":[],"product_cat":[663],"product_tag":[219,664,665],"class_list":{"0":"post-91926","1":"product","2":"type-product","3":"status-publish","4":"has-post-thumbnail","6":"product_cat-transceptores-de-fibra","7":"product_tag-linkedpro","8":"product_tag-networking","9":"product_tag-transceptores-de-fibra","11":"first","12":"instock","13":"sale","14":"shipping-taxable","15":"purchasable","16":"product-type-simple"},"_links":{"self":[{"href":"https:\/\/soydeaqui.ddns.net\/pachuca\/index.php\/wp-json\/wp\/v2\/product\/91926","targetHints":{"allow":["GET"]}}],"collection":[{"href":"https:\/\/soydeaqui.ddns.net\/pachuca\/index.php\/wp-json\/wp\/v2\/product"}],"about":[{"href":"https:\/\/soydeaqui.ddns.net\/pachuca\/index.php\/wp-json\/wp\/v2\/types\/product"}],"replies":[{"embeddable":true,"href":"https:\/\/soydeaqui.ddns.net\/pachuca\/index.php\/wp-json\/wp\/v2\/comments?post=91926"}],"wp:featuredmedia":[{"embeddable":true,"href":"https:\/\/soydeaqui.ddns.net\/pachuca\/index.php\/wp-json\/wp\/v2\/media\/91925"}],"wp:attachment":[{"href":"https:\/\/soydeaqui.ddns.net\/pachuca\/index.php\/wp-json\/wp\/v2\/media?parent=91926"}],"wp:term":[{"taxonomy":"product_brand","embeddable":true,"href":"https:\/\/soydeaqui.ddns.net\/pachuca\/index.php\/wp-json\/wp\/v2\/product_brand?post=91926"},{"taxonomy":"product_cat","embeddable":true,"href":"https:\/\/soydeaqui.ddns.net\/pachuca\/index.php\/wp-json\/wp\/v2\/product_cat?post=91926"},{"taxonomy":"product_tag","embeddable":true,"href":"https:\/\/soydeaqui.ddns.net\/pachuca\/index.php\/wp-json\/wp\/v2\/product_tag?post=91926"}],"curies":[{"name":"wp","href":"https:\/\/api.w.org\/{rel}","templated":true}]}}