{"id":91920,"date":"2026-03-20T04:52:35","date_gmt":"2026-03-20T04:52:35","guid":{"rendered":"https:\/\/soydeaqui.ddns.net\/pachuca\/index.php\/producto\/kit-de-enlace-completo-ptp-en-5-ghz-hasta-20-km-con-el-modelo-conectorizado-c1xan-y-antena-direccional-de-28-dbi-modelo-txp-d4865-28-sma-administracion-en-nube-gratis-con-insights\/"},"modified":"2026-03-20T04:52:37","modified_gmt":"2026-03-20T04:52:37","slug":"kit-de-enlace-completo-ptp-en-5-ghz-hasta-20-km-con-el-modelo-conectorizado-c1xan-y-antena-direccional-de-28-dbi-modelo-txp-d4865-28-sma-administracion-en-nube-gratis-con-insights","status":"publish","type":"product","link":"https:\/\/soydeaqui.ddns.net\/pachuca\/index.php\/producto\/kit-de-enlace-completo-ptp-en-5-ghz-hasta-20-km-con-el-modelo-conectorizado-c1xan-y-antena-direccional-de-28-dbi-modelo-txp-d4865-28-sma-administracion-en-nube-gratis-con-insights\/","title":{"rendered":"Kit de Enlace Completo PTP en 5 GHz, Hasta 20 km, con el Modelo Conectorizado C1XAN y Antena Direccional de 28 dBi Modelo TXP-D4865-28-SMA, Administraci\u00f3n en Nube Gratis con INSIGHTS"},"content":{"rendered":"<div style='width: 100%; max-width: 1200px; margin: 0 auto; font-family: sans-serif; line-height: 1.6; color: inherit; background-color: transparent;'> <!-- Im\u00e1genes principales --> <\/p>\n<div style='display: flex; flex-wrap: wrap; justify-content: center; gap: 20px; margin-bottom: 30px;'> <img style='width: 100%; max-width: 300px; height: auto; border: 1px solid rgba(150&comma;150&comma;150&comma;0.3); border-radius: 8px;' src='https:\/\/ftp3.syscom.mx\/usuarios\/hortega\/Altai\/Altai.png' alt='Logo Altai'> <img style='width: 100%; max-width: 850px; height: auto; border: 1px solid rgba(150&comma;150&comma;150&comma;0.3); border-radius: 8px;' src='https:\/\/www.altaitechnologies.com\/wp-content\/uploads\/2024\/08\/Insights_Banner.png' alt='Banner Insights'> <\/div>\n<p> <!-- Enlace a Insights --> <\/p>\n<div style='text-align: center; margin: 30px 0;'> <a style='font-size: 18px; font-weight: bold; color: #f29d12; text-decoration: none; background-color: #34495e; padding: 10px 20px; border-radius: 5px;' title='ACCESO INSIGHTS' href='https:\/\/forum.insights.altaitechnologies.com\/login' target='_blank' rel='noopener'>Crea AQUI tu cuenta INSIGHTS<\/a> <\/div>\n<p> <!-- Imagen de distancia --> <\/p>\n<div style='text-align: center; margin: 30px 0;'> <img style='width: 100%; max-width: 300px; height: auto; border: 1px solid rgba(150&comma;150&comma;150&comma;0.3); border-radius: 8px;' src='https:\/\/ftp3.syscom.mx\/usuarios\/hortega\/Altai\/Distancias\/c1an.png' alt='Distancia'> <\/div>\n<p> <!-- Descripci\u00f3n de distancia --> <\/p>\n<div style='text-align: center; margin: 20px 0;'>\n<p style='margin: 5px 0; font-weight: bold;'>Distancia M\u00e1xima<\/p>\n<p style='margin: 5px 0; font-weight: bold;'>Hasta 800 metros con antenas de 10 dBi para dispositivos Wi-Fi<\/p>\n<\/p><\/div>\n<p> <!-- Caracter\u00edsticas principales --> <\/p>\n<div style='display: flex; flex-wrap: wrap; gap: 20px; margin: 30px 0;'>\n<div style='flex: 1 1 300px; min-width: 280px; border: 1px solid rgba(150&comma; 150&comma; 150&comma; 0.4); border-radius: 8px; padding: 15px;'>\n<h3 style='font-size: 18px; border-bottom: 2px solid currentColor; padding-bottom: 5px; margin-top: 0; color: inherit; opacity: 0.8;'>Caracter\u00edsticas principales<\/h3>\n<ul style='padding-left: 20px; margin: 10px 0;'>\n<li style='margin-bottom: 5px;'>Modos de operaci\u00f3n: <strong>AP\/CPE\/Bridge\/Repetidor<\/strong><\/li>\n<li style='margin-bottom: 10px;'>Potencia Max. <strong>29 dBm<\/strong><\/li>\n<li style='margin-bottom: 10px;'>Hasta 700 m de cobertura con antena de 9 dBi (no incluida)<\/li>\n<li style='margin-bottom: 10px;'>Hasta 300 Mbps<\/li>\n<li style='margin-bottom: 10px;'>Gesti\u00f3n del umbral de conexi\u00f3n SNR para control de c\u00e9lulas de cobertura<\/li>\n<li style='margin-bottom: 10px;'>Fast Roaming 802.11r<\/li>\n<li style='margin-bottom: 10px;'><strong>Soporta 16 SSID<\/strong><\/li>\n<li style='margin-bottom: 10px;'>Control de ancho de banda por SSID\/Cliente<\/li>\n<li style='margin-bottom: 10px;'>Plataformas de gesti\u00f3n: AltaiGate&comma; AltaiCare<\/li>\n<\/ul><\/div>\n<p> <!-- Caracter\u00edsticas f\u00edsicas y el\u00e9ctricas --> <\/p>\n<div style='flex: 1 1 300px; min-width: 280px; border: 1px solid rgba(150&comma; 150&comma; 150&comma; 0.4); border-radius: 8px; padding: 15px;'>\n<h3 style='font-size: 18px; border-bottom: 2px solid currentColor; padding-bottom: 5px; margin-top: 0; color: inherit; opacity: 0.8;'>Caracter\u00edsticas F\u00edsicas y El\u00e9ctricas<\/h3>\n<ul style='padding-left: 20px; margin: 10px 0;'>\n<li style='margin-bottom: 10px;'>Dimensiones: 28x 8 x 2.7 cm<\/li>\n<li style='margin-bottom: 10px;'>2 Conectores SMA Hembra Inverso<\/li>\n<li style='margin-bottom: 10px;'>Peso: 0.4 kg<\/li>\n<li style='margin-bottom: 10px;'>Temperatura de operaci\u00f3n de -20 a 55 \u00b0C<\/li>\n<li style='margin-bottom: 10px;'>Instalaci\u00f3n en pared&comma; m\u00e1stil o poste<\/li>\n<li style='margin-bottom: 10px;'>Puerto ethernet de 10\/100 Mbps<\/li>\n<li style='margin-bottom: 10px;'><strong>Soporta PoE pasivo de 18V<\/strong><\/li>\n<li style='margin-bottom: 10px;'><strong>PoE recomendado:<\/strong> <a style='color: inherit; text-decoration: underline;' href='https:\/\/www.syscom.mx\/producto\/SD.PE-C1N1-US-ALTAI-TECHNOLOGIES-215331.html'>SD.PE-C1N1-US<\/a><\/li>\n<li style='margin-bottom: 10px;'>Consume 6 W<\/li>\n<\/ul><\/div>\n<p> <!-- El paquete incluye --> <\/p>\n<div style='flex: 1 1 300px; min-width: 280px; border: 1px solid rgba(150&comma; 150&comma; 150&comma; 0.4); border-radius: 8px; padding: 15px;'>\n<h3 style='font-size: 18px; border-bottom: 2px solid currentColor; padding-bottom: 5px; margin-top: 0; color: inherit; opacity: 0.8;'>El Paquete Incluye<\/h3>\n<ul style='padding-left: 20px; margin: 10px 0;'>\n<li style='margin-bottom: 10px;'>2 Puntos de acceso C1XAN<\/li>\n<li style='margin-bottom: 10px;'>2 Inyector PoE<\/li>\n<li style='margin-bottom: 10px;'>2 Corbata o Cincho<\/li>\n<li style='margin-bottom: 10px;'>2 Antenas direccionales TXP-D4865-28-SMA<\/li>\n<\/ul><\/div>\n<\/p><\/div>\n<p> <!-- Tabla de caracter\u00edsticas --> <\/p>\n<div style='display: flex; flex-wrap: wrap; gap: 20px; margin: 30px 0;'>\n<div style='flex: 1 1 200px; min-width: 280px;'>\n<div style='display: flex; align-items: center; justify-content: center; flex-direction: column; padding: 15px; border: 1px solid rgba(150&comma;150&comma;150&comma;0.3); border-radius: 8px;'> <img style='width: 50px; height: auto; margin-bottom: 10px;' src='https:\/\/ftp3.syscom.mx\/usuarios\/hortega\/Altai\/Logos\/Wifi.png' alt='Wi-Fi'> <\/p>\n<p style='margin: 0; font-weight: bold;'>802.11 a\/n<\/p>\n<\/p><\/div>\n<\/p><\/div>\n<div style='flex: 1 1 200px; min-width: 280px;'>\n<div style='display: flex; align-items: center; justify-content: center; flex-direction: column; padding: 15px; border: 1px solid rgba(150&comma;150&comma;150&comma;0.3); border-radius: 8px;'> <img style='width: 48px; height: auto; margin-bottom: 10px;' src='https:\/\/ftp3.syscom.mx\/usuarios\/hortega\/Altai\/Logos\/usuarios.png' alt='Usuarios'> <\/p>\n<p style='margin: 0;'><strong>128<\/strong> dispositivos concurrentes<\/p>\n<\/p><\/div>\n<\/p><\/div>\n<div style='flex: 1 1 200px; min-width: 280px;'>\n<div style='display: flex; align-items: center; justify-content: center; flex-direction: column; padding: 15px; border: 1px solid rgba(150&comma;150&comma;150&comma;0.3); border-radius: 8px;'> <img style='width: 57px; height: auto; margin-bottom: 10px;' src='https:\/\/ftp3.syscom.mx\/usuarios\/hortega\/Altai\/Logos\/velocidad.png' alt='Velocidad'> <\/p>\n<p style='margin: 0;'><strong>300 Mbps<\/strong><\/p>\n<\/p><\/div>\n<\/p><\/div>\n<div style='flex: 1 1 200px; min-width: 280px;'>\n<div style='display: flex; align-items: center; justify-content: center; flex-direction: column; padding: 15px; border: 1px solid rgba(150&comma;150&comma;150&comma;0.3); border-radius: 8px;'> <img style='width: 52px; height: auto; margin-bottom: 10px;' src='https:\/\/ftp3.syscom.mx\/usuarios\/hortega\/Altai\/Logos\/repetidor.png' alt='Repetidor'> <\/p>\n<p style='margin: 0;'>Access Point \/ Cliente \/ Repetidor Altai \/ Bridge<\/p>\n<\/p><\/div>\n<\/p><\/div>\n<div style='flex: 1 1 200px; min-width: 280px;'>\n<div style='display: flex; align-items: center; justify-content: center; flex-direction: column; padding: 15px; border: 1px solid rgba(150&comma;150&comma;150&comma;0.3); border-radius: 8px;'> <img style='width: 36px; height: auto; margin-bottom: 10px;' src='https:\/\/ftp3.syscom.mx\/usuarios\/hortega\/Altai\/Logos\/potencia.png' alt='Potencia'> <\/p>\n<p style='margin: 0;'><strong>29 dBm<\/strong> Max. TX Power<\/p>\n<\/p><\/div>\n<\/p><\/div>\n<div style='flex: 1 1 200px; min-width: 280px;'>\n<div style='display: flex; align-items: center; justify-content: center; flex-direction: column; padding: 15px; border: 1px solid rgba(150&comma;150&comma;150&comma;0.3); border-radius: 8px;'> <img style='width: 53px; height: auto; margin-bottom: 10px;' src='https:\/\/ftp3.syscom.mx\/usuarios\/hortega\/Altai\/Logos\/nube.png' alt='Nube'> <\/p>\n<p style='margin: 0;'>Soporte Altai Care \/ On-Premise<\/p>\n<\/p><\/div>\n<\/p><\/div>\n<\/p><\/div>\n<p> <!-- Descripci\u00f3n general --> <\/p>\n<div style='margin: 30px 0;'>\n<h3 style='font-size: 20px; margin-top: 0; margin-bottom: 15px; color: inherit; opacity: 0.8;'>Soluciones de S\u00faper Cobertura WiFi<\/h3>\n<h4 style='font-size: 18px; margin-top: 0; margin-bottom: 20px; color: inherit; opacity: 0.8;'>Serie C1xan 802.11a\/n<\/h4>\n<p style='margin: 15px 0;'>Los puntos de acceso profesionales de la serie C1xan S\u00faper Wi-Fi MIMO 2X2&comma; han sido dise\u00f1ados para enlaces punto a punto o punto a multipunto. Gracias a sus m\u00faltiples tecnolog\u00edas como antenas inteligentes&comma; alta sensibilidad en recepci\u00f3n y reducci\u00f3n de interferencias; los hace ideales para aplicaciones de video vigilancia&comma; WISP&comma; comunicacion de negocios y muchas aplicaciones mas&#8230;<\/p>\n<\/p><\/div>\n<p> <!-- Videos de YouTube --> <\/p>\n<div style='display: flex; flex-wrap: wrap; gap: 30px; margin: 30px 0; justify-content: center;'>\n<div style='width: 100%; max-width: 800px;'>\n<div style='position: relative; padding-bottom: 56.25%; height: 0; overflow: hidden;'>   <\/div>\n<\/p><\/div>\n<div style='width: 100%; max-width: 800px;'>\n<div style='position: relative; padding-bottom: 56.25%; height: 0; overflow: hidden;'>   <\/div>\n<\/p><\/div>\n<div style='width: 100%; max-width: 800px;'>\n<div style='position: relative; padding-bottom: 56.25%; height: 0; overflow: hidden;'>   <\/div>\n<\/p><\/div>\n<div style='width: 100%; max-width: 800px;'>\n<div style='position: relative; padding-bottom: 56.25%; height: 0; overflow: hidden;'>   <\/div>\n<\/p><\/div>\n<div style='width: 100%; max-width: 800px;'>\n<div style='position: relative; padding-bottom: 56.25%; height: 0; overflow: hidden;'>   <\/div>\n<\/p><\/div>\n<\/p><\/div>\n<p> <!-- Nota de desempe\u00f1o --> <\/p>\n<div style='margin: 30px 0; padding: 15px; background-color: rgba(184&comma; 49&comma; 47&comma; 0.1); border-left: 5px solid #b8312f;'>\n<p style='margin: 0; font-size: 14px; color: #b8312f; font-style: italic;'> La m\u00e1xima distancia en cobertura&comma; capacidad de dispositivos m\u00f3viles WiFi&comma; velocidades de conexi\u00f3n&comma; etc. depender\u00e1 particularmente de cada sitio de instalaci\u00f3n&comma; l\u00ednea de vista plena 100%&comma; niveles de ruido e interferencia&comma; tipo de dispositivos WiFi&comma; alineaci\u00f3n y altura de las antenas. <\/p>\n<\/p><\/div>\n<\/p><\/div>\n","protected":false},"excerpt":{"rendered":"<p>Kit de Enlace Completo PTP en 5 GHz, Hasta 20 km, con el Modelo Conectorizado C1XAN y Antena Direccional de 28 dBi Modelo TXP-D4865-28-SMA, Administraci\u00f3n en Nube Gratis con INSIGHTS<\/p>\n","protected":false},"featured_media":91919,"comment_status":"open","ping_status":"closed","template":"","meta":[],"product_brand":[],"product_cat":[1998],"product_tag":[1999,1950,1980],"class_list":{"0":"post-91920","1":"product","2":"type-product","3":"status-publish","4":"has-post-thumbnail","6":"product_cat-5-y-6-ghz","7":"product_tag-5-y-6-ghz","8":"product_tag-altai-technologies","9":"product_tag-enlaces-ptp-y-ptmp","11":"first","12":"outofstock","13":"sale","14":"shipping-taxable","15":"purchasable","16":"product-type-simple"},"_links":{"self":[{"href":"https:\/\/soydeaqui.ddns.net\/pachuca\/index.php\/wp-json\/wp\/v2\/product\/91920","targetHints":{"allow":["GET"]}}],"collection":[{"href":"https:\/\/soydeaqui.ddns.net\/pachuca\/index.php\/wp-json\/wp\/v2\/product"}],"about":[{"href":"https:\/\/soydeaqui.ddns.net\/pachuca\/index.php\/wp-json\/wp\/v2\/types\/product"}],"replies":[{"embeddable":true,"href":"https:\/\/soydeaqui.ddns.net\/pachuca\/index.php\/wp-json\/wp\/v2\/comments?post=91920"}],"wp:featuredmedia":[{"embeddable":true,"href":"https:\/\/soydeaqui.ddns.net\/pachuca\/index.php\/wp-json\/wp\/v2\/media\/91919"}],"wp:attachment":[{"href":"https:\/\/soydeaqui.ddns.net\/pachuca\/index.php\/wp-json\/wp\/v2\/media?parent=91920"}],"wp:term":[{"taxonomy":"product_brand","embeddable":true,"href":"https:\/\/soydeaqui.ddns.net\/pachuca\/index.php\/wp-json\/wp\/v2\/product_brand?post=91920"},{"taxonomy":"product_cat","embeddable":true,"href":"https:\/\/soydeaqui.ddns.net\/pachuca\/index.php\/wp-json\/wp\/v2\/product_cat?post=91920"},{"taxonomy":"product_tag","embeddable":true,"href":"https:\/\/soydeaqui.ddns.net\/pachuca\/index.php\/wp-json\/wp\/v2\/product_tag?post=91920"}],"curies":[{"name":"wp","href":"https:\/\/api.w.org\/{rel}","templated":true}]}}