{"id":91918,"date":"2026-03-20T04:52:29","date_gmt":"2026-03-20T04:52:29","guid":{"rendered":"https:\/\/soydeaqui.ddns.net\/pachuca\/index.php\/producto\/kit-de-enlace-ptp-de-2-puntos-de-acceso-c1an-con-antena-integrada-de-14-dbi-en-5-ghz-mimo-2x2-hasta-4-km-administracion-en-nube-gratis-con-insights\/"},"modified":"2026-03-20T04:52:32","modified_gmt":"2026-03-20T04:52:32","slug":"kit-de-enlace-ptp-de-2-puntos-de-acceso-c1an-con-antena-integrada-de-14-dbi-en-5-ghz-mimo-2x2-hasta-4-km-administracion-en-nube-gratis-con-insights","status":"publish","type":"product","link":"https:\/\/soydeaqui.ddns.net\/pachuca\/index.php\/producto\/kit-de-enlace-ptp-de-2-puntos-de-acceso-c1an-con-antena-integrada-de-14-dbi-en-5-ghz-mimo-2x2-hasta-4-km-administracion-en-nube-gratis-con-insights\/","title":{"rendered":"Kit de Enlace PtP de 2 Puntos de Acceso C1AN con Antena Integrada de 14 dBi en 5 GHz, MIMO 2&#215;2, Hasta 4 km, Administraci\u00f3n en Nube Gratis con INSIGHTS"},"content":{"rendered":"<div style='width: 100%; max-width: 1200px; margin: 0 auto; font-family: sans-serif; line-height: 1.6; color: inherit; background-color: transparent;'>\n<div style='display: flex; flex-direction: column; align-items: center; margin-bottom: 30px;'> <img style='width: 100%; max-width: 300px; height: auto; border: 1px solid rgba(150&comma;150&comma;150&comma;0.3); border-radius: 8px;' src='https:\/\/ftp3.syscom.mx\/usuarios\/hortega\/Altai\/Altai.png' alt=''> <\/div>\n<div style='display: flex; flex-direction: column; align-items: center; margin-bottom: 30px;'> <img style='width: 100%; max-width: 850px; height: auto; border: 1px solid rgba(150&comma;150&comma;150&comma;0.3); border-radius: 8px;' src='https:\/\/www.altaitechnologies.com\/wp-content\/uploads\/2024\/08\/Insights_Banner.png' alt='Insights'> <\/div>\n<div style='display: flex; flex-direction: column; align-items: center; margin-bottom: 30px;'> <a style='font-size: 18px; font-weight: bold; color: #f29d12; text-decoration: none; background-color: #34495e; padding: 10px 20px; border-radius: 5px;' href='https:\/\/forum.insights.altaitechnologies.com\/login' target='_blank' rel='noopener'>Crea AQUI tu cuenta INSIGHTS<\/a> <\/div>\n<div style='display: flex; flex-direction: column; align-items: center; margin-bottom: 30px;'> <img style='width: 100%; max-width: 300px; height: auto; border: 1px solid rgba(150&comma;150&comma;150&comma;0.3); border-radius: 8px;' src='https:\/\/ftp3.syscom.mx\/usuarios\/hortega\/Altai\/Distancias\/c1an.png' alt=''> <\/p>\n<p style='margin-top: 15px; text-align: center; font-size: 16px; color: inherit;'> <strong style='color: inherit;'>Distancia M\u00e1xima<\/strong> Hasta <strong style='color: inherit;'>250 metros<\/strong> para dispositivos Wi-Fi <\/p>\n<p style='margin-top: 5px; text-align: center; font-size: 16px; color: inherit;'> PTP-CPE hasta <strong style='color: inherit;'>4 km<\/strong> <\/p>\n<\/p><\/div>\n<div style='display: flex; flex-wrap: wrap; gap: 30px; margin-bottom: 30px;'>\n<div style='flex: 1 1 250px; min-width: 200px;'>\n<div style='display: flex; align-items: center; gap: 10px; margin-bottom: 15px;'> <img style='width: 100%; max-width: 61px; height: auto; border: 1px solid rgba(150&comma;150&comma;150&comma;0.3); border-radius: 8px;' src='https:\/\/ftp3.syscom.mx\/usuarios\/hortega\/Altai\/Logos\/Wifi.png' alt=''> <\/p>\n<h3 style='font-size: 20px; margin: 0; color: inherit; opacity: 0.8;'>802.11 a\/n<\/h3>\n<\/p><\/div>\n<ul style='padding-left: 20px; font-size: 15px; color: inherit;'>\n<li style='margin-bottom: 5px;'><strong style='color: inherit;'>Capacidad:<\/strong> 128 dispositivos concurrentes<\/li>\n<\/ul><\/div>\n<div style='flex: 1 1 250px; min-width: 200px;'>\n<div style='display: flex; align-items: center; gap: 10px; margin-bottom: 15px;'> <img style='width: 100%; max-width: 57px; height: auto; border: 1px solid rgba(150&comma;150&comma;150&comma;0.3); border-radius: 8px;' src='https:\/\/ftp3.syscom.mx\/usuarios\/hortega\/Altai\/Logos\/velocidad.png' alt=''> <\/p>\n<h3 style='font-size: 20px; margin: 0; color: inherit; opacity: 0.8;'>Velocidad<\/h3>\n<\/p><\/div>\n<ul style='padding-left: 20px; font-size: 15px; color: inherit;'>\n<li style='margin-bottom: 5px;'><strong style='color: inherit;'>M\u00e1xima:<\/strong> 300 Mbps<\/li>\n<\/ul><\/div>\n<div style='flex: 1 1 250px; min-width: 200px;'>\n<div style='display: flex; align-items: center; gap: 10px; margin-bottom: 15px;'> <img style='width: 100%; max-width: 52px; height: auto; border: 1px solid rgba(150&comma;150&comma;150&comma;0.3); border-radius: 8px;' src='https:\/\/ftp3.syscom.mx\/usuarios\/hortega\/Altai\/Logos\/repetidor.png' alt=''> <\/p>\n<h3 style='font-size: 20px; margin: 0; color: inherit; opacity: 0.8;'>Modos de Operaci\u00f3n<\/h3>\n<\/p><\/div>\n<ul style='padding-left: 20px; font-size: 15px; color: inherit;'>\n<li style='margin-bottom: 5px;'>Access Point<\/li>\n<li style='margin-bottom: 5px;'>Cliente<\/li>\n<li style='margin-bottom: 5px;'>Repetidor Altai<\/li>\n<li style='margin-bottom: 5px;'>Bridge<\/li>\n<\/ul><\/div>\n<div style='flex: 1 1 250px; min-width: 200px;'>\n<div style='display: flex; align-items: center; gap: 10px; margin-bottom: 15px;'> <img style='width: 100%; max-width: 36px; height: auto; border: 1px solid rgba(150&comma;150&comma;150&comma;0.3); border-radius: 8px;' src='https:\/\/ftp3.syscom.mx\/usuarios\/hortega\/Altai\/Logos\/potencia.png' alt=''> <\/p>\n<h3 style='font-size: 20px; margin: 0; color: inherit; opacity: 0.8;'>Potencia<\/h3>\n<\/p><\/div>\n<ul style='padding-left: 20px; font-size: 15px; color: inherit;'>\n<li style='margin-bottom: 5px;'><strong style='color: inherit;'>TX Max:<\/strong> 29 dBm<\/li>\n<\/ul><\/div>\n<div style='flex: 1 1 250px; min-width: 200px;'>\n<div style='display: flex; align-items: center; gap: 10px; margin-bottom: 15px;'> <img style='width: 100%; max-width: 53px; height: auto; border: 1px solid rgba(150&comma;150&comma;150&comma;0.3); border-radius: 8px;' src='https:\/\/ftp3.syscom.mx\/usuarios\/hortega\/Altai\/Logos\/nube.png' alt=''> <\/p>\n<h3 style='font-size: 20px; margin: 0; color: inherit; opacity: 0.8;'>Gesti\u00f3n<\/h3>\n<\/p><\/div>\n<ul style='padding-left: 20px; font-size: 15px; color: inherit;'>\n<li style='margin-bottom: 5px;'>Altai Care<\/li>\n<li style='margin-bottom: 5px;'>On-Premise<\/li>\n<\/ul><\/div>\n<\/p><\/div>\n<hr style='border: 0; border-top: 1px solid rgba(150&comma; 150&comma; 150&comma; 0.3); margin: 30px 0;'>\n<div style='display: flex; flex-wrap: wrap; gap: 30px; margin-bottom: 30px;'>\n<div style='flex: 1 1 300px; min-width: 280px; border: 1px solid rgba(150&comma; 150&comma; 150&comma; 0.4); border-radius: 8px; overflow: hidden;'>\n<div style='padding: 15px; border-bottom: 1px solid rgba(150&comma; 150&comma; 150&comma; 0.2); font-weight: bold; font-size: 18px; color: inherit;'>Caracter\u00edsticas principales<\/div>\n<div style='padding: 15px; color: inherit;'>\n<ul style='padding-left: 20px; margin: 0; font-size: 14px; list-style-type: disc;'>\n<li style='margin-bottom: 5px;'><strong style='color: inherit;'>Modos de operaci\u00f3n:<\/strong> AP\/CPE\/ Repetidor.<\/li>\n<li style='margin-bottom: 5px;'><strong style='color: inherit;'>Potencia Max:<\/strong> 29 dBm.<\/li>\n<li style='margin-bottom: 5px;'><strong style='color: inherit;'>Antena integrada:<\/strong> 14 dBi.<\/li>\n<li style='margin-bottom: 5px;'><strong style='color: inherit;'>Dual-Slant:<\/strong> \u00b145\u00b0&comma; 45\u00b0 H \/ 20\u00b0 V.<\/li>\n<li style='margin-bottom: 5px;'>Control de interferencia adaptativo que ayuda a reducir las fuentes de interferencia.<\/li>\n<li style='margin-bottom: 5px;'>Gesti\u00f3n del umbral de conexi\u00f3n SNR para control de c\u00e9lulas de cobertura.<\/li>\n<li style='margin-bottom: 5px;'>Fast Roaming 802.11r.<\/li>\n<li style='margin-bottom: 5px;'><strong style='color: inherit;'>Soporta:<\/strong> 16 SSID.<\/li>\n<li style='margin-bottom: 5px;'>Control de ancho de banda por SSID\/Cliente.<\/li>\n<li style='margin-bottom: 5px;'>Plataformas de gesti\u00f3n: AltaiGate&comma; AltaiCare.<\/li>\n<\/ul><\/div>\n<\/p><\/div>\n<div style='flex: 1 1 300px; min-width: 280px; border: 1px solid rgba(150&comma; 150&comma; 150&comma; 0.4); border-radius: 8px; overflow: hidden;'>\n<div style='padding: 15px; border-bottom: 1px solid rgba(150&comma; 150&comma; 150&comma; 0.2); font-weight: bold; font-size: 18px; color: inherit;'>Caracter\u00edsticas F\u00edsicas y El\u00e9ctricas<\/div>\n<div style='padding: 15px; color: inherit;'>\n<ul style='padding-left: 20px; margin: 0; font-size: 14px; list-style-type: disc;'>\n<li style='margin-bottom: 5px;'>Dimensiones: 242 x 80 x 27 mm.<\/li>\n<li style='margin-bottom: 5px;'>Peso: 0.4 kg.<\/li>\n<li style='margin-bottom: 5px;'>Temperatura de operaci\u00f3n de -20 a 55 \u00b0C.<\/li>\n<li style='margin-bottom: 5px;'>Instalaci\u00f3n en pared&comma; m\u00e1stil o poste en alturas de 3 a 9 m.<\/li>\n<li style='margin-bottom: 5px;'>Puerto ethernet de 10\/100 Mbps.<\/li>\n<li style='margin-bottom: 5px;'><strong style='color: inherit;'>Incluye PoE pasivo:<\/strong> 18V.<\/li>\n<li style='margin-bottom: 5px;'><strong style='color: inherit;'>PoE recomendado:<\/strong> <a style='color: inherit; text-decoration: underline;' href='https:\/\/www.syscom.mx\/producto\/SD.PE-C1N1-US-ALTAI-TECHNOLOGIES-215331.html'>SD.PE-C1N1-US<\/a><\/li>\n<li style='margin-bottom: 5px;'>Consume 6 W.<\/li>\n<\/ul><\/div>\n<\/p><\/div>\n<div style='flex: 1 1 300px; min-width: 280px; border: 1px solid rgba(150&comma; 150&comma; 150&comma; 0.4); border-radius: 8px; overflow: hidden;'>\n<div style='padding: 15px; border-bottom: 1px solid rgba(150&comma; 150&comma; 150&comma; 0.2); font-weight: bold; font-size: 18px; color: inherit;'>Contenido del Paquete<\/div>\n<div style='padding: 15px; color: inherit;'>\n<ul style='padding-left: 20px; margin: 0; font-size: 14px; list-style-type: disc;'>\n<li style='margin-bottom: 5px;'>2 Puntos de acceso C1AN<\/li>\n<li style='margin-bottom: 5px;'>2 Inyectores PoE<\/li>\n<li style='margin-bottom: 5px;'>2 Cinchos o Corbatas<\/li>\n<\/ul><\/div>\n<\/p><\/div>\n<\/p><\/div>\n<div style='display: flex; flex-direction: column; align-items: center; margin-bottom: 30px;'>\n<p style='font-size: 14px; background-color: #34495e; color: #f29d12; padding: 10px; border-radius: 5px;'> PoE pasivo incluido <\/p>\n<\/p><\/div>\n<div style='display: flex; flex-direction: column; align-items: center; margin-bottom: 30px;'> <img style='width: 100%; max-width: 650px; height: auto; border: 1px solid rgba(150&comma;150&comma;150&comma;0.3); border-radius: 8px;' src='https:\/\/ftp3.syscom.mx\/usuarios\/fotos\/DSC0641\/DSC0641.png' alt=''> <\/div>\n<div style='display: flex; flex-wrap: wrap; gap: 30px; justify-content: center; margin-bottom: 30px;'>\n<div style='position: relative; padding-bottom: 56.25%; height: 0; overflow: hidden; flex: 1 1 300px; min-width: 280px;'>   <\/div>\n<div style='position: relative; padding-bottom: 56.25%; height: 0; overflow: hidden; flex: 1 1 300px; min-width: 280px;'>   <\/div>\n<\/p><\/div>\n<div style='display: flex; flex-wrap: wrap; gap: 30px; justify-content: center; margin-bottom: 30px;'>\n<div style='position: relative; padding-bottom: 56.25%; height: 0; overflow: hidden; flex: 1 1 300px; min-width: 280px;'>   <\/div>\n<div style='position: relative; padding-bottom: 56.25%; height: 0; overflow: hidden; flex: 1 1 300px; min-width: 280px;'>   <\/div>\n<\/p><\/div>\n<p style='text-align: center; font-size: 14px; color: #b8312f; font-style: italic; margin-top: 30px;'> La m\u00e1xima distancia en cobertura&comma; capacidad de dispositivos m\u00f3viles WiFi&comma; velocidades de conexi\u00f3n&comma; etc. depender\u00e1 particularmente de cada sitio de instalaci\u00f3n&comma; l\u00ednea de vista plena 100%&comma; niveles de ruido e <\/p>\n<\/p><\/div>\n","protected":false},"excerpt":{"rendered":"<p>Kit de Enlace PtP de 2 Puntos de Acceso C1AN con Antena Integrada de 14 dBi en 5 GHz, MIMO 2&#215;2, Hasta 4 km, Administraci\u00f3n en Nube Gratis con INSIGHTS<\/p>\n","protected":false},"featured_media":91917,"comment_status":"open","ping_status":"closed","template":"","meta":[],"product_brand":[],"product_cat":[1998],"product_tag":[1999,1950,1980],"class_list":{"0":"post-91918","1":"product","2":"type-product","3":"status-publish","4":"has-post-thumbnail","6":"product_cat-5-y-6-ghz","7":"product_tag-5-y-6-ghz","8":"product_tag-altai-technologies","9":"product_tag-enlaces-ptp-y-ptmp","11":"first","12":"outofstock","13":"sale","14":"shipping-taxable","15":"purchasable","16":"product-type-simple"},"_links":{"self":[{"href":"https:\/\/soydeaqui.ddns.net\/pachuca\/index.php\/wp-json\/wp\/v2\/product\/91918","targetHints":{"allow":["GET"]}}],"collection":[{"href":"https:\/\/soydeaqui.ddns.net\/pachuca\/index.php\/wp-json\/wp\/v2\/product"}],"about":[{"href":"https:\/\/soydeaqui.ddns.net\/pachuca\/index.php\/wp-json\/wp\/v2\/types\/product"}],"replies":[{"embeddable":true,"href":"https:\/\/soydeaqui.ddns.net\/pachuca\/index.php\/wp-json\/wp\/v2\/comments?post=91918"}],"wp:featuredmedia":[{"embeddable":true,"href":"https:\/\/soydeaqui.ddns.net\/pachuca\/index.php\/wp-json\/wp\/v2\/media\/91917"}],"wp:attachment":[{"href":"https:\/\/soydeaqui.ddns.net\/pachuca\/index.php\/wp-json\/wp\/v2\/media?parent=91918"}],"wp:term":[{"taxonomy":"product_brand","embeddable":true,"href":"https:\/\/soydeaqui.ddns.net\/pachuca\/index.php\/wp-json\/wp\/v2\/product_brand?post=91918"},{"taxonomy":"product_cat","embeddable":true,"href":"https:\/\/soydeaqui.ddns.net\/pachuca\/index.php\/wp-json\/wp\/v2\/product_cat?post=91918"},{"taxonomy":"product_tag","embeddable":true,"href":"https:\/\/soydeaqui.ddns.net\/pachuca\/index.php\/wp-json\/wp\/v2\/product_tag?post=91918"}],"curies":[{"name":"wp","href":"https:\/\/api.w.org\/{rel}","templated":true}]}}