{"id":91910,"date":"2026-03-20T04:52:06","date_gmt":"2026-03-20T04:52:06","guid":{"rendered":"https:\/\/soydeaqui.ddns.net\/pachuca\/index.php\/producto\/cubesa-60pro-ac-sector-base-station-with-routeros-l4\/"},"modified":"2026-03-20T04:52:11","modified_gmt":"2026-03-20T04:52:11","slug":"cubesa-60pro-ac-sector-base-station-with-routeros-l4","status":"publish","type":"product","link":"https:\/\/soydeaqui.ddns.net\/pachuca\/index.php\/producto\/cubesa-60pro-ac-sector-base-station-with-routeros-l4\/","title":{"rendered":"CubeSA 60Pro ac Sector Base Station with RouterOS L4"},"content":{"rendered":"<div style='width: 100%; max-width: 1200px; margin: 0 auto; font-family: sans-serif; line-height: 1.6; color: inherit; background-color: transparent;'>\n<div style='display: flex; flex-wrap: wrap; gap: 30px; margin-bottom: 30px;'>\n<div style='flex: 1 1 300px; min-width: 280px;'>\n<h3 style='font-size: 22px; border-bottom: 2px solid currentColor; padding-bottom: 5px; margin-top: 0; color: inherit; opacity: 0.8;'>Caracter\u00edsticas principales<\/h3>\n<ul style='padding-left: 20px; font-size: 15px; color: inherit;'>\n<li style='margin-bottom: 5px;'>Atr\u00e1s quedaron los d\u00edas en los que hab\u00eda que depender de los cables para obtener velocidad y estabilidad. Las soluciones de 60 GHz ofrecen velocidad y estabilidad similares a las de la fibra&comma; al mismo tiempo que le ahorran mucho tiempo y dinero en instalaci\u00f3n y mantenimiento.<\/li>\n<li style='margin-bottom: 5px;'>Nuestra \u00faltima l\u00ednea de productos Cube 60Pro lleva las ventajas de la red de 60 GHz al siguiente nivel&comma; con el est\u00e1ndar 802.11ay para distancias&comma; estabilidad&comma; velocidad y comodidad a\u00fan mayores.<\/li>\n<li style='margin-bottom: 5px;'>Antena sectorial de CA CubeSA 60Pro con alcance de alrededor de 600 metros en modo punto a multipunto.<\/li>\n<li style='margin-bottom: 5px;'>Distancias pueden llegar hasta 800 metros con dispositivos como MikroTik nRAY.<\/li>\n<li style='margin-bottom: 5px;'>Conmutaci\u00f3n por error autom\u00e1tica de 5 GHz para conexi\u00f3n de respaldo.<\/li>\n<li style='margin-bottom: 5px;'>Dise\u00f1o compacto y discreto con base met\u00e1lica resistente para mejores opciones de montaje y enfriamiento.<\/li>\n<\/ul><\/div>\n<\/p><\/div>\n<div style='display: flex; flex-wrap: wrap; gap: 20px; margin-bottom: 30px;'>\n<div style='flex: 1 1 250px; border: 1px solid rgba(150&comma; 150&comma; 150&comma; 0.4); border-radius: 8px; overflow: hidden; display: flex; flex-direction: column;'>\n<div style='padding: 15px; border-bottom: 1px solid rgba(150&comma; 150&comma; 150&comma; 0.2); font-weight: bold; font-size: 18px; color: inherit;'>Conexi\u00f3n inal\u00e1mbrica<\/div>\n<div style='padding: 15px; color: inherit;'>\n<ul style='padding-left: 20px; margin: 0; font-size: 14px; list-style-type: disc;'>\n<li style='margin-bottom: 5px;'><strong>Est\u00e1ndar inal\u00e1mbrico:<\/strong> 802.11ay<\/li>\n<li style='margin-bottom: 5px;'><strong>Alcance:<\/strong> Hasta 800 metros (con dispositivos MikroTik nRAY)<\/li>\n<li style='margin-bottom: 5px;'><strong>Conmutaci\u00f3n por error:<\/strong> Autom\u00e1tica de 5 GHz<\/li>\n<li style='margin-bottom: 5px;'><strong>Antena:<\/strong> Sectorial de CA<\/li>\n<\/ul><\/div>\n<\/p><\/div>\n<div style='flex: 1 1 250px; border: 1px solid rgba(150&comma; 150&comma; 150&comma; 0.4); border-radius: 8px; overflow: hidden; display: flex; flex-direction: column;'>\n<div style='padding: 15px; border-bottom: 1px solid rgba(150&comma; 150&comma; 150&comma; 0.2); font-weight: bold; font-size: 18px; color: inherit;'>Caracter\u00edsticas f\u00edsicas<\/div>\n<div style='padding: 15px; color: inherit;'>\n<ul style='padding-left: 20px; margin: 0; font-size: 14px; list-style-type: disc;'>\n<li style='margin-bottom: 5px;'><strong>Dimensiones:<\/strong> 115x211x90mm<\/li>\n<li style='margin-bottom: 5px;'><strong>Temperatura operativa:<\/strong> -40\u00b0C a 70\u00b0C<\/li>\n<li style='margin-bottom: 5px;'><strong>Resistencia:<\/strong> IP54<\/li>\n<li style='margin-bottom: 5px;'><strong>Material:<\/strong> Gabinete met\u00e1lico resistente<\/li>\n<\/ul><\/div>\n<\/p><\/div>\n<div style='flex: 1 1 250px; border: 1px solid rgba(150&comma; 150&comma; 150&comma; 0.4); border-radius: 8px; overflow: hidden; display: flex; flex-direction: column;'>\n<div style='padding: 15px; border-bottom: 1px solid rgba(150&comma; 150&comma; 150&comma; 0.2); font-weight: bold; font-size: 18px; color: inherit;'>Especificaciones el\u00e9ctricas<\/div>\n<div style='padding: 15px; color: inherit;'>\n<ul style='padding-left: 20px; margin: 0; font-size: 14px; list-style-type: disc;'>\n<li style='margin-bottom: 5px;'><strong>PoE:<\/strong> 802.3af\/en<\/li>\n<li style='margin-bottom: 5px;'><strong>Voltaje:<\/strong> 18-48V<\/li>\n<li style='margin-bottom: 5px;'><strong>Consumo:<\/strong> 13W<\/li>\n<li style='margin-bottom: 5px;'><strong>Enfriamiento:<\/strong> Pasivo<\/li>\n<\/ul><\/div>\n<\/p><\/div>\n<\/p><\/div>\n<hr style='border: 0; border-top: 1px solid rgba(150&comma; 150&comma; 150&comma; 0.3); margin: 30px 0;'>\n<div style='display: flex; flex-wrap: wrap; gap: 30px; margin-bottom: 30px;'>\n<div style='flex: 1 1 300px; min-width: 280px;'>\n<h3 style='font-size: 22px; border-bottom: 2px solid currentColor; padding-bottom: 5px; margin-top: 0; color: inherit; opacity: 0.8;'>Especificaciones t\u00e9cnicas<\/h3>\n<ul style='padding-left: 20px; font-size: 15px; color: inherit;'>\n<li style='margin-bottom: 5px;'><strong>C\u00f3digo de producto:<\/strong> CuboG-5ac60ay-SA<\/li>\n<li style='margin-bottom: 5px;'><strong>Arquitectura:<\/strong> ARM de 32 bits<\/li>\n<li style='margin-bottom: 15px;'><strong>UPC:<\/strong> IPQ-4019<\/li>\n<li style='margin-bottom: 5px;'><strong>CPU:<\/strong> 4 n\u00facleos a 716MHz<\/li>\n<li style='margin-bottom: 5px;'><strong>Memoria:<\/strong> 256MB<\/li>\n<li style='margin-bottom: 5px;'><strong>Almacenamiento:<\/strong> 64MB FLASH<\/li>\n<li style='margin-bottom: 5px;'><strong>MTBF:<\/strong> Aproximadamente 200.000 horas a 25\u00b0C<\/li>\n<\/ul><\/div>\n<div style='flex: 1 1 300px; min-width: 280px;'>\n<h3 style='font-size: 22px; border-bottom: 2px solid currentColor; padding-bottom: 5px; margin-top: 0; color: inherit; opacity: 0.8;'>Conectividad<\/h3>\n<ul style='padding-left: 20px; font-size: 15px; color: inherit;'>\n<li style='margin-bottom: 5px;'><strong>Ethernet:<\/strong> 1 puerto 10\/100\/1000<\/li>\n<li style='margin-bottom: 5px;'><strong>GNSS:<\/strong> GPS<\/li>\n<li style='margin-bottom: 5px;'><strong>5GHz:<\/strong> 1 cadena&comma; est\u00e1ndar 802.11a\/n\/ac (WiFi 5)<\/li>\n<li style='margin-bottom: 5px;'><strong>60GHz:<\/strong> Est\u00e1ndar 802.11ay<\/li>\n<\/ul><\/div>\n<div style='flex: 1 1 300px; min-width: 280px;'>\n<h3 style='font-size: 22px; border-bottom: 2px solid currentColor; padding-bottom: 5px; margin-top: 0; color: inherit; opacity: 0.8;'>Certificaciones<\/h3>\n<ul style='padding-left: 20px; font-size: 15px; color: inherit;'>\n<li style='margin-bottom: 5px;'><strong>Est\u00e1ndares:<\/strong> CE&comma; FCC&comma; IC&comma; EAC&comma; ROHS<\/li>\n<li style='margin-bottom: 5px;'><strong>Protecci\u00f3n:<\/strong> IP54<\/li>\n<\/ul><\/div>\n<\/p><\/div>\n<hr style='border: 0; border-top: 1px solid rgba(150&comma; 150&comma; 150&comma; 0.3); margin: 30px 0;'>\n<div style='display: flex; flex-wrap: wrap; gap: 30px; margin-bottom: 30px;'>\n<div style='flex: 1 1 300px; min-width: 280px;'>\n<h3 style='font-size: 22px; border-bottom: 2px solid currentColor; padding-bottom: 5px; margin-top: 0; color: inherit; opacity: 0.8;'>Contenido del paquete<\/h3>\n<ul style='padding-left: 20px; font-size: 15px; color: inherit;'>\n<li style='margin-bottom: 15px;'>Soporte de montaje en cubo<\/li>\n<li style='margin-bottom: 15px;'>Adaptador de corriente de 24V 0&comma;8A<\/li>\n<li style='margin-bottom: 15px;'>Abrazadera de manguera<\/li>\n<li style='margin-bottom: 15px;'>Inyector PoE Gigabit<\/li>\n<\/ul><\/div>\n<div style='flex: 1 1 300px; min-width: 280px;'>\n<h3 style='font-size: 22px; border-bottom: 2px solid currentColor; padding-bottom: 5px; margin-top: 0; color: inherit; opacity: 0.8;'>Especificaciones de rendimiento<\/h3>\n<ul style='padding-left: 20px; font-size: 15px; color: inherit;'>\n<li style='margin-bottom: 5px;'><strong>Velocidad 5GHz:<\/strong> Hasta 433 Mbit\/s<\/li>\n<li style='margin-bottom: 5px;'><strong>Ganancia de antena 5GHz:<\/strong> 11.5 dBi<\/li>\n<li style='margin-bottom: 5px;'><strong>Transmisi\u00f3n 6MBit\/s:<\/strong> 22dBm \/ -93dBm<\/li>\n<li style='margin-bottom: 5px;'><strong>Transmisi\u00f3n 54MBit\/s:<\/strong> 18dBm \/ -74dBm<\/li>\n<li style='margin-bottom: 5px;'><strong>Transmisi\u00f3n MCS7:<\/strong> 17dBm \/ -71dBm<\/li>\n<li style='margin-bottom: 5px;'><strong>Transmisi\u00f3n MCS9:<\/strong> 15dBm \/ -68dBm<\/li>\n<\/ul><\/div>\n<\/p><\/div>\n<hr style='border: 0; border-top: 1px solid rgba(150&comma; 150&comma; 150&comma; 0.3); margin: 30px 0;'>\n<div style='display: flex; flex-wrap: wrap; gap: 30px; margin-bottom: 30px;'>\n<div style='flex: 1 1 300px; min-width: 280px;'>\n<h3 style='font-size: 22px; border-bottom: 2px solid currentColor; padding-bottom: 5px; margin-top: 0; color: inherit; opacity: 0.8;'>Soporte y actualizaciones<\/h3>\n<p style='font-size: 15px; color: inherit;'>El dispositivo tiene un sistema operativo preinstalado y licenciado (RouterOS L4). No es necesaria ninguna compra por separado y el producto est\u00e1 listo para usar. El dispositivo incluye actualizaciones de software gratuitas durante la vida \u00fatil del producto o un m\u00ednimo de 5 a\u00f1os a partir de la fecha de compra.<\/p>\n<\/p><\/div>\n<\/p><\/div>\n<div style='display: flex; flex-wrap: wrap; gap: 30px; margin-bottom: 30px;'>\n<div style='flex: 1 1 300px; min-width: 280px;'>\n<h3 style='font-size: 22px; border-bottom: 2px solid currentColor; padding-bottom: 5px; margin-top: 0; color: inherit; opacity: 0.8;'>Im\u00e1genes del producto<\/h3>\n<div style='display: grid; grid-template-columns: repeat(auto-fill&comma; minmax(120px&comma; 1fr)); gap: 15px;'> <a style='text-decoration: none; color: inherit;' href='https:\/\/i.mt.lv\/cdn\/rb_images\/part1491653472898m.jpg'> <img style='width: 100%; height: auto; border: 1px solid rgba(150&comma;150&comma;150&comma;0.3); border-radius: 8px;' src='https:\/\/i.mt.lv\/cdn\/rb_images\/part1491653472898s.jpg' alt='Montaje en cubo'> <\/a> <a style='text-decoration: none; color: inherit;' href='https:\/\/i.mt.lv\/cdn\/rb_images\/part11391161548m.jpg'> <img style='width: 100%; height: auto; border: 1px solid rgba(150&comma;150&comma;150&comma;0.3); border-radius: 8px;' src='https:\/\/i.mt.lv\/cdn\/rb_images\/part11391161548s.jpg' alt='Adaptador de corriente'> <\/a> <a style='text-decoration: none; color: inherit;' href='https:\/\/i.mt.lv\/cdn\/rb_images\/part1021582186477m.jpg'> <img style='width: 100%; height: auto; border: 1px solid rgba(150&comma;150&comma;150&comma;0.3); border-radius: 8px;' src='https:\/\/i.mt.lv\/cdn\/rb_images\/part1021582186477s.jpg' alt='Abrazadera de manguera'> <\/a> <a style='text-decoration: none; color: inherit;' href='https:\/\/i.mt.lv\/cdn\/rb_images\/part1141600237409m.jpg'> <img style='width: 100%; height: auto; border: 1px solid rgba(150&comma;150&comma;150&comma;0.3); border-radius: 8px;' src='https:\/\/i.mt.lv\/cdn\/rb_images\/part1141600237409s.jpg' alt='Inyector PoE Gigabit'> <\/a> <\/div>\n<\/p><\/div>\n<\/p><\/div>\n<\/p><\/div>\n","protected":false},"excerpt":{"rendered":"<p>CubeSA 60Pro ac Sector Base Station with RouterOS L4<\/p>\n","protected":false},"featured_media":91909,"comment_status":"open","ping_status":"closed","template":"","meta":[],"product_brand":[],"product_cat":[1978,1979],"product_tag":[1981,1982,1980,643],"class_list":{"0":"post-91910","1":"product","2":"type-product","3":"status-publish","4":"has-post-thumbnail","6":"product_cat-1978","7":"product_cat-70-y-80-ghz","8":"product_tag-1981","9":"product_tag-70-y-80-ghz","10":"product_tag-enlaces-ptp-y-ptmp","11":"product_tag-mikrotik","13":"first","14":"outofstock","15":"sale","16":"shipping-taxable","17":"purchasable","18":"product-type-simple"},"_links":{"self":[{"href":"https:\/\/soydeaqui.ddns.net\/pachuca\/index.php\/wp-json\/wp\/v2\/product\/91910","targetHints":{"allow":["GET"]}}],"collection":[{"href":"https:\/\/soydeaqui.ddns.net\/pachuca\/index.php\/wp-json\/wp\/v2\/product"}],"about":[{"href":"https:\/\/soydeaqui.ddns.net\/pachuca\/index.php\/wp-json\/wp\/v2\/types\/product"}],"replies":[{"embeddable":true,"href":"https:\/\/soydeaqui.ddns.net\/pachuca\/index.php\/wp-json\/wp\/v2\/comments?post=91910"}],"wp:featuredmedia":[{"embeddable":true,"href":"https:\/\/soydeaqui.ddns.net\/pachuca\/index.php\/wp-json\/wp\/v2\/media\/91909"}],"wp:attachment":[{"href":"https:\/\/soydeaqui.ddns.net\/pachuca\/index.php\/wp-json\/wp\/v2\/media?parent=91910"}],"wp:term":[{"taxonomy":"product_brand","embeddable":true,"href":"https:\/\/soydeaqui.ddns.net\/pachuca\/index.php\/wp-json\/wp\/v2\/product_brand?post=91910"},{"taxonomy":"product_cat","embeddable":true,"href":"https:\/\/soydeaqui.ddns.net\/pachuca\/index.php\/wp-json\/wp\/v2\/product_cat?post=91910"},{"taxonomy":"product_tag","embeddable":true,"href":"https:\/\/soydeaqui.ddns.net\/pachuca\/index.php\/wp-json\/wp\/v2\/product_tag?post=91910"}],"curies":[{"name":"wp","href":"https:\/\/api.w.org\/{rel}","templated":true}]}}