{"id":91895,"date":"2026-03-20T04:51:25","date_gmt":"2026-03-20T04:51:25","guid":{"rendered":"https:\/\/soydeaqui.ddns.net\/pachuca\/index.php\/producto\/telefono-inalambrico-dect-hd-hasta-20-cuentas-sip-por-sistema-conferencia-de-audio-de-3-vias-audio-hd\/"},"modified":"2026-03-20T04:51:35","modified_gmt":"2026-03-20T04:51:35","slug":"telefono-inalambrico-dect-hd-hasta-20-cuentas-sip-por-sistema-conferencia-de-audio-de-3-vias-audio-hd","status":"publish","type":"product","link":"https:\/\/soydeaqui.ddns.net\/pachuca\/index.php\/producto\/telefono-inalambrico-dect-hd-hasta-20-cuentas-sip-por-sistema-conferencia-de-audio-de-3-vias-audio-hd\/","title":{"rendered":"Tel\u00e9fono Inal\u00e1mbrico DECT HD, Hasta 20 cuentas SIP por sistema, Conferencia de audio de 3 v\u00edas, Audio HD"},"content":{"rendered":"<div style='width: 100%; max-width: 1200px; margin: 0 auto; font-family: sans-serif; line-height: 1.6; color: inherit; background-color: transparent;'>\n<div style='display: flex; flex-wrap: wrap; gap: 30px; margin-bottom: 30px;'>\n<div style='flex: 1 1 300px; min-width: 280px;'>\n<h3 style='font-size: 22px; border-bottom: 2px solid currentColor; padding-bottom: 5px; margin-top: 0; color: inherit; opacity: 0.8;'>Descripci\u00f3n general<\/h3>\n<p style='text-align: justify; font-size: 15px; color: inherit;'>El DP725 es un tel\u00e9fono IP inal\u00e1mbrico DECT que permite a los usuarios movilizar su red VoIP en cualquier entorno empresarial&comma; almac\u00e9n&comma; tienda minorista y residencial. Es compatible con las estaciones base VoIP DECT DP750&comma; DP752 y DP755 de Grandstream y ofrece una combinaci\u00f3n de movilidad y rendimiento telef\u00f3nico de primer nivel. Soporta hasta 10 tel\u00e9fonos DP725 en cada estaci\u00f3n base (DP755)&comma; mientras que cada DP725 permite un alcance de hasta 400 metros en exteriores (con DP755) y 50 metros en interiores con 50 horas de tiempo de conversaci\u00f3n y 500 horas de tiempo de espera. Ofrece un conjunto de funciones de telefon\u00eda s\u00f3lidas que incluyen soporte para hasta 20 cuentas SIP por tel\u00e9fono (con DP755)&comma; audio Full HD&comma; pantalla a color de 1.8 pulgadas&comma; un conector para auriculares de 3.5 mm&comma; funci\u00f3n push-to-talk&comma; altavoz y m\u00e1s. Cuando se combina con las estaciones base DECT de Grandstream&comma; el DP725 ofrece una soluci\u00f3n DECT inal\u00e1mbrica asequible de rango medio para cualquier usuario empresarial o residencial.<\/p>\n<\/p><\/div>\n<\/p><\/div>\n<div style='display: flex; flex-wrap: wrap; gap: 30px; margin-bottom: 30px;'>\n<div style='flex: 1 1 300px; min-width: 280px;'>\n<h3 style='font-size: 22px; border-bottom: 2px solid currentColor; padding-bottom: 5px; margin-top: 0; color: inherit; opacity: 0.8;'>Caracter\u00edsticas principales<\/h3>\n<ul style='padding-left: 20px; font-size: 15px; color: inherit;'>\n<li style='margin-bottom: 5px;'><strong>Interfaz a\u00e9rea:<\/strong> Est\u00e1ndares de telefon\u00eda: DECT Bandas de frecuencia: 1880 \u2013 1900 MHz (Europa)&comma; 1920 \u2013 1930 MHz (US)&comma; 1910 \u2013 1920 MHz (Brasil)&comma; 1786 \u2013 1792 MHz (Corea)&comma; 1893 \u2013 1906 MHz (Jap\u00f3n)&comma; 1880 \u2013 1895 MHz (Taiw\u00e1n) N\u00famero de canales: 10 (Europa)&comma; 5 (US&comma; Brasil o Jap\u00f3n)&comma; 3 (Corea)&comma; 8 (Taiw\u00e1n) Alcance de exteriores: hasta 400 metros (DP752\/DP755) o hasta 300 metros Alcance de interior: Hasta 50 metros<\/li>\n<li style='margin-bottom: 5px;'><strong>Perif\u00e9ricos:<\/strong> Perif\u00e9ricos LCD TFT en color de 1&comma;8 pulgadas (128&#215;160) 27 teclas&comma; incluidas 2 teclas programables&comma; 5 teclas de navegaci\u00f3n\/men\u00fa&comma; 5 teclas de funci\u00f3n dedicadas para ALTAVOZ&comma; SILENCIO&comma; ENVIAR&comma; ENCENDIDO\/FIN&comma; 3 teclas laterales que incluyen 2 de volumen (arriba y abajo) y 1 tecla Pulsar para hablar&comma; LED MWI de 3 colores Conector para auriculares de 3&comma;5 mm Clip para cintur\u00f3n extra\u00edble Puerto USB tipo C para carga alternativa y funcionamiento sin bater\u00eda<\/li>\n<li style='margin-bottom: 5px;'><strong>Protocolos\/Est\u00e1ndares:<\/strong> Compatibilidad con aud\u00edfonos (HAC)<\/li>\n<li style='margin-bottom: 5px;'><strong>Funciones de telefon\u00eda:<\/strong> Retener&comma; transferir&comma; reenviar&comma; conferencia entre tres&comma; pulsar para hablar&comma; intercomunicador&comma; directorio telef\u00f3nico descargable&comma; llamada en espera&comma; registro de llamadas&comma; respuesta autom\u00e1tica&comma; clic para marcar&comma; plan de marcado flexible.<\/li>\n<li style='margin-bottom: 5px;'><strong>Audio HD:<\/strong> S\u00ed&comma; tanto en el auricular como en el altavoz<\/li>\n<li style='margin-bottom: 5px;'><strong>Energ\u00eda y eficiencia energ\u00e9tica verde:<\/strong> Fuente de alimentaci\u00f3n universal Entrada CA 100-240 V 50\/60 Hz; Salida 5 VCC 1 A; Conector USB-C; Bater\u00eda recargable de iones de litio de 1500 mAh (500 horas de tiempo de espera y 50 horas de conversaci\u00f3n).<\/li>\n<li style='margin-bottom: 5px;'><strong>Contenido del paquete:<\/strong> Unidad de tel\u00e9fono&comma; fuente de alimentaci\u00f3n universal&comma; soporte para cargador&comma; clip para cintur\u00f3n&comma; 1 bater\u00eda&comma; Gu\u00eda de inicio r\u00e1pido<\/li>\n<\/ul><\/div>\n<\/p><\/div>\n<div style='display: flex; flex-wrap: wrap; gap: 30px; margin-bottom: 30px;'>\n<div style='flex: 1 1 300px; min-width: 280px;'>\n<h3 style='font-size: 22px; border-bottom: 2px solid currentColor; padding-bottom: 5px; margin-top: 0; color: inherit; opacity: 0.8;'>Multimedia<\/h3>\n<div style='margin-bottom: 30px;'> <img style='width: 100%; height: auto; border: 1px solid rgba(150&comma;150&comma;150&comma;0.3); border-radius: 8px;' src='https:\/\/ftp3.syscom.mx\/usuarios\/fotos\/DP725\/231320-dp725.jpg' alt=''> <\/div>\n<div style='position: relative; padding-bottom: 56.25%; height: 0; overflow: hidden; margin-bottom: 30px;'> <video style='position: absolute; top: 0; left: 0; width: 100%; height: 100%;' controls='controls'><source src='https:\/\/www.grandstream.com\/hubfs\/Partner_Marketing_Kit\/DECT%20PMK\/DP725&#038;DP755%20promotional%20Spanish.mp4' type='video\/mp4'><\/video> <\/div>\n<\/p><\/div>\n<\/p><\/div>\n<\/p><\/div>\n","protected":false},"excerpt":{"rendered":"<p>Tel\u00e9fono Inal\u00e1mbrico DECT HD, Hasta 20 cuentas SIP por sistema, Conferencia de audio de 3 v\u00edas, Audio HD<\/p>\n","protected":false},"featured_media":91894,"comment_status":"open","ping_status":"closed","template":"","meta":[],"product_brand":[],"product_cat":[2003],"product_tag":[909,2005,2004],"class_list":{"0":"post-91895","1":"product","2":"type-product","3":"status-publish","4":"has-post-thumbnail","6":"product_cat-telefonos-ip","7":"product_tag-grandstream","8":"product_tag-telefonos-ip","9":"product_tag-voip-telefonia-ip-videoconferencia","11":"first","12":"instock","13":"sale","14":"shipping-taxable","15":"purchasable","16":"product-type-simple"},"_links":{"self":[{"href":"https:\/\/soydeaqui.ddns.net\/pachuca\/index.php\/wp-json\/wp\/v2\/product\/91895","targetHints":{"allow":["GET"]}}],"collection":[{"href":"https:\/\/soydeaqui.ddns.net\/pachuca\/index.php\/wp-json\/wp\/v2\/product"}],"about":[{"href":"https:\/\/soydeaqui.ddns.net\/pachuca\/index.php\/wp-json\/wp\/v2\/types\/product"}],"replies":[{"embeddable":true,"href":"https:\/\/soydeaqui.ddns.net\/pachuca\/index.php\/wp-json\/wp\/v2\/comments?post=91895"}],"wp:featuredmedia":[{"embeddable":true,"href":"https:\/\/soydeaqui.ddns.net\/pachuca\/index.php\/wp-json\/wp\/v2\/media\/91894"}],"wp:attachment":[{"href":"https:\/\/soydeaqui.ddns.net\/pachuca\/index.php\/wp-json\/wp\/v2\/media?parent=91895"}],"wp:term":[{"taxonomy":"product_brand","embeddable":true,"href":"https:\/\/soydeaqui.ddns.net\/pachuca\/index.php\/wp-json\/wp\/v2\/product_brand?post=91895"},{"taxonomy":"product_cat","embeddable":true,"href":"https:\/\/soydeaqui.ddns.net\/pachuca\/index.php\/wp-json\/wp\/v2\/product_cat?post=91895"},{"taxonomy":"product_tag","embeddable":true,"href":"https:\/\/soydeaqui.ddns.net\/pachuca\/index.php\/wp-json\/wp\/v2\/product_tag?post=91895"}],"curies":[{"name":"wp","href":"https:\/\/api.w.org\/{rel}","templated":true}]}}