{"id":91881,"date":"2026-03-20T04:50:44","date_gmt":"2026-03-20T04:50:44","guid":{"rendered":"https:\/\/soydeaqui.ddns.net\/pachuca\/index.php\/producto\/punto-de-acceso-wi-fi-7-3-57-gbps-mu-mimo-2x2-2-4gh-y-5ghz-smart-antenna-mas-cobertura-instalacion-en-techo-y-pared-seguridad-wp3-1-puerto-2-5ge-puerto-usb-para-expansion-iot-con\/"},"modified":"2026-03-20T04:51:00","modified_gmt":"2026-03-20T04:51:00","slug":"punto-de-acceso-wi-fi-7-3-57-gbps-mu-mimo-2x2-2-4gh-y-5ghz-smart-antenna-mas-cobertura-instalacion-en-techo-y-pared-seguridad-wp3-1-puerto-2-5ge-puerto-usb-para-expansion-iot-con","status":"publish","type":"product","link":"https:\/\/soydeaqui.ddns.net\/pachuca\/index.php\/producto\/punto-de-acceso-wi-fi-7-3-57-gbps-mu-mimo-2x2-2-4gh-y-5ghz-smart-antenna-mas-cobertura-instalacion-en-techo-y-pared-seguridad-wp3-1-puerto-2-5ge-puerto-usb-para-expansion-iot-con\/","title":{"rendered":"Punto de Acceso Wi-Fi 7 \/  3.57 Gbps \/ MU-MIMO 2&#215;2 (2.4GH y 5GHz) \/ Smart Antenna m\u00e1s cobertura \/ Instalaci\u00f3n en techo y pared \/ Seguridad WP3 \/ 1 Puerto 2.5GE \/ Puerto USB (Para expansion IoT) \/  Con Administraci\u00f3n Gratuita"},"content":{"rendered":"<div style='width: 100%; max-width: 1200px; margin: 0 auto; font-family: sans-serif; line-height: 1.6; color: inherit; background-color: transparent;'> <!-- Video principal --> <\/p>\n<div style='display: flex; flex-wrap: wrap; gap: 30px; align-items: center; border: 1px solid rgba(150&comma;150&comma;150&comma;0.3); border-radius: 12px; padding: 20px; margin-bottom: 30px;'>\n<div style='flex: 1 1 300px; min-width: 280px;'>\n<div style='position: relative; padding-bottom: 56.25%; height: 0; overflow: hidden;'> <video style='position: absolute; top: 0; left: 0; width: 100%; height: 100%; border: 1px solid rgba(150&comma;150&comma;150&comma;0.3); border-radius: 8px;' src='https:\/\/ftp3.syscom.mx\/usuarios\/axel\/Huawei\/eKit\/AP371\/Huawei%20eKitEngine%20AP371%20product%20introduct%20video.mp4' autoplay muted loop playsinline><\/video> <\/div>\n<\/p><\/div>\n<div style='flex: 1 1 300px; min-width: 280px;'>\n<h2 style='font-size: 22px; margin-top: 0; margin-bottom: 10px; color: inherit; opacity: 0.9;'>AP371 eKit: Potencia y eficiencia Wi-Fi 7 para cualquier espacio interior<\/h2>\n<div style='margin-bottom: 15px; color: inherit; opacity: 0.7; font-weight: 500;'>Modelo: AP371<\/div>\n<p style='margin-bottom: 15px; color: inherit;'>El Huawei eKitEngine AP371 es un punto de acceso (AP) para interiores de \u00faltima generaci\u00f3n compatible con Wi-Fi 7 (802.11be). Ofrece servicios simult\u00e1neamente en las bandas de frecuencia de 2&comma;4 GHz (2&#215;2 MIMO) y 5 GHz (2&#215;2 MIMO)&comma; admite un total de 4 flujos espaciales y alcanza una velocidad de dispositivo de hasta 3&comma;57 Gbps.<\/p>\n<p style='margin-bottom: 15px; color: inherit;'>El AP est\u00e1 equipado con las nuevas tecnolog\u00edas Wi-Fi 7 y antenas inteligentes integradas para ofrecer se\u00f1ales Wi-Fi siempre activas&comma; lo que mejora significativamente la experiencia de los usuarios con la red inal\u00e1mbrica.<\/p>\n<p style='margin-bottom: 0; color: inherit;'>Estas ventajas hacen del eKitEngine AP371 la opci\u00f3n ideal para entornos de cobertura en interiores&comma; como oficinas de peque\u00f1as y medianas empresas (PYMES)&comma; hospitales&comma; centros comerciales y supermercados.<\/p>\n<\/p><\/div>\n<\/p><\/div>\n<p> <!-- Grid de especificaciones --> <\/p>\n<div style='display: flex; flex-wrap: wrap; gap: 20px; margin-bottom: 30px;'> <!-- Caracter\u00edsticas principales --> <\/p>\n<div style='flex: 1 1 250px; border: 1px solid rgba(150&comma;150&comma;150&comma;0.3); border-radius: 8px; overflow: hidden;'>\n<div style='padding: 15px; border-bottom: 1px solid rgba(150&comma;150&comma;150&comma;0.2); font-weight: bold; background-color: rgba(150&comma;150&comma;150&comma;0.1); color: inherit;'>Caracter\u00edsticas principales<\/div>\n<ul style='padding: 15px 20px; margin: 0; list-style-type: disc; color: inherit;'>\n<li style='margin-bottom: 8px;'>(1) Puerto Ethernet PoE in 10\/100\/1000\/2500 Mbps<\/li>\n<li style='margin-bottom: 8px;'>(1) Bot\u00f3n de reset<\/li>\n<li style='margin-bottom: 8px;'>(1) Puerto USB<\/li>\n<li style='margin-bottom: 8px;'>(1) Entrada de corriente directa<\/li>\n<li style='margin-bottom: 8px;'><strong>Modo de operaci\u00f3n:<\/strong> Punto de Acceso<\/li>\n<li style='margin-bottom: 8px;'><strong>Frecuencias:<\/strong> 2.4 y 5 GHz<\/li>\n<li style='margin-bottom: 8px;'>MU-MIMO 2&#215;2<\/li>\n<li style='margin-bottom: 8px;'><strong>Ganancia:<\/strong> 2.4 GHz 4 dBi \/ 5 GHz 5 dBi<\/li>\n<li style='margin-bottom: 8px;'><strong>Potencia:<\/strong> 2.4 GHz 23 dBm \/ 5 GHz 23 dBm<\/li>\n<li style='margin-bottom: 8px;'><strong>Seguridad Inal\u00e1mbrica:<\/strong> WEP&comma; WPA\/WPA2-PSK&comma; WPA3-SAE&comma; WPA\/WPA2-PPSK&comma; y WPA\/WPA2\/WPA3-802.1<\/li>\n<li style='margin-bottom: 8px;'><strong>Gesti\u00f3n:<\/strong> interfaz web&comma; CLI&comma; nube&comma; APP o controladora f\u00edsica<\/li>\n<li style='margin-bottom: 8px;'><strong>Cantidad de clientes:<\/strong> 256 m\u00e1ximo&comma; 150 recomendado<\/li>\n<li style='margin-bottom: 8px;'><strong>Cobertura:<\/strong> Hasta 20 metros de radio<\/li>\n<\/ul><\/div>\n<p> <!-- Caracter\u00edsticas f\u00edsicas y el\u00e9ctricas --> <\/p>\n<div style='flex: 1 1 250px; border: 1px solid rgba(150&comma;150&comma;150&comma;0.3); border-radius: 8px; overflow: hidden;'>\n<div style='padding: 15px; border-bottom: 1px solid rgba(150&comma;150&comma;150&comma;0.2); font-weight: bold; background-color: rgba(150&comma;150&comma;150&comma;0.1); color: inherit;'>Caracter\u00edsticas f\u00edsicas y el\u00e9ctricas<\/div>\n<ul style='padding: 15px 20px; margin: 0; list-style-type: disc; color: inherit;'>\n<li style='margin-bottom: 8px;'><strong>Doble banda:<\/strong> 2.4 y 5 GHz<\/li>\n<li style='margin-bottom: 8px;'><strong>N\u00famero de SSIDs:<\/strong> 10<\/li>\n<li style='margin-bottom: 8px;'><strong>Alimentaci\u00f3n:<\/strong><br \/>PoE 802.3af\/at (No incluido&comma; se recomienda el modelo: <a href='https:\/\/www.syscom.pro\/products\/228206\/5600620' style='color: inherit; text-decoration: underline;'>AD-560062T0E<\/a>)<br \/>Corriente directa 12 v: (No incluido&comma; se recomienda el modelo: <a href='https:\/\/www.syscom.pro\/products\/77584' style='color: inherit; text-decoration: underline;'>PSD1202D<\/a>)<\/li>\n<li style='margin-bottom: 8px;'><strong>Dimensiones:<\/strong> \u03a6180 mm x 35 mm<\/li>\n<li style='margin-bottom: 8px;'><strong>Peso:<\/strong> 0.45 kg<\/li>\n<li style='margin-bottom: 8px;'><strong>Consumo m\u00e1ximo:<\/strong> 13.6 W (Excluyendo el puerto USB)<\/li>\n<li style='margin-bottom: 8px;'><strong>Temperatura de operaci\u00f3n:<\/strong> \u201310\u00b0C a +50\u00b0C<\/li>\n<li style='margin-bottom: 8px;'><strong>Humedad de operaci\u00f3n:<\/strong> 5% a 95% (No condensado)<\/li>\n<\/ul><\/div>\n<p> <!-- Funciones avanzadas --> <\/p>\n<div style='flex: 1 1 250px; border: 1px solid rgba(150&comma;150&comma;150&comma;0.3); border-radius: 8px; overflow: hidden;'>\n<div style='padding: 15px; border-bottom: 1px solid rgba(150&comma;150&comma;150&comma;0.2); font-weight: bold; background-color: rgba(150&comma;150&comma;150&comma;0.1); color: inherit;'>Funciones avanzadas<\/div>\n<ul style='padding: 15px 20px; margin: 0; list-style-type: disc; color: inherit;'>\n<li style='margin-bottom: 8px;'>Smart Antenna (Hasta 20% m\u00e1s cobertura)<\/li>\n<li style='margin-bottom: 8px;'>Beamforming<\/li>\n<li style='margin-bottom: 8px;'>Bandsteering<\/li>\n<li style='margin-bottom: 8px;'>Optimizaci\u00f3n de Wi-Fi basada en IA<\/li>\n<li style='margin-bottom: 8px;'>Aislamiento de clientes<\/li>\n<li style='margin-bottom: 8px;'>Escaneo autom\u00e1tico de canales para mitigar interferencias<\/li>\n<li style='margin-bottom: 8px;'>Smart y fast Roaming<\/li>\n<li style='margin-bottom: 8px;'>Horarios de Wi-Fi<\/li>\n<li style='margin-bottom: 8px;'>Resoluci\u00f3n de problemas con IA desde nube SNC<\/li>\n<li style='margin-bottom: 8px;'>Soporta redes MESH<\/li>\n<\/ul><\/div>\n<p> <!-- Contenido del paquete --> <\/p>\n<div style='flex: 1 1 250px; border: 1px solid rgba(150&comma;150&comma;150&comma;0.3); border-radius: 8px; overflow: hidden;'>\n<div style='padding: 15px; border-bottom: 1px solid rgba(150&comma;150&comma;150&comma;0.2); font-weight: bold; background-color: rgba(150&comma;150&comma;150&comma;0.1); color: inherit;'>Contenido del paquete<\/div>\n<ul style='padding: 15px 20px; margin: 0; list-style-type: disc; color: inherit;'>\n<li style='margin-bottom: 8px;'>(1) Punto de acceso AP371<\/li>\n<li style='margin-bottom: 8px;'>(3) Tornillos<\/li>\n<li style='margin-bottom: 8px;'>(3) Taquetes<\/li>\n<li style='margin-bottom: 8px;'>(1) Montaje para techo o pared<\/li>\n<\/ul>\n<div style='padding: 15px; border-bottom: 1px solid rgba(150&comma;150&comma;150&comma;0.2); font-weight: bold; background-color: rgba(150&comma;150&comma;150&comma;0.1); color: inherit;'>Accesorios opcionales<\/div>\n<ul style='padding: 15px 20px; margin: 0; list-style-type: disc; color: inherit;'>\n<li style='margin-bottom: 8px;'>Inyector PoE: <a href='https:\/\/www.syscom.pro\/products\/228206\/5600620' style='color: inherit; text-decoration: underline;'>AD-560062T0E<\/a><\/li>\n<li style='margin-bottom: 8px;'>Fuente DC: <a href='https:\/\/www.syscom.pro\/products\/77584' style='color: inherit; text-decoration: underline;'>PSD1202D<\/a><\/li>\n<\/ul><\/div>\n<\/p><\/div>\n<p> <!-- Secci\u00f3n de caracter\u00edsticas avanzadas --> <\/p>\n<div style='display: flex; flex-wrap: wrap; gap: 30px; align-items: center; margin-bottom: 30px;'>\n<div style='flex: 1 1 300px; min-width: 280px;'> <img style='width: 100%; height: auto; border: 1px solid rgba(150&comma;150&comma;150&comma;0.3); border-radius: 8px;' src='http:\/\/ftp3.syscom.mx\/usuarios\/ftp\/2026\/01\/14\/1971\/Captura_de_pantalla_20260114_a_la_s__9.54.01a.m..png_froala_6967bc2657382' alt=''> <\/div>\n<div style='flex: 1 1 300px; min-width: 280px;'>\n<h3 style='font-size: 20px; margin-top: 0; margin-bottom: 10px; color: inherit; opacity: 0.8;'>Smart Antenna en Puntos de acceso eKit<\/h3>\n<p style='color: inherit;'>La funci\u00f3n Smart Antenna incluida en este punto de acceso es una caracter\u00edstica avanzada de antenaje que mejora la cobertura&comma; precisi\u00f3n y eficiencia de la se\u00f1al inal\u00e1mbrica&comma; ganando hasta un 20% m\u00e1s de cobertura.<\/p>\n<\/p><\/div>\n<\/p><\/div>\n<p> <!-- Secci\u00f3n de seguridad --> <\/p>\n<div style='display: flex; flex-wrap: wrap; gap: 30px; align-items: center; margin-bottom: 30px;'>\n<div style='flex: 1 1 300px; min-width: 280px; order: 2;'> <img style='width: 100%; height: auto; border: 1px solid rgba(150&comma;150&comma;150&comma;0.3); border-radius: 8px;' src='http:\/\/ftp3.syscom.mx\/usuarios\/ftp\/2026\/01\/14\/1971\/Captura_de_pantalla_20260114_a_la_s__9.57.12a.m..png_froala_6967bce1aa33d' alt=''> <\/div>\n<div style='flex: 1 1 300px; min-width: 280px; order: 1;'>\n<h3 style='font-size: 20px; margin-top: 0; margin-bottom: 10px; color: inherit; opacity: 0.8;'>Conectividad estable y baja latencia<\/h3>\n<p style='color: inherit;'>Gracias a la funci\u00f3n <strong>Multi-RU<\/strong>&comma; el equipo optimiza la asignaci\u00f3n de recursos inal\u00e1mbricos&comma; permitiendo una <strong>transmisi\u00f3n de datos m\u00e1s eficiente y simult\u00e1nea<\/strong> entre m\u00faltiples dispositivos. Esto se traduce en una <strong>latencia a nivel de milisegundos<\/strong>&comma; ofreciendo una experiencia fluida y estable&comma; ideal para <strong>aplicaciones en tiempo real<\/strong>&comma; videollamadas&comma; streaming y <strong>entornos de alta demanda de conectividad<\/strong>.<\/p>\n<\/p><\/div>\n<\/p><\/div>\n<p> <!-- Secci\u00f3n de inteligencia artificial --> <\/p>\n<div style='display: flex; flex-wrap: wrap; gap: 30px; align-items: center; margin-bottom: 30px;'>\n<div style='flex: 1 1 300px; min-width: 280px;'> <img style='width: 100%; height: auto; border: 1px solid rgba(150&comma;150&comma;150&comma;0.3); border-radius: 8px;' src='http:\/\/ftp3.syscom.mx\/usuarios\/ftp\/2025\/10\/22\/1971\/Captura_de_pantalla_20251022_a_la_s__8.31.01a.m..png_froala_68f8eaadaeef4' alt=''> <\/div>\n<div style='flex: 1 1 300px; min-width: 280px;'>\n<h3 style='font-size: 20px; margin-top: 0; margin-bottom: 10px; color: inherit; opacity: 0.8;'>Optimizaci\u00f3n inteligente impulsada por IA<\/h3>\n<p style='color: inherit;'>Capaz de ajustar autom\u00e1ticamente los par\u00e1metros de red. Su algoritmo exclusivo de calibraci\u00f3n de radio realiza una sintonizaci\u00f3n precisa de potencia y frecuencia con un solo clic&comma; reduciendo interferencias y fortaleciendo la se\u00f1al para un rendimiento inal\u00e1mbrico superior.<\/p>\n<\/p><\/div>\n<\/p><\/div>\n<p> <!-- Secci\u00f3n de rendimiento --> <\/p>\n<div style='display: flex; flex-wrap: wrap; gap: 30px; align-items: center; margin-bottom: 30px;'>\n<div style='flex: 1 1 300px; min-width: 280px; order: 2;'> <img style='width: 100%; height: auto; border: 1px solid rgba(150&comma;150&comma;150&comma;0.3); border-radius: 8px;' src='http:\/\/ftp3.syscom.mx\/usuarios\/ftp\/2026\/01\/14\/1971\/Captura_de_pantalla_20260114_a_la_s__9.59.19a.m..png_froala_6967bd60f07e5' alt=''> <\/div>\n<div style='flex: 1 1 300px; min-width: 280px; order: 1;'>\n<h3 style='font-size: 20px; margin-top: 0; margin-bottom: 10px; color: inherit; opacity: 0.8;'>L\u00edder de la industria tecnol\u00f3gica<\/h3>\n<p style='color: inherit;'>Gracias a la tecnolog\u00eda de modulaci\u00f3n <strong>4096-QAM<\/strong>&comma; el punto de acceso es capaz de ofrecer una <strong>tasa de datos hasta 1.2 veces mayor<\/strong> en comparaci\u00f3n con generaciones anteriores&comma; optimizando el uso del espectro inal\u00e1mbrico. Esto se traduce en <strong>mayor velocidad&comma; mejor estabilidad y una experiencia de usuario superior<\/strong>&comma; incluso en entornos con alta densidad de dispositivos conectados.<\/p>\n<\/p><\/div>\n<\/p><\/div>\n<p> <!-- Secci\u00f3n de gesti\u00f3n remota --> <\/p>\n<div style='display: flex; flex-wrap: wrap; gap: 30px; align-items: center; margin-bottom: 30px;'>\n<div style='flex: 1 1 300px; min-width: 280px;'> <img style='width: 100%; height: auto; border: 1px solid rgba(150&comma;150&comma;150&comma;0.3); border-radius: 8px;' src='http:\/\/ftp3.syscom.mx\/usuarios\/ftp\/2025\/10\/22\/1971\/1761144118408.png_froala_68f8ed37afdc6' alt=''> <\/div>\n<div style='flex: 1 1 300px; min-width: 280px;'>\n<h3 style='font-size: 20px; margin-top: 0; margin-bottom: 10px; color: inherit; opacity: 0.8;'>Gesti\u00f3n flexible y remota sin costo<\/h3>\n<p style='color: inherit;'>M\u00e9todos flexibles de gesti\u00f3n: desde la interfaz web&comma; APP (iOS\/Android\/Harmony OS) y desde la <a href='https:\/\/ekit.huawei.com\/#\/serve\/main?countryCode=MX&#038;lang=en' style='color: inherit; text-decoration: underline;'>nube SNC de Huawei eKit<\/a>.<\/p>\n<p style='color: inherit;'>Comparta proyectos para clientes espec\u00edficos&comma; gestione y d\u00e9 soporte t\u00e9cnico de manera remota sin pagos extra&comma; ya que es totalmente gratuita la plataforma de eKit.<\/p>\n<\/p><\/div>\n<\/p><\/div>\n<p> <!-- Secci\u00f3n de soporte t\u00e9cnico --> <\/p>\n<div style='display: flex; flex-wrap: wrap; gap: 30px; align-items: center; margin-bottom: 30px;'>\n<div style='flex: 1 1 300px; min-width: 280px; order: 2;'> <img style='width: 100%; height: auto; border: 1px solid rgba(150&comma;150&comma;150&comma;0.3); border-radius: 8px;' src='http:\/\/ftp3.syscom.mx\/usuarios\/ftp\/2025\/10\/22\/1971\/1761144251539.png_froala_68f8edbbcde2b' alt=''> <\/div>\n<div style='flex: 1 1 300px; min-width: 280px; order: 1;'>\n<h3 style='font-size: 20px; margin-top: 0; margin-bottom: 10px; color: inherit; opacity: 0.8;'>Resoluci\u00f3n de problemas con IA<\/h3>\n<p style='color: inherit;'>Lo importante del soporte t\u00e9cnico o solucionar problemas&comma; es hacerlo de manera r\u00e1pida y efectiva. Huawei viene a revolucionar esto con la funci\u00f3n de soluci\u00f3n de problemas impulsada por la IA (Inteligencia artificial)&comma; teniendo un diagn\u00f3stico de la red en sus diferentes par\u00e1metros en cuesti\u00f3n de minutos&comma; indicando problemas y posibles soluciones de cada uno de ellos.<\/p>\n<\/p><\/div>\n<\/p><\/div>\n<p> <!-- Secci\u00f3n de planeaci\u00f3n de red --> <\/p>\n<div style='display: flex; flex-wrap: wrap; gap: 30px; align-items: center; margin-bottom: 30px;'>\n<div style='flex: 1 1 300px; min-width: 280px;'> <img style='width: 100%; height: auto; border: 1px solid rgba(150&comma;150&comma;150&comma;0.3); border-radius: 8px;' src='http:\/\/ftp3.syscom.mx\/usuarios\/ftp\/2025\/10\/22\/1971\/1761144660933.jpeg_froala_68f8ee16889ee' alt=''> <\/div>\n<div style='flex: 1 1 300px; min-width: 280px;'>\n<h3 style='font-size: 20px; margin-top: 0; margin-bottom: 10px; color: inherit; opacity: 0.8;'>Planea y simula tu red Wi-Fi con precisi\u00f3n usando WLAN Planner<\/h3>\n<p style='color: inherit;'>Para dimensionar una red Wi-Fi con un archivo entregable para el usuario final&comma; puedes utilizar la herramienta de planeaci\u00f3n <a href='https:\/\/sg.o3community.huawei.com\/sg\/en\/o3\/detail?activeIndex=undefined&#038;o3src=https:\/\/stm-sg.o3community.huawei.com\/stmo3\/en\/tool\/tool-details-extranet-o3-sxz%3Fid%3DGT2021113005' style='color: inherit; text-decoration: underline;'>WLAN Planner de Huawei<\/a>&comma; en la cual podr\u00e1s dibujar las paredes del sitio seg\u00fan su material para simular la cobertura que se tendr\u00e1 de acuerdo a los puntos de acceso Wi-Fi que selecciones.<\/p>\n<\/p><\/div>\n<\/p><\/div>\n<p> <!-- Secci\u00f3n de aplicaci\u00f3n m\u00f3vil --> <\/p>\n<div style='display: flex; flex-wrap: wrap; gap: 30px; align-items: center; margin-bottom: 30px;'>\n<div style='flex: 1 1 300px; min-width: 280px; order: 2;'> <img style='width: 100%; height: auto; border: 1px solid rgba(150&comma;150&comma;150&comma;0.3); border-radius: 8px;' src='http:\/\/ftp3.syscom.mx\/usuarios\/ftp\/2025\/10\/22\/1971\/1761144341865.png_froala_68f8ee16889ee' alt=''> <\/div>\n<div style='flex: 1 1 300px; min-width: 280px; order: 1;'>\n<h3 style='font-size: 20px; margin-top: 0; margin-bottom: 10px; color: inherit; opacity: 0.8;'>Configura y gestiona tu red eKit desde la app m\u00f3vil<\/h3>\n<p style='color: inherit;'>Con el siguiente c\u00f3digo QR puedes descargar la aplicaci\u00f3n de Huawei eKit en donde podr\u00e1s dar de alta equipos como: Routers&comma; Switch y puntos de acceso de la l\u00ednea eKit&comma; en cuesti\u00f3n de minutos y poder desplegar redes con la comodidad de su smartphone.<\/p>\n<p style='color: inherit;'>Disponible para iOS&comma; Android y Harmony OS.<\/p>\n<\/p><\/div>\n<\/p><\/div>\n<p> <!-- Video de seguridad --> <\/p>\n<div style='display: flex; flex-wrap: wrap; gap: 30px; align-items: center; margin-bottom: 30px;'>\n<div style='flex: 1 1 300px; min-width: 280px;'>\n<div style='position: relative; padding-bottom: 56.25%; height: 0; overflow: hidden; margin-bottom: 15px;'> <video style='position: absolute; top: 0; left: 0; width: 100%; height: 100%; border: 1px solid rgba(150&comma;150&comma;150&comma;0.3); border-radius: 8px;' src='https:\/\/e-file.huawei.com\/mediares\/MarketingMaterial_MCD\/EBG\/PUBLIC\/en\/2024\/04\/64deee88-adbe-44f5-bd8d-d4b5599c9b51.mp4' autoplay muted loop playsinline><\/video> <\/div>\n<\/p><\/div>\n<div style='flex: 1 1 300px; min-width: 280px;'>\n<h3 style='font-size: 20px; margin-top: 0; margin-bottom: 10px; color: inherit; opacity: 0.8;'>Seguridad robusta para su red (WPA3)<\/h3>\n<p style='color: inherit;'>Integra <strong>altos niveles de cifrado y mecanismos avanzados de seguridad<\/strong>&comma; que brindan una <strong>protecci\u00f3n s\u00f3lida para la red y la informaci\u00f3n<\/strong> transmitida. Esto permite <strong>prevenir accesos no autorizados<\/strong>&comma; proteger los datos de los usuarios y garantizar <strong>conexiones confiables y seguras en todo momento<\/strong>.<\/p>\n<\/p><\/div>\n<\/p><\/div>\n<p> <!-- Separador final --> <\/p>\n<hr style='border: 0; border-top: 1px solid rgba(150&comma;150&comma;150&comma;0.3); margin: 30px 0;'> <\/div>\n","protected":false},"excerpt":{"rendered":"<p>Punto de Acceso Wi-Fi 7 \/  3.57 Gbps \/ MU-MIMO 2&#215;2 (2.4GH y 5GHz) \/ Smart Antenna m\u00e1s cobertura \/ Instalaci\u00f3n en techo y pared \/ Seguridad WP3 \/ 1 Puerto 2.5GE \/ Puerto USB (Para expansion IoT) \/  Con Administraci\u00f3n Gratuita<\/p>\n","protected":false},"featured_media":91880,"comment_status":"open","ping_status":"closed","template":"","meta":[],"product_brand":[],"product_cat":[1794],"product_tag":[718,1795,1479],"class_list":{"0":"post-91881","1":"product","2":"type-product","3":"status-publish","4":"has-post-thumbnail","6":"product_cat-puntos-de-acceso","7":"product_tag-huawei","8":"product_tag-puntos-de-acceso","9":"product_tag-redes-wifi","11":"first","12":"instock","13":"sale","14":"shipping-taxable","15":"purchasable","16":"product-type-simple"},"_links":{"self":[{"href":"https:\/\/soydeaqui.ddns.net\/pachuca\/index.php\/wp-json\/wp\/v2\/product\/91881","targetHints":{"allow":["GET"]}}],"collection":[{"href":"https:\/\/soydeaqui.ddns.net\/pachuca\/index.php\/wp-json\/wp\/v2\/product"}],"about":[{"href":"https:\/\/soydeaqui.ddns.net\/pachuca\/index.php\/wp-json\/wp\/v2\/types\/product"}],"replies":[{"embeddable":true,"href":"https:\/\/soydeaqui.ddns.net\/pachuca\/index.php\/wp-json\/wp\/v2\/comments?post=91881"}],"wp:featuredmedia":[{"embeddable":true,"href":"https:\/\/soydeaqui.ddns.net\/pachuca\/index.php\/wp-json\/wp\/v2\/media\/91880"}],"wp:attachment":[{"href":"https:\/\/soydeaqui.ddns.net\/pachuca\/index.php\/wp-json\/wp\/v2\/media?parent=91881"}],"wp:term":[{"taxonomy":"product_brand","embeddable":true,"href":"https:\/\/soydeaqui.ddns.net\/pachuca\/index.php\/wp-json\/wp\/v2\/product_brand?post=91881"},{"taxonomy":"product_cat","embeddable":true,"href":"https:\/\/soydeaqui.ddns.net\/pachuca\/index.php\/wp-json\/wp\/v2\/product_cat?post=91881"},{"taxonomy":"product_tag","embeddable":true,"href":"https:\/\/soydeaqui.ddns.net\/pachuca\/index.php\/wp-json\/wp\/v2\/product_tag?post=91881"}],"curies":[{"name":"wp","href":"https:\/\/api.w.org\/{rel}","templated":true}]}}