{"id":91869,"date":"2026-03-20T04:50:10","date_gmt":"2026-03-20T04:50:10","guid":{"rendered":"https:\/\/soydeaqui.ddns.net\/pachuca\/index.php\/producto\/router-gigabit-poe-ideal-para-access-point-ap-8-puertos-gigabit-poe-2-puertos-wan-2\/"},"modified":"2026-03-20T04:50:13","modified_gmt":"2026-03-20T04:50:13","slug":"router-gigabit-poe-ideal-para-access-point-ap-8-puertos-gigabit-poe-2-puertos-wan-2","status":"publish","type":"product","link":"https:\/\/soydeaqui.ddns.net\/pachuca\/index.php\/producto\/router-gigabit-poe-ideal-para-access-point-ap-8-puertos-gigabit-poe-2-puertos-wan-2\/","title":{"rendered":"Router Gigabit PoE+ \/ Ideal para Access Point (AP) \/ 8 Puertos Gigabit PoE+ \/ 2 Puertos WAN"},"content":{"rendered":"<div style='width: 100%; max-width: 1200px; margin: 0 auto; font-family: sans-serif; line-height: 1.6; color: inherit;'>\n<p style='text-align: center; margin: 20px 0;'> <img style='width: 45%; height: auto; border: 1px solid rgba(150&comma;150&comma;150&comma;0.3); border-radius: 8px;' src='https:\/\/ftp3.syscom.mx\/usuarios\/jsosa\/HIKVISION\/imagenes\/logo\/hikvision%20see%20far.png' alt='Logo Hikvision'> <\/p>\n<div style='display: flex; flex-wrap: wrap; gap: 30px; margin-bottom: 30px;'>\n<div style='flex: 1 1 300px; min-width: 280px;'>\n<h3 style='font-size: 22px; border-bottom: 2px solid currentColor; padding-bottom: 5px; margin-top: 0; color: inherit; opacity: 0.8;'>Caracter\u00edsticas principales<\/h3>\n<ul style='padding-left: 20px; font-size: 15px; color: inherit;'>\n<li style='margin-bottom: 5px;'>8 Puertos PoE Gigabit<\/li>\n<li style='margin-bottom: 5px;'>2 Puertos Gigabit (WAN)<\/li>\n<li style='margin-bottom: 5px;'>1000 Mbps Throughput<\/li>\n<li style='margin-bottom: 5px;'>Recomendado para 200 usuarios<\/li>\n<li style='margin-bottom: 5px;'>Soporta multiples VPN (IPsec VPN&comma; L2TP)<\/li>\n<li style='margin-bottom: 5px;'>Tama\u00f1o compacto para una implementaci\u00f3n flexible<\/li>\n<li style='margin-bottom: 5px;'>Configuracion desde interfaz web<\/li>\n<\/ul><\/div>\n<div style='flex: 1 1 300px; min-width: 280px;'>\n<h3 style='font-size: 22px; border-bottom: 2px solid currentColor; padding-bottom: 5px; margin-top: 0; color: inherit; opacity: 0.8;'>Caracter\u00edsticas F\u00edsicas y El\u00e9ctricas<\/h3>\n<ul style='padding-left: 20px; font-size: 15px; color: inherit;'>\n<li style='margin-bottom: 5px;'>8 Puertos PoE Gigabit<\/li>\n<li style='margin-bottom: 5px;'>2 Puertos Gigabit (WAN)<\/li>\n<li style='margin-bottom: 5px;'>Boton de Reset<\/li>\n<li style='margin-bottom: 5px;'>Fuente de alimentaci\u00f3n de 54 VDC&comma; 1.48A <strong>(Incluida)<\/strong><\/li>\n<li style='margin-bottom: 5px;'>Consumo Max De Energia: 80 W<\/li>\n<li style='margin-bottom: 5px;'>Dimensi\u00f3n del producto 190 mm \u00d7 125 mm \u00d7 27 mm<\/li>\n<\/ul><\/div>\n<\/p><\/div>\n<div style='margin-bottom: 30px;'>\n<h3 style='font-size: 22px; border-bottom: 2px solid currentColor; padding-bottom: 5px; margin-top: 0; color: inherit; opacity: 0.8;'>Consideraciones<\/h3>\n<ul style='padding-left: 20px; font-size: 15px; color: inherit;'>\n<li style='margin-bottom: 5px;'>El uso principal de este modelo es utilizarse para administrar los modelos de AP de Hikvision<\/li>\n<\/ul><\/div>\n<div style='display: flex; flex-wrap: wrap; gap: 20px; justify-content: center; margin-bottom: 30px;'> <img style='width: 100%; max-width: 600px; height: auto; border: 1px solid rgba(150&comma;150&comma;150&comma;0.3); border-radius: 8px;' src='http:\/\/ftp3.syscom.mx\/usuarios\/roberto.espino\/fotos\/ROUTER2.PNG' alt='Router 2'> <img style='width: 100%; max-width: 600px; height: auto; border: 1px solid rgba(150&comma;150&comma;150&comma;0.3); border-radius: 8px;' src='http:\/\/ftp3.syscom.mx\/usuarios\/roberto.espino\/fotos\/ROUTER1.PNG' alt='Router 1'> <\/div>\n<\/p><\/div>\n","protected":false},"excerpt":{"rendered":"<p>Router Gigabit PoE+ \/ Ideal para Access Point (AP) \/ 8 Puertos Gigabit PoE+ \/ 2 Puertos WAN<\/p>\n","protected":false},"featured_media":32,"comment_status":"open","ping_status":"closed","template":"","meta":[],"product_brand":[],"product_cat":[2036,2035,2034],"product_tag":[2039,2038,54,664,2037],"class_list":{"0":"post-91869","1":"product","2":"type-product","3":"status-publish","4":"has-post-thumbnail","6":"product_cat-balanceadores","7":"product_cat-firewalls","8":"product_cat-routers","9":"product_tag-balanceadores","10":"product_tag-firewalls","11":"product_tag-hikvision","12":"product_tag-networking","13":"product_tag-routers","15":"first","16":"outofstock","17":"sale","18":"shipping-taxable","19":"purchasable","20":"product-type-simple"},"_links":{"self":[{"href":"https:\/\/soydeaqui.ddns.net\/pachuca\/index.php\/wp-json\/wp\/v2\/product\/91869","targetHints":{"allow":["GET"]}}],"collection":[{"href":"https:\/\/soydeaqui.ddns.net\/pachuca\/index.php\/wp-json\/wp\/v2\/product"}],"about":[{"href":"https:\/\/soydeaqui.ddns.net\/pachuca\/index.php\/wp-json\/wp\/v2\/types\/product"}],"replies":[{"embeddable":true,"href":"https:\/\/soydeaqui.ddns.net\/pachuca\/index.php\/wp-json\/wp\/v2\/comments?post=91869"}],"wp:featuredmedia":[{"embeddable":true,"href":"https:\/\/soydeaqui.ddns.net\/pachuca\/index.php\/wp-json\/wp\/v2\/media\/32"}],"wp:attachment":[{"href":"https:\/\/soydeaqui.ddns.net\/pachuca\/index.php\/wp-json\/wp\/v2\/media?parent=91869"}],"wp:term":[{"taxonomy":"product_brand","embeddable":true,"href":"https:\/\/soydeaqui.ddns.net\/pachuca\/index.php\/wp-json\/wp\/v2\/product_brand?post=91869"},{"taxonomy":"product_cat","embeddable":true,"href":"https:\/\/soydeaqui.ddns.net\/pachuca\/index.php\/wp-json\/wp\/v2\/product_cat?post=91869"},{"taxonomy":"product_tag","embeddable":true,"href":"https:\/\/soydeaqui.ddns.net\/pachuca\/index.php\/wp-json\/wp\/v2\/product_tag?post=91869"}],"curies":[{"name":"wp","href":"https:\/\/api.w.org\/{rel}","templated":true}]}}