{"id":91867,"date":"2026-03-20T04:49:59","date_gmt":"2026-03-20T04:49:59","guid":{"rendered":"https:\/\/soydeaqui.ddns.net\/pachuca\/index.php\/producto\/modulo-de-2-puertos-fxo-para-conmutador-p-yeastar-s20-p520-p550p560-p570\/"},"modified":"2026-03-20T04:50:01","modified_gmt":"2026-03-20T04:50:01","slug":"modulo-de-2-puertos-fxo-para-conmutador-p-yeastar-s20-p520-p550p560-p570","status":"publish","type":"product","link":"https:\/\/soydeaqui.ddns.net\/pachuca\/index.php\/producto\/modulo-de-2-puertos-fxo-para-conmutador-p-yeastar-s20-p520-p550p560-p570\/","title":{"rendered":"Modulo de 2 puertos FXO para conmutador P Yeastar (S20, P520, P550,P560, P570)"},"content":{"rendered":"<div style='width: 100%; max-width: 1200px; margin: 0 auto; font-family: sans-serif; line-height: 1.6; color: inherit; background-color: transparent;'>\n<div style='background-color: rgba(1&comma;151&comma;214&comma;0.1); border-left: 5px solid rgba(1&comma;151&comma;214&comma;0.8); padding: 15px; margin-bottom: 30px;'>\n<h1 style='margin-top: 0; font-size: 28px; text-align: center; color: inherit; opacity: 0.9;'>M\u00f3dulo de expansi\u00f3n O2 Yeastar<\/h1>\n<\/p><\/div>\n<p style='text-align: justify; font-size: 18px; margin-bottom: 30px; color: inherit; opacity: 0.9;'>El m\u00f3dulo Yeastar O2 es un m\u00f3dulo con 2 puertos FXO para integrar dos l\u00edneas PSTN (POTS) anal\u00f3gicas. Es compatible con la PBX VoIP de la serie S y P de Yeastar.<\/p>\n<div style='display: flex; flex-wrap: wrap; gap: 20px; justify-content: center; margin-bottom: 30px;'>\n<div style='flex: 1 1 300px; min-width: 280px;'> <img style='width: 100%; height: auto; border: 1px solid rgba(150&comma;150&comma;150&comma;0.3); border-radius: 8px;' src='https:\/\/ftp3.syscom.mx\/usuarios\/fotos\/O2\/231742-captura_de_pantalla_2025-02-27_a_la(s)_3.11.13 p.m..png' alt='M\u00f3dulo O2 Yeastar - Vista frontal'> <\/div>\n<div style='flex: 1 1 300px; min-width: 280px;'> <img style='width: 100%; height: auto; border: 1px solid rgba(150&comma;150&comma;150&comma;0.3); border-radius: 8px;' src='https:\/\/ftp3.syscom.mx\/usuarios\/fotos\/O2\/231742-captura_de_pantalla_2025-02-27_a_la(s)_3.12.26 p.m..png' alt='M\u00f3dulo O2 Yeastar - Vista lateral'> <\/div>\n<\/p><\/div>\n<\/p><\/div>\n","protected":false},"excerpt":{"rendered":"<p>Modulo de 2 puertos FXO para conmutador P Yeastar (S20, P520, P550,P560, P570)<\/p>\n","protected":false},"featured_media":91866,"comment_status":"open","ping_status":"closed","template":"","meta":[],"product_brand":[],"product_cat":[2040],"product_tag":[93,2004,2145],"class_list":{"0":"post-91867","1":"product","2":"type-product","3":"status-publish","4":"has-post-thumbnail","6":"product_cat-accesorios-voip-telefonia-ip-videoconferencia","7":"product_tag-accesorios","8":"product_tag-voip-telefonia-ip-videoconferencia","9":"product_tag-yeastar","11":"first","12":"instock","13":"sale","14":"shipping-taxable","15":"purchasable","16":"product-type-simple"},"_links":{"self":[{"href":"https:\/\/soydeaqui.ddns.net\/pachuca\/index.php\/wp-json\/wp\/v2\/product\/91867","targetHints":{"allow":["GET"]}}],"collection":[{"href":"https:\/\/soydeaqui.ddns.net\/pachuca\/index.php\/wp-json\/wp\/v2\/product"}],"about":[{"href":"https:\/\/soydeaqui.ddns.net\/pachuca\/index.php\/wp-json\/wp\/v2\/types\/product"}],"replies":[{"embeddable":true,"href":"https:\/\/soydeaqui.ddns.net\/pachuca\/index.php\/wp-json\/wp\/v2\/comments?post=91867"}],"wp:featuredmedia":[{"embeddable":true,"href":"https:\/\/soydeaqui.ddns.net\/pachuca\/index.php\/wp-json\/wp\/v2\/media\/91866"}],"wp:attachment":[{"href":"https:\/\/soydeaqui.ddns.net\/pachuca\/index.php\/wp-json\/wp\/v2\/media?parent=91867"}],"wp:term":[{"taxonomy":"product_brand","embeddable":true,"href":"https:\/\/soydeaqui.ddns.net\/pachuca\/index.php\/wp-json\/wp\/v2\/product_brand?post=91867"},{"taxonomy":"product_cat","embeddable":true,"href":"https:\/\/soydeaqui.ddns.net\/pachuca\/index.php\/wp-json\/wp\/v2\/product_cat?post=91867"},{"taxonomy":"product_tag","embeddable":true,"href":"https:\/\/soydeaqui.ddns.net\/pachuca\/index.php\/wp-json\/wp\/v2\/product_tag?post=91867"}],"curies":[{"name":"wp","href":"https:\/\/api.w.org\/{rel}","templated":true}]}}