{"id":9183,"date":"2026-03-18T07:19:03","date_gmt":"2026-03-18T07:19:03","guid":{"rendered":"https:\/\/soydeaqui.ddns.net\/pachuca\/index.php\/producto\/organizador-de-cables-horizontal-de-1u-para-rack-de-19-con-cubierta-metalica\/"},"modified":"2026-03-18T07:19:05","modified_gmt":"2026-03-18T07:19:05","slug":"organizador-de-cables-horizontal-de-1u-para-rack-de-19-con-cubierta-metalica","status":"publish","type":"product","link":"https:\/\/soydeaqui.ddns.net\/pachuca\/index.php\/producto\/organizador-de-cables-horizontal-de-1u-para-rack-de-19-con-cubierta-metalica\/","title":{"rendered":"Organizador de Cables Horizontal de 1U para Rack de 19&#8243; con Cubierta Met\u00e1lica"},"content":{"rendered":"<div style='width: 100%; max-width: 1200px; margin: 0 auto; font-family: sans-serif; line-height: 1.6; color: inherit; background-color: transparent;'>\n<div style='display: flex; flex-wrap: wrap; gap: 30px; margin-bottom: 30px;'>\n<div style='flex: 1 1 300px; min-width: 280px;'>\n<h3 style='font-size: 22px; border-bottom: 2px solid currentColor; padding-bottom: 5px; margin-top: 0; color: inherit; opacity: 0.8;'>Caracter\u00edsticas Funcionales<\/h3>\n<ul style='padding-left: 20px; font-size: 15px; color: inherit;'>\n<li style='margin-bottom: 5px;'>Cuenta con una tapa para asegurar cableado<\/li>\n<li style='margin-bottom: 5px;'>Cuenta con s\u00f3lida estructura de acero<\/li>\n<li style='margin-bottom: 5px;'>Soporta diversos calibres de cableado<\/li>\n<li style='margin-bottom: 5px;'>Incluye: base y tapa<\/li>\n<li style='margin-bottom: 5px;'>Capacidad de cableado:<\/li>\n<li style='margin-bottom: 5px;'>CAT5 (5.65 mm): 60 cables*<\/li>\n<li style='margin-bottom: 5px;'>CAT6 (6.1 mm): 50 cables*<\/li>\n<li style='margin-bottom: 5px;'>*Considerando un espacio de 50% para respiraci\u00f3n del ducto<\/li>\n<\/ul><\/div>\n<div style='flex: 1 1 300px; min-width: 280px;'>\n<h3 style='font-size: 22px; border-bottom: 2px solid currentColor; padding-bottom: 5px; margin-top: 0; color: inherit; opacity: 0.8;'>Caracter\u00edsticas F\u00edsicas<\/h3>\n<ul style='padding-left: 20px; font-size: 15px; color: inherit;'>\n<li style='margin-bottom: 5px;'><strong>Pintura:<\/strong> Negra Electrost\u00e1tica<\/li>\n<li style='margin-bottom: 5px;'><strong>Aplicaci\u00f3n:<\/strong> Interior<\/li>\n<li style='margin-bottom: 5px;'><strong>Material:<\/strong> Acero<\/li>\n<li style='margin-bottom: 5px;'><strong>Unidades Rack:<\/strong> 1<\/li>\n<li style='margin-bottom: 5px;'><strong>Dimensiones exteriores:<\/strong> 512 x 44.5 x 75 mm<\/li>\n<li style='margin-bottom: 5px;'><strong>Peso:<\/strong> 0.7 Kg<\/li>\n<\/ul><\/div>\n<\/p><\/div>\n<div style='display: flex; flex-wrap: wrap; gap: 30px; margin-bottom: 30px;'>\n<div style='flex: 1 1 300px; min-width: 280px;'>\n<h3 style='font-size: 22px; border-bottom: 2px solid currentColor; padding-bottom: 5px; margin-top: 0; color: inherit; opacity: 0.8;'>Aplicaci\u00f3n<\/h3>\n<p style='font-size: 15px; color: inherit; margin: 0 0 15px 0;'>Nuestros organizadores de cable LinkedPro son la soluci\u00f3n integral para dar orden y presentaci\u00f3n en una instalaci\u00f3n completa en gabinetes y racks en cuartos de telecomunicaciones.<\/p>\n<\/p><\/div>\n<\/p><\/div>\n<\/p><\/div>\n","protected":false},"excerpt":{"rendered":"<p>Organizador de Cables Horizontal de 1U para Rack de 19&#8243; con Cubierta Met\u00e1lica<\/p>\n","protected":false},"featured_media":9182,"comment_status":"open","ping_status":"closed","template":"","meta":[],"product_brand":[],"product_cat":[604],"product_tag":[606,435,605],"class_list":{"0":"post-9183","1":"product","2":"type-product","3":"status-publish","4":"has-post-thumbnail","6":"product_cat-accesorios-para-racks-y-gabinetes","7":"product_tag-accesorios-para-racks-y-gabinetes","8":"product_tag-linkedpro-by-epcom","9":"product_tag-racks-y-gabinetes","11":"first","12":"instock","13":"sale","14":"shipping-taxable","15":"purchasable","16":"product-type-simple"},"_links":{"self":[{"href":"https:\/\/soydeaqui.ddns.net\/pachuca\/index.php\/wp-json\/wp\/v2\/product\/9183","targetHints":{"allow":["GET"]}}],"collection":[{"href":"https:\/\/soydeaqui.ddns.net\/pachuca\/index.php\/wp-json\/wp\/v2\/product"}],"about":[{"href":"https:\/\/soydeaqui.ddns.net\/pachuca\/index.php\/wp-json\/wp\/v2\/types\/product"}],"replies":[{"embeddable":true,"href":"https:\/\/soydeaqui.ddns.net\/pachuca\/index.php\/wp-json\/wp\/v2\/comments?post=9183"}],"wp:featuredmedia":[{"embeddable":true,"href":"https:\/\/soydeaqui.ddns.net\/pachuca\/index.php\/wp-json\/wp\/v2\/media\/9182"}],"wp:attachment":[{"href":"https:\/\/soydeaqui.ddns.net\/pachuca\/index.php\/wp-json\/wp\/v2\/media?parent=9183"}],"wp:term":[{"taxonomy":"product_brand","embeddable":true,"href":"https:\/\/soydeaqui.ddns.net\/pachuca\/index.php\/wp-json\/wp\/v2\/product_brand?post=9183"},{"taxonomy":"product_cat","embeddable":true,"href":"https:\/\/soydeaqui.ddns.net\/pachuca\/index.php\/wp-json\/wp\/v2\/product_cat?post=9183"},{"taxonomy":"product_tag","embeddable":true,"href":"https:\/\/soydeaqui.ddns.net\/pachuca\/index.php\/wp-json\/wp\/v2\/product_tag?post=9183"}],"curies":[{"name":"wp","href":"https:\/\/api.w.org\/{rel}","templated":true}]}}